{"id":14247,"date":"2012-01-06T15:10:44","date_gmt":"2012-01-06T13:10:44","guid":{"rendered":"http:\/\/www.kayiprihtim.org\/portal\/?page_id=14247"},"modified":"2012-01-06T15:10:44","modified_gmt":"2012-01-06T13:10:44","slug":"dr-jekyll-ve-mr-hyde-ve-diger-fantastik-oykuler","status":"publish","type":"page","link":"https:\/\/www.kayiprihtim.org\/portal\/kitaplar\/dr-jekyll-ve-mr-hyde-ve-diger-fantastik-oykuler\/","title":{"rendered":"Dr. Jekyll ve Mr. Hyde ve Di\u011fer Fantastik \u00d6yk\u00fcler"},"content":{"rendered":"<table style=\"border: thin outset; border-collapse: collapse; height: 30px; width: 470px;\" border=\"0\" cellpadding=\"2\">\n<tbody>\n<tr>\n<td bgcolor=\"#330000\" width=\"30%\"><span style=\"color: #ffffff;\"><span style=\"font-family: Verdana;\"><strong>DR. JEKYLL ve MR. HYDE ve D\u0130\u011eER FANTAST\u0130K \u00d6YK\u00dcLER<\/strong><\/span><\/span><\/td>\n<\/tr>\n<\/tbody>\n<\/table>\n<table style=\"border-collapse: collapse; width: 462px; height: 250px;\" border=\"0\" cellspacing=\"0\" cellpadding=\"0\">\n<tbody>\n<tr>\n<td align=\"center\" valign=\"top\" width=\"58%\">\n<table style=\"border-collapse: collapse; width: 315px; height: 248px;\" border=\"0\" cellspacing=\"2\">\n<tbody>\n<tr>\n<td align=\"right\" width=\"100%\">\n<table style=\"width: 310px; height: 88px;\" border=\"0\" cellspacing=\"0\">\n<tbody>\n<tr bgcolor=\"#d1c4a5\">\n<td width=\"39%\"><strong>Yazar<\/strong><\/td>\n<td width=\"3%\">:<\/td>\n<td width=\"51%\"><span style=\"color: #993300;\"><strong>Robert Louis Stevenson<\/strong><\/span><\/td>\n<\/tr>\n<tr bgcolor=\"#e4ddcb\">\n<td><strong>\u00c7eviri<\/strong><\/td>\n<td width=\"3%\">:<\/td>\n<td width=\"51%\">Duygu Ak\u0131n<\/td>\n<\/tr>\n<tr bgcolor=\"#d1c4a5\">\n<td width=\"39%\"><strong>\u00d6zg\u00fcn Ad\u0131<\/strong><\/td>\n<td width=\"3%\">:<\/td>\n<td width=\"51%\">Dr. Jekyll and Mr. Hyde<\/td>\n<\/tr>\n<tr bgcolor=\"#e4ddcb\">\n<td width=\"39%\"><strong>Ebat<\/strong><\/td>\n<td width=\"3%\">:<\/td>\n<td width=\"51%\">Ciltsiz | 14 x 20 cm<\/td>\n<\/tr>\n<\/tbody>\n<\/table>\n<\/td>\n<\/tr>\n<tr>\n<td style=\"border-style: solid ridge ridge; border-width: 1px; padding-left: 4px; padding-right: 4px;\" bgcolor=\"#c0b18d\" width=\"100%\"><strong><span style=\"font-size: 9pt; font-family: Tahoma;\">Can Yay\u0131nlar\u0131<br \/>\n<\/span><\/strong><\/td>\n<\/tr>\n<tr>\n<td align=\"right\" width=\"100%\">\n<table style=\"width: 310px; height: 88px;\" border=\"0\" cellspacing=\"0\">\n<tbody>\n<tr bgcolor=\"#e4ddcb\">\n<td width=\"39%\"><strong>\u00c7\u0131k\u0131\u015f Tarihi<\/strong><\/td>\n<td width=\"3%\">:<\/td>\n<td width=\"51%\">Ocak, 2012<\/td>\n<\/tr>\n<tr bgcolor=\"#d1c4a5\">\n<td><strong>Sayfa Say\u0131s\u0131<\/strong><\/td>\n<td width=\"3%\">:<\/td>\n<td width=\"51%\">176<\/td>\n<\/tr>\n<tr bgcolor=\"#e4ddcb\">\n<td width=\"39%\"><strong>Fiyat\u0131<\/strong><\/td>\n<td width=\"3%\">:<\/td>\n<td width=\"51%\">12,00 TL<\/td>\n<\/tr>\n<tr bgcolor=\"#d1c4a5\">\n<td width=\"39%\"><strong>ISBN No<\/strong><\/td>\n<td width=\"3%\">:<\/td>\n<td width=\"51%\">9789750714146<\/td>\n<\/tr>\n<\/tbody>\n<\/table>\n<\/td>\n<\/tr>\n<\/tbody>\n<\/table>\n<\/td>\n<td style=\"width: 39%;\" align=\"center\" valign=\"middle\">\n<p style=\"text-align: center;\"><a href=\"https:\/\/www.kayiprihtim.org\/portal\/gorsel\/dr-jekyll-ve-mr-hyde-robert-louis-stevenson.jpg\" target=\"_blank\"><img decoding=\"async\" class=\"aligncenter\" src=\"https:\/\/www.kayiprihtim.org\/portal\/gorsel\/dr-jekyll-ve-mr-hyde-robert-louis-stevenson.jpg\" alt=\"\" width=\"140\" height=\"219\" border=\"0\" hspace=\"1\"><\/a><\/p>\n<\/td>\n<\/tr>\n<\/tbody>\n<\/table>\n<table style=\"border-collapse: collapse; width: 47%;\" border=\"0\" cellpadding=\"0\">\n<tbody>\n<tr>\n<td width=\"54%\">\n<table style=\"border-collapse: collapse; height: 147px; width: 470px;\" border=\"0\" cellspacing=\"0\" cellpadding=\"2\">\n<tbody>\n<tr>\n<td style=\"border-style: solid ridge ridge; border-width: 1px; padding-left: 4px; padding-right: 4px;\" bgcolor=\"#c0b18d\" width=\"98%\"><strong><span style=\"font-size: 9pt; font-family: Tahoma;\">Tan\u0131t\u0131m Yaz\u0131s\u0131<\/span><\/strong><\/td>\n<\/tr>\n<tr>\n<td align=\"left\" width=\"99%\">\n<table style=\"width: 465px;\" border=\"0\">\n<tbody>\n<tr>\n<td style=\"border-style: outset; border-width: 1px;\" bgcolor=\"#d1c4a5\" width=\"96%\">\n<table style=\"border-collapse: collapse; width: 452px; height: 199px;\" border=\"0\" cellspacing=\"0\" cellpadding=\"5\" bgcolor=\"#d1c4a5\">\n<tbody>\n<tr>\n<td bgcolor=\"#d1c4a5\" width=\"96%\">Dr. Jekyll ve Mr. Hyde ve Di\u011fer Fantastik \u00d6yk\u00fcler, Stevenson&#8217;\u0131n \u00fc\u00e7 \u00f6yk\u00fcs\u00fcn\u00fc bir araya getiriyor. Yazar\u0131n g\u00f6rd\u00fc\u011f\u00fc bir r\u00fcyadan esinlenerek kaleme ald\u0131\u011f\u0131 &#8220;Dr. Jekyll ve Mr. Hyde&#8221;, gotik edebiyat\u0131n k\u00f6\u015feta\u015flar\u0131ndan biri. Biri doktor, di\u011feri psikopat bir katil iki farkl\u0131 ruhu ayn\u0131 bedende ya\u015fatan bir adam\u0131 anlatan \u00f6yk\u00fc, psikiyatrinin temel konular\u0131ndan biri olan \u00e7ifte ki\u015filik sorununu i\u015fliyor.<\/p>\n<p>Bilime hizmet kisvesi alt\u0131nda, para ve iktidar h\u0131rs\u0131yla s\u0131n\u0131r tan\u0131mayan gen\u00e7 cerrahlar\u0131 anlatan &#8220;Ceset H\u0131rs\u0131z\u0131&#8221; ger\u00e7ek bir olaydan kaynaklan\u0131yor. &#8220;Olalla&#8221; ise a\u015fk, gizem ve s\u00f6m\u00fcr\u00fc motiflerini incelikle bir arada \u00f6r\u00fcyor.<\/p>\n<p>K\u00f6t\u00fcl\u00fc\u011f\u00fcn ve \u00f6zy\u0131k\u0131m\u0131n insan\u0131n do\u011fas\u0131nda var oldu\u011funa inanan Stevenson&#8217;\u0131n \u00f6yk\u00fcleri, XIX. y\u00fczy\u0131l\u0131n bask\u0131c\u0131 ortam\u0131nda, bireyin mutlulu\u011funa da sefaletine de kay\u0131ts\u0131z kalan bir d\u00f6nemin \u00fcr\u00fcnleri olarak \u015fekillenmi\u015ftir. Her a\u00e7\u0131dan k\u00f6\u015feye s\u0131k\u0131\u015fm\u0131\u015f insan\u0131n \u00e7aresizli\u011fini yans\u0131tan bu \u00f6yk\u00fcler, b\u00f6l\u00fcnm\u00fc\u015f benlerin i\u00e7sel belirsizliklerini estetik d\u00fczleme ta\u015f\u0131r.<\/td>\n<\/tr>\n<\/tbody>\n<\/table>\n<\/td>\n<\/tr>\n<\/tbody>\n<\/table>\n<\/td>\n<\/tr>\n<\/tbody>\n<\/table>\n<\/td>\n<\/tr>\n<\/tbody>\n<\/table>\n","protected":false},"excerpt":{"rendered":"<p>DR. JEKYLL ve MR. HYDE ve D\u0130\u011eER FANTAST\u0130K \u00d6YK\u00dcLER Yazar : Robert Louis Stevenson \u00c7eviri : Duygu Ak\u0131n \u00d6zg\u00fcn Ad\u0131 : Dr. Jekyll and Mr. Hyde Ebat : Ciltsiz | 14 x 20 cm Can Yay\u0131nlar\u0131 \u00c7\u0131k\u0131\u015f Tarihi : Ocak, 2012 Sayfa Say\u0131s\u0131 : 176 Fiyat\u0131 : 12,00 TL ISBN No : 9789750714146 Tan\u0131t\u0131m Yaz\u0131s\u0131 [&hellip;]<\/p>\n","protected":false},"author":1,"featured_media":0,"parent":57,"menu_order":0,"comment_status":"open","ping_status":"closed","template":"","meta":{"_acf_changed":false,"footnotes":""},"class_list":["post-14247","page","type-page","status-publish"],"acf":[],"_links":{"self":[{"href":"https:\/\/www.kayiprihtim.org\/portal\/wp-json\/wp\/v2\/pages\/14247","targetHints":{"allow":["GET"]}}],"collection":[{"href":"https:\/\/www.kayiprihtim.org\/portal\/wp-json\/wp\/v2\/pages"}],"about":[{"href":"https:\/\/www.kayiprihtim.org\/portal\/wp-json\/wp\/v2\/types\/page"}],"author":[{"embeddable":true,"href":"https:\/\/www.kayiprihtim.org\/portal\/wp-json\/wp\/v2\/users\/1"}],"replies":[{"embeddable":true,"href":"https:\/\/www.kayiprihtim.org\/portal\/wp-json\/wp\/v2\/comments?post=14247"}],"version-history":[{"count":0,"href":"https:\/\/www.kayiprihtim.org\/portal\/wp-json\/wp\/v2\/pages\/14247\/revisions"}],"up":[{"embeddable":true,"href":"https:\/\/www.kayiprihtim.org\/portal\/wp-json\/wp\/v2\/pages\/57"}],"wp:attachment":[{"href":"https:\/\/www.kayiprihtim.org\/portal\/wp-json\/wp\/v2\/media?parent=14247"}],"curies":[{"name":"wp","href":"https:\/\/api.w.org\/{rel}","templated":true}]}}