{"id":14254,"date":"2012-01-06T16:01:45","date_gmt":"2012-01-06T14:01:45","guid":{"rendered":"http:\/\/www.kayiprihtim.org\/portal\/?page_id=14254"},"modified":"2022-07-31T23:13:03","modified_gmt":"2022-07-31T20:13:03","slug":"kayip-rihtim-4-yil-senlikleri","status":"publish","type":"page","link":"https:\/\/www.kayiprihtim.org\/portal\/projeler\/kayip-rihtim-4-yil-senlikleri\/","title":{"rendered":"Kay\u0131p R\u0131ht\u0131m 4. Y\u0131l \u015eenlikleri!"},"content":{"rendered":"<table style=\"width: 100%;\" border=\"0\" align=\"center\">\n<tbody>\n<tr>\n<td style=\"width: 225px; background-color: #941527; border: 1px solid #000000;\" colspan=\"4\">\n<p style=\"text-align: center;\"><span style=\"font-size: 25pt; font-family: impact,chicago; color: #ffffff;\"><span style=\"font-family: arial black,avant garde;\">R\u00d6PORTAJLAR<\/span><\/span><\/p>\n<\/td>\n<\/tr>\n<tr>\n<td style=\"width: 225px; border: 1px solid #000000;\">\n<p style=\"text-align: center;\"><a href=\"https:\/\/www.kayiprihtim.org\/portal\/roportajlar\/onat-bahadir-ile-roportaj\/\"><img decoding=\"async\" class=\"aligncenter\" src=\"https:\/\/www.kayiprihtim.org\/portal\/gorsel\/onat-bahadir-rop.jpg\" alt=\"\" width=\"160\" height=\"120\"><\/a><\/p>\n<p style=\"text-align: center;\"><a href=\"https:\/\/www.kayiprihtim.org\/portal\/roportajlar\/onat-bahadir-ile-roportaj\/\"><span style=\"font-size: 14pt; font-family: impact,chicago;\">ONAT BAHADIR<\/span><\/a><\/p>\n<p style=\"text-align: center;\"><span style=\"color: #000000;\"><a href=\"https:\/\/www.kayiprihtim.org\/portal\/roportajlar\/onat-bahadir-ile-roportaj\/\"><span style=\"color: #000000;\"><span style=\"font-family: tahoma,arial,helvetica,sans-serif;\">Yazar Onat Bahad\u0131r ile sizler i\u00e7in<\/span><br \/>\n<span style=\"font-family: tahoma,arial,helvetica,sans-serif;\"> keyifli bir r\u00f6portaj ger\u00e7ekle\u015ftirdik!<\/span><\/span><\/a><\/span><\/p>\n<\/td>\n<td style=\"width: 225px; border: 1px solid #000000;\">\n<p style=\"text-align: center;\"><a href=\"https:\/\/www.kayiprihtim.org\/portal\/roportajlar\/canan-kim-ile-roportaj\/\"><img decoding=\"async\" class=\"aligncenter\" src=\"https:\/\/www.kayiprihtim.org\/portal\/gorsel\/canan-kim.jpg\" alt=\"\" width=\"160\" height=\"120\"><\/a><\/p>\n<p style=\"text-align: center;\"><a href=\"https:\/\/www.kayiprihtim.org\/portal\/roportajlar\/canan-kim-ile-roportaj\/\"><span style=\"font-size: 14pt; font-family: impact,chicago;\">CANAN K\u0130M<\/span><\/a><\/p>\n<p style=\"text-align: center;\"><span style=\"color: #000000;\"><a href=\"https:\/\/www.kayiprihtim.org\/portal\/roportajlar\/canan-kim-ile-roportaj\/\"><span style=\"color: #000000;\"><span style=\"font-family: tahoma,arial,helvetica,sans-serif;\">\u00c7evirmen Canan Kim ile Stephen<br \/>\nKing ve daha fazlas\u0131n\u0131 konu\u015ftuk!<br \/>\n<\/span><\/span><\/a><\/span><\/p>\n<\/td>\n<td style=\"width: 225px; border: 1px solid #000000;\">\n<p style=\"text-align: center;\"><a href=\"https:\/\/www.kayiprihtim.org\/portal\/roportajlar\/ulas-apak-ile-roportaj\/\"><\/a><\/p>\n<p style=\"text-align: center;\"><a href=\"https:\/\/www.kayiprihtim.org\/portal\/roportajlar\/ulas-apak-ile-roportaj\/\"><span style=\"font-size: 14pt; font-family: impact,chicago;\">ULA\u015e APAK<\/span><\/a><\/p>\n<p style=\"text-align: center;\"><span style=\"color: #000000;\"><a href=\"https:\/\/www.kayiprihtim.org\/portal\/roportajlar\/ulas-apak-ile-roportaj\/\"><span style=\"color: #000000;\"><span style=\"font-family: tahoma,arial,helvetica,sans-serif;\">Dresden Dosyalar\u0131 \u00e7evirmeni<br \/>\nUla\u015f Apak&#8217;la bir g\u00fczel s\u00f6yle\u015ftik!<br \/>\n<\/span><\/span><\/a><\/span><\/p>\n<\/td>\n<td style=\"width: 225px; border: 1px solid #000000;\">\n<p style=\"text-align: center;\"><a href=\"https:\/\/www.kayiprihtim.org\/portal\/2012\/01\/09\/patrick-rothfuss-brandon-sanderson-roportaji-yayinda\/\"><\/a><\/p>\n<p style=\"text-align: center;\"><a href=\"https:\/\/www.kayiprihtim.org\/portal\/2012\/01\/09\/patrick-rothfuss-brandon-sanderson-roportaji-yayinda\/\"><span style=\"font-size: 14pt; font-family: impact,chicago;\">PATRICK ROTHFUSS &amp; BRANDON SANDERSON<\/span><\/a><\/p>\n<p style=\"text-align: center;\"><span style=\"color: #000000;\"><a href=\"https:\/\/www.kayiprihtim.org\/portal\/2012\/01\/09\/patrick-rothfuss-brandon-sanderson-roportaji-yayinda\/\"><span style=\"color: #000000;\"><span style=\"font-family: tahoma,arial,helvetica,sans-serif;\">Fazla s\u00f6ze gerek var m\u0131?!<br \/>\n<\/span><\/span><\/a><\/span><\/p>\n<\/td>\n<\/tr>\n<\/tbody>\n<\/table>\n<p><span style=\"color: #e4ddcb;\">&#8211;<\/span><\/p>\n<table style=\"width: 100%; height: 249px;\" border=\"0\" align=\"center\">\n<tbody>\n<tr>\n<td style=\"width: 225px; background-color: #941527; border: 1px solid #000000;\" colspan=\"4\">\n<p style=\"text-align: center;\"><span style=\"font-size: 25pt; font-family: impact,chicago; color: #ffffff;\"><span style=\"font-family: arial black,avant garde;\">\u0130NCELEMELER<\/span><\/span><\/p>\n<\/td>\n<\/tr>\n<tr>\n<td style=\"width: 225px; border: 1px solid #000000;\">\n<p style=\"text-align: center;\"><a href=\"https:\/\/www.kayiprihtim.org\/portal\/incelemeler\/tilsim-i-kudret-inceleme\/\"><img decoding=\"async\" class=\"aligncenter\" src=\"https:\/\/www.kayiprihtim.org\/portal\/gorsel\/tilsim-i-kudret-top.jpg\" alt=\"\" width=\"160\" height=\"64\"><\/a><\/p>\n<p style=\"text-align: center;\"><a href=\"https:\/\/www.kayiprihtim.org\/portal\/incelemeler\/tilsim-i-kudret-inceleme\/\"><span style=\"font-size: 14pt; font-family: impact,chicago;\">TILSIM-I KUDRET<\/span><\/a><br \/>\n<span style=\"color: #000000;\"><a href=\"https:\/\/www.kayiprihtim.org\/portal\/incelemeler\/tilsim-i-kudret-inceleme\/\"><span style=\"color: #000000;\"><span style=\"font-family: tahoma,arial,helvetica,sans-serif;\">TIKLAYIN!<\/span><\/span><\/a><\/span><\/p>\n<\/td>\n<td style=\"width: 225px; border: 1px solid #000000;\">\n<p style=\"text-align: center;\"><a href=\"https:\/\/www.kayiprihtim.org\/portal\/incelemeler\/witcher-2-inceleme\/\"><\/a><\/p>\n<p style=\"text-align: center;\"><a href=\"https:\/\/www.kayiprihtim.org\/portal\/incelemeler\/witcher-2-inceleme\/\"><span style=\"font-size: 14pt; font-family: impact,chicago;\">WITCHER 2<\/span><br \/>\n<span style=\"color: #000000;\"><span style=\"color: #000000;\"><span style=\"font-family: tahoma,arial,helvetica,sans-serif;\">TIKLAYIN!<\/span><\/span><\/span><\/a><\/p>\n<\/td>\n<td style=\"width: 225px; border: 1px solid #000000;\">\n<p style=\"text-align: center;\"><a href=\"https:\/\/www.kayiprihtim.org\/portal\/incelemeler\/3-mitin-taniyamayacaginiz-modern-halleri\/\"><\/a><\/p>\n<p style=\"text-align: center;\"><a href=\"https:\/\/www.kayiprihtim.org\/portal\/incelemeler\/3-mitin-taniyamayacaginiz-modern-halleri\/\"><span style=\"font-size: 14pt; font-family: impact,chicago;\">3 M\u0130T\u0130N TANIYAMAYACA\u011eINIZ<br \/>\nMODERN HALLER\u0130<\/span><\/a><\/p>\n<\/td>\n<td style=\"width: 225px; border: 1px solid #000000;\">\n<p style=\"text-align: center;\"><a href=\"https:\/\/www.kayiprihtim.org\/portal\/incelemeler\/elric-destani-ve-fantazyaya-etkileri\/\"><\/a><\/p>\n<p style=\"text-align: center;\"><a href=\"https:\/\/www.kayiprihtim.org\/portal\/incelemeler\/elric-destani-ve-fantazyaya-etkileri\/\"><span style=\"font-size: 14pt; font-family: impact,chicago;\">ELRIC ve FANTAZYAYA<br \/>\nETK\u0130LER\u0130<\/span><\/a><\/p>\n<\/td>\n<\/tr>\n<tr>\n<td style=\"width: 225px; border: 1px solid #000000;\">\n<p style=\"text-align: center;\"><a href=\"https:\/\/www.kayiprihtim.org\/portal\/incelemeler\/laputa-castle-in-the-sky-kritik\/\"><\/a><\/p>\n<p style=\"text-align: center;\"><a href=\"https:\/\/www.kayiprihtim.org\/portal\/incelemeler\/laputa-castle-in-the-sky-kritik\/\"><span style=\"font-size: 14pt; font-family: impact,chicago;\">LAPUTA<br \/>\nCASTLE in the SKY<\/span><\/a><\/p>\n<\/td>\n<td style=\"width: 225px; border: 1px solid #000000;\">\n<p style=\"text-align: center;\"><a href=\"https:\/\/www.kayiprihtim.org\/portal\/incelemeler\/league-of-legends-inceleme\/\"><\/a><\/p>\n<p style=\"text-align: center;\"><a href=\"https:\/\/www.kayiprihtim.org\/portal\/incelemeler\/league-of-legends-inceleme\/\"><span style=\"font-size: 14pt; font-family: impact,chicago;\">LEAGUE of LEGENDS<\/span><br \/>\n<span style=\"color: #000000;\"><span style=\"color: #000000;\"><span style=\"font-family: tahoma,arial,helvetica,sans-serif;\">TIKLAYIN!<\/span><\/span><\/span><\/a><\/p>\n<\/td>\n<td style=\"width: 225px; border: 1px solid #000000;\">\n<p style=\"text-align: center;\"><a href=\"https:\/\/www.kayiprihtim.org\/portal\/incelemeler\/akisfer-inceleme\/\"><\/a><\/p>\n<p style=\"text-align: center;\"><a href=\"https:\/\/www.kayiprihtim.org\/portal\/incelemeler\/akisfer-inceleme\/\"><span style=\"font-size: 14pt; font-family: impact,chicago;\">AK\u0130SFER<\/span><br \/>\n<span style=\"color: #000000;\"><span style=\"color: #000000;\"><span style=\"font-family: tahoma,arial,helvetica,sans-serif;\">TIKLAYIN!<\/span><\/span><\/span><\/a><\/p>\n<\/td>\n<td style=\"width: 225px; border: 1px solid #000000;\">\n<p style=\"text-align: center;\"><a href=\"https:\/\/www.kayiprihtim.org\/portal\/incelemeler\/ruhlar-kayboluyor-inceleme\/\"><\/a><\/p>\n<p style=\"text-align: center;\"><a href=\"https:\/\/www.kayiprihtim.org\/portal\/incelemeler\/ruhlar-kayboluyor-inceleme\/\"><span style=\"font-size: 14pt; font-family: impact,chicago;\">RUHLAR KAYBOLUYOR<\/span><br \/>\n<span style=\"color: #000000;\"><span style=\"color: #000000;\"><span style=\"font-family: tahoma,arial,helvetica,sans-serif;\">TIKLAYIN!<\/span><\/span><\/span><\/a><\/p>\n<\/td>\n<\/tr>\n<tr>\n<td style=\"width: 225px; border: 1px solid #000000;\">\n<p style=\"text-align: center;\"><a href=\"https:\/\/www.kayiprihtim.org\/portal\/incelemeler\/0800-tanitim\/\"><\/a><\/p>\n<p style=\"text-align: center;\"><a href=\"https:\/\/www.kayiprihtim.org\/portal\/incelemeler\/0800-tanitim\/\"><span style=\"font-size: 14pt; font-family: impact,chicago;\">08:00<\/span><br \/>\n<span style=\"color: #000000;\"><span style=\"color: #000000;\"><span style=\"font-family: tahoma,arial,helvetica,sans-serif;\">TIKLAYIN!<\/span><\/span><\/span><\/a><\/p>\n<\/td>\n<td style=\"width: 225px; border: 1px solid #000000;\">\n<p style=\"text-align: center;\"><a href=\"https:\/\/www.kayiprihtim.org\/portal\/incelemeler\/masallar-ile-dogu-ve-bati\/\"><\/a><\/p>\n<p style=\"text-align: center;\"><a href=\"https:\/\/www.kayiprihtim.org\/portal\/incelemeler\/masallar-ile-dogu-ve-bati\/\"><span style=\"font-size: 14pt; font-family: impact,chicago;\">MASALLAR \u0130LE DO\u011eU VE BATI<\/span><br \/>\n<span style=\"color: #000000;\"><span style=\"color: #000000;\"><span style=\"font-family: tahoma,arial,helvetica,sans-serif;\">TIKLAYIN!<\/span><\/span><\/span><\/a><\/p>\n<\/td>\n<td style=\"width: 225px; border: 1px solid #000000;\">\n<p style=\"text-align: center;\"><a href=\"https:\/\/www.kayiprihtim.org\/portal\/incelemeler\/varolmayanlar-inceleme\/\"><\/a><\/p>\n<p style=\"text-align: center;\"><a href=\"https:\/\/www.kayiprihtim.org\/portal\/incelemeler\/varolmayanlar-inceleme\/\"><span style=\"font-size: 14pt; font-family: impact,chicago;\">VAROLMAYANLAR<\/span><br \/>\n<span style=\"color: #000000;\"><span style=\"color: #000000;\"><span style=\"font-family: tahoma,arial,helvetica,sans-serif;\">TIKLAYIN!<\/span><\/span><\/span><\/a><\/p>\n<\/td>\n<td style=\"width: 225px; border: 1px solid #000000;\">\n<p style=\"text-align: center;\"><a href=\"https:\/\/www.kayiprihtim.org\/portal\/incelemeler\/kralkatili-guncesi-bir-hikayenin-dogumunu-izlemek\/\"><\/a><\/p>\n<p style=\"text-align: center;\"><a href=\"https:\/\/www.kayiprihtim.org\/portal\/incelemeler\/kralkatili-guncesi-bir-hikayenin-dogumunu-izlemek\/\"><span style=\"font-size: 14pt; font-family: impact,chicago;\">KRALKAT\u0130L\u0130 G\u00dcNCES\u0130<\/span><br \/>\n<span style=\"color: #000000;\"><span style=\"color: #000000;\"><span style=\"font-family: tahoma,arial,helvetica,sans-serif;\">B\u0130R H\u0130K\u00c2YEN\u0130N DO\u011eUMUNU \u0130ZLEMEK<\/span><\/span><\/span><\/a><\/p>\n<\/td>\n<\/tr>\n<tr>\n<td style=\"width: 225px; height: 120px; border: 1px solid #000000;\" colspan=\"2\">\n<p style=\"text-align: center;\"><a href=\"https:\/\/www.kayiprihtim.org\/portal\/incelemeler\/fantastik-yaratiklarin-edebiyatta-biraktiklari-izler-rehber\/\"><\/a><\/p>\n<p style=\"text-align: center;\"><a href=\"https:\/\/www.kayiprihtim.org\/portal\/incelemeler\/fantastik-yaratiklarin-edebiyatta-biraktiklari-izler-rehber\/\"><span style=\"font-size: 14pt; font-family: impact,chicago;\">FANTAST\u0130K YARATIKLARIN EDEB\u0130YATTA BIRAKTIKLARI \u0130ZLER<\/span><br \/>\n<span style=\"color: #000000;\"><span style=\"color: #000000;\"><span style=\"font-family: tahoma,arial,helvetica,sans-serif;\">REHBERE ULA\u015eMAK \u0130\u00c7\u0130N TIKLAYIN!<\/span><\/span><\/span><\/a><\/p>\n<\/td>\n<td style=\"width: 225px; border: 1px solid #000000;\" colspan=\"2\">\n<p style=\"text-align: center;\"><a href=\"https:\/\/www.kayiprihtim.org\/portal\/incelemeler\/2011in-en-iyi-6-bilim-kurgu-filmi\/\"><\/a><\/p>\n<p style=\"text-align: center;\"><a href=\"https:\/\/www.kayiprihtim.org\/portal\/incelemeler\/2011in-en-iyi-6-bilim-kurgu-filmi\/\"><span style=\"font-size: 14pt; font-family: impact,chicago;\">2011&#8217;in EN \u0130Y\u0130 6 B\u0130L\u0130M KURGU F\u0130LM\u0130<\/span><br \/>\n<span style=\"color: #000000;\"><span style=\"color: #000000;\"><span style=\"font-family: tahoma,arial,helvetica,sans-serif;\">L\u0130STEYE ULA\u015eMAK \u0130\u00c7\u0130N TIKLAYIN!<\/span><\/span><\/span><\/a><\/p>\n<\/td>\n<\/tr>\n<\/tbody>\n<\/table>\n<p><span style=\"color: #e4ddcb;\">&#8211;<\/span><\/p>\n<table style=\"width: 100%; height: 264px;\" border=\"0\" align=\"center\">\n<tbody>\n<tr>\n<td style=\"width: 225px; background-color: #941527; border: 1px solid #000000;\" colspan=\"4\">\n<p style=\"text-align: center;\"><span style=\"font-size: 25pt; font-family: impact,chicago; color: #ffffff;\"><span style=\"font-family: arial black,avant garde;\">EN \u00c7OK BUNLARI OKUDUK \/ TARTI\u015eTIK<\/span><\/span><\/p>\n<\/td>\n<\/tr>\n<tr>\n<td style=\"text-align: center; width: 225px; height: 200px; border: 1px solid #000000;\" colspan=\"4\">\n<p style=\"text-align: center;\"><a href=\"https:\/\/www.kayiprihtim.org\/portal\/projeler\/en-cok-bunlari-okuduktartistik-2011\/\"><img loading=\"lazy\" decoding=\"async\" class=\"aligncenter\" src=\"https:\/\/www.kayiprihtim.org\/portal\/gorsel\/2011-en-cok-bunlari-okuduk-tartistik.jpg\" alt=\"\" width=\"467\" height=\"160\"><\/a><\/p>\n<p style=\"text-align: center;\"><a href=\"https:\/\/www.kayiprihtim.org\/portal\/projeler\/en-cok-bunlari-okuduktartistik-2011\/\"><span style=\"font-size: 14pt; font-family: impact,chicago;\">2011&#8217;de EN \u00c7OK BUNLARI OKUDUK \/ TARTI\u015eTIK<\/span><\/a><\/p>\n<\/td>\n<\/tr>\n<\/tbody>\n<\/table>\n<p><span style=\"color: #e4ddcb;\">&#8211;<\/span><\/p>\n<table style=\"width: 100%; height: 200px;\" border=\"0\" align=\"center\">\n<tbody>\n<tr>\n<td style=\"width: 225px; background-color: #941527; border: 1px solid #000000;\" colspan=\"4\">\n<p style=\"text-align: center;\"><span style=\"font-size: 25pt; font-family: impact,chicago; color: #ffffff;\"><span style=\"font-family: arial black,avant garde;\">\u00d6D\u00dcLL\u00dc YARI\u015eMA<\/span><\/span><\/p>\n<\/td>\n<\/tr>\n<tr>\n<td style=\"text-align: center; width: 450px; height: 150px; border: 1px solid #000000;\" colspan=\"2\" align=\"center\" valign=\"middle\"><a href=\"https:\/\/www.kayiprihtim.org\/portal\/2012\/02\/27\/4-yil-senlik-yarismalari-1\/\"><img loading=\"lazy\" decoding=\"async\" class=\"aligncenter\" src=\"https:\/\/www.kayiprihtim.org\/portal\/gorsel\/senlik-yarismalari-1.jpg\" alt=\"\" width=\"417\" height=\"139\"><\/a><\/td>\n<\/tr>\n<\/tbody>\n<\/table>\n","protected":false},"excerpt":{"rendered":"<p>R\u00d6PORTAJLAR ONAT BAHADIR Yazar Onat Bahad\u0131r ile sizler i\u00e7in keyifli bir r\u00f6portaj ger\u00e7ekle\u015ftirdik! CANAN K\u0130M \u00c7evirmen Canan Kim ile Stephen King ve daha fazlas\u0131n\u0131 konu\u015ftuk! ULA\u015e APAK Dresden Dosyalar\u0131 \u00e7evirmeni Ula\u015f Apak&#8217;la bir g\u00fczel s\u00f6yle\u015ftik! PATRICK ROTHFUSS &amp; BRANDON SANDERSON Fazla s\u00f6ze gerek var m\u0131?! &#8211; \u0130NCELEMELER TILSIM-I KUDRET TIKLAYIN! WITCHER 2 TIKLAYIN! 3 M\u0130T\u0130N [&hellip;]<\/p>\n","protected":false},"author":1,"featured_media":0,"parent":12165,"menu_order":0,"comment_status":"closed","ping_status":"closed","template":"","meta":{"_acf_changed":false,"footnotes":""},"class_list":["post-14254","page","type-page","status-publish"],"acf":[],"_links":{"self":[{"href":"https:\/\/www.kayiprihtim.org\/portal\/wp-json\/wp\/v2\/pages\/14254","targetHints":{"allow":["GET"]}}],"collection":[{"href":"https:\/\/www.kayiprihtim.org\/portal\/wp-json\/wp\/v2\/pages"}],"about":[{"href":"https:\/\/www.kayiprihtim.org\/portal\/wp-json\/wp\/v2\/types\/page"}],"author":[{"embeddable":true,"href":"https:\/\/www.kayiprihtim.org\/portal\/wp-json\/wp\/v2\/users\/1"}],"replies":[{"embeddable":true,"href":"https:\/\/www.kayiprihtim.org\/portal\/wp-json\/wp\/v2\/comments?post=14254"}],"version-history":[{"count":18,"href":"https:\/\/www.kayiprihtim.org\/portal\/wp-json\/wp\/v2\/pages\/14254\/revisions"}],"predecessor-version":[{"id":59981,"href":"https:\/\/www.kayiprihtim.org\/portal\/wp-json\/wp\/v2\/pages\/14254\/revisions\/59981"}],"up":[{"embeddable":true,"href":"https:\/\/www.kayiprihtim.org\/portal\/wp-json\/wp\/v2\/pages\/12165"}],"wp:attachment":[{"href":"https:\/\/www.kayiprihtim.org\/portal\/wp-json\/wp\/v2\/media?parent=14254"}],"curies":[{"name":"wp","href":"https:\/\/api.w.org\/{rel}","templated":true}]}}