{"id":143,"date":"2008-08-11T03:13:59","date_gmt":"2008-08-11T10:13:59","guid":{"rendered":"http:\/\/www.hayalcini.net\/blog\/ravenloft-serisi\/"},"modified":"2016-05-26T05:35:50","modified_gmt":"2016-05-26T02:35:50","slug":"ravenloft-serisi","status":"publish","type":"page","link":"https:\/\/www.kayiprihtim.org\/portal\/kitaplar\/ravenloft-serisi\/","title":{"rendered":"Ravenloft Serisi"},"content":{"rendered":"<p>Farkl\u0131 yazarlar taraf\u0131ndan kaleme al\u0131nan ve Ravenloft evreninde ge\u00e7en, fantazya ve korku t\u00fcr\u00fcndeki kitaplar\u0131 i\u00e7eren seridir.<\/p>\n","protected":false},"excerpt":{"rendered":"<p>Farkl\u0131 yazarlar taraf\u0131ndan kaleme al\u0131nan ve Ravenloft evreninde ge\u00e7en, fantazya ve korku t\u00fcr\u00fcndeki kitaplar\u0131 i\u00e7eren seridir.<\/p>\n","protected":false},"author":1,"featured_media":0,"parent":57,"menu_order":0,"comment_status":"open","ping_status":"open","template":"","meta":{"_acf_changed":false,"footnotes":""},"class_list":["post-143","page","type-page","status-publish"],"acf":[],"_links":{"self":[{"href":"https:\/\/www.kayiprihtim.org\/portal\/wp-json\/wp\/v2\/pages\/143","targetHints":{"allow":["GET"]}}],"collection":[{"href":"https:\/\/www.kayiprihtim.org\/portal\/wp-json\/wp\/v2\/pages"}],"about":[{"href":"https:\/\/www.kayiprihtim.org\/portal\/wp-json\/wp\/v2\/types\/page"}],"author":[{"embeddable":true,"href":"https:\/\/www.kayiprihtim.org\/portal\/wp-json\/wp\/v2\/users\/1"}],"replies":[{"embeddable":true,"href":"https:\/\/www.kayiprihtim.org\/portal\/wp-json\/wp\/v2\/comments?post=143"}],"version-history":[{"count":0,"href":"https:\/\/www.kayiprihtim.org\/portal\/wp-json\/wp\/v2\/pages\/143\/revisions"}],"up":[{"embeddable":true,"href":"https:\/\/www.kayiprihtim.org\/portal\/wp-json\/wp\/v2\/pages\/57"}],"wp:attachment":[{"href":"https:\/\/www.kayiprihtim.org\/portal\/wp-json\/wp\/v2\/media?parent=143"}],"curies":[{"name":"wp","href":"https:\/\/api.w.org\/{rel}","templated":true}]}}