{"id":14323,"date":"2012-01-09T23:43:39","date_gmt":"2012-01-09T21:43:39","guid":{"rendered":"http:\/\/www.kayiprihtim.org\/portal\/?page_id=14323"},"modified":"2012-01-09T23:43:39","modified_gmt":"2012-01-09T21:43:39","slug":"koyasan","status":"publish","type":"page","link":"https:\/\/www.kayiprihtim.org\/portal\/kitaplar\/koyasan\/","title":{"rendered":"Koyasan"},"content":{"rendered":"<table style=\"border: thin outset; border-collapse: collapse; height: 30px; width: 470px;\" border=\"0\" cellpadding=\"2\">\n<tbody>\n<tr>\n<td bgcolor=\"#330000\" width=\"30%\"><span style=\"color: #ffffff;\"><span style=\"font-family: Verdana;\"><strong>KOYASAN<\/strong><\/span><\/span><\/td>\n<\/tr>\n<\/tbody>\n<\/table>\n<table style=\"border-collapse: collapse; width: 462px; height: 250px;\" border=\"0\" cellspacing=\"0\" cellpadding=\"0\">\n<tbody>\n<tr>\n<td align=\"center\" valign=\"top\" width=\"58%\">\n<table style=\"border-collapse: collapse; width: 315px; height: 248px;\" border=\"0\" cellspacing=\"2\">\n<tbody>\n<tr>\n<td align=\"right\" width=\"100%\">\n<table style=\"width: 310px; height: 88px;\" border=\"0\" cellspacing=\"0\">\n<tbody>\n<tr bgcolor=\"#d1c4a5\">\n<td width=\"39%\"><strong>Yazar<\/strong><\/td>\n<td width=\"3%\">:<\/td>\n<td width=\"51%\"><span style=\"color: #993300;\"><strong>Darren Shan<\/strong><\/span><\/td>\n<\/tr>\n<tr bgcolor=\"#e4ddcb\">\n<td><strong>\u00c7eviri<\/strong><\/td>\n<td width=\"3%\">:<\/td>\n<td width=\"51%\">Arif Cem \u00dcnver<\/td>\n<\/tr>\n<tr bgcolor=\"#d1c4a5\">\n<td width=\"39%\"><strong>\u00d6zg\u00fcn Ad\u0131<\/strong><\/td>\n<td width=\"3%\">:<\/td>\n<td width=\"51%\">Koyasan<\/td>\n<\/tr>\n<tr bgcolor=\"#e4ddcb\">\n<td width=\"39%\"><strong>Ebat<\/strong><\/td>\n<td width=\"3%\">:<\/td>\n<td width=\"51%\">Ciltsiz | 14 x 20 cm<\/td>\n<\/tr>\n<\/tbody>\n<\/table>\n<\/td>\n<\/tr>\n<tr>\n<td style=\"border-style: solid ridge ridge; border-width: 1px; padding-left: 4px; padding-right: 4px;\" bgcolor=\"#c0b18d\" width=\"100%\"><strong><span style=\"font-size: 9pt; font-family: Tahoma;\">Tudem Yay\u0131nlar\u0131<br \/>\n<\/span><\/strong><\/td>\n<\/tr>\n<tr>\n<td align=\"right\" width=\"100%\">\n<table style=\"width: 310px; height: 88px;\" border=\"0\" cellspacing=\"0\">\n<tbody>\n<tr bgcolor=\"#e4ddcb\">\n<td width=\"39%\"><strong>\u00c7\u0131k\u0131\u015f Tarihi<\/strong><\/td>\n<td width=\"3%\">:<\/td>\n<td width=\"51%\">Ocak, 2012<\/td>\n<\/tr>\n<tr bgcolor=\"#d1c4a5\">\n<td><strong>Sayfa Say\u0131s\u0131<\/strong><\/td>\n<td width=\"3%\">:<\/td>\n<td width=\"51%\">88<\/td>\n<\/tr>\n<tr bgcolor=\"#e4ddcb\">\n<td width=\"39%\"><strong>Fiyat\u0131<\/strong><\/td>\n<td width=\"3%\">:<\/td>\n<td width=\"51%\">9,00 TL<\/td>\n<\/tr>\n<tr bgcolor=\"#d1c4a5\">\n<td width=\"39%\"><strong>ISBN No<\/strong><\/td>\n<td width=\"3%\">:<\/td>\n<td width=\"51%\">9789944696067<\/td>\n<\/tr>\n<\/tbody>\n<\/table>\n<\/td>\n<\/tr>\n<\/tbody>\n<\/table>\n<\/td>\n<td style=\"width: 39%;\" align=\"center\" valign=\"middle\">\n<p style=\"text-align: center;\"><a href=\"https:\/\/www.kayiprihtim.org\/portal\/gorsel\/koyasan.jpg\" target=\"_blank\"><img decoding=\"async\" class=\"aligncenter\" src=\"https:\/\/www.kayiprihtim.org\/portal\/gorsel\/koyasan.jpg\" alt=\"\" width=\"140\" height=\"219\" border=\"0\" hspace=\"1\"><\/a><\/p>\n<\/td>\n<\/tr>\n<\/tbody>\n<\/table>\n<table style=\"border-collapse: collapse; width: 47%;\" border=\"0\" cellpadding=\"0\">\n<tbody>\n<tr>\n<td width=\"54%\">\n<table style=\"border-collapse: collapse; height: 147px; width: 470px;\" border=\"0\" cellspacing=\"0\" cellpadding=\"2\">\n<tbody>\n<tr>\n<td style=\"border-style: solid ridge ridge; border-width: 1px; padding-left: 4px; padding-right: 4px;\" bgcolor=\"#c0b18d\" width=\"98%\"><strong><span style=\"font-size: 9pt; font-family: Tahoma;\">Tan\u0131t\u0131m Yaz\u0131s\u0131<\/span><\/strong><\/td>\n<\/tr>\n<tr>\n<td align=\"left\" width=\"99%\">\n<table style=\"width: 465px;\" border=\"0\">\n<tbody>\n<tr>\n<td style=\"border-style: outset; border-width: 1px;\" bgcolor=\"#d1c4a5\" width=\"96%\">\n<table style=\"border-collapse: collapse; width: 452px; height: 199px;\" border=\"0\" cellspacing=\"0\" cellpadding=\"5\" bgcolor=\"#d1c4a5\">\n<tbody>\n<tr>\n<td style=\"text-align: justify;\" bgcolor=\"#d1c4a5\" width=\"96%\">Korku edebiyat\u0131nda yepyeni bir sayfa a\u00e7mak&#8230;<\/p>\n<p>D\u00fcnya \u00e7ap\u0131nda fenomen haline gelmi\u015f 12 kitapl\u0131k &#8220;Ucubeler Sirki&#8221; serisinin \u00f6d\u00fcll\u00fc yazar\u0131 Darren Shan&#8217;dan \u00e7ok \u00f6zel bir korku kitab\u0131: Koyasan.<\/p>\n<p>\u00d6l\u00fcm ba\u015fl\u0131 ba\u015f\u0131na bir korku temas\u0131d\u0131r edebiyatta. Bu tema ile yo\u011frulan edebi eserler, hayaletler, ruhlar, tan\u0131mlanamayan yarat\u0131klar, mezarl\u0131klar ve korkuyu an\u0131msatan, t\u00fcyleri \u00fcrperten her nevi korku unsuru, \u00f6l\u00fcme ve ard\u0131ndaki bilinmeyenlere kar\u015f\u0131 merakla kar\u0131\u015f\u0131k huzursuzluk verici bir duygu yarat\u0131r m\u00fcdavimlerinde. Korku kitaplar\u0131 okuyan biri bu t\u00fcr\u00fc neden sevdi\u011fini tam olarak bilemez. Kendince sever. Fakat vard\u0131r elbet bunun da cevab\u0131 herkesin ruhunun derinliklerinde bir yerde&#8230;<\/p>\n<p>Korku edebiyat\u0131nda, \u00f6l\u00fcmle ya\u015fam\u0131n kol kola dans etti\u011fi \u00f6yk\u00fcler, \u00f6l\u00fcm\u00fcn ger\u00e7ekli\u011fini bir tokat gibi vurur okurun y\u00fcz\u00fcne. T\u00fcr\u00fcn belkemi\u011fini olu\u015fturan kli\u015felerle bezeli \u00f6yk\u00fcler ve romanlar \u00f6ncelikli olarak okurunu korkutmay\u0131 kendine hedef olarak se\u00e7se de, kulland\u0131\u011f\u0131 korku unsurlar\u0131 bak\u0131m\u0131ndan kimi zaman s\u0131\u011f sulara yelken a\u00e7abilir. \u00d6yk\u00fc kendi i\u00e7inde kaybolabilir. Bu noktada, Koyasan gibi bir kitab\u0131n varl\u0131\u011f\u0131 bu t\u00fcrde bamba\u015fka i\u015fler de yap\u0131labilece\u011fini, edebi anlamda yepyeni bir sayfa a\u00e7\u0131labilece\u011fini hayk\u0131r\u0131rcas\u0131na vurgulamak istiyor adeta. \u0130\u015fte bu y\u00fczden Koyasan&#8217;\u0131 e\u015fi benzeri olmayan bir kitap olarak tan\u0131mlayabiliriz. \u00d6l\u00fcm ve ya\u015fam ili\u015fkisinin bu denli i\u00e7ten, naif ve<br \/>\nger\u00e7ek bir \u015fekilde anlatmay\u0131 ba\u015farabilen eser az rastlan\u0131r bir cevher. B\u00f6ylesi bir mezarl\u0131k \u00f6yk\u00fcs\u00fcn\u00fc, \u00e7a\u011fda\u015f korku edebiyat\u0131n\u0131n gen\u00e7 ustas\u0131 Darren Shan&#8217;\u0131n kaleminden okumak ise ayr\u0131 bir tat ve duygu kazand\u0131r\u0131yor okuruna.<\/p>\n<p>Koyasan&#8217;\u0131n ya\u015fad\u0131\u011f\u0131 k\u00f6yde bir dere, derenin \u00fczerinde bir k\u00f6pr\u00fc ve az ilerisinde de bir mezarl\u0131k bulunmaktad\u0131r. \u00c7ocuklar g\u00fcn boyunca k\u00f6pr\u00fcn\u00fcn \u00f6te taraf\u0131nda oyun oynarken, Koyasan k\u00f6pr\u00fcye bile yakla\u015famamaktad\u0131r. Ta ki k\u00fc\u00e7\u00fck karde\u015fi bir g\u00fcn mezarl\u0131\u011fa do\u011fru ko\u015fup geri gelmeyene dek. \u0130\u015fte ne oluyorsa bundan sonra oluyor Koyasan&#8217;\u0131n hayat\u0131nda. Korkular\u0131yla y\u00fczle\u015ferek mezarl\u0131\u011fa do\u011fru ilerledi\u011finde ba\u015f\u0131na neler gelece\u011fini akl\u0131m\u0131zdan bin bir \u015fey ge\u00e7irerek y\u00fcrek \u00e7arp\u0131nt\u0131lar\u0131yla okuyoruz. Siyah\u0131n beyazla, \u00f6l\u00fcm\u00fcn ya\u015famla, iyinin k\u00f6t\u00fcyle omuz omuza \u00e7arp\u0131\u015ft\u0131\u011f\u0131 bir ortamda Koyasan&#8217;\u0131n pe\u015finden herkesi kendi korkusuyla y\u00fczle\u015fmesi i\u00e7in bir an \u00f6nce bu<br \/>\nk\u00f6pr\u00fcye bekliyoruz. Bakal\u0131m hayat\u0131m\u0131z\u0131n orta yerinde duran bu \u00e7etrefilli k\u00f6pr\u00fcleri ge\u00e7erek t\u00fcnelin ucundaki \u0131\u015f\u0131\u011f\u0131 g\u00f6rebilecek miyiz?<\/p>\n<p>2006 D\u00fcnya Kitap G\u00fcn\u00fc i\u00e7in \u00f6zel olarak yaz\u0131lan ve yay\u0131mlanan Koyasan, okurlar\u0131n\u0131 korkular\u0131yla y\u00fczle\u015ftirecek \u015fiirsel bir yolculu\u011fa \u00e7\u0131kar\u0131yor!..<\/td>\n<\/tr>\n<\/tbody>\n<\/table>\n<\/td>\n<\/tr>\n<\/tbody>\n<\/table>\n<\/td>\n<\/tr>\n<\/tbody>\n<\/table>\n<\/td>\n<\/tr>\n<\/tbody>\n<\/table>\n","protected":false},"excerpt":{"rendered":"<p>KOYASAN Yazar : Darren Shan \u00c7eviri : Arif Cem \u00dcnver \u00d6zg\u00fcn Ad\u0131 : Koyasan Ebat : Ciltsiz | 14 x 20 cm Tudem Yay\u0131nlar\u0131 \u00c7\u0131k\u0131\u015f Tarihi : Ocak, 2012 Sayfa Say\u0131s\u0131 : 88 Fiyat\u0131 : 9,00 TL ISBN No : 9789944696067 Tan\u0131t\u0131m Yaz\u0131s\u0131 Korku edebiyat\u0131nda yepyeni bir sayfa a\u00e7mak&#8230; D\u00fcnya \u00e7ap\u0131nda fenomen haline gelmi\u015f 12 [&hellip;]<\/p>\n","protected":false},"author":1,"featured_media":0,"parent":57,"menu_order":0,"comment_status":"open","ping_status":"closed","template":"","meta":{"_acf_changed":false,"footnotes":""},"class_list":["post-14323","page","type-page","status-publish"],"acf":[],"_links":{"self":[{"href":"https:\/\/www.kayiprihtim.org\/portal\/wp-json\/wp\/v2\/pages\/14323","targetHints":{"allow":["GET"]}}],"collection":[{"href":"https:\/\/www.kayiprihtim.org\/portal\/wp-json\/wp\/v2\/pages"}],"about":[{"href":"https:\/\/www.kayiprihtim.org\/portal\/wp-json\/wp\/v2\/types\/page"}],"author":[{"embeddable":true,"href":"https:\/\/www.kayiprihtim.org\/portal\/wp-json\/wp\/v2\/users\/1"}],"replies":[{"embeddable":true,"href":"https:\/\/www.kayiprihtim.org\/portal\/wp-json\/wp\/v2\/comments?post=14323"}],"version-history":[{"count":0,"href":"https:\/\/www.kayiprihtim.org\/portal\/wp-json\/wp\/v2\/pages\/14323\/revisions"}],"up":[{"embeddable":true,"href":"https:\/\/www.kayiprihtim.org\/portal\/wp-json\/wp\/v2\/pages\/57"}],"wp:attachment":[{"href":"https:\/\/www.kayiprihtim.org\/portal\/wp-json\/wp\/v2\/media?parent=14323"}],"curies":[{"name":"wp","href":"https:\/\/api.w.org\/{rel}","templated":true}]}}