{"id":1442,"date":"2009-05-06T11:24:59","date_gmt":"2009-05-06T08:24:59","guid":{"rendered":"http:\/\/www.kayiprihtim.org\/portal\/?page_id=1442"},"modified":"2011-12-03T11:01:28","modified_gmt":"2011-12-03T09:01:28","slug":"yilan-savaslari-efsanesi","status":"publish","type":"page","link":"https:\/\/www.kayiprihtim.org\/portal\/kitaplar\/gediksavaslari-efsanesi\/yilan-savaslari-efsanesi\/","title":{"rendered":"Y\u0131lan Sava\u015flar\u0131 Efsanesi"},"content":{"rendered":"<table style=\"border: thin outset; border-collapse: collapse; height: 30px; width: 470px;\" border=\"0\" cellpadding=\"2\">\n<tbody>\n<tr>\n<td bgcolor=\"#330000\" width=\"30%\"><span style=\"font-family: Verdana; color: #ffffff;\"><strong>KARANLIK KRAL\u0130\u00c7E&#8217;N\u0130N G\u00d6LGES\u0130<br \/>\n<\/strong><\/span><\/td>\n<\/tr>\n<\/tbody>\n<\/table>\n<table style=\"border-collapse: collapse; width: 462px; height: 250px;\" border=\"0\" cellspacing=\"0\" cellpadding=\"0\">\n<tbody>\n<tr>\n<td align=\"center\" valign=\"top\" width=\"58%\">\n<table style=\"border-collapse: collapse; width: 315px; height: 248px;\" border=\"0\" cellspacing=\"2\">\n<tbody>\n<tr>\n<td align=\"right\" width=\"100%\">\n<table style=\"width: 310px; height: 88px;\" border=\"0\" cellspacing=\"0\">\n<tbody>\n<tr bgcolor=\"#D1C4A5\">\n<td width=\"39%\"><strong>Yazar<\/strong><\/td>\n<td width=\"3%\">:<\/td>\n<td width=\"51%\"><span style=\"color: #993300;\"><strong>Raymond E. Feist<\/strong><\/span><\/td>\n<\/tr>\n<tr bgcolor=\"#E4DDCB\">\n<td><strong>\u00c7eviren<\/strong><\/td>\n<td width=\"3%\">:<\/td>\n<td width=\"51%\"><span style=\"color: #181512;\">G\u00fcrkan Gen\u00e7<\/span><span style=\"color: #181512;\"><br \/>\n<\/span><\/td>\n<\/tr>\n<tr bgcolor=\"#D1C4A5\">\n<td width=\"39%\"><strong>Orijinal Ad\u0131<br \/>\n<\/strong><\/td>\n<td width=\"3%\">:<\/td>\n<td width=\"51%\">Shadow Of A Dark Queen<\/td>\n<\/tr>\n<tr bgcolor=\"#E4DDCB\">\n<td width=\"39%\"><strong>Seri<\/strong><\/td>\n<td width=\"3%\">:<\/td>\n<td width=\"51%\">Y\u0131lan Sava\u015flar\u0131 Efsanesi<\/td>\n<\/tr>\n<\/tbody>\n<\/table>\n<\/td>\n<\/tr>\n<tr>\n<td style=\"border-style: solid ridge ridge; border-width: 1px; padding-left: 4px; padding-right: 4px;\" bgcolor=\"#C0B18D\" width=\"100%\"><strong><span style=\"font-size: 9pt; font-family: Tahoma;\">\u0130thaki Yay\u0131nlar\u0131<br \/>\n<\/span><\/strong><\/td>\n<\/tr>\n<tr>\n<td align=\"right\" width=\"100%\">\n<table style=\"width: 310px; height: 88px;\" border=\"0\" cellspacing=\"0\">\n<tbody>\n<tr bgcolor=\"#E4DDCB\">\n<td width=\"39%\"><strong>\u00c7\u0131k\u0131\u015f Tarihi<\/strong><\/td>\n<td width=\"3%\">:<\/td>\n<td width=\"51%\">2005<\/td>\n<\/tr>\n<tr bgcolor=\"#D1C4A5\">\n<td><strong>Sayfa Say\u0131s\u0131<\/strong><\/td>\n<td width=\"3%\">:<\/td>\n<td width=\"51%\">604<\/td>\n<\/tr>\n<tr bgcolor=\"#E4DDCB\">\n<td width=\"39%\"><strong>Fiyat\u0131<\/strong><\/td>\n<td width=\"3%\">:<\/td>\n<td width=\"51%\">23,00 TL<\/td>\n<\/tr>\n<tr bgcolor=\"#D1C4A5\">\n<td width=\"39%\"><strong>ISBN No<\/strong><\/td>\n<td width=\"3%\">:<\/td>\n<td width=\"51%\">9789752731776<\/td>\n<\/tr>\n<\/tbody>\n<\/table>\n<\/td>\n<\/tr>\n<\/tbody>\n<\/table>\n<\/td>\n<td style=\"width: 39%;\" align=\"center\" valign=\"middle\"><a href=\"https:\/\/www.kayiprihtim.org\/portal\/gorsel\/karanlik-kralicenin-golgesi.jpg\" target=\"_blank\"><img decoding=\"async\" class=\"aligncenter\" src=\"https:\/\/www.kayiprihtim.org\/portal\/gorsel\/karanlik-kralicenin-golgesi.jpg\" alt=\"\" width=\"140\" height=\"219\" border=\"0\" hspace=\"1\"><\/a><\/td>\n<\/tr>\n<\/tbody>\n<\/table>\n<table style=\"border-collapse: collapse; width: 47%;\" border=\"0\" cellpadding=\"0\">\n<tbody>\n<tr>\n<td width=\"54%\">\n<table style=\"border-collapse: collapse; height: 147px; width: 470px;\" border=\"0\" cellspacing=\"0\" cellpadding=\"2\">\n<tbody>\n<tr>\n<td style=\"border-style: solid ridge ridge; border-width: 1px; padding-left: 4px; padding-right: 4px;\" bgcolor=\"#C0B18D\" width=\"98%\"><strong><span style=\"font-size: 9pt; font-family: Tahoma;\">Tan\u0131t\u0131m Yaz\u0131s\u0131<br \/>\n<\/span><\/strong><\/td>\n<\/tr>\n<tr>\n<td align=\"left\" width=\"99%\">\n<table style=\"width: 465px;\" border=\"0\">\n<tbody>\n<tr>\n<td style=\"border-style: outset; border-width: 1px;\" bgcolor=\"#D1C4A5\" width=\"96%\">\n<table style=\"border-collapse: collapse; width: 452px; height: 199px;\" border=\"0\" cellspacing=\"0\" cellpadding=\"5\" bgcolor=\"#D1C4A5\">\n<tbody>\n<tr>\n<td style=\"text-align: justify;\" bgcolor=\"#D1C4A5\" width=\"96%\">Uzak diyarlarda karanl\u0131k bir varl\u0131k harekete ge\u00e7mekte ve kadim g\u00fc\u00e7ler son bir \u00e7arp\u0131\u015fma i\u00e7in haz\u0131rlanmaktad\u0131r. Karanl\u0131k Krali\u00e7e uzak topraklarda sancak a\u00e7m\u0131\u015f, e\u015fsiz g\u00fc\u00e7te ordular toplamaktad\u0131r.\u0130yili\u011fin ve k\u00f6t\u00fcl\u00fc\u011f\u00fcn \u00e7arp\u0131\u015ft\u0131\u011f\u0131 sava\u015f alan\u0131na, tek umutlar\u0131 bu kadim g\u00fc\u00e7le y\u00fczle\u015fip ger\u00e7ek do\u011fas\u0131n\u0131 \u00e7\u00f6zmek olan bir avu\u00e7 \u00e7aresiz adam gelmi\u015ftir. G\u00f6revleri en iyi ihtimalle tehlikeli, en k\u00f6t\u00fc ihtimalle \u00f6l\u00fcmc\u00fcld\u00fcr.<\/p>\n<p style=\"text-align: justify;\">Ve bu adamlar\u0131n beraberinde, her birinin, hayatlar\u0131n\u0131 emanet etmek zorunda oldu\u011fu, gizemli Miranda yolculuk etmektedir. Miranda bir m\u00fcttefik gibi g\u00f6r\u00fcnmektedir ancak anlatmaya niyetli oldu\u011fundan fazlas\u0131n\u0131 bildi\u011fi a\u00e7\u0131k\u00e7a bellidir. Ve y\u00fczle\u015fme vakti geldi\u011finde bir m\u00fcttefik mi, yoksa \u00f6l\u00fcmc\u00fcl bir d\u00fc\u015fman m\u0131 olaca\u011f\u0131 belli de\u011fildir.<\/p>\n<p style=\"text-align: justify;\">Fantastik Kurgunun Usta \u0130smi Raymond E. Feist&#8217;ten Uzun Zamand\u0131r Beklenen Yeni Gedik Sava\u015flar\u0131 Serisi!<\/p>\n<\/td>\n<\/tr>\n<\/tbody>\n<\/table>\n<\/td>\n<\/tr>\n<\/tbody>\n<\/table>\n<\/td>\n<\/tr>\n<\/tbody>\n<\/table>\n<\/td>\n<\/tr>\n<\/tbody>\n<\/table>\n<p><span style=\"color: #e4ddcb;\">&#8211;<\/span><\/p>\n<table style=\"border: thin outset; border-collapse: collapse; height: 30px; width: 470px;\" border=\"0\" cellpadding=\"2\">\n<tbody>\n<tr>\n<td bgcolor=\"#330000\" width=\"30%\"><span style=\"font-family: Verdana; color: #333333;\"><strong><span style=\"color: #ffffff;\">T\u00dcCCAR PRENS&#8217;\u0130N Y\u00dcKSEL\u0130\u015e\u0130<\/span><\/strong><\/span><span style=\"font-family: Verdana; color: #333333;\"><strong><br \/>\n<\/strong><\/span><\/td>\n<\/tr>\n<\/tbody>\n<\/table>\n<table style=\"border-collapse: collapse; width: 462px; height: 250px;\" border=\"0\" cellspacing=\"0\" cellpadding=\"0\">\n<tbody>\n<tr>\n<td align=\"center\" valign=\"top\" width=\"58%\">\n<table style=\"border-collapse: collapse; width: 315px; height: 248px;\" border=\"0\" cellspacing=\"2\">\n<tbody>\n<tr>\n<td align=\"right\" width=\"100%\">\n<table style=\"width: 310px; height: 88px;\" border=\"0\" cellspacing=\"0\">\n<tbody>\n<tr bgcolor=\"#D1C4A5\">\n<td width=\"39%\"><strong>Yazar<\/strong><\/td>\n<td width=\"3%\">:<\/td>\n<td width=\"51%\"><span style=\"color: #993300;\"><strong>Raymond E. Feist<\/strong><\/span><\/td>\n<\/tr>\n<tr bgcolor=\"#E4DDCB\">\n<td><strong>\u00c7eviren<\/strong><\/td>\n<td width=\"3%\">:<\/td>\n<td width=\"51%\"><span style=\"color: #181512;\">G\u00fcrkan Gen\u00e7<\/span><span style=\"color: #181512;\"><br \/>\n<\/span><\/td>\n<\/tr>\n<tr bgcolor=\"#D1C4A5\">\n<td width=\"39%\"><strong>\u00d6zg\u00fcn Ad\u0131<\/strong><strong> <\/strong><\/td>\n<td width=\"3%\">:<\/td>\n<td width=\"51%\">Rise Of A Merchant Prince<\/td>\n<\/tr>\n<tr bgcolor=\"#E4DDCB\">\n<td width=\"39%\"><strong>Seri<\/strong><\/td>\n<td width=\"3%\">:<\/td>\n<td width=\"51%\">Y\u0131lan Sava\u015flar\u0131 Efsanesi<\/td>\n<\/tr>\n<\/tbody>\n<\/table>\n<\/td>\n<\/tr>\n<tr>\n<td style=\"border-style: solid ridge ridge; border-width: 1px; padding-left: 4px; padding-right: 4px;\" bgcolor=\"#C0B18D\" width=\"100%\"><strong><span style=\"font-size: 9pt; font-family: Tahoma;\">\u0130thaki Yay\u0131nlar\u0131<\/span><\/strong><\/td>\n<\/tr>\n<tr>\n<td align=\"right\" width=\"100%\">\n<table style=\"width: 310px; height: 88px;\" border=\"0\" cellspacing=\"0\">\n<tbody>\n<tr bgcolor=\"#E4DDCB\">\n<td width=\"39%\"><strong>\u00c7\u0131k\u0131\u015f Tarihi<\/strong><\/td>\n<td width=\"3%\">:<\/td>\n<td width=\"51%\">2006<\/td>\n<\/tr>\n<tr bgcolor=\"#D1C4A5\">\n<td><strong>Sayfa Say\u0131s\u0131<\/strong><\/td>\n<td width=\"3%\">:<\/td>\n<td width=\"51%\">535<\/td>\n<\/tr>\n<tr bgcolor=\"#E4DDCB\">\n<td width=\"39%\"><strong>Fiyat\u0131<\/strong><\/td>\n<td width=\"3%\">:<\/td>\n<td width=\"51%\">21,00 TL<\/td>\n<\/tr>\n<tr bgcolor=\"#D1C4A5\">\n<td width=\"39%\"><strong>ISBN No<\/strong><\/td>\n<td width=\"3%\">:<\/td>\n<td width=\"51%\">9789752732582<\/td>\n<\/tr>\n<\/tbody>\n<\/table>\n<\/td>\n<\/tr>\n<\/tbody>\n<\/table>\n<\/td>\n<td style=\"width: 39%;\" align=\"center\" valign=\"middle\"><a href=\"https:\/\/www.kayiprihtim.org\/portal\/gorsel\/9752732585b.jpg\" target=\"_blank\"><img decoding=\"async\" class=\"aligncenter\" src=\"https:\/\/www.kayiprihtim.org\/portal\/gorsel\/9752732585b.jpg\" alt=\"\" width=\"140\" height=\"219\" border=\"0\" hspace=\"1\"><\/a><\/td>\n<\/tr>\n<\/tbody>\n<\/table>\n<table style=\"border-collapse: collapse; width: 47%;\" border=\"0\" cellpadding=\"0\">\n<tbody>\n<tr>\n<td width=\"54%\">\n<table style=\"border-collapse: collapse; height: 147px; width: 470px;\" border=\"0\" cellspacing=\"0\" cellpadding=\"2\">\n<tbody>\n<tr>\n<td style=\"border-style: solid ridge ridge; border-width: 1px; padding-left: 4px; padding-right: 4px;\" bgcolor=\"#C0B18D\" width=\"98%\"><strong><span style=\"font-size: 9pt; font-family: Tahoma;\">Tan\u0131t\u0131m Yaz\u0131s\u0131<br \/>\n<\/span><\/strong><\/td>\n<\/tr>\n<tr>\n<td align=\"left\" width=\"99%\">\n<table style=\"width: 465px;\" border=\"0\">\n<tbody>\n<tr>\n<td style=\"border-style: outset; border-width: 1px;\" bgcolor=\"#D1C4A5\" width=\"96%\">\n<table style=\"border-collapse: collapse; width: 452px; height: 199px;\" border=\"0\" cellspacing=\"0\" cellpadding=\"5\" bgcolor=\"#D1C4A5\">\n<tbody>\n<tr>\n<td bgcolor=\"#D1C4A5\" width=\"96%\">Asilzade Erik ve kurnaz Roo, istilac\u0131, korkun\u00e7 bir y\u0131lan t\u00fcr\u00fc olan \u00fcrk\u00fct\u00fcc\u00fc Saaurlar\u0131n gazab\u0131ndan kurtulup Midkemia \u0130mparatorlu\u011fu&#8217;nu tam zaman\u0131nda uyarmay\u0131 ba\u015far\u0131rlar. Art\u0131k kaderlerinin kendileri i\u00e7in \u00e7izdi\u011fi yolda y\u00fcr\u00fcmekte \u00f6zg\u00fcrd\u00fcrler. Erik askerli\u011fi se\u00e7er ve Midkemia&#8217;n\u0131n ezeli d\u00fc\u015fmanlar\u0131na kar\u015f\u0131 verilen sava\u015fta yerini al\u0131r. Roo ise para ve g\u00fc\u00e7 pe\u015findedir, \u015fans\u0131n\u0131 ticarette arar. Fakat servetle birlikte dikkatsizlikleri ve d\u00fcnyevi zevklere olan zaaf\u0131 ortaya \u00e7\u0131kar. \u00c7ok g\u00fczel bir kad\u0131n, onu ac\u0131mas\u0131z entrikalarla yoldan \u00e7\u0131kar\u0131p yoktan var etti\u011fi her \u015feyi yerle bir etmekle tehdit eder; bu kad\u0131n, Roo&#8217;nun gelece\u011finin \u00fczerine \u00e7\u00f6kecek bir felaket, ya\u015fam\u0131n\u0131n deh\u015feti olacakt\u0131r.<\/p>\n<p style=\"text-align: justify;\">&#8220;Feist&#8217;in okuru soluksuz b\u0131rakan do\u011fal bir yetene\u011fi var.&#8221;<br \/>\n<strong> &#8211; Chicago Sun-Times<\/strong><\/p>\n<p style=\"text-align: justify;\">&#8220;Feist, Y\u0131lan Sava\u015flar\u0131 Efsanesi&#8217;yle t\u00fcre yeni bir soluk getiriyor.&#8221;<br \/>\n<strong> &#8211; Publishers Weekly<\/strong><\/p>\n<p style=\"text-align: justify;\">Fantastik Kurgunun Usta \u0130smi Raymond E. Feist&#8217;ten Yeni Gedik Sava\u015flar\u0131 Serisinin \u0130kinci Kitab\u0131!<\/p>\n<\/td>\n<\/tr>\n<\/tbody>\n<\/table>\n<\/td>\n<\/tr>\n<\/tbody>\n<\/table>\n<\/td>\n<\/tr>\n<\/tbody>\n<\/table>\n<\/td>\n<\/tr>\n<\/tbody>\n<\/table>\n<p><span style=\"color: #e4ddcb;\">&#8211;<\/span><\/p>\n<table style=\"border: thin outset; border-collapse: collapse; height: 30px; width: 470px;\" border=\"0\" cellpadding=\"2\">\n<tbody>\n<tr>\n<td bgcolor=\"#330000\" width=\"30%\"><span style=\"font-family: Verdana; color: #333333;\"><strong><span style=\"color: #ffffff;\">\u0130BL\u0130S KRALIN \u00d6FKES\u0130<\/span><\/strong><\/span><span style=\"font-family: Verdana; color: #333333;\"><strong><br \/>\n<\/strong><\/span><\/td>\n<\/tr>\n<\/tbody>\n<\/table>\n<table style=\"border-collapse: collapse; width: 462px; height: 250px;\" border=\"0\" cellspacing=\"0\" cellpadding=\"0\">\n<tbody>\n<tr>\n<td align=\"center\" valign=\"top\" width=\"58%\">\n<table style=\"border-collapse: collapse; width: 315px; height: 248px;\" border=\"0\" cellspacing=\"2\">\n<tbody>\n<tr>\n<td align=\"right\" width=\"100%\">\n<table style=\"width: 310px; height: 88px;\" border=\"0\" cellspacing=\"0\">\n<tbody>\n<tr bgcolor=\"#D1C4A5\">\n<td width=\"39%\"><strong>Yazar<\/strong><\/td>\n<td width=\"3%\">:<\/td>\n<td width=\"51%\"><span style=\"color: #993300;\"><strong>Raymond E. Feist<\/strong><\/span><\/td>\n<\/tr>\n<tr bgcolor=\"#E4DDCB\">\n<td><strong>\u00c7eviren<\/strong><\/td>\n<td width=\"3%\">:<\/td>\n<td width=\"51%\"><span style=\"color: #181512;\">G\u00fcrkan Gen\u00e7<\/span><span style=\"color: #181512;\"><br \/>\n<\/span><\/td>\n<\/tr>\n<tr bgcolor=\"#D1C4A5\">\n<td width=\"39%\"><strong>\u00d6zg\u00fcn Ad\u0131<\/strong><strong> <\/strong><\/td>\n<td width=\"3%\">:<\/td>\n<td width=\"51%\">Rage Of A Demon King<\/td>\n<\/tr>\n<tr bgcolor=\"#E4DDCB\">\n<td width=\"39%\"><strong>Seri<\/strong><\/td>\n<td width=\"3%\">:<\/td>\n<td width=\"51%\">Y\u0131lan Sava\u015flar\u0131 Efsanesi<\/td>\n<\/tr>\n<\/tbody>\n<\/table>\n<\/td>\n<\/tr>\n<tr>\n<td style=\"border-style: solid ridge ridge; border-width: 1px; padding-left: 4px; padding-right: 4px;\" bgcolor=\"#C0B18D\" width=\"100%\"><strong><span style=\"font-size: 9pt; font-family: Tahoma;\">\u0130thaki Yay\u0131nlar\u0131<\/span><\/strong><\/td>\n<\/tr>\n<tr>\n<td align=\"right\" width=\"100%\">\n<table style=\"width: 310px; height: 88px;\" border=\"0\" cellspacing=\"0\">\n<tbody>\n<tr bgcolor=\"#E4DDCB\">\n<td width=\"39%\"><strong>\u00c7\u0131k\u0131\u015f Tarihi<\/strong><\/td>\n<td width=\"3%\">:<\/td>\n<td width=\"51%\">2006<\/td>\n<\/tr>\n<tr bgcolor=\"#D1C4A5\">\n<td><strong>Sayfa Say\u0131s\u0131<\/strong><\/td>\n<td width=\"3%\">:<\/td>\n<td width=\"51%\">665<\/td>\n<\/tr>\n<tr bgcolor=\"#E4DDCB\">\n<td width=\"39%\"><strong>Fiyat\u0131<\/strong><\/td>\n<td width=\"3%\">:<\/td>\n<td width=\"51%\">26,00 TL<\/td>\n<\/tr>\n<tr bgcolor=\"#D1C4A5\">\n<td width=\"39%\"><strong>ISBN No<\/strong><\/td>\n<td width=\"3%\">:<\/td>\n<td width=\"51%\">9789752732841<\/td>\n<\/tr>\n<\/tbody>\n<\/table>\n<\/td>\n<\/tr>\n<\/tbody>\n<\/table>\n<\/td>\n<td style=\"width: 39%;\" align=\"center\" valign=\"middle\"><a href=\"https:\/\/www.kayiprihtim.org\/portal\/gorsel\/9752732844b.jpg\" target=\"_blank\"><img decoding=\"async\" class=\"aligncenter\" src=\"https:\/\/www.kayiprihtim.org\/portal\/gorsel\/9752732844b.jpg\" alt=\"\" width=\"140\" height=\"219\" border=\"0\" hspace=\"1\"><\/a><\/td>\n<\/tr>\n<\/tbody>\n<\/table>\n<table style=\"border-collapse: collapse; width: 47%;\" border=\"0\" cellpadding=\"0\">\n<tbody>\n<tr>\n<td width=\"54%\">\n<table style=\"border-collapse: collapse; width: 467px; height: 351px;\" border=\"0\" cellspacing=\"0\" cellpadding=\"2\">\n<tbody>\n<tr>\n<td style=\"border-style: solid ridge ridge; border-width: 1px; padding-left: 4px; padding-right: 4px;\" bgcolor=\"#C0B18D\" width=\"98%\"><strong><span style=\"font-size: 9pt; font-family: Tahoma;\">Tan\u0131t\u0131m Yaz\u0131s\u0131<br \/>\n<\/span><\/strong><\/td>\n<\/tr>\n<tr>\n<td align=\"left\" width=\"99%\">\n<table style=\"width: 465px;\" border=\"0\">\n<tbody>\n<tr>\n<td style=\"border-style: outset; border-width: 1px;\" bgcolor=\"#D1C4A5\" width=\"96%\">\n<table style=\"border-collapse: collapse; width: 452px; height: 199px;\" border=\"0\" cellspacing=\"0\" cellpadding=\"5\" bgcolor=\"#d1c4a5\">\n<tbody>\n<tr>\n<td bgcolor=\"#D1C4A5\" width=\"96%\">\n<p style=\"text-align: justify;\" align=\"justify\">Sonunda t\u00fcm ya\u015fam\u0131 tehdit eden b\u00fcy\u00fck sava\u015f krall\u0131\u011f\u0131n kap\u0131s\u0131na dayanm\u0131\u015ft\u0131r. Do\u011fas\u0131nda cinayet ve karanl\u0131k bar\u0131nd\u0131ran bir kabus yarat\u0131\u011f\u0131, bir iblis kral ya\u015fam\u0131n kayna\u011f\u0131na ula\u015f\u0131p onu kendi varl\u0131\u011f\u0131nda eritmenin yolunu aramak i\u00e7in d\u00fcnyaya ka\u00e7m\u0131\u015ft\u0131r. Ona ba\u011fl\u0131 deh\u015fet yarat\u0131klar\u0131 da pek yak\u0131nda pe\u015finden gelecektir.<\/p>\n<p style=\"text-align: justify;\">Krall\u0131ktaki herbir insan ya\u015fam\u0131n\u0131 yitirmek pahas\u0131na istilac\u0131 karanl\u0131\u011f\u0131n g\u00fc\u00e7leri kar\u015f\u0131s\u0131na dikilecektir. Ancak bu \u00f6yle bir sava\u015ft\u0131r ki, k\u0131l\u0131\u00e7lar ve karg\u0131lar yokolu\u015fu \u00f6nlemeye yetecek g\u00fcce sahip de\u011fildir. Sadece en g\u00fc\u00e7l\u00fc b\u00fcy\u00fcc\u00fcler, iblislerin ak\u0131p ge\u00e7ti\u011fi gedi\u011fi sonsuza dek kapatabilecek ve bilinen her \u015feyden \u00e7ok daha tehlikeli bir esrar\u0131n kilidini \u00e7\u00f6zebilecektir.<\/p>\n<p style=\"text-align: justify;\">Ve b\u00f6ylece y\u0131lanlar\u0131n insanlara, b\u00fcy\u00fcc\u00fclerin iblislere kar\u015f\u0131 sava\u015ft\u0131\u011f\u0131 son y\u00fczle\u015fme ger\u00e7ekle\u015fir. K\u0131l\u0131\u00e7lar ve b\u00fcy\u00fcler a\u00e7\u0131k denizlerden karanl\u0131k dehlizlere dek \u00f6fkeyle \u00e7arp\u0131\u015f\u0131r. Midkemia i\u00e7in sava\u015fanlar\u0131 zafer yada felaket beklemektedir.<\/p>\n<p style=\"text-align: justify;\" align=\"justify\">&#8220;Feist okuyucular\u0131n sayfalar\u0131 soluksuz \u00e7evirmesini sa\u011flayan do\u011fal bir yetene\u011fe sahip.&#8221;<br \/>\n<strong> Chicago Sun-Times<\/strong><\/p>\n<p style=\"text-align: justify;\" align=\"justify\">&#8220;Feist sava\u015f ve politik entrikalar\u0131 betimlemede ger\u00e7ek bir usta. Ayn\u0131 zamanda g\u00fc\u00e7l\u00fc bir anlat\u0131m yetene\u011fi de var.&#8221;<br \/>\n<strong> Science Fiction Chronicle<\/strong><\/p>\n<\/td>\n<\/tr>\n<\/tbody>\n<\/table>\n<\/td>\n<\/tr>\n<\/tbody>\n<\/table>\n<\/td>\n<\/tr>\n<\/tbody>\n<\/table>\n<\/td>\n<\/tr>\n<\/tbody>\n<\/table>\n<p><span style=\"color: #e4ddcb;\">&#8211;<\/span><\/p>\n<table style=\"border: thin outset; border-collapse: collapse; height: 30px; width: 470px;\" border=\"0\" cellpadding=\"2\">\n<tbody>\n<tr>\n<td bgcolor=\"#330000\" width=\"30%\"><span style=\"font-family: Verdana; color: #333333;\"><strong><span style=\"color: #ffffff;\">KIRIK TACIN PAR\u00c7ALARI<\/span><\/strong><\/span><\/td>\n<\/tr>\n<\/tbody>\n<\/table>\n<table style=\"border-collapse: collapse; width: 462px; height: 250px;\" border=\"0\" cellspacing=\"0\" cellpadding=\"0\">\n<tbody>\n<tr>\n<td align=\"center\" valign=\"top\" width=\"58%\">\n<table style=\"border-collapse: collapse; width: 315px; height: 248px;\" border=\"0\" cellspacing=\"2\">\n<tbody>\n<tr>\n<td align=\"right\" width=\"100%\">\n<table style=\"width: 310px; height: 88px;\" border=\"0\" cellspacing=\"0\">\n<tbody>\n<tr bgcolor=\"#D1C4A5\">\n<td width=\"39%\"><strong>Yazar<\/strong><\/td>\n<td width=\"3%\">:<\/td>\n<td width=\"51%\"><span style=\"color: #993300;\"><strong>Raymond E. Feist<\/strong><\/span><\/td>\n<\/tr>\n<tr bgcolor=\"#E4DDCB\">\n<td><strong>\u00c7eviren<\/strong><\/td>\n<td width=\"3%\">:<\/td>\n<td width=\"51%\"><span style=\"color: #181512;\">G\u00fcrkan Gen\u00e7<\/span><span style=\"color: #181512;\"><br \/>\n<\/span><\/td>\n<\/tr>\n<tr bgcolor=\"#D1C4A5\">\n<td width=\"39%\"><strong>\u00d6zg\u00fcn Ad\u0131<\/strong><\/td>\n<td width=\"3%\">:<\/td>\n<td width=\"51%\">Shards of a Broken Crown<\/td>\n<\/tr>\n<tr bgcolor=\"#E4DDCB\">\n<td width=\"39%\"><strong>Seri<\/strong><\/td>\n<td width=\"3%\">:<\/td>\n<td width=\"51%\">Y\u0131lan Sava\u015flar\u0131 Efsanesi<\/td>\n<\/tr>\n<\/tbody>\n<\/table>\n<\/td>\n<\/tr>\n<tr>\n<td style=\"border-style: solid ridge ridge; border-width: 1px; padding-left: 4px; padding-right: 4px;\" bgcolor=\"#C0B18D\" width=\"100%\"><strong><span style=\"font-size: 9pt; font-family: Tahoma;\">\u0130thaki Yay\u0131nlar\u0131<\/span><\/strong><\/td>\n<\/tr>\n<tr>\n<td align=\"right\" width=\"100%\">\n<table style=\"width: 310px; height: 88px;\" border=\"0\" cellspacing=\"0\">\n<tbody>\n<tr bgcolor=\"#E4DDCB\">\n<td width=\"39%\"><strong>\u00c7\u0131k\u0131\u015f Tarihi<\/strong><\/td>\n<td width=\"3%\">:<\/td>\n<td width=\"51%\">2008<\/td>\n<\/tr>\n<tr bgcolor=\"#D1C4A5\">\n<td><strong>Sayfa Say\u0131s\u0131<\/strong><\/td>\n<td width=\"3%\">:<\/td>\n<td width=\"51%\">568<\/td>\n<\/tr>\n<tr bgcolor=\"#E4DDCB\">\n<td width=\"39%\"><strong>Fiyat\u0131<\/strong><\/td>\n<td width=\"3%\">:<\/td>\n<td width=\"51%\">26,00 TL<\/td>\n<\/tr>\n<tr bgcolor=\"#D1C4A5\">\n<td width=\"39%\"><strong>ISBN No<\/strong><\/td>\n<td width=\"3%\">:<\/td>\n<td width=\"51%\">9789752733176<\/td>\n<\/tr>\n<\/tbody>\n<\/table>\n<\/td>\n<\/tr>\n<\/tbody>\n<\/table>\n<\/td>\n<td style=\"width: 39%;\" align=\"center\" valign=\"middle\"><a href=\"https:\/\/www.kayiprihtim.org\/portal\/gorsel\/krk-tacn-parcalar.jpg\" target=\"_blank\"><img loading=\"lazy\" decoding=\"async\" class=\"aligncenter\" src=\"https:\/\/www.kayiprihtim.org\/portal\/gorsel\/krk-tacn-parcalar.jpg\" alt=\"\" width=\"140\" height=\"219\" border=\"0\" hspace=\"1\"><\/a><\/td>\n<\/tr>\n<\/tbody>\n<\/table>\n<table style=\"border-collapse: collapse; width: 47%;\" border=\"0\" cellpadding=\"0\">\n<tbody>\n<tr>\n<td width=\"54%\">\n<table style=\"border-collapse: collapse; width: 467px; height: 214px;\" border=\"0\" cellspacing=\"0\" cellpadding=\"2\">\n<tbody>\n<tr>\n<td style=\"border-style: solid ridge ridge; border-width: 1px; padding-left: 4px; padding-right: 4px;\" bgcolor=\"#C0B18D\" width=\"98%\"><strong><span style=\"font-size: 9pt; font-family: Tahoma;\">Tan\u0131t\u0131m Yaz\u0131s\u0131<\/span><\/strong><\/td>\n<\/tr>\n<tr>\n<td align=\"left\" width=\"99%\">\n<table style=\"width: 465px;\" border=\"0\">\n<tbody>\n<tr>\n<td style=\"border-style: outset; border-width: 1px;\" bgcolor=\"#D1C4A5\" width=\"96%\">\n<table id=\"table22\" style=\"border-collapse: collapse; width: 451px; height: 166px;\" border=\"0\" cellspacing=\"0\" cellpadding=\"5\" bgcolor=\"#d1c4a5\">\n<tbody>\n<tr>\n<td bgcolor=\"#D1C4A5\" width=\"96%\">\n<p style=\"text-align: justify;\">D\u00fc\u015fman p\u00fcsk\u00fcrt\u00fclm\u00fc\u015ft\u00fcr ama bar\u0131\u015f Krall\u0131k\u2019tan h\u00e2l\u00e2 uzakt\u0131r. Midkemia, \u0130blis Kral\u2019\u0131n ku\u015fatmas\u0131n\u0131n ard\u0131ndan bir y\u0131k\u0131nt\u0131ya d\u00f6n\u00fc\u015fm\u00fc\u015ft\u00fcr. Cesur Krondor D\u00fck\u00fc James\u2019inki de dahil, pek \u00e7ok ya\u015fam s\u00f6n\u00fcp gitmi\u015ftir. \u0130nsanlar bir zamanlar\u0131n g\u00f6rkemli \u00fclkesini tekrar in\u015fa etmeye \u00e7al\u0131\u015f\u0131rken, sava\u015f\u0131n k\u00fcllerinden yeni bir tehdit do\u011fmaktad\u0131r: Z\u00fcmr\u00fct Krali\u00e7e\u2019nin eski kumandan\u0131 korkun\u00e7 Fadawah. Bu deh\u015fet salan adam, yenilmi\u015f birliklerini bir araya toplam\u0131\u015f ve kendine Bat\u0131 Topraklar\u0131\u2019n\u0131n kal\u0131nt\u0131lar\u0131ndan bir imparatorluk kurmaya \u00e7al\u0131\u015fmaktad\u0131r. K\u0131r\u0131k tac\u0131n par\u00e7alar\u0131n\u0131 bir araya getirmek ve Krall\u0131k\u2019\u0131 eski g\u00f6rkemine kavu\u015fturmak, merhum D\u00fck\u2019\u00fcn gen\u00e7 torunlar\u0131 Jimmy ile Dash\u2019a d\u00fc\u015fmektedir.<\/p>\n<p style=\"text-align: justify;\">Y\u0131lansava\u015flar\u0131 Efsanesi, &#8220;K\u0131r\u0131k Tac\u0131n Par\u00e7alar\u0131&#8221;yla haf\u0131zalardan silinmeyecek bir sona eri\u015fiyor.<\/p>\n<\/td>\n<\/tr>\n<\/tbody>\n<\/table>\n<\/td>\n<\/tr>\n<\/tbody>\n<\/table>\n<\/td>\n<\/tr>\n<\/tbody>\n<\/table>\n<\/td>\n<\/tr>\n<\/tbody>\n<\/table>\n","protected":false},"excerpt":{"rendered":"<p>KARANLIK KRAL\u0130\u00c7E&#8217;N\u0130N G\u00d6LGES\u0130 Yazar : Raymond E. Feist \u00c7eviren : G\u00fcrkan Gen\u00e7 Orijinal Ad\u0131 : Shadow Of A Dark Queen Seri : Y\u0131lan Sava\u015flar\u0131 Efsanesi \u0130thaki Yay\u0131nlar\u0131 \u00c7\u0131k\u0131\u015f Tarihi : 2005 Sayfa Say\u0131s\u0131 : 604 Fiyat\u0131 : 23,00 TL ISBN No : 9789752731776 Tan\u0131t\u0131m Yaz\u0131s\u0131 Uzak diyarlarda karanl\u0131k bir varl\u0131k harekete ge\u00e7mekte ve kadim g\u00fc\u00e7ler [&hellip;]<\/p>\n","protected":false},"author":1,"featured_media":0,"parent":1810,"menu_order":0,"comment_status":"open","ping_status":"closed","template":"","meta":{"_acf_changed":false,"footnotes":""},"class_list":["post-1442","page","type-page","status-publish"],"acf":[],"_links":{"self":[{"href":"https:\/\/www.kayiprihtim.org\/portal\/wp-json\/wp\/v2\/pages\/1442","targetHints":{"allow":["GET"]}}],"collection":[{"href":"https:\/\/www.kayiprihtim.org\/portal\/wp-json\/wp\/v2\/pages"}],"about":[{"href":"https:\/\/www.kayiprihtim.org\/portal\/wp-json\/wp\/v2\/types\/page"}],"author":[{"embeddable":true,"href":"https:\/\/www.kayiprihtim.org\/portal\/wp-json\/wp\/v2\/users\/1"}],"replies":[{"embeddable":true,"href":"https:\/\/www.kayiprihtim.org\/portal\/wp-json\/wp\/v2\/comments?post=1442"}],"version-history":[{"count":0,"href":"https:\/\/www.kayiprihtim.org\/portal\/wp-json\/wp\/v2\/pages\/1442\/revisions"}],"up":[{"embeddable":true,"href":"https:\/\/www.kayiprihtim.org\/portal\/wp-json\/wp\/v2\/pages\/1810"}],"wp:attachment":[{"href":"https:\/\/www.kayiprihtim.org\/portal\/wp-json\/wp\/v2\/media?parent=1442"}],"curies":[{"name":"wp","href":"https:\/\/api.w.org\/{rel}","templated":true}]}}