{"id":14455,"date":"2012-01-18T14:57:25","date_gmt":"2012-01-18T12:57:25","guid":{"rendered":"http:\/\/www.kayiprihtim.org\/portal\/?page_id=14455"},"modified":"2012-01-18T14:57:25","modified_gmt":"2012-01-18T12:57:25","slug":"serce","status":"publish","type":"page","link":"https:\/\/www.kayiprihtim.org\/portal\/kitaplar\/serce\/","title":{"rendered":"Ser\u00e7e"},"content":{"rendered":"<table style=\"border: thin outset; border-collapse: collapse; height: 30px; width: 470px;\" border=\"0\" cellpadding=\"2\">\n<tbody>\n<tr>\n<td bgcolor=\"#330000\" width=\"30%\"><span style=\"color: #ffffff;\"><span style=\"font-family: Verdana;\"><strong>SER\u00c7E<\/strong><\/span><\/span><\/td>\n<\/tr>\n<\/tbody>\n<\/table>\n<table style=\"border-collapse: collapse; width: 462px; height: 250px;\" border=\"0\" cellspacing=\"0\" cellpadding=\"0\">\n<tbody>\n<tr>\n<td align=\"center\" valign=\"top\" width=\"58%\">\n<table style=\"border-collapse: collapse; width: 315px; height: 248px;\" border=\"0\" cellspacing=\"2\">\n<tbody>\n<tr>\n<td align=\"right\" width=\"100%\">\n<table style=\"width: 310px; height: 88px;\" border=\"0\" cellspacing=\"0\">\n<tbody>\n<tr bgcolor=\"#d1c4a5\">\n<td width=\"39%\"><strong>Yazar<\/strong><\/td>\n<td width=\"3%\">:<\/td>\n<td width=\"51%\"><span style=\"color: #993300;\"><strong>Mary Doria Russell<\/strong><\/span><\/td>\n<\/tr>\n<tr bgcolor=\"#e4ddcb\">\n<td><strong>\u00c7eviri<\/strong><\/td>\n<td width=\"3%\">:<\/td>\n<td width=\"51%\">Emil Keyder<\/td>\n<\/tr>\n<tr bgcolor=\"#d1c4a5\">\n<td width=\"39%\"><strong>\u00d6zg\u00fcn Ad\u0131<\/strong><\/td>\n<td width=\"3%\">:<\/td>\n<td width=\"51%\">The Sparrow<\/td>\n<\/tr>\n<tr bgcolor=\"#e4ddcb\">\n<td width=\"39%\"><strong>Kapak Resmi<\/strong><\/td>\n<td width=\"3%\">:<\/td>\n<td width=\"51%\">\u00a0El Greco<\/td>\n<\/tr>\n<\/tbody>\n<\/table>\n<\/td>\n<\/tr>\n<tr>\n<td style=\"border-style: solid ridge ridge; border-width: 1px; padding-left: 4px; padding-right: 4px;\" bgcolor=\"#c0b18d\" width=\"100%\"><strong><span style=\"font-size: 9pt; font-family: Tahoma;\">Metis Yay\u0131nlar\u0131<br \/>\n<\/span><\/strong><\/td>\n<\/tr>\n<tr>\n<td align=\"right\" width=\"100%\">\n<table style=\"width: 310px; height: 88px;\" border=\"0\" cellspacing=\"0\">\n<tbody>\n<tr bgcolor=\"#e4ddcb\">\n<td width=\"39%\"><strong>\u00c7\u0131k\u0131\u015f Tarihi<\/strong><\/td>\n<td width=\"3%\">:<\/td>\n<td width=\"51%\">Ekim, 2003<\/td>\n<\/tr>\n<tr bgcolor=\"#d1c4a5\">\n<td><strong>Sayfa Say\u0131s\u0131<\/strong><\/td>\n<td width=\"3%\">:<\/td>\n<td width=\"51%\">416<\/td>\n<\/tr>\n<tr bgcolor=\"#e4ddcb\">\n<td width=\"39%\"><strong>Fiyat\u0131<\/strong><\/td>\n<td width=\"3%\">:<\/td>\n<td width=\"51%\">22,00 TL<\/td>\n<\/tr>\n<tr bgcolor=\"#d1c4a5\">\n<td width=\"39%\"><strong>ISBN No<\/strong><\/td>\n<td width=\"3%\">:<\/td>\n<td width=\"51%\">9789753424288<\/td>\n<\/tr>\n<\/tbody>\n<\/table>\n<\/td>\n<\/tr>\n<\/tbody>\n<\/table>\n<\/td>\n<td style=\"width: 39%;\" align=\"center\" valign=\"middle\">\n<p style=\"text-align: center;\"><a href=\"https:\/\/www.kayiprihtim.org\/portal\/gorsel\/serce.jpg\" target=\"_blank\"><img decoding=\"async\" class=\"aligncenter\" src=\"https:\/\/www.kayiprihtim.org\/portal\/gorsel\/serce.jpg\" alt=\"\" width=\"140\" height=\"219\" border=\"0\" hspace=\"1\"><\/a><\/p>\n<\/td>\n<\/tr>\n<\/tbody>\n<\/table>\n<table style=\"border-collapse: collapse; width: 47%;\" border=\"0\" cellpadding=\"0\">\n<tbody>\n<tr>\n<td width=\"54%\">\n<table style=\"border-collapse: collapse; height: 147px; width: 470px;\" border=\"0\" cellspacing=\"0\" cellpadding=\"2\">\n<tbody>\n<tr>\n<td style=\"border-style: solid ridge ridge; border-width: 1px; padding-left: 4px; padding-right: 4px;\" bgcolor=\"#c0b18d\" width=\"98%\"><strong><span style=\"font-size: 9pt; font-family: Tahoma;\">Tan\u0131t\u0131m Yaz\u0131s\u0131<\/span><\/strong><\/td>\n<\/tr>\n<tr>\n<td align=\"left\" width=\"99%\">\n<table style=\"width: 465px;\" border=\"0\">\n<tbody>\n<tr>\n<td style=\"border-style: outset; border-width: 1px;\" bgcolor=\"#d1c4a5\" width=\"96%\">\n<table style=\"border-collapse: collapse; width: 452px; height: 199px;\" border=\"0\" cellspacing=\"0\" cellpadding=\"5\" bgcolor=\"#d1c4a5\">\n<tbody>\n<tr>\n<td bgcolor=\"#d1c4a5\" width=\"96%\">Ser\u00e7e, bol \u00f6d\u00fcll\u00fc bir yap\u0131t: \u0130lk yay\u0131mland\u0131\u011f\u0131 1996&#8217;da Entertainment Weekly dergisi taraf\u0131ndan y\u0131l\u0131n en iyi on kitab\u0131ndan biri se\u00e7ildi. 1997&#8217;de \u0130ngiliz Bilimkurgu Yazarlar\u0131 Kurumu taraf\u0131ndan En \u0130yi Roman \u00f6d\u00fcl\u00fcne lay\u0131k g\u00f6r\u00fcld\u00fc. S\u0131ras\u0131yla James Tiptree Jr., Arthur Clarke ve John W. Campbell edebiyat \u00f6d\u00fcllerini de toplad\u0131. \u0130yi bilimkurgunun iyi edebiyat oldu\u011funun ve bilimkurgunun yaln\u0131zca \u00f6zel tutkunlar\u0131 taraf\u0131ndan de\u011fil, b\u00fct\u00fcn edebiyat okurlar\u0131nca severek okunabilece\u011finin en yak\u0131n tarihli kan\u0131t\u0131&#8230;<\/p>\n<p>&#8220;Her\u015fey uzaydan gelen d\u00fczensiz sinyalleri tarayan Arechibo radyo vericisindeki g\u00f6revlinin \u015fark\u0131y\u0131 fark etmesiyle ba\u015flad\u0131. \u015eark\u0131 Rakhat ad\u0131 verilen bir gezegenden geliyordu ve tek kelimeyle ola\u011fan\u00fcst\u00fcyd\u00fc. Aralar\u0131nda \u00fc\u00e7 cizvitin bulundu\u011fu sekiz ki\u015filik m\u00fcrettebattan olu\u015fan Rakhat misyonunun yola koyulmas\u0131 fazla zaman almad\u0131.<\/p>\n<p>Cizvit bilim adamlar\u0131 dinlerini yaymaya de\u011fil, \u00f6\u011frenmeye gidiyorlard\u0131. Tanr\u0131n\u0131n ba\u015fka \u00e7ocuklar\u0131n\u0131 tan\u0131mak ve sevmek i\u00e7in gidiyorlard\u0131. Cizvitleri ke\u015ffedilen yerlerin en uzak s\u0131n\u0131rlar\u0131na g\u00f6t\u00fcren hep o ayn\u0131 nedenle hareket etmi\u015flerdi: Ad majorem Dei gloriam, Tanr\u0131n\u0131n \u015fan\u0131n\u0131 y\u00fcceltmek i\u00e7in&#8230;<br \/>\nZarar vermek gibi bir niyetleri yoktu, ta ki&#8230;<\/p>\n<hr size=\"1\" \/>\n<p><strong>Kapak Tasar\u0131m\u0131 :<\/strong> Emine Bora<\/td>\n<\/tr>\n<\/tbody>\n<\/table>\n<\/td>\n<\/tr>\n<\/tbody>\n<\/table>\n<\/td>\n<\/tr>\n<\/tbody>\n<\/table>\n<\/td>\n<\/tr>\n<\/tbody>\n<\/table>\n","protected":false},"excerpt":{"rendered":"<p>SER\u00c7E Yazar : Mary Doria Russell \u00c7eviri : Emil Keyder \u00d6zg\u00fcn Ad\u0131 : The Sparrow Kapak Resmi : \u00a0El Greco Metis Yay\u0131nlar\u0131 \u00c7\u0131k\u0131\u015f Tarihi : Ekim, 2003 Sayfa Say\u0131s\u0131 : 416 Fiyat\u0131 : 22,00 TL ISBN No : 9789753424288 Tan\u0131t\u0131m Yaz\u0131s\u0131 Ser\u00e7e, bol \u00f6d\u00fcll\u00fc bir yap\u0131t: \u0130lk yay\u0131mland\u0131\u011f\u0131 1996&#8217;da Entertainment Weekly dergisi taraf\u0131ndan y\u0131l\u0131n en [&hellip;]<\/p>\n","protected":false},"author":1,"featured_media":0,"parent":57,"menu_order":0,"comment_status":"open","ping_status":"closed","template":"","meta":{"_acf_changed":false,"footnotes":""},"class_list":["post-14455","page","type-page","status-publish"],"acf":[],"_links":{"self":[{"href":"https:\/\/www.kayiprihtim.org\/portal\/wp-json\/wp\/v2\/pages\/14455","targetHints":{"allow":["GET"]}}],"collection":[{"href":"https:\/\/www.kayiprihtim.org\/portal\/wp-json\/wp\/v2\/pages"}],"about":[{"href":"https:\/\/www.kayiprihtim.org\/portal\/wp-json\/wp\/v2\/types\/page"}],"author":[{"embeddable":true,"href":"https:\/\/www.kayiprihtim.org\/portal\/wp-json\/wp\/v2\/users\/1"}],"replies":[{"embeddable":true,"href":"https:\/\/www.kayiprihtim.org\/portal\/wp-json\/wp\/v2\/comments?post=14455"}],"version-history":[{"count":0,"href":"https:\/\/www.kayiprihtim.org\/portal\/wp-json\/wp\/v2\/pages\/14455\/revisions"}],"up":[{"embeddable":true,"href":"https:\/\/www.kayiprihtim.org\/portal\/wp-json\/wp\/v2\/pages\/57"}],"wp:attachment":[{"href":"https:\/\/www.kayiprihtim.org\/portal\/wp-json\/wp\/v2\/media?parent=14455"}],"curies":[{"name":"wp","href":"https:\/\/api.w.org\/{rel}","templated":true}]}}