{"id":14713,"date":"2012-01-29T02:34:59","date_gmt":"2012-01-29T00:34:59","guid":{"rendered":"http:\/\/www.kayiprihtim.org\/portal\/?page_id=14713"},"modified":"2021-10-29T02:27:07","modified_gmt":"2021-10-28T23:27:07","slug":"biz-bunu-istiyoruz","status":"publish","type":"page","link":"https:\/\/www.kayiprihtim.org\/portal\/projeler\/biz-bunu-istiyoruz\/","title":{"rendered":"Biz Bunu \u0130stiyoruz"},"content":{"rendered":"<p style=\"text-align: center;\"><a title=\"Biz Bunu \u0130stiyoruz #1\" href=\"https:\/\/www.kayiprihtim.org\/portal\/projeler\/biz-bunu-istiyoruz\/biz-bunu-istiyoruz-1\/\"><span style=\"font-size: large;\">Biz Bunu \u0130stiyoruz #1<\/span><br \/>\n<strong><span style=\"font-size: x-large;\">The Kingkiller Chronicle<\/span><\/strong><\/a><\/p>\n<p style=\"text-align: center;\"><a title=\"Biz Bunu \u0130stiyoruz #1\" href=\"https:\/\/www.kayiprihtim.org\/portal\/projeler\/biz-bunu-istiyoruz\/biz-bunu-istiyoruz-2\/\"><span style=\"font-size: large;\">Biz Bunu \u0130stiyoruz #2<\/span><br \/>\n<strong><span style=\"font-size: x-large;\">The Witcher<\/span><\/strong><\/a><\/p>\n<p style=\"text-align: center;\"><a title=\"Biz Bunu \u0130stiyoruz #2.5\" href=\"https:\/\/www.kayiprihtim.org\/portal\/projeler\/biz-bunu-istiyoruz\/biz-bunu-istiyoruz-2-5-robot-serisi\/\"><span style=\"font-size: large;\">Biz Bunu \u0130stiyoruz #2.5<\/span><br \/>\n<strong><span style=\"font-size: x-large;\">Robot Serisi<\/span><\/strong><\/a><\/p>\n","protected":false},"excerpt":{"rendered":"<p>Biz Bunu \u0130stiyoruz #1 The Kingkiller Chronicle Biz Bunu \u0130stiyoruz #2 The Witcher Biz Bunu \u0130stiyoruz #2.5 Robot Serisi<\/p>\n","protected":false},"author":1,"featured_media":0,"parent":12165,"menu_order":0,"comment_status":"closed","ping_status":"closed","template":"","meta":{"_acf_changed":false,"footnotes":""},"class_list":["post-14713","page","type-page","status-publish"],"acf":[],"_links":{"self":[{"href":"https:\/\/www.kayiprihtim.org\/portal\/wp-json\/wp\/v2\/pages\/14713","targetHints":{"allow":["GET"]}}],"collection":[{"href":"https:\/\/www.kayiprihtim.org\/portal\/wp-json\/wp\/v2\/pages"}],"about":[{"href":"https:\/\/www.kayiprihtim.org\/portal\/wp-json\/wp\/v2\/types\/page"}],"author":[{"embeddable":true,"href":"https:\/\/www.kayiprihtim.org\/portal\/wp-json\/wp\/v2\/users\/1"}],"replies":[{"embeddable":true,"href":"https:\/\/www.kayiprihtim.org\/portal\/wp-json\/wp\/v2\/comments?post=14713"}],"version-history":[{"count":1,"href":"https:\/\/www.kayiprihtim.org\/portal\/wp-json\/wp\/v2\/pages\/14713\/revisions"}],"predecessor-version":[{"id":59462,"href":"https:\/\/www.kayiprihtim.org\/portal\/wp-json\/wp\/v2\/pages\/14713\/revisions\/59462"}],"up":[{"embeddable":true,"href":"https:\/\/www.kayiprihtim.org\/portal\/wp-json\/wp\/v2\/pages\/12165"}],"wp:attachment":[{"href":"https:\/\/www.kayiprihtim.org\/portal\/wp-json\/wp\/v2\/media?parent=14713"}],"curies":[{"name":"wp","href":"https:\/\/api.w.org\/{rel}","templated":true}]}}