{"id":1474,"date":"2009-05-06T13:55:13","date_gmt":"2009-05-06T10:55:13","guid":{"rendered":"http:\/\/www.kayiprihtim.org\/portal\/?page_id=1474"},"modified":"2013-07-06T05:31:46","modified_gmt":"2013-07-06T02:31:46","slug":"michael-lynne-roportaji","status":"publish","type":"page","link":"https:\/\/www.kayiprihtim.org\/portal\/roportajlar\/michael-lynne-roportaji\/","title":{"rendered":"Michael Lynne R\u00f6portaj\u0131"},"content":{"rendered":"<p style=\"text-indent: 0.4cm; text-align: justify;\"><span style=\"font-size: 14pt; line-height: 1.3em;\"><span style=\"color: red;\">D\u00fcnya tek bir devlet olsa, ba\u015fkenti \u0130stanbul olurdu.<\/span><\/span><\/p>\n<p style=\"text-indent: 0.4cm; text-align: justify;\"><strong>Y\u00fcz\u00fcklerin Efendisi serisinin yap\u0131mc\u0131lar\u0131ndan Michael Lynne, ge\u00e7ti\u011fimiz hafta d\u00f6rt g\u00fcn\u00fcn\u00fc \u0130stanbul&#8217;da ge\u00e7irdi. \u0130stanbul&#8217;u &#8220;\u0130nsan\u0131 heyecanland\u0131ran tarihi eserlerle dolu, sofistike ve kozmopolit bir \u015fehir&#8221; diye tan\u0131mlayan \u00fcnl\u00fc yap\u0131mc\u0131 bu \u015fehre olan hayranl\u0131\u011f\u0131n\u0131, ba\u015fl\u0131\u011fa \u00e7\u0131kard\u0131\u011f\u0131m\u0131z Napolyon&#8217;un me\u015fhur s\u00f6z\u00fcyle dile getirdi.<\/strong><\/p>\n<p style=\"text-indent: 0.4cm; text-align: justify;\"><em>\u0130\u015fte Saffet Emre Tongu\u00e7 taraf\u0131ndan sorulan sorulara verilen cevaplar;<\/em><\/p>\n<p style=\"text-indent: 0.4cm; text-align: justify;\"><strong>T\u00fcrkiye ile ilgili ilk izlenimleriniz neler oldu?<\/strong><br \/>\n&#8211; \u0130stanbul&#8217;a maalesef bombalar\u0131n patlay\u0131p, 18 can ald\u0131\u011f\u0131 gece geldik. Otele giderken endi\u015fe i\u00e7indeydik, ilk geli\u015fimizdi, \u00fclkenizi fazla tan\u0131m\u0131yorduk. Akrabalar\u0131m\u0131z ve dostlar\u0131m\u0131z aray\u0131p, geri d\u00f6nmemizi, \u0130stanbul&#8217;un \u00e7ok tehlikeli bir \u015fehir oldu\u011funu s\u00f6yl\u00fcyordu. \u015eehri gezip g\u00f6rd\u00fck\u00e7e, endi\u015felerimizin gereksiz oldu\u011funu g\u00f6rd\u00fck. T\u00fcrkiye&#8217;nin ter\u00f6rle birlikte an\u0131lmas\u0131 \u00e7ok b\u00fcy\u00fck talihsizlik. Ter\u00f6r\u00fcn sona ermesi imaj\u0131n\u0131z\u0131 da de\u011fi\u015ftirecek.<\/p>\n<p style=\"text-indent: 0.4cm; text-align: justify;\"><strong>T\u00fcrkler hakk\u0131ndaki d\u00fc\u015f\u00fcnceleriniz ne?<\/strong><br \/>\n&#8211; Kesinlikle \u00e7ok s\u0131caklar. T\u00fcrkiye muhakkak geri d\u00f6nece\u011fim \u00fclkelerden biri. Bunun en b\u00fcy\u00fck nedeni de insanlar\u0131n g\u00fclery\u00fczle birle\u015ftirdikleri misafirperverlikleri. Sokaktaki insanlar\u0131n &#8220;Y\u00fcz\u00fcklerin Efendisi&#8221; \u00fc\u00e7lemesinden ne kadar etkilendi\u011fini g\u00f6rmek beni \u00e7ok gururland\u0131rd\u0131. Bu da Tolkien&#8217;in kitaplar\u0131n\u0131n ve filmlerin evrenselli\u011fini g\u00f6steriyor. ABD&#8217;de yarat\u0131lan, Yeni Zelanda&#8217;da \u00e7ekilen filmlerimizin yank\u0131lar\u0131na \u0130stanbul sokaklar\u0131nda rastlamak b\u00fcy\u00fck bir s\u00fcrpriz oldu.<\/p>\n<p style=\"text-indent: 0.4cm; text-align: justify;\"><strong>\u0130stanbul&#8217;u nas\u0131l buldunuz?<\/strong><br \/>\n&#8211; Muhte\u015fem bir \u015fehir. E\u015fsiz bir tarihe sahip ve \u00e7ok enerjik. Bo\u011fazi\u00e7i \u0130stanbul&#8217;a cazibesini kat\u0131yor. Topkap\u0131 Saray\u0131&#8217;n\u0131n hayallerin \u00f6tesinde bir g\u00f6rkemi var. Y\u00fczy\u0131llar \u00f6ncesinden gelen m\u00fckemmelli\u011fi \u00e7ok etkileyici. ABD yeni bir \u00fclke. Oysa Roma ve Bizans imparatorlar\u0131 ve Osmanl\u0131 sultanlar\u0131 \u0130stanbul&#8217;da d\u00fcnyan\u0131n \u00f6nemli bir b\u00f6l\u00fcm\u00fcn\u00fc as\u0131rlarca y\u00f6netmi\u015fler. Medeniyet \u0130stanbul&#8217;da geli\u015fmi\u015f. Napolyon &#8220;D\u00fcnya&#8217;da tek bir devlet olsa, ba\u015fkenti \u0130stanbul olurdu.&#8221; demi\u015f, dedi\u011fi ne kadar do\u011fru&#8230;<\/p>\n<p style=\"text-indent: 0.4cm; text-align: justify;\"><span style=\"color: #ff0000;\"><strong><span>\u0130STANBUL S\u00dcRPR\u0130ZLER\u0130N\u0130 G\u0130ZLEMEKTE \u00c7OK BA\u015eARILI<\/span><\/strong><\/span><\/p>\n<p style=\"text-indent: 0.4cm; text-align: justify;\"><strong>Ba\u015fka gezdi\u011finiz m\u00fcze oldu mu? <em>(Topkap\u0131 d\u0131\u015f\u0131nda&#8230;)<\/em><\/strong><br \/>\n&#8211; Yerbatan Saray\u0131&#8217;n\u0131n benzeri d\u00fcnyada yok. Sultanahmet Camii g\u00f6rsel bir \u015f\u00f6len. Ayasofya ise \u00e7ok etkileyici. 537 y\u0131l\u0131nda, sadece be\u015f y\u0131lda bitirilen binan\u0131n ortas\u0131nda tamir maksatl\u0131 bir in\u015faat iskelesi bulunuyor. 20 senedir orada oldu\u011funu ve hala kald\u0131r\u0131lmad\u0131\u011f\u0131n\u0131 \u00f6\u011frendik. Umar\u0131m bu g\u00f6r\u00fcnt\u00fc facias\u0131ndan en k\u0131sa zamanda kurtulursunuz.<\/p>\n<p style=\"text-indent: 0.4cm; text-align: justify;\"><strong>Ba\u015fka nerelere gittiniz?<\/strong><br \/>\n&#8211; M\u0131s\u0131r \u00c7ar\u015f\u0131s\u0131, s\u0131ra d\u0131\u015f\u0131 lezzetleri ve baharatlar\u0131n aromalar\u0131 ile insan\u0131 b\u00fcy\u00fcl\u00fcyor. Kapal\u0131 \u00c7ar\u015f\u0131 ayr\u0131 bir d\u00fcnya, adeta zaman t\u00fcnelinde bir yolculuk. Gitti\u011fimiz bir hal\u0131c\u0131n\u0131n alt\u0131nda sergi ve konser salonu olarak kullan\u0131lan 1500 y\u0131ll\u0131k bir sarn\u0131\u00e7 vard\u0131. Hatta Yale \u00dcniversitesi&#8217;nden bir grup a\u011fustosta burada bir konser verecekmi\u015f. D\u0131\u015fardan baksan\u0131z akl\u0131n\u0131za bile gelmez. \u0130stanbul s\u00fcrprizlerini gizlemekte ne kadar ba\u015far\u0131l\u0131 bir \u015fehir.<\/p>\n<p style=\"text-indent: 0.4cm; text-align: justify;\"><strong>Gelelim &#8220;Y\u00fcz\u00fcklerin Efendisi&#8221;ne&#8230; <em>(\u0130\u015fte bizim k\u0131s\u0131m..)<\/em><br \/>\nBu seriyi \u00e7ekmeye nas\u0131l karar verdiniz?<\/strong><br \/>\n&#8211; Kitab\u0131n film haklar\u0131 30 y\u0131ld\u0131r Saul Zaentz&#8217;deydi. O yapamad\u0131, ba\u015fka bir yap\u0131mc\u0131 ise \u00fc\u00e7 kitaptan tek film yapmay\u0131 teklif etmi\u015f. Biz \u00fc\u00e7 kitab\u0131 da film haline getirdik. Bu film, y\u00f6netmen Peter Jackson&#8217;\u0131n hayat\u0131nda bir d\u00f6n\u00fcm noktas\u0131 oldu. Daha \u00f6nce yapt\u0131\u011f\u0131 filmler s\u0131radand\u0131.<\/p>\n<p style=\"text-indent: 0.4cm; text-align: justify;\"><strong>Filmleri ne kadar zamanda \u00e7ektiniz?<\/strong><br \/>\n&#8211; Karar verdikten 15 ay sonra \u00e7ekimlere ba\u015flad\u0131k. Bir film \u00e7ekimi normalde \u00fc\u00e7-d\u00f6rt ay s\u00fcrer, oysa bizim \u00e7ekimler 18 ay s\u00fcrd\u00fc. Biri montajlan\u0131rken di\u011feri \u00e7ekiliyordu.<\/p>\n<p style=\"text-indent: 0.4cm; text-align: justify;\"><strong>Genelde devam filmleri \u00f6ncekilerin ba\u015far\u0131l\u0131 olmas\u0131 halinde \u00e7ekilir. Neden \u00fc\u00e7 filmi bir arada \u00e7ektiniz?<\/strong><br \/>\n&#8211; \u00dc\u00e7 filmi bir anda \u00e7ekmek sinema d\u00fcnyas\u0131nda bir ilkti. \u0130ki sebebimiz vard\u0131. \u00c7ekimler Yeni Zelanda&#8217;n\u0131n koruma alt\u0131nda olan b\u00f6lgelerinde yap\u0131ld\u0131 ve h\u00fck\u00fcmetten sadece bir seferlik izin alabildik. O y\u00fczden \u00e7ekimlerin belli bir s\u00fcrede bitirilmesi laz\u0131md\u0131. \u0130kincisi, filmlerde rol alan gen\u00e7 oyuncular vard\u0131, onlar b\u00fcy\u00fcmeden ve di\u011fer oyuncular\u0131n ifadeleri de\u011fi\u015fmeden, b\u00fct\u00fcnl\u00fc\u011f\u00fc kaybetmeden \u00e7ekimleri bitirmek istedik.<\/p>\n<p style=\"text-indent: 0.4cm; text-align: justify;\"><strong>Film \u00e7ekimleri esnas\u0131nda ilgin\u00e7 olaylar oldu mu?<\/strong><br \/>\n&#8211; Memnun kalmad\u0131\u011f\u0131m\u0131z i\u00e7in ba\u015froldeki Aragorn&#8217;u oynayacak oyuncuyu \u00e7ekimlere ba\u015flamadan iki hafta \u00f6nce de\u011fi\u015ftirdik ve yerine Viggo Mortensen&#8217;i ald\u0131k. Bu karar\u0131m\u0131z\u0131n ne jadar do\u011fru oldu\u011funu sonradan g\u00f6rd\u00fck ama bu \u00e7ok beklenmedik bir durumdu.<\/p>\n<p style=\"text-indent: 0.4cm; text-align: justify;\"><strong><span style=\"color: red;\">Y\u00dcZ\u00dcKLER\u0130N EFEND\u0130S\u0130 3 M\u0130LYAR DOLAR KAZANDIRDI<\/span><\/strong><\/p>\n<p style=\"text-indent: 0.4cm; text-align: justify;\"><strong>Filmlerle ilgili s\u00f6yleyece\u011finiz ba\u015fka neler var?<\/strong><br \/>\n&#8211; &#8220;Y\u00fcz\u00fcklerin Efendisi&#8221;ni kendi \u00f6z kaynaklar\u0131m\u0131zla ger\u00e7ekle\u015ftirdik. Prod\u00fcksiyonda binin \u00fczerinde ki\u015fi g\u00f6rev ald\u0131. 400 milyon dolar harcad\u0131k, sadece ABD gi\u015fe has\u0131lat\u0131 900 milyon dolar oldu. D\u00fcnya genelinde \u00fc\u00e7 milyar dolar\u0131 ge\u00e7ti bu rakam. Filmleri vizyona Aral\u0131k 2001, 2002 ve 2003&#8217;te Noel&#8217;den \u00f6nceki son cuma g\u00fcn\u00fc soktuk. \u015eimdi Isaac Asimov&#8217;un Foundation (Vak\u0131f) isimli \u00fc\u00e7lemesini \u00e7ekmeyi d\u00fc\u015f\u00fcn\u00fcyoruz.<\/p>\n<p style=\"text-indent: 0.4cm; text-align: justify;\"><strong>T\u00fcrkiye&#8217;de film \u00e7ekmeyi d\u00fc\u015f\u00fcn\u00fcr m\u00fcs\u00fcn\u00fcz?<\/strong><br \/>\n&#8211; ABD d\u0131\u015f\u0131nda \u00e7ekti\u011fimiz filmlerin maliyeti \u00e7ok y\u00fcksek. Ancak kamu ya da \u00f6zel sekt\u00f6r bir te\u015fvik program\u0131 \u00e7er\u00e7evesinde bizi desteklerse burada film \u00e7ekebiliriz. K\u00fclt filme d\u00f6n\u00fc\u015fen &#8220;Topkap\u0131&#8221; ve James Bond filmlerinden &#8220;Rusya&#8217;dan Sevgilerle&#8221; ile &#8220;D\u00fcnya Yetmez&#8221; \u00fclkenizin tan\u0131t\u0131m\u0131na b\u00fcy\u00fck bir katk\u0131da bulunmu\u015ftu. Yeni Zelanda&#8217;dan ald\u0131\u011f\u0131m\u0131z te\u015fvik &#8220;Y\u00fcz\u00fcklerin Efendisi&#8221; i\u00e7in o \u00fclkeyi tercih etmemizdeki \u00f6nemli nedenlerden biri. Turizmlerine ve tan\u0131t\u0131mlar\u0131na \u00e7ok b\u00fcy\u00fck katk\u0131m\u0131z oldu.<\/p>\n<p style=\"text-indent: 0.4cm; text-align: justify;\"><strong>Not:<\/strong> <em>Bu r\u00f6portaj 5 A\u011fustos 2008 tarihinde <span style=\"color: #ff0000;\">Saffet Emre Tongu\u00e7<\/span> taraf\u0131ndan <span style=\"color: #ff0000;\">H\u00fcrriyet <\/span>gazetesinin <span style=\"color: #ff0000;\">Kelebek <\/span>eki i\u00e7in yap\u0131lm\u0131\u015ft\u0131r.<\/em><\/p>\n","protected":false},"excerpt":{"rendered":"<p>D\u00fcnya tek bir devlet olsa, ba\u015fkenti \u0130stanbul olurdu. Y\u00fcz\u00fcklerin Efendisi serisinin yap\u0131mc\u0131lar\u0131ndan Michael Lynne, ge\u00e7ti\u011fimiz hafta d\u00f6rt g\u00fcn\u00fcn\u00fc \u0130stanbul&#8217;da ge\u00e7irdi. \u0130stanbul&#8217;u &#8220;\u0130nsan\u0131 heyecanland\u0131ran tarihi eserlerle dolu, sofistike ve kozmopolit bir \u015fehir&#8221; diye tan\u0131mlayan \u00fcnl\u00fc yap\u0131mc\u0131 bu \u015fehre olan hayranl\u0131\u011f\u0131n\u0131, ba\u015fl\u0131\u011fa \u00e7\u0131kard\u0131\u011f\u0131m\u0131z Napolyon&#8217;un me\u015fhur s\u00f6z\u00fcyle dile getirdi. \u0130\u015fte Saffet Emre Tongu\u00e7 taraf\u0131ndan sorulan sorulara verilen cevaplar; [&hellip;]<\/p>\n","protected":false},"author":1,"featured_media":0,"parent":1029,"menu_order":0,"comment_status":"open","ping_status":"closed","template":"page2.php","meta":{"_acf_changed":false,"footnotes":""},"class_list":["post-1474","page","type-page","status-publish"],"acf":[],"_links":{"self":[{"href":"https:\/\/www.kayiprihtim.org\/portal\/wp-json\/wp\/v2\/pages\/1474","targetHints":{"allow":["GET"]}}],"collection":[{"href":"https:\/\/www.kayiprihtim.org\/portal\/wp-json\/wp\/v2\/pages"}],"about":[{"href":"https:\/\/www.kayiprihtim.org\/portal\/wp-json\/wp\/v2\/types\/page"}],"author":[{"embeddable":true,"href":"https:\/\/www.kayiprihtim.org\/portal\/wp-json\/wp\/v2\/users\/1"}],"replies":[{"embeddable":true,"href":"https:\/\/www.kayiprihtim.org\/portal\/wp-json\/wp\/v2\/comments?post=1474"}],"version-history":[{"count":0,"href":"https:\/\/www.kayiprihtim.org\/portal\/wp-json\/wp\/v2\/pages\/1474\/revisions"}],"up":[{"embeddable":true,"href":"https:\/\/www.kayiprihtim.org\/portal\/wp-json\/wp\/v2\/pages\/1029"}],"wp:attachment":[{"href":"https:\/\/www.kayiprihtim.org\/portal\/wp-json\/wp\/v2\/media?parent=1474"}],"curies":[{"name":"wp","href":"https:\/\/api.w.org\/{rel}","templated":true}]}}