{"id":1490,"date":"2009-05-06T16:18:41","date_gmt":"2009-05-06T13:18:41","guid":{"rendered":"http:\/\/www.kayiprihtim.org\/portal\/?page_id=1490"},"modified":"2014-10-26T03:56:07","modified_gmt":"2014-10-26T00:56:07","slug":"anita-blake-serisi-okuma-rehberi","status":"publish","type":"page","link":"https:\/\/www.kayiprihtim.org\/portal\/okuma-rehberleri\/anita-blake-serisi-okuma-rehberi\/","title":{"rendered":"Anita Blake Serisi Okuma Rehberi"},"content":{"rendered":"<p><strong>1.<\/strong> Su\u00e7lu Zevkler <span style=\"color: #993300;\">-1993-<\/span><\/p>\n<p><strong>2.<\/strong> G\u00fclen Ceset <span style=\"color: #993300;\">-1994-<\/span><\/p>\n<p><strong>3.<\/strong> Lanetliler Sirki <span style=\"color: #993300;\">-1995-<\/span><\/p>\n<p><strong>4.<\/strong> Ka\u00e7\u0131k Kafe <span style=\"color: #993300;\">-1996-<\/span><\/p>\n<p><strong>5.<\/strong> Kanl\u0131 Kemikler <span style=\"color: #993300;\">-1996-<\/span><\/p>\n<p><strong>6.<\/strong> \u00d6l\u00fcm Dans\u0131 <span style=\"color: #993300;\">-1997-<\/span><\/p>\n<p><strong>7.<\/strong> Yanm\u0131\u015f Kurban <span style=\"color: #993300;\">-1998-<\/span><\/p>\n<p><strong>8.<\/strong> Mavi Ay <span style=\"color: #993300;\">-1998-<\/span><\/p>\n<p><strong>9.<\/strong> Karacamdan Kelebek <span style=\"color: #993300;\">-2000-<\/span><\/p>\n<p><strong>10. <\/strong> Zincirlenmi\u015f Narkissos <span style=\"color: #993300;\">-2001-<\/span><\/p>\n<p><strong>11.<\/strong> G\u00f6kmavisi G\u00fcnahlar <span style=\"color: #993300;\">-2003-<\/span><\/p>\n<p><strong>12.<\/strong> \u015eeytani D\u00fc\u015fler <span style=\"color: #993300;\">-2004-<\/span><\/p>\n<p><strong>13. <\/strong> Leoparadam Micah <span style=\"color: #993300;\">-2006-<\/span><\/p>\n<p><strong>14. <\/strong> \u00d6l\u00fcmc\u00fcl Dans <span style=\"color: #993300;\">-2011-<\/span><\/p>\n<p><strong>15.<\/strong>\u00a0Harlequin \u00d6l\u00fcm Cezas\u0131\u00a0<span style=\"color: #993300;\">-2011-<\/span><\/p>\n<p><strong>16. <\/strong>Karakan\u00a0<span style=\"color: #993300;\">-2012-<\/span><\/p>\n<p><strong>17. <\/strong>G\u00fcnah Pazar\u0131 -2012-<\/p>\n<p><strong>18. <\/strong> Fl\u00f6rt -2013-<\/p>\n<p><strong>&#8211; Hen\u00fcz dilimize \u00e7evrilmeyenler:<\/strong><\/p>\n<p><strong>19. <\/strong> Bullet<\/p>\n<p><strong>20. <\/strong> Hit List<\/p>\n<p><strong>21.<\/strong>\u00a0Kiss the Dead<\/p>\n<p><strong>22.\u00a0<\/strong>Affliction<\/p>\n<p><strong>23.<\/strong> Jason<\/p>\n<p><strong>24.<\/strong>\u00a0Dead Ice<\/p>\n<p><span style=\"color: #e4ddcb;\">&#8211;<\/span><\/p>\n<table id=\"table20\" style=\"border-collapse: collapse; height: 21px; width: 470px;\" border=\"0\" cellspacing=\"0\" cellpadding=\"2\">\n<tbody>\n<tr>\n<td style=\"border-style: solid ridge ridge; border-width: 1px; padding-left: 4px; padding-right: 4px;\" bgcolor=\"#c0b18d\" width=\"98%\"><strong><span style=\"font-size: 9pt; font-family: Tahoma;\">Sitemiz b\u00fcnyesinde bulunan kitap tan\u0131t\u0131mlar\u0131na ula\u015fmak i\u00e7in <a href=\"https:\/\/www.kayiprihtim.org\/portal\/anita-blake-serisi\/\"><span style=\"color: #800000;\">t\u0131klay\u0131n<\/span><\/a> <\/span><\/strong><\/td>\n<\/tr>\n<\/tbody>\n<\/table>\n<p><span style=\"color: #e4ddcb;\">&#8211;<\/span><\/p>\n<table id=\"table20\" style=\"border-collapse: collapse; height: 21px; width: 470px;\" border=\"0\" cellspacing=\"0\" cellpadding=\"2\">\n<tbody>\n<tr>\n<td style=\"border-style: solid ridge ridge; border-width: 1px; padding-left: 4px; padding-right: 4px;\" bgcolor=\"#c0b18d\" width=\"98%\"><strong><span style=\"font-size: 9pt; font-family: Tahoma;\">Sitemiz b\u00fcnyesinde bulunan seri incelemesine ula\u015fmak i\u00e7in <a href=\"https:\/\/www.kayiprihtim.org\/portal\/anita-blake-inceleme\/\"><span style=\"color: #800000;\">t\u0131klay\u0131n!<\/span><\/a><br \/>\n<\/span><\/strong><\/td>\n<\/tr>\n<\/tbody>\n<\/table>\n","protected":false},"excerpt":{"rendered":"<p>1. Su\u00e7lu Zevkler -1993- 2. G\u00fclen Ceset -1994- 3. Lanetliler Sirki -1995- 4. Ka\u00e7\u0131k Kafe -1996- 5. Kanl\u0131 Kemikler -1996- 6. \u00d6l\u00fcm Dans\u0131 -1997- 7. Yanm\u0131\u015f Kurban -1998- 8. Mavi Ay -1998- 9. Karacamdan Kelebek -2000- 10. Zincirlenmi\u015f Narkissos -2001- 11. G\u00f6kmavisi G\u00fcnahlar -2003- 12. \u015eeytani D\u00fc\u015fler -2004- 13. Leoparadam Micah -2006- 14. \u00d6l\u00fcmc\u00fcl Dans [&hellip;]<\/p>\n","protected":false},"author":1,"featured_media":0,"parent":726,"menu_order":0,"comment_status":"open","ping_status":"closed","template":"","meta":{"_acf_changed":false,"footnotes":""},"class_list":["post-1490","page","type-page","status-publish"],"acf":[],"_links":{"self":[{"href":"https:\/\/www.kayiprihtim.org\/portal\/wp-json\/wp\/v2\/pages\/1490","targetHints":{"allow":["GET"]}}],"collection":[{"href":"https:\/\/www.kayiprihtim.org\/portal\/wp-json\/wp\/v2\/pages"}],"about":[{"href":"https:\/\/www.kayiprihtim.org\/portal\/wp-json\/wp\/v2\/types\/page"}],"author":[{"embeddable":true,"href":"https:\/\/www.kayiprihtim.org\/portal\/wp-json\/wp\/v2\/users\/1"}],"replies":[{"embeddable":true,"href":"https:\/\/www.kayiprihtim.org\/portal\/wp-json\/wp\/v2\/comments?post=1490"}],"version-history":[{"count":0,"href":"https:\/\/www.kayiprihtim.org\/portal\/wp-json\/wp\/v2\/pages\/1490\/revisions"}],"up":[{"embeddable":true,"href":"https:\/\/www.kayiprihtim.org\/portal\/wp-json\/wp\/v2\/pages\/726"}],"wp:attachment":[{"href":"https:\/\/www.kayiprihtim.org\/portal\/wp-json\/wp\/v2\/media?parent=1490"}],"curies":[{"name":"wp","href":"https:\/\/api.w.org\/{rel}","templated":true}]}}