{"id":154,"date":"2008-08-30T07:50:06","date_gmt":"2008-08-30T04:50:06","guid":{"rendered":"http:\/\/www.hayalcini.net\/blog\/ates-cetin-darth-pyross-ile-roportaj\/"},"modified":"2021-06-06T01:53:41","modified_gmt":"2021-06-05T22:53:41","slug":"ates-cetin-darth-pyross-ile-roportaj","status":"publish","type":"page","link":"https:\/\/www.kayiprihtim.org\/portal\/roportajlar\/ates-cetin-darth-pyross-ile-roportaj\/","title":{"rendered":"Ate\u015f \u00c7etin (Darth Pyross) ile r\u00f6portaj"},"content":{"rendered":"<p style=\"text-indent: 0.4cm; text-align: justify;\">Star  Wars&#8230;<\/p>\n<p style=\"text-indent: 0.4cm; text-align: justify;\">Hepimizin \u00f6yle veya  b\u00f6yle haberi oldu\u011fu bir fenomen. K\u0131sa zaman \u00f6nce 25 ya\u015f\u0131na giren Star Wars  Efsanesi son g\u00fcnlerde d\u00fcnya g\u00fcndeminde tekrar yerini ald\u0131. Bunun sebebi 15  A\u011fustosta sinemalarda g\u00f6sterime giren ve 12 A\u011fustosta \u0130stanbul \u0130stinye Park\u2019ta  galas\u0131 yap\u0131lan Clone Wars filmiydi. Clone Wars bizlere b\u00f6l\u00fcm 2 ile b\u00f6l\u00fcm 3  aras\u0131nda ge\u00e7en olaylar\u0131 anlatan bir animasyon filmidir.<\/p>\n<p style=\"text-indent: 0.4cm; text-align: justify;\">Galaksi her zamankinden  k\u00f6t\u00fc durumdad\u0131r. Ayr\u0131l\u0131k\u00e7\u0131lar ile Galaktik Cumhuriyet aras\u0131ndaki sava\u015f bir kaos  ortam\u0131 olu\u015fturmu\u015ftur. Ayr\u0131l\u0131k\u00e7\u0131lar\u0131n Droid ordular\u0131na kar\u015f\u0131 bar\u0131\u015f\u0131n koruyucular\u0131  Jedilardan destek alan Klon ordular\u0131 T\u00fcm galaksi boyunca sava\u015fmaktad\u0131r. Eski bir  Jedi olan ve \u015eimdi Kont Dooku ad\u0131yla tan\u0131nan Sith\u2019in Cumhuriyeti zor duruma  sokmak i\u00e7in haz\u0131rlad\u0131\u011f\u0131 plan Jedilar taraf\u0131ndan anla\u015f\u0131l\u0131r. Bu sorunu \u00e7\u00f6zmek i\u00e7in  yetenekli Jedi \u015e\u00f6valyedi Anakine Skywalker ve onun ele avuca s\u0131\u011fmaz padawan\u0131  Ahsoka Tano g\u00f6revlendirilir. Anlayaca\u011f\u0131n\u0131z yine epik bir hikaye bizi beklemekte.<\/p>\n<p style=\"text-indent: 0.4cm; text-align: justify;\">T\u00fcrkiye&#8217;deki fanlar\u0131 unutmayan Warner Bros bir tak\u0131m SW severlerin \u00e7abalar\u0131 ile  bir gala d\u00fczenledi \u0130stanbulda. T\u00fcrkiyenin de\u011fi\u015fik \u015fehirlerinde gelen fanlar o  ak\u015fam \u0130stinye Parkta bulu\u015ftu. \u00d6ncelikle kost\u00fcm\u00fc olan \u00fcyeler kost\u00fcmlerini  giydiler. Profesyonelce yap\u0131lm\u0131\u015f kost\u00fcmler g\u00f6z al\u0131c\u0131yd\u0131. TV kanallar\u0131yla  r\u00f6portajlar yap\u0131ld\u0131. Birbirlerini sadece forumlardan tan\u0131yan ki\u015filer sanki  kar\u015f\u0131lar\u0131ndaki kadim dostlar\u0131 gibi sohbete ba\u015flad\u0131lar. Her telden konu\u015fuldu.  D\u00fcellolar yap\u0131ld\u0131. Hat\u0131ra foto\u011fraflar\u0131 \u00e7ekildi. Anlayaca\u011f\u0131n\u0131z tad\u0131na doyulmaz  bir gece oldu.<\/p>\n<p style=\"text-indent: 0.4cm; text-align: justify;\">Daha sonra film ba\u015flad\u0131. Bir star wars filminin m\u00fczikleri elektro  gitarla yap\u0131l\u0131rsa nas\u0131l olaca\u011f\u0131n\u0131 g\u00f6rm\u00fc\u015f olduk. Film aras\u0131nda yap\u0131lan ate\u015fli  muhabbetler g\u00f6r\u00fclmeye de\u011ferdi. Filmlerden al\u0131nan komik anekdotlar hepimizi  g\u00fcl\u00fcmsetti. \u0130\u015fte bu ak\u015fam\u0131n ger\u00e7ekle\u015ftirilmesinde eme\u011fi ge\u00e7en ki\u015fiyi sizlere  tan\u0131tmak istiyorum. Kendisi <em>yildizsavaslari.com<\/em>\u2019un sahibi ve kurucusu  olan ki\u015fi Ate\u015f \u00c7etindir. Ekibinin ve kendisinin u\u011fra\u015flar\u0131 sonucu g\u00f6rmek  isteyipte bir araya gelemedi\u011fimiz insanlarla bir araya geldik. \u00c7eyrek y\u00fczy\u0131ld\u0131r  ayakta olan bir sagay\u0131 hep birlikte payla\u015ft\u0131k. \u015eimdide Ate\u015f \u00c7etin\u2019le yap\u0131lan  na\u00e7izane r\u00f6portaj\u0131m\u0131z;<\/p>\n<hr \/>\n<p class=\"MsoNormal\" style=\"text-align: justify\"><strong><span style=\"font-family: Arial;\"><span style=\"text-decoration: underline;\">R\u00f6portaj  ile ilgili yorumlar\u0131n\u0131z ve sorular\u0131n\u0131z i\u00e7in <\/span><span style=\"color: #ff0000;\">buraya  t\u0131klay\u0131n.<\/span><\/span><\/strong><\/p>\n<p class=\"MsoNormal\" style=\"text-align: justify\"><span style=\"font-weight: 700; font-size: 10pt; font-style: italic; font-family: Tahoma;\">R\u00f6portaj  Sorular\u0131<\/span><\/p>\n<ul>\n<li><strong><span style=\"font-size: 10pt; font-family: Tahoma; color: red;\">\u00d6ncelikle kendinizi  tan\u0131t\u0131r m\u0131s\u0131n\u0131z?<\/span><\/strong><\/li>\n<\/ul>\n<p class=\"MsoNormal\" style=\"text-align: justify\"><span style=\"font-size: 10pt; font-family: Tahoma;\">Tabii, ben Ate\u015f \u00c7etin, Star Wars  hayranlar\u0131 aras\u0131nda bilinen ad\u0131mla Darth Pyross. Y\u0131ld\u0131zSava\u015flar\u0131.Com adl\u0131 lider  T\u00fcrk\u00e7e hayran sitesinin kurucular\u0131ndan\u0131m. Ayn\u0131 zamanda 501. Lejyon T\u00fcrkiye\u2019nin  kurulmas\u0131nda rol ald\u0131m ve uluslar aras\u0131 hayran birli\u011fi SWORA\u2019n\u0131n da T\u00fcrkiye  temsilcisiyim.<\/span><\/p>\n<p class=\"MsoNormal\" style=\"text-align: justify\">\n<ul>\n<li><strong><span style=\"font-size: 10pt; font-family: Tahoma; color: red;\">Star Wars\u2019a nedir?  Nas\u0131l tan\u0131\u015ft\u0131n\u0131z bu seriyle?<\/span><\/strong><\/li>\n<\/ul>\n<p class=\"MsoNormal\" style=\"text-align: justify\"><span style=\"font-size: 10pt; font-family: Tahoma;\">D\u0131\u015far\u0131dan bak\u0131ld\u0131\u011f\u0131nda ya da  s\u0131radan bir \u015fekilde tan\u0131mland\u0131\u011f\u0131nda Star Wars asl\u0131nda bir bilimkurgu \u2013 fantezi  filmi, fakat bu baz\u0131lar\u0131 i\u00e7in hayatlar\u0131na ilham veren, onlar\u0131 y\u00f6nlendiren bir  ya\u015fam tarz\u0131. Benim Star Wars ile ilk temas\u0131m \u00e7ocukken televizyonda filmlerden  birine denk gelmemle ba\u015flad\u0131, ancak bir saplant\u0131 haline gelmesi 1997 y\u0131l\u0131ndaki  \u00d6zel Versiyon\u2019lar\u0131n g\u00f6sterime girdi\u011fi zamanlara dayan\u0131yor.<\/span><\/p>\n<p class=\"MsoNormal\" style=\"text-align: justify\">\n<ul>\n<li><span style=\"font-weight: normal; font-size: 7pt; font-style: normal; font-variant: normal; font-family: Times New Roman; color: red;\"> <\/span><strong><span style=\"font-size: 10pt; font-family: Tahoma; color: red;\">Filmde en sevdi\u011finiz  karakter kimdir?<\/span><\/strong><\/li>\n<\/ul>\n<p class=\"MsoNormal\" style=\"text-align: justify\"><span style=\"font-size: 10pt; font-family: Tahoma;\">Darth Vader. \u0130lk g\u00f6rd\u00fc\u011f\u00fcm zaman  heybetine ve haliyle karizmas\u0131na hayran kald\u0131m, sonra ge\u00e7mi\u015fini \u00f6\u011frendik\u00e7e onu  anlamaya ba\u015flad\u0131m. Aradan y\u0131llar ge\u00e7ince bana \u015funu \u00f6\u011fretti\u011fini fark ettim: baz\u0131  \u015feyleri iyi yapabilmek i\u00e7in bazen k\u00f6t\u00fc (kat\u0131) olmak laz\u0131m.<\/span><\/p>\n<p class=\"MsoNormal\" style=\"text-align: justify\">\n<ul>\n<li><strong><span style=\"font-size: 10pt; font-family: Tahoma; color: red;\">\u015eu anda Star Wars ile  ilgili nas\u0131l \u00e7al\u0131\u015fmalar yap\u0131yorsunuz.? Y\u00fcr\u00fctt\u00fc\u011f\u00fcn\u00fcz projelerle ilgili k\u0131saca bir  a\u00e7\u0131klama yapabilir misiniz?<\/span><\/strong><\/li>\n<\/ul>\n<p class=\"MsoNormal\" style=\"text-align: justify\"><span style=\"font-size: 10pt; font-family: Tahoma;\">Hali haz\u0131rda son 3 y\u0131ld\u0131r  y\u00fcr\u00fctt\u00fc\u011f\u00fcm\u00fcz Y\u0131ld\u0131z Sava\u015flar\u0131 web sitesinde d\u00fcnyada ve \u00fclkemizdeki Star Wars ile  ilgili t\u00fcm geli\u015fmeleri tamamen T\u00fcrk\u00e7e olarak ziyaret\u00e7ilerimizle payla\u015f\u0131yoruz,  kimi zaman filmde rol alan sanat\u00e7\u0131larla r\u00f6portajlar ger\u00e7ekle\u015ftirip onlar\u0131  ziyaret\u00e7ilerimizle bir araya getiriyoruz. Bunun yan\u0131 s\u0131ra ayda bir yay\u0131nlanan  \u201cGalaksinin Sesi\u201d ad\u0131nda bir podcast yay\u0131n\u0131m\u0131z ve \u00fc\u00e7 ayda bir yay\u0131nlanan \u201cY\u0131ld\u0131z  Sava\u015flar\u0131\u201d adl\u0131 sanal dergimiz bulunuyor. Ayr\u0131ca daha \u00f6nce s\u00f6z\u00fcn\u00fc etti\u011fim gibi  501. Lejyon\u2019un T\u00fcrkiye temsilcili\u011fini yap\u0131yor ve Star Wars Outer Rim Alliance\u2019da  da T\u00fcrkiye\u2019yi temsil ediyoruz.<\/span><\/p>\n<p class=\"MsoNormal\" style=\"text-align: justify\">\n<ul>\n<li><strong><span style=\"font-size: 10pt; font-family: Tahoma; color: red;\">Bu yolda ailenizden  destek g\u00f6rd\u00fcn\u00fcz m\u00fc? Arkada\u015f ve dostlar\u0131n\u0131z nas\u0131l davrand\u0131lar?<\/span><\/strong><\/li>\n<\/ul>\n<p class=\"MsoNormal\" style=\"text-align: justify\"><span style=\"font-size: 10pt; font-family: Tahoma;\">Ailem ve arkada\u015flar\u0131mdan g\u00f6rd\u00fc\u011f\u00fcm  destek zamandan zamana de\u011fi\u015fti, ilgimin taze oldu\u011fu y\u0131llarda \u00e7ocuk\u00e7a veya bo\u015f  bir u\u011fra\u015f gibi alg\u0131lansa da zamanla yapt\u0131\u011f\u0131m\u0131z \u015feyler profesyonelle\u015fip b\u00fcy\u00fck ses  duyurunca onlar da destek verir oldular.<\/span><\/p>\n<p class=\"MsoNormal\" style=\"text-align: justify\">\n<ul>\n<li><strong><span style=\"font-size: 10pt; font-family: Tahoma; color: red;\">\u015eimdi gelelim as\u0131l  konuya. K\u0131sa bir s\u00fcre \u00f6nce \u00fclkemizde Clone Wars adl\u0131 filmin galas\u0131 yap\u0131ld\u0131. <\/span><span style=\"font-size: 10pt; font-family: Tahoma; color: red;\">Clone Wars  hakk\u0131nda k\u0131saca bilgi verebilirmisiniz? Hangi zaman aral\u0131\u011f\u0131nda ge\u00e7er?<\/span><\/strong><\/li>\n<\/ul>\n<p class=\"MsoNormal\" style=\"text-align: justify\"><span style=\"font-size: 10pt; font-family: Tahoma;\">Clone Wars, ilk olarak B\u00f6l\u00fcm IV\u2019te  Obi-Wan karakteri taraf\u0131ndan sarfedilmi\u015f bir kal\u0131p, \u00e7ok eskiden yap\u0131lm\u0131\u015f bu  sava\u015ftan s\u00f6z etti\u011finde Luke Skywalker onu hayretle dinlemi\u015fti. Bu d\u00f6nem, filmler  \u00fczerinden anlatmak gerekirse, B\u00f6l\u00fcm II ve B\u00f6l\u00fcm III aras\u0131nda yer al\u0131yor. Bundan  \u00fc\u00e7 y\u0131l \u00f6nce yay\u0131nlanm\u0131\u015f k\u0131sa Clone Wars \u00e7izgi dizisi, bu d\u00f6nemle ilgili ilk  materyalleri bize sa\u011flam\u0131\u015ft\u0131, vizyona girmek \u00fczere olan bu film ise o \u00e7izgi  dizideki bir aral\u0131\u011f\u0131 dolduruyor.<\/span><\/p>\n<p class=\"MsoNormal\" style=\"text-align: justify\">\n<ul>\n<li><strong><span style=\"font-size: 10pt; font-family: Tahoma; color: red;\">Sizce George Lucas\u2019\u0131n  ayr\u0131ca bu filmi \u00e7ekmek istemesinin sebebi nedir?<\/span><\/strong><\/li>\n<\/ul>\n<p class=\"MsoNormal\" style=\"text-align: justify\"><span style=\"font-size: 10pt; font-family: Tahoma;\">George Lucas her ne kadar daha \u00f6nce  birka\u00e7 kez Star Wars filmlerinin, Anakin Skywalker\u2019\u0131n hikayesini tamamlad\u0131\u011f\u0131  i\u00e7in bitti\u011fini s\u00f6ylemi\u015f olsa da, yeni projelerle onun hayat\u0131n\u0131 de\u015fmeye devam  ediyor, fakat bu elbette her zaman hayranlar\u0131n merak\u0131n\u0131 uyand\u0131r\u0131yor. Clone Wars  d\u00f6nemi, filmler aras\u0131nda yer alan uzunca bir bo\u015fluk, George Lucas da bu bo\u015flu\u011fu  doldurmay\u0131 uygun g\u00f6rm\u00fc\u015f ki bizlere Clone Wars projesini sundu. Ek olarak yeni  kurdu\u011fu animasyon \u015firketinin de maharetlerini denemek istemesi de bu filmi  animasyon olarak g\u00f6rmemizdeki etkenlerden biri.<\/span><\/p>\n<p class=\"MsoNormal\" style=\"text-align: justify\">\n<ul>\n<li><strong><span style=\"font-size: 10pt; font-family: Tahoma; color: red;\">Gala Ntv ve CNNT\u00fcrk\u2019te  verildi gayet g\u00fczel g\u00f6r\u00fcnt\u00fcler vard\u0131. Ancak siz birinci elden olay\u0131 g\u00f6rd\u00fcn\u00fcz.  Sizin g\u00f6z\u00fcn\u00fczden galan\u0131n nas\u0131l ge\u00e7ti\u011fini \u00f6\u011frenebilir miyiz?<\/span><\/strong><\/li>\n<\/ul>\n<p class=\"MsoNormal\" style=\"text-align: justify\"><span style=\"font-size: 10pt; font-family: Tahoma;\">\u00dc\u00e7 sene aradan sonra hayranlarla  dolu bir atmosferin havas\u0131n\u0131 koklaman\u0131n yeri ayr\u0131 elbette. \u00d6zellikle kost\u00fcml\u00fc  hayranlar bir araya geldi\u011finde son derece renkli g\u00f6r\u00fcnt\u00fcler ortaya \u00e7\u0131k\u0131yor ve  benim nacizane fikrime g\u00f6re galay\u0131 e\u011flenceli k\u0131lan \u015fey filmin kendisi de\u011fil, bu  ortam oldu.<\/span><\/p>\n<p class=\"MsoNormal\" style=\"text-align: justify\">\n<ul>\n<li><strong><span style=\"font-size: 10pt; font-family: Tahoma; color: red;\">Galan\u0131n ayarlamalar\u0131n\u0131  nas\u0131l yapt\u0131n\u0131z? Siz mi \u00f6n ayak oldunuz b\u00f6yle bir olay i\u00e7in? Yoksa size teklif mi  yap\u0131ld\u0131?<\/span><\/strong><\/li>\n<\/ul>\n<p class=\"MsoNormal\" style=\"text-align: justify\"><span style=\"font-size: 10pt; font-family: Tahoma;\">Filmin A\u011fustos ay\u0131nda vizyona  girece\u011fini \u00f6\u011frendi\u011fimiz May\u0131s ay\u0131ndan bu yana, Warner Bros.\u2019un \u00fclkemizdeki  temsilcileri ile olas\u0131 bir \u00f6n g\u00f6sterim, yani gala i\u00e7in temas halindeydik.  Lucasfilm\u2019den kaynaklanan az bir gecikme ile olsa da bu \u00f6n g\u00f6sterimi  ger\u00e7ekle\u015ftirme karar Temmuz ay\u0131n\u0131n son haftalar\u0131nda al\u0131nd\u0131 ve biz de Warner  Bros. taraf\u0131ndan bir toplant\u0131 ger\u00e7ekle\u015ftirmek \u00fczere davet edildik. Toplant\u0131da \u00f6n  g\u00f6sterimin detaylar\u0131, neler yap\u0131labilece\u011fi hakk\u0131nda fikirler sunduk. Birka\u00e7 g\u00fcn  sonra da galan\u0131n tarih ve mekan\u0131 da kesinle\u015fince art\u0131k bizler i\u00e7in i\u015f sadece  haz\u0131rl\u0131k yapmaya ve bunu duyurmaya\u00a0 kalm\u0131\u015ft\u0131.<\/span><\/p>\n<p class=\"MsoNormal\" style=\"text-align: justify\">\n<ul>\n<li><strong><span style=\"font-size: 10pt; font-family: Tahoma; color: red;\">Galada dostlar\u0131n\u0131zdan,  arkada\u015flar\u0131n\u0131zdan ve en \u00f6nemlisi ailenizden destek ald\u0131n\u0131z m\u0131?<\/span><\/strong><\/li>\n<\/ul>\n<p class=\"MsoNormal\" style=\"text-align: justify\"><span style=\"font-size: 10pt; font-family: Tahoma;\">Elbette, zaten bu tip b\u00fcy\u00fck  organizasyonlar\u0131n alt\u0131ndan ba\u015far\u0131 ile kalkmak tamamen tak\u0131m \u00e7al\u0131\u015fmas\u0131na  ba\u011fl\u0131d\u0131r. Kat\u0131l\u0131mc\u0131lar\u0131n organize edilmesi, kost\u00fcmlerin giyilmesi vb. gibi i\u015fler  kesinlikle tek ba\u015f\u0131na halledilecek \u015feyler de\u011fil, bu nedenle galaya kat\u0131lan  dostlar\u0131m\u0131z\u0131n katk\u0131s\u0131 yads\u0131namaz.<\/span><\/p>\n<ul>\n<li><strong><span style=\"font-size: 10pt; font-family: Tahoma; color: red;\">Gala \u00f6ncesi ve gala  esnas\u0131nda herhangi bir zorlukla veya sorunla kar\u015f\u0131la\u015ft\u0131n\u0131z m\u0131?<\/span><\/strong><\/li>\n<\/ul>\n<p class=\"MsoNormal\" style=\"text-align: justify\"><span style=\"font-size: 10pt; font-family: Tahoma;\">Planl\u0131 hareket etti\u011finizde  kendinizden dolayl\u0131 olarak kaynaklanabilecek bir sorunla kar\u015f\u0131la\u015fma ihtimaliniz  \u00e7ok d\u00fc\u015f\u00fckt\u00fcr. Sorunlar\u0131n kayna\u011f\u0131 genelde sizin kontrol\u00fcn\u00fcz\u00fcn olmad\u0131\u011f\u0131 \u015feylerdir.  Ancak bunlara ra\u011fmen gala s\u0131ras\u0131nda bir sorun ya\u015fad\u0131\u011f\u0131m\u0131z s\u00f6ylenemez, sadece  canl\u0131 yay\u0131na yeti\u015fmek i\u00e7in kost\u00fcmleri h\u0131zl\u0131ca giymek zorunda kald\u0131k!<\/span><\/p>\n<p class=\"MsoNormal\" style=\"text-align: justify\">\n<ul>\n<li><strong><span style=\"font-size: 10pt; font-family: Tahoma; color: red;\">Galada giydi\u011finiz  kost\u00fcmler hakk\u0131nda bilgi verir misiniz? Epey profesyonel i\u015fi g\u00f6r\u00fcn\u00fcyordu.<\/span><\/strong><\/li>\n<\/ul>\n<p class=\"MsoNormal\" style=\"text-align: justify\"><span style=\"font-size: 10pt; font-family: Tahoma;\">Giydi\u011fimiz kost\u00fcmler, resmi 501.  Lejyon \u00fcyelerince de giyilenlerdir ve Lucasfilm kalitesindedir. Her hayran  istedi\u011fi \u015fekilde bir karakterin k\u0131l\u0131\u011f\u0131na b\u00fcr\u00fcnmekte serbest elbette ancak bunu  profesyonelce yapmak istiyorlarsa, 501. Lejyon kurallar\u0131na uygun hareket  etmeliler. Bu kurallara g\u00f6re, \u00f6rne\u011fin, bir firman\u0131n ad\u0131 alt\u0131nda fabrikasyon  olarak \u00e7ok say\u0131da \u00fcretilen kost\u00fcmler \u00e7o\u011fu zaman filmdeki kost\u00fcmlerle birebir  kalitede de\u011fildir. Bu nedenle hayranlar kendi i\u015flerini kendileri hallederler;  becerikli olanlar orijinal par\u00e7alar\u0131 detayl\u0131ca inceler, \u00f6l\u00e7er ve somut hale  getirir. K\u0131saca, en iyi kost\u00fcmleri hayranlar yapar (ama hepsi de\u011fil elbette). <\/span><\/p>\n<p class=\"MsoNormal\" style=\"text-align: justify\">\n<ul>\n<li><strong><span style=\"font-size: 10pt; font-family: Tahoma; color: red;\">Kost\u00fcmler rahats\u0131zl\u0131k  yarat\u0131yor mu size? Ta\u015f\u0131ma zorlu\u011fu ya\u015fad\u0131n\u0131z m\u0131? \u0130\u00e7indeyken rahat edebiliyor  musunuz?<\/span><\/strong><\/li>\n<\/ul>\n<p class=\"MsoNormal\" style=\"text-align: justify\"><span style=\"font-size: 10pt; font-family: Tahoma;\">Kost\u00fcmlerin iki k\u00f6t\u00fc yan\u0131 var;  birincisi \u00e7ok a\u011f\u0131r olmalar\u0131. \u0130kincisi de hem a\u011f\u0131rl\u0131k hem de kal\u0131nl\u0131klar\u0131ndan  dolay\u0131 s\u0131cak olmalar\u0131. Kost\u00fcmleri giyip onlarla dola\u015fmak \u00e7ok enerji harcatt\u0131\u011f\u0131  i\u00e7in de g\u00fcn\u00fc tamamlad\u0131ktan sonra ter i\u00e7inde kal\u0131yorsunuz. Fakat yine de onlarla  dola\u015f\u0131p etraftaki insanlarla o \u015fekilde ileti\u015fimde olmak \u00e7ok e\u011flenceli ve \u00e7ekilen  t\u00fcm rahats\u0131zl\u0131\u011fa de\u011fiyor. Ta\u015f\u0131ma zorlu\u011fu kost\u00fcmden kost\u00fcme de\u011fi\u015fiyor, e\u011fer \u00e7ok  par\u00e7al\u0131 bir kost\u00fcm\u00fcn\u00fcz varsa, ta\u015f\u0131yaca\u011f\u0131n\u0131z par\u00e7a say\u0131s\u0131 da haliyle art\u0131yor ve  kost\u00fcmlere zarar gelmemesi i\u00e7in onlar\u0131 g\u00fcvenli paketlerin i\u00e7inde dikkatlice  ta\u015f\u0131man\u0131z gerekiyor.<\/span><\/p>\n<p class=\"MsoNormal\" style=\"text-align: justify\">\n<ul>\n<li><strong><span style=\"font-size: 10pt; font-family: Tahoma; color: red;\">Son olarak sitemiz hakk\u0131nda ne  d\u00fc\u015f\u00fcn\u00fcyorsunuz?<\/span><\/strong><\/li>\n<\/ul>\n<p class=\"MsoNormal\" style=\"text-align: justify\"><span style=\"font-size: 10pt; font-family: Tahoma;\">Star Wars, \u00e7o\u011funlukla bilimkurgu  \u00f6\u011feleri bar\u0131nd\u0131rd\u0131\u011f\u0131 i\u00e7in a\u00e7\u0131k\u00e7as\u0131 fantastik web sitelerine a\u015fina oldu\u011fumu  s\u00f6yleyemeyece\u011fim ancak g\u00f6rd\u00fc\u011f\u00fcm kadar\u0131yla siteniz \u00e7o\u011funlukla fantezi ve  bilimkurgu edebiyat\u0131ndaki g\u00fcncel geli\u015fmeleri aktarmaya adanm\u0131\u015f, bu bak\u0131mdan  g\u00f6revini ba\u015far\u0131yla yerine getirdi\u011fini s\u00f6yleyebilirim. Bunun yan\u0131 s\u0131ra bilindik  verilerden ziyade hi\u00e7bir yerde yer almayan bilgi\/fikirlerin bir siteyi  di\u011ferlerinden farkl\u0131 k\u0131ld\u0131\u011f\u0131na inan\u0131r\u0131m, bu anlamda da \u201cekstra\u201d linkindeki  yaz\u0131lar\u0131n ba\u015far\u0131l\u0131 ve ilgi \u00e7ekici olduklar\u0131n\u0131 belirteyim. Son olarak, site  kadrosunun neredeyse hepsinin farkl\u0131 \u015fehirlerden olmas\u0131 da iyi bir \u00f6zellik, bu  sitenizin pek \u00e7ok farkl\u0131 \u015fehre ula\u015ft\u0131\u011f\u0131n\u0131 ve bu \u015fehirlere yay\u0131labildi\u011fini  g\u00f6steriyor.<\/span><\/p>\n<p class=\"MsoNormal\" style=\"text-align: justify\"><strong><span style=\"font-size: 10pt; font-family: Tahoma; color: red;\">Sorulara ay\u0131raca\u011f\u0131n\u0131z  vakit i\u00e7in te\u015fekk\u00fcr ederiz. G\u00fc\u00e7 sizinle olsun.<\/span><\/strong><\/p>\n<p class=\"MsoNormal\" style=\"text-align: justify\"><strong><span style=\"font-family: Arial;\"><span style=\"text-decoration: underline;\">R\u00f6portaj  ile ilgili yorumlar\u0131n\u0131z ve sorular\u0131n\u0131z i\u00e7in <\/span><a href=\"https:\/\/www.kayiprihtim.org\/forum\/ate351-cetin-darth-pyross-ile-roportaj-t4739.0.html\"><span style=\"color: #ff0000;\">buraya  t\u0131klay\u0131n.<\/span><\/a><\/span><\/strong><\/p>\n","protected":false},"excerpt":{"rendered":"<p>Star Wars&#8230; Hepimizin \u00f6yle veya b\u00f6yle haberi oldu\u011fu bir fenomen. K\u0131sa zaman \u00f6nce 25 ya\u015f\u0131na giren Star Wars Efsanesi son g\u00fcnlerde d\u00fcnya g\u00fcndeminde tekrar yerini ald\u0131. Bunun sebebi 15 A\u011fustosta sinemalarda g\u00f6sterime giren ve 12 A\u011fustosta \u0130stanbul \u0130stinye Park\u2019ta galas\u0131 yap\u0131lan Clone Wars filmiydi. Clone Wars bizlere b\u00f6l\u00fcm 2 ile b\u00f6l\u00fcm 3 aras\u0131nda ge\u00e7en olaylar\u0131 [&hellip;]<\/p>\n","protected":false},"author":1,"featured_media":0,"parent":1029,"menu_order":0,"comment_status":"open","ping_status":"closed","template":"page2.php","meta":{"_acf_changed":false,"footnotes":""},"class_list":["post-154","page","type-page","status-publish"],"acf":[],"_links":{"self":[{"href":"https:\/\/www.kayiprihtim.org\/portal\/wp-json\/wp\/v2\/pages\/154","targetHints":{"allow":["GET"]}}],"collection":[{"href":"https:\/\/www.kayiprihtim.org\/portal\/wp-json\/wp\/v2\/pages"}],"about":[{"href":"https:\/\/www.kayiprihtim.org\/portal\/wp-json\/wp\/v2\/types\/page"}],"author":[{"embeddable":true,"href":"https:\/\/www.kayiprihtim.org\/portal\/wp-json\/wp\/v2\/users\/1"}],"replies":[{"embeddable":true,"href":"https:\/\/www.kayiprihtim.org\/portal\/wp-json\/wp\/v2\/comments?post=154"}],"version-history":[{"count":1,"href":"https:\/\/www.kayiprihtim.org\/portal\/wp-json\/wp\/v2\/pages\/154\/revisions"}],"predecessor-version":[{"id":59310,"href":"https:\/\/www.kayiprihtim.org\/portal\/wp-json\/wp\/v2\/pages\/154\/revisions\/59310"}],"up":[{"embeddable":true,"href":"https:\/\/www.kayiprihtim.org\/portal\/wp-json\/wp\/v2\/pages\/1029"}],"wp:attachment":[{"href":"https:\/\/www.kayiprihtim.org\/portal\/wp-json\/wp\/v2\/media?parent=154"}],"curies":[{"name":"wp","href":"https:\/\/api.w.org\/{rel}","templated":true}]}}