{"id":15560,"date":"2012-02-14T22:23:18","date_gmt":"2012-02-14T20:23:18","guid":{"rendered":"http:\/\/www.kayiprihtim.org\/portal\/?page_id=15560"},"modified":"2022-08-01T15:11:09","modified_gmt":"2022-08-01T12:11:09","slug":"resul-yalcinkaya-ile-roportaj","status":"publish","type":"page","link":"https:\/\/www.kayiprihtim.org\/portal\/roportajlar\/resul-yalcinkaya-ile-roportaj\/","title":{"rendered":"Resul Yal\u00e7\u0131nkaya ile R\u00f6portaj"},"content":{"rendered":"<p style=\"text-align: center;\">\n<p>&nbsp;<\/p>\n<p style=\"text-align: center;\"><span style=\"font-size: large; font-family: georgia,palatino;\"><strong>Resul Yal\u00e7\u0131nkaya: \u201cGelece\u011fi Kurgulamay\u0131 Seviyorum!\u201d<\/strong><\/span><\/p>\n<p>&nbsp;<\/p>\n<hr size=\"1\" \/>\n<p style=\"text-align: right;\"><strong>\u015eebnem At\u0131lgan<\/strong><\/p>\n<hr size=\"1\" \/>\n<p style=\"text-align: center;\"><a title=\"Ambrosia Laneti\" href=\"https:\/\/www.kayiprihtim.org\/portal\/kitap\/ambrosia-laneti\/\"><em><strong>Ambrosia Laneti<\/strong><\/em><\/a>\u2019nin gen\u00e7 yazar\u0131 <strong>Mustafa Resul Yal\u00e7\u0131nkaya<\/strong> roman\u0131n\u0131n ba\u015f\u0131nda Albert Camus\u2019un sat\u0131rlar\u0131 ile selaml\u0131yor okuru. Camus\u2019un \u2018umut\u2019 ve \u2018umutsuzluk\u2019 kavramlar\u0131n\u0131 i\u00e7 i\u00e7e ge\u00e7iren c\u00fcmlesi -\u201cBir olay kar\u015f\u0131s\u0131nda umutsuzlu\u011fa kap\u0131lan korkakt\u0131r; ama insanl\u0131\u011f\u0131n gidi\u015finden umutlu olan aptald\u0131r\u2026\u201d- gen\u00e7 yazara g\u00f6re roman\u0131 t\u00fcm a\u00e7\u0131kl\u0131\u011f\u0131 ile tan\u0131ml\u0131yor.<\/p>\n<p style=\"text-align: center;\"><strong>Yal\u00e7\u0131nkaya<\/strong>\u2019n\u0131n bilimkurgu t\u00fcr\u00fcn\u00fcn kap\u0131lar\u0131n\u0131 aralay\u0131p, kendine bir roman kurgusu yaratmas\u0131 yaz\u0131n hayat\u0131nda \u00e7ok eski bir ge\u00e7mi\u015fe sahip de\u011fil. T\u00fcrler aras\u0131nda gezinmeyi ve \u00fcretmeyi seven yazar, edebi yolculu\u011funda farkl\u0131 metinler kaleme alm\u0131\u015f ve almaya devam ediyor.<\/p>\n<ul>\n<li><strong>Bilimkurgu ve fantazya, d\u00fcnya edebiyat\u0131nda ba\u015far\u0131l\u0131 eserlerin yaz\u0131ld\u0131\u011f\u0131 iki \u00f6nemli t\u00fcr\u2026 \u00dcstelik bu t\u00fcrlerin yaz\u0131n ge\u00e7mi\u015fi olduk\u00e7a eskilere uzan\u0131yor. <\/strong><\/li>\n<\/ul>\n<p style=\"text-indent: 0.4cm; text-align: justify;\">\u00c7ok do\u011fru! Hatta yaz\u0131n\u0131n icad\u0131ndan \u00f6nceki anlat\u0131lar bile fantastik \u00f6\u011feler bar\u0131nd\u0131r\u0131r. Ambrosia\u2019n\u0131n ge\u00e7mi\u015finde ne var, diye sorarsan\u0131z size yine \u2018\u00f6yk\u00fc\u2019 derim\u2026 Roman\u0131n ba\u015flang\u0131c\u0131 bir \u00f6yk\u00fcye dayan\u0131yor. T\u00fcrk Bili\u015fim Derne\u011fi\u2019nin 2008 y\u0131l\u0131nda a\u00e7t\u0131\u011f\u0131 bilimkurgu temal\u0131 bir yar\u0131\u015fma i\u00e7in yazd\u0131\u011f\u0131m bir \u00f6yk\u00fcyd\u00fc bu\u2026 Dereceye girip, \u00f6d\u00fcl alamam\u0131\u015ft\u0131 ama \u00f6yk\u00fcy\u00fc o kadar \u00e7ok sevmi\u015ftim ki en sonunda \u00f6yk\u00fc ve ben, roman kurgusu i\u00e7in uzun bir maceraya giri\u015ftik\u2026<strong><\/strong><\/p>\n<ul>\n<li><strong><\/strong><strong>Bilimkurgu ve fantastik kurgu romanlar t\u00fcr olarak birbirlerine yak\u0131n olsalar da ikisini birbirinden ay\u0131ran belirgin \u00e7izgiler de var, de\u011fil mi? Buna ra\u011fmen bir\u00e7ok romanda iki t\u00fcr\u00fcn i\u00e7 i\u00e7e ge\u00e7erek kullan\u0131ld\u0131\u011f\u0131na tan\u0131k oluyoruz\u2026 <\/strong><\/li>\n<\/ul>\n<p style=\"text-indent: 0.4cm; text-align: justify;\">Fantastik kurgular kendilerine ait bir terminolojiye sahiptir. Yazarlar bamba\u015fka, b\u00fcy\u00fcleyici hatta korkutucu d\u00fcnyalar yarat\u0131rlar. Bilimkurgu ise daha \u00e7ok bilimsel verilere dayan\u0131larak kurgulan\u0131r. Bu t\u00fcr de sizin de bildi\u011finiz gibi a\u011f\u0131rl\u0131kl\u0131 olarak yak\u0131n ya da uzak gelecek -ge\u00e7mi\u015fe ya da gelece\u011fe yap\u0131lan zaman yolculuklar\u0131, genetik teknolojileri, uzay, gezegenler vb.- i\u015flenir. Hemen hepsi mutlaka bilimsel temele oturur.<\/p>\n<ul>\n<li><strong>Fantastik kurgu da ise \u00e7o\u011fu zaman do\u011fa\u00fcst\u00fc g\u00fc\u00e7lerin varl\u0131\u011f\u0131ndan s\u00f6z edilir&#8230;<\/strong><\/li>\n<\/ul>\n<p style=\"text-indent: 0.4cm; text-align: justify;\">Evet! Do\u011fa\u00fcst\u00fc varl\u0131klar, mek\u00e2nlar\u2026 Co\u011frafyas\u0131 da farkl\u0131d\u0131r fantastik kurgular\u0131n. Y\u00fcz\u00fcklerin Efendisi, \u00f6rne\u011fin\u2026 J.R.R. Tolkien\u2019in yazd\u0131\u011f\u0131 edebiyat \u00fc\u00e7lemesi olan <a title=\"Y\u00fcz\u00fcklerin Efendisi\" href=\"https:\/\/www.kayiprihtim.org\/portal\/kitaplar\/yuzuklerin-efendisi\/\">Y\u00fcz\u00fcklerin Efendisi<\/a>, yazar\u0131n yaratt\u0131\u011f\u0131 \u201cOrta D\u00fcnya\u201dda ge\u00e7er. Romanda \u0131rklar vard\u0131r; elfler, troller gibi\u2026 Yazar, t\u00fcm bu karakterleri en ince ayr\u0131nt\u0131lar\u0131na kadar anlat\u0131r ve bir de bakars\u0131n\u0131z ki b\u00fcy\u00fck, g\u00f6rkemli ve ayn\u0131 zamanda inan\u0131lmaz bir fantazyan\u0131n i\u00e7indesiniz\u2026 Tolkien\u2019in e\u015fsiz bir hayal g\u00fcc\u00fc var. Bilimkurgu ise bilimsel bir d\u00fcnyan\u0131n eseri\u2026 Bu t\u00fcrde s\u0131kl\u0131kla kullan\u0131lan genetik bilimini d\u00fc\u015f\u00fcn\u00fcn\u2026 Ama elbette bilimkurgunun i\u00e7inde de zaman zaman fantastik \u00f6\u011felere rastlamak m\u00fcmk\u00fcnd\u00fcr.<\/p>\n<ul>\n<li><strong>Ambrosia Laneti bilimkurgu t\u00fcr\u00fcn\u00fcn bir eseri ama fantazya da sat\u0131rlar aras\u0131nda yerine alm\u0131\u015f\u2026<\/strong><\/li>\n<\/ul>\n<p style=\"text-indent: 0.4cm; text-align: justify;\">Asl\u0131nda sat\u0131r aralar\u0131ndaki fantazya bilimsel ara\u015ft\u0131rmalar\u0131n bir sonucu; bu y\u00fczden Ambrosia Laneti bir bilimkurgu roman\u0131. Fantastik t\u00fcr i\u00e7inde s\u0131n\u0131fland\u0131rmamak gerek. Bilimkurgu t\u00fcr\u00fcnde klasikle\u015fmi\u015f pek \u00e7ok eser, daha do\u011frusu ba\u015fyap\u0131t var. Orwell\u2019in <em>Bin Dokuz Y\u00fcz Seksen D\u00f6rt <\/em>adl\u0131 roman\u0131, Bradbury\u2019nin <em>Fahrenheit <\/em>451\u2019i, Huxley\u2019nin <em><a title=\"Cesur Yeni D\u00fcnya\" href=\"https:\/\/www.kayiprihtim.org\/portal\/kitap\/cesur-yeni-dunya\/\">Cesur Yeni D\u00fcnyas\u0131<\/a>\u2019<\/em> ya da Ursula K Le Guin\u2019in <em><a title=\"M\u00fclks\u00fczler\" href=\"https:\/\/www.kayiprihtim.org\/portal\/kitap\/mulksuzler\/\">M\u00fclks\u00fczler<\/a>\u2019<\/em>i ola\u011fan\u00fcst\u00fc eserler&#8230; Ancak bana g\u00f6re Amerikal\u0131 bilimkurgu yazar\u0131 Frank Patrrick Herbert, bu t\u00fcr\u00fcn babas\u0131d\u0131r. Yazar\u0131n <em><a title=\"Dune Serisi\" href=\"https:\/\/www.kayiprihtim.org\/portal\/kitap\/dune-serisi\/\">Dune<\/a> <\/em>serisi bilimkurgu t\u00fcr\u00fcn\u00fcn en m\u00fckemmel eseridir. Benim i\u00e7in ola\u011fan\u00fcst\u00fc bir seridir\u2026 Bilimkurguda bir\u00e7ok isim vard\u0131r ancak hi\u00e7birisi Frank Patrrick Herbert kadar etkilememi\u015ftir beni. Bu seriyi okuyup bitirdikten sonra bilimkurgu t\u00fcr\u00fcne kar\u015f\u0131 ilgim artt\u0131 diyebilirim.<\/p>\n<ul>\n<li><strong>Dune, bilimkurgu okurlar\u0131n\u0131n da olduk\u00e7a yak\u0131ndan tan\u0131d\u0131\u011f\u0131 bir seri\u2026 Sizi de ciddi anlamda etkilemi\u015f\u2026 Usta yazarlar\u0131n gen\u00e7 yazarlar \u00fczerinde olumlu bir etkisi ve kalemlerine de yo\u011fun bir katk\u0131s\u0131 var. <\/strong><\/li>\n<\/ul>\n<p style=\"text-indent: 0.4cm; text-align: justify;\">Kesinlikle! Yazmak asl\u0131nda okuyarak \u00f6\u011frenilen bir eylem\u2026 Dolay\u0131s\u0131yla okudu\u011funuz her kitaptan esinlenebilir ya da \u00f6\u011frenebilirsiniz. E\u011fer Herbert \u00fczerine konu\u015facak olursak beni etkileyen yaz\u0131m tekni\u011fi-\u00fcslubu, hayal g\u00fcc\u00fc ve en fazla da dehas\u0131, derim\u2026 1920 do\u011fumlu bir yazardan s\u00f6z ediyoruz. O tarihlerde b\u00f6ylesi bir hayal g\u00fcc\u00fcne sahip olmak ola\u011fan\u00fcst\u00fc bir durumdur\u2026 Ayn\u0131 \u015feyi George Orwell, Aldous Huxley, Ray Bradbury ya da Asimov i\u00e7in de s\u00f6yleyebiliriz. \u0130\u00e7inde bulunduklar\u0131 y\u00fczy\u0131l\u0131n teknolojileri asla kaleme ald\u0131klar\u0131 eserlere esin ya da kaynak olamazd\u0131. Ama onlar romanlar\u0131nda bilimkurgunun s\u0131n\u0131rlar\u0131n\u0131 zorlad\u0131lar ve gelece\u011fi kurgulad\u0131lar. Onlar kadar geni\u015f bir d\u00fc\u015f g\u00fcc\u00fcne sahip olmay\u0131 ve onlar kadar iyi yazabilmeyi ancak, hayal edebilirim.<\/p>\n<ul>\n<li><strong>Gelece\u011fi kurgulad\u0131lar, dediniz\u2026 San\u0131r\u0131m onlar\u0131n yazd\u0131klar\u0131n\u0131n bir\u00e7o\u011fu da ger\u00e7ekle\u015fti. Bu kategoriye Jules Vern\u2019i de katmam\u0131z gerekiyor. <\/strong><\/li>\n<\/ul>\n<p style=\"text-indent: 0.4cm; text-align: justify;\">Bilimkurgunun \u2018baba\u2019lar\u0131 aras\u0131nda Jules Verne apayr\u0131 bir yerdedir. Eserlerinde ayr\u0131nt\u0131lar\u0131yla anlatt\u0131\u011f\u0131 bulu\u015flar ve makineler, o y\u00fczy\u0131l\u0131n Avrupa sanayisi ve teknolojisine ilham kayna\u011f\u0131 olmu\u015ftur. \u00d6zellikle uzay, hava ta\u015f\u0131tlar\u0131 ve denizalt\u0131lar alan\u0131nda\u2026 Bu \u00f6rnekleri \u00e7o\u011faltmak m\u00fcmk\u00fcn\u2026 \u00d6rne\u011fin Jonathan Swift\u2019in yaratt\u0131\u011f\u0131 Gulliver\u2026 Kesinlikle bir bilimkurgudur. Lemuel Gulliver ad\u0131ndaki gen\u00e7 doktorun \u00e7\u0131kt\u0131\u011f\u0131 gezilerde s\u0131rad\u0131\u015f\u0131, ola\u011fan\u00fcst\u00fc \u00f6yk\u00fclerini anlat\u0131r.<\/p>\n<ul>\n<li><strong>Siz de gelece\u011fi kurgulamay\u0131 seviyorsunuz. Ambrosia Laneti\u2019nde bunu a\u00e7\u0131k\u00e7a g\u00f6rebiliyoruz. Biraz da sizin roman\u0131n\u0131z\u0131n kurgusundan s\u00f6z edelim\u2026 <\/strong><\/li>\n<\/ul>\n<figure style=\"width: 190px\" class=\"wp-caption alignright\"><a href=\"https:\/\/www.kayiprihtim.org\/portal\/kitap\/ambrosia-laneti\/\"><img fetchpriority=\"high\" decoding=\"async\" class=\"  \" src=\"https:\/\/www.kayiprihtim.org\/portal\/gorsel\/ambrosia-laneti.jpg\" alt=\"\" width=\"190\" height=\"295\"><\/a><figcaption class=\"wp-caption-text\">K\u00fcnye i\u00e7in kapak resmine t\u0131kla!<\/figcaption><\/figure>\n<p style=\"text-indent: 0.4cm; text-align: justify;\">Gelece\u011fi kurgulamak ho\u015fland\u0131\u011f\u0131m bir durum asl\u0131nda\u2026 \u0130\u00e7inde ya\u015fad\u0131\u011f\u0131m\u0131z y\u00fczy\u0131lda hayat ve g\u00fcndem \u00f6ylesine h\u0131zl\u0131 de\u011fi\u015fiyor ki! Yazar olarak insanl\u0131\u011f\u0131 nas\u0131l bir gelece\u011fin bekledi\u011fi konusunda endi\u015felerim var. \u00c7ok umutlu muyum, de\u011filim\u2026<strong><\/strong><\/p>\n<ul>\n<li style=\"text-align: left;\"><strong>\u00d6yleyse Camus\u2019a kat\u0131l\u0131yorsunuz?<\/strong><\/li>\n<\/ul>\n<p style=\"text-indent: 0.4cm; text-align: justify;\">Evet\u2026 Camus\u2019un kapakta yer alan -\u201cBir olay kar\u015f\u0131s\u0131nda umutsuzlu\u011fa kap\u0131lan korkakt\u0131r; ama insanl\u0131\u011f\u0131n gidi\u015finden umutlu olan aptald\u0131r\u2026\u201d- c\u00fcmlesine-d\u00fc\u015f\u00fcncesine kat\u0131l\u0131yorum. Roman da bu anlamda umutlu bir d\u00fcnya yaratm\u0131yor ancak \u00e7ok da umutsuz bir sonla bitti\u011fini s\u00f6ylemeyiz. Ana temay\u0131 genetik teknolojisi olu\u015fturuyor.<\/p>\n<ul>\n<li><strong>Roman\u0131m\u0131z 2028 y\u0131l\u0131nda ba\u015fl\u0131yor. Ba\u015fkahraman\u0131z bir T\u00fcrk bilim adam\u0131 olan Can Umar. Farkl\u0131 milletleri bir araya toplayan Universum\u2019da bir T\u00fcrk bilim adam\u0131 ve ekibinin son derece \u00f6nemli bir bulu\u015fa imza atmas\u0131 kurgunun \u00fctopyas\u0131nda \u00f6nemli bir nokta\u2026<\/strong><\/li>\n<\/ul>\n<p style=\"text-indent: 0.4cm; text-align: justify;\">Can, roman i\u00e7inde \u00e7ok \u00f6nemli bir karakter\u2026 Yine de ilk ba\u015fta kurgulad\u0131\u011f\u0131m karakterden bir par\u00e7a farkl\u0131la\u015ft\u0131\u011f\u0131n\u0131 s\u00f6ylemeliyim. Bilgisayar ekran\u0131n\u0131n ba\u015f\u0131na oturdu\u011funuzda defterinize ald\u0131\u011f\u0131n\u0131z notlar pek de i\u015fe yaram\u0131yor. Ekrana ta\u015f\u0131d\u0131\u011f\u0131n\u0131z sat\u0131rlar bir anda sizi ba\u015fka bir y\u00f6ne do\u011fru kayd\u0131rabiliyor ya da tasarlad\u0131\u011f\u0131n\u0131z karakter bamba\u015fka bir ki\u015fili\u011fe b\u00fcr\u00fcnebiliyor. Yazmak b\u00fcy\u00fcl\u00fc bir eylem! Bu b\u00fcy\u00fcye kap\u0131ld\u0131\u011f\u0131n\u0131zda her \u015fey her an de\u011fi\u015febiliyor. Bir s\u00fcre sonra yazd\u0131klar\u0131n\u0131z sizi kontrol etmeye ba\u015fl\u0131yor. \u00d6rne\u011fin Can, az \u00f6nce de dedi\u011fim gibi\u2026 Bu kadar h\u0131rsl\u0131 bir karakter olarak d\u00fc\u015f\u00fcnmemi\u015ftim.<\/p>\n<ul>\n<li><strong>T\u00fcrkiye\u2019de fantastik ya da bilimkurgu t\u00fcr\u00fcnde eser veren romanc\u0131lar\u0131n say\u0131s\u0131 neden bu kadar az? Bat\u0131daki \u00f6rnekleriyle kar\u015f\u0131la\u015ft\u0131r\u0131l\u0131nca bu t\u00fcrlerin bizde yayg\u0131n olmad\u0131\u011f\u0131n\u0131 s\u00f6yleyebilir miyiz? <\/strong><\/li>\n<\/ul>\n<p style=\"text-indent: 0.4cm; text-align: justify;\">Di\u011fer t\u00fcrlerle ya da bat\u0131daki \u00f6rnekleriyle kar\u015f\u0131la\u015ft\u0131rd\u0131\u011f\u0131n\u0131zda fantastik veya bilimkurgu t\u00fcr\u00fcnde eser veren yerli yazarlar\u0131n say\u0131s\u0131 \u00e7ok az diyebiliriz. Bar\u0131\u015f M\u00fcstecapl\u0131o\u011flu, Orhan Duru, M\u00fcfit \u00d6zde\u015f, Z\u00fcht\u00fc Bayar, Orkun U\u00e7ar, \u00d6zlem Alpin, Ak\u0131n Ba\u015fal akl\u0131ma ilk gelen isimler&#8230; Bu t\u00fcrlerin yayg\u0131nla\u015fmas\u0131 i\u00e7in gayret g\u00f6steren yay\u0131nevleri ve baz\u0131 olu\u015fumlar var. T\u00fcrk Fantazya Toplulu\u011fu bu t\u00fcr\u00fcn yayg\u0131nla\u015fmas\u0131 i\u00e7in u\u011fra\u015f\u0131yor mesela. Sonra T\u00fcrk Bili\u015fim Derne\u011fi her y\u0131l bilimkurgu \u00f6yk\u00fc yar\u0131\u015fmas\u0131 d\u00fczenliyor&#8230; Benim yay\u0131nc\u0131mla birlikte birka\u00e7 yay\u0131nevi daha bu t\u00fcrde romanlar bas\u0131yorlar. Asl\u0131nda genel okur oran\u0131 i\u00e7inde bu t\u00fcr\u00fcn az\u0131msanamayacak kadar \u00e7ok fanatikleri var; ancak daha \u00e7ok \u00e7eviri eserleri okumay\u0131 tercih ediyorlar. Zaman i\u00e7inde bu t\u00fcrde daha \u00e7ok roman yaz\u0131laca\u011f\u0131n\u0131 umut ediyorum.<\/p>\n<ul>\n<li><strong>Ambrosia, Yunan mitolojisinde ge\u00e7er\u2026 Tanr\u0131lar\u0131n yiyece\u011fi, kimi zaman da i\u00e7ece\u011fidir. <a title=\"Homeros\" href=\"http:\/\/tr.wikipedia.org\/wiki\/Homeros\" rel=\"nofollow noopener\" target=\"_blank\">Homeros<\/a>\u2019un anlat\u0131lar\u0131nda da \u201cnektar\u201d olarak tasvir edilen Ambrosia\u2019n\u0131n ho\u015f kokulu oldu\u011fu s\u00f6ylenir. Bununla birlikte \u201csonsuz hayat\u201d\u0131n kayna\u011f\u0131d\u0131r da\u2026 Her ne kadar roman\u0131n sonunu s\u00f6ylemek istemesem de Can Umar ve ekibinin bulu\u015fu tam olarak bu: Sonsuz hayat! <\/strong><\/li>\n<\/ul>\n<p style=\"text-indent: 0.4cm; text-align: justify;\">Sonsuz Hayat! Bu iki s\u00f6zc\u00fck romana dair \u00e7ok \u015fey anlat\u0131yor. Buna bir ekleme yapmak istemem.<\/p>\n<hr size=\"1\" \/>\n<p><strong>Ambrosia Laneti: Y\u00fczy\u0131l\u0131m\u0131z\u0131n tan\u0131kl\u0131\u011f\u0131nda gelece\u011fe yap\u0131lan kurgu<\/strong><\/p>\n<p style=\"text-indent: 0.4cm; text-align: justify;\">Roman\u0131n kahraman\u0131 Can Umar, d\u00fcnyan\u0131n en ba\u015far\u0131l\u0131 bilim adamlar\u0131n\u0131n ara\u015ft\u0131rmalar yapt\u0131\u011f\u0131 \u00f6nemli bir bilim merkezi olan Bilim Kent\u2019te \u00e7al\u0131\u015fmaktad\u0131r. Ge\u00e7en on be\u015f y\u0131lda d\u00fcnya d\u00fczeni k\u00f6kl\u00fc de\u011fi\u015fimler ya\u015fam\u0131\u015ft\u0131r. \u0130ki bin on sekizde pe\u015f pe\u015fe ya\u015fanan \u00f6l\u00fcmc\u00fcl do\u011fa felaketleri sonras\u0131nda d\u00fcnyaya h\u00fckmetmeyi akl\u0131na koyan g\u00fc\u00e7ler taraf\u0131ndan \u00f6nemli bir \u00e7a\u011fr\u0131 yap\u0131lm\u0131\u015ft\u0131r; \u2018Yeni Olu\u015fum \u00c7a\u011fr\u0131s\u0131\u2019. \u00c7a\u011fr\u0131y\u0131 yapanlar, her t\u00fcr s\u0131n\u0131r\u0131n kald\u0131r\u0131larak \u00fclkelerin tek bir devlet \u00e7at\u0131s\u0131 alt\u0131nda toplanmas\u0131n\u0131 d\u00fcnyan\u0131n esenli\u011fine hizmet edecek bir form\u00fcl olarak g\u00f6rmektedir. D\u00fcnya \u00fclke temsilcilerinin pek \u00e7ok kez yapt\u0131\u011f\u0131 uzun toplant\u0131lar sonucunda bir karara var\u0131lm\u0131\u015f ve birtak\u0131m devletler kendi aralar\u0131nda birle\u015fmi\u015ftir. Bu yeni devletin ismi \u2018Universum\u2019dur.<\/p>\n<p style=\"text-indent: 0.4cm; text-align: justify;\">Can Umar\u2019\u0131n Bilim Kent\u2019te bir grup bilim adam\u0131 ile birlikte i\u015fe ba\u015flamas\u0131n\u0131n ard\u0131ndan hayat\u0131 da de\u011fi\u015fir. Birka\u00e7 tart\u0131\u015fman\u0131n ard\u0131ndan y\u00fczy\u0131l\u0131n hastal\u0131\u011f\u0131 TBID\u2019e \u00e7are bulmak i\u00e7in bir t\u00fcr s\u00fcr\u00fcngen olan \u2018di\u015flekler\u2019 \u00fczerindeki ara\u015ft\u0131rmalar\u0131na yo\u011funla\u015f\u0131r. \u00dczerinde \u00e7al\u0131\u015ft\u0131\u011f\u0131 mutasyon ge\u00e7iren di\u015flekler, TBID hastal\u0131\u011f\u0131n\u0131n tedavisi i\u00e7in umut vaat etmektedir. Can, kendi grubu ile ad\u0131na \u2018\u00d6zel Tim\u2019 dedikleri bir enzim bulmay\u0131 ba\u015far\u0131r. Ancak, Can\u2019\u0131n pisi\u015fik g\u00fc\u00e7lere sahip kar\u0131s\u0131 Dorotha\u2019n\u0131n kehanetleri ger\u00e7ekle\u015fmek \u00fczeredir.<\/p>\n<div class=\"seperator\">#<\/div>\n<table id=\"table20\" style=\"border-collapse: collapse; width: 450px; height: 21px;\" border=\"0\" cellspacing=\"0\" cellpadding=\"2\" align=\"center\">\n<tbody>\n<tr>\n<td style=\"border-style: solid ridge ridge; border-width: 1px; padding-left: 4px; padding-right: 4px;\" bgcolor=\"#5d372a\" width=\"98%\"><span style=\"color: #ffffff;\"><strong><span style=\"font-family: Tahoma;\"><span style=\"color: #ffff99;\">R\u00f6portaj<\/span>: \u015eebnem At\u0131lgan<\/span><\/strong><\/span><strong><br \/>\n<\/strong><strong><\/strong><\/td>\n<\/tr>\n<\/tbody>\n<\/table>\n","protected":false},"excerpt":{"rendered":"<p>&nbsp; Resul Yal\u00e7\u0131nkaya: \u201cGelece\u011fi Kurgulamay\u0131 Seviyorum!\u201d &nbsp; \u015eebnem At\u0131lgan Ambrosia Laneti\u2019nin gen\u00e7 yazar\u0131 Mustafa Resul Yal\u00e7\u0131nkaya roman\u0131n\u0131n ba\u015f\u0131nda Albert Camus\u2019un sat\u0131rlar\u0131 ile selaml\u0131yor okuru. Camus\u2019un \u2018umut\u2019 ve \u2018umutsuzluk\u2019 kavramlar\u0131n\u0131 i\u00e7 i\u00e7e ge\u00e7iren c\u00fcmlesi -\u201cBir olay kar\u015f\u0131s\u0131nda umutsuzlu\u011fa kap\u0131lan korkakt\u0131r; ama insanl\u0131\u011f\u0131n gidi\u015finden umutlu olan aptald\u0131r\u2026\u201d- gen\u00e7 yazara g\u00f6re roman\u0131 t\u00fcm a\u00e7\u0131kl\u0131\u011f\u0131 ile tan\u0131ml\u0131yor. Yal\u00e7\u0131nkaya\u2019n\u0131n bilimkurgu [&hellip;]<\/p>\n","protected":false},"author":1,"featured_media":0,"parent":1029,"menu_order":0,"comment_status":"open","ping_status":"closed","template":"","meta":{"_acf_changed":false,"footnotes":""},"class_list":["post-15560","page","type-page","status-publish"],"acf":[],"_links":{"self":[{"href":"https:\/\/www.kayiprihtim.org\/portal\/wp-json\/wp\/v2\/pages\/15560","targetHints":{"allow":["GET"]}}],"collection":[{"href":"https:\/\/www.kayiprihtim.org\/portal\/wp-json\/wp\/v2\/pages"}],"about":[{"href":"https:\/\/www.kayiprihtim.org\/portal\/wp-json\/wp\/v2\/types\/page"}],"author":[{"embeddable":true,"href":"https:\/\/www.kayiprihtim.org\/portal\/wp-json\/wp\/v2\/users\/1"}],"replies":[{"embeddable":true,"href":"https:\/\/www.kayiprihtim.org\/portal\/wp-json\/wp\/v2\/comments?post=15560"}],"version-history":[{"count":4,"href":"https:\/\/www.kayiprihtim.org\/portal\/wp-json\/wp\/v2\/pages\/15560\/revisions"}],"predecessor-version":[{"id":60157,"href":"https:\/\/www.kayiprihtim.org\/portal\/wp-json\/wp\/v2\/pages\/15560\/revisions\/60157"}],"up":[{"embeddable":true,"href":"https:\/\/www.kayiprihtim.org\/portal\/wp-json\/wp\/v2\/pages\/1029"}],"wp:attachment":[{"href":"https:\/\/www.kayiprihtim.org\/portal\/wp-json\/wp\/v2\/media?parent=15560"}],"curies":[{"name":"wp","href":"https:\/\/api.w.org\/{rel}","templated":true}]}}