{"id":156,"date":"2008-09-03T08:36:58","date_gmt":"2008-09-03T05:36:58","guid":{"rendered":"http:\/\/www.hayalcini.net\/blog\/baris-mustecaplioglu-ile-roportaj\/"},"modified":"2012-01-28T12:34:06","modified_gmt":"2012-01-28T10:34:06","slug":"baris-mustecaplioglu-ile-roportaj","status":"publish","type":"page","link":"https:\/\/www.kayiprihtim.org\/portal\/roportajlar\/baris-mustecaplioglu-ile-roportaj\/","title":{"rendered":"Bar\u0131\u015f M\u00fcstecapl\u0131o\u011flu ile R\u00f6portaj"},"content":{"rendered":"<p style=\"text-indent: 0.4cm; text-align: justify;\"><span style=\"color: #800000;\"><strong>Merhabalar Bar\u0131\u015f bey, \u00f6ncelikle r\u00f6portaj teklifimizi kabul etti\u011finiz i\u00e7in te\u015fekk\u00fcr ederiz. T\u00fcrkiye\u2019de de sizin gibi istekli fantastik edebiyat severlerin, yazarlar\u0131n oldu\u011funu bilmek bizi sevindiriyor. Hadi sorulara ge\u00e7elim.<\/strong><\/span><\/p>\n<ul style=\"text-align: justify;\">\n<li><strong>\u00d6ncelikle, fantastik kurgu ile nas\u0131l tan\u0131\u015ft\u0131\u011f\u0131n\u0131zla ba\u015flayal\u0131m?<\/strong><\/li>\n<\/ul>\n<p style=\"text-indent: 0.4cm; text-align: justify;\">Bu soruyu cevaplamak i\u00e7in epey geriye gitmek gerekecek. Lise \u00e7a\u011flar\u0131ma kadar fantastik kurguya epey uzakt\u0131m, a\u011fabeyim o d\u00f6nem bu t\u00fcre merakl\u0131 oldu\u011fu i\u00e7in zengin bir kitapl\u0131\u011f\u0131 vard\u0131, Ursula K.Leguin\u2019le, Tolkien\u2019la, Ejderha M\u0131zra\u011f\u0131 ile onun sayesinde tan\u0131\u015ft\u0131\u011f\u0131m\u0131 s\u00f6yleyebilirim. Sadece bir meraktan okumaya ba\u015flad\u0131\u011f\u0131m bu kitaplar sonradan beni i\u00e7lerine \u00e7ekti, anlatmak istedi\u011fim pek \u00e7ok \u015feyi bu t\u00fcr\u00fc kullanarak \u00e7ok zengin ve s\u00fcr\u00fckleyici bir kurgu i\u00e7inde anlatabilece\u011fimi fark ettim.<\/p>\n<ul style=\"text-align: justify;\">\n<li><strong>Perg\u2019i yarat\u0131rken ilham ald\u0131\u011f\u0131n\u0131z yazar, seri, kurgu vs. oldu mu? Olduysa nelerdir?<\/strong><\/li>\n<\/ul>\n<p style=\"text-indent: 0.4cm; text-align: justify;\">Tek bir yazar\u0131 ya da seriyi anmam do\u011fru olmaz, okudu\u011fum her kitaptan, sevdi\u011fim her karakterden ilham ald\u0131m elbet. Ama bu sadece fantastik kurgu ile de s\u0131n\u0131rl\u0131 de\u011fil, Leofold\u2019un yarat\u0131l\u0131\u015f s\u00fcrecini B s\u0131n\u0131f\u0131, \u00e7ok k\u00f6t\u00fc \u00e7ekilmi\u015f bir Japon aksiyon filminden ilham ald\u0131\u011f\u0131m\u0131 s\u00f6ylesem yeterli olur san\u0131r\u0131m :) Tabii o fikir orada tamamen harcanm\u0131\u015ft\u0131, kendi kurgum i\u00e7inde \u00fcst\u00fcne bir\u00e7ok \u015fey ekleyerek kulland\u0131m.<\/p>\n<ul style=\"text-align: justify;\">\n<li><strong>Kitaplar\u0131n\u0131z\u0131 yazarken aileniz ve \u00e7evreniz taraf\u0131ndan ne gibi tepkiler ald\u0131n\u0131z?<\/strong><\/li>\n<\/ul>\n<p style=\"text-indent: 0.4cm; text-align: justify;\">Ben o s\u0131rada M\u00fchendislik e\u011fitimini yeni bitirmi\u015f ve bir bankada i\u015fe girmi\u015ftim, \u00e7evrem o g\u00fcne kadarki yazarl\u0131k maceram\u0131 bir gen\u00e7lik hevesi olarak g\u00f6r\u00fcyor, i\u015f hayat\u0131yla birlikte devam ettirebilece\u011fime pek inanm\u0131yorlard\u0131. Asl\u0131nda hi\u00e7 kolay olmad\u0131 ama insan hayallerine inan\u0131yorsa onlar u\u011fruna gerekli fedakarl\u0131\u011f\u0131 yapabilmeli. \u015eu an geldi\u011fimiz noktada hepsi sonu\u00e7lardan mutlu.<\/p>\n<ul style=\"text-align: justify;\">\n<li><strong>Yazd\u0131\u011f\u0131n\u0131z eserle yay\u0131nc\u0131 \u015firketten (Metis Edebiyat) nas\u0131l tepkiler ald\u0131n\u0131z?<\/strong><\/li>\n<\/ul>\n<p style=\"text-indent: 0.4cm; text-align: justify;\">Metis o ya\u015fta bir yazar olarak beklentimin \u00fczerinde ilgi g\u00f6sterdi. O d\u00f6nem Metis\u2019in fantastik edebiyat serileriyle B\u00fclent Somay ilgileniyordu. Kendisi bu t\u00fcr hakk\u0131nda T\u00fcrkiye\u2019de en bilgili birka\u00e7 insandan biridir. \u0130lk kitab\u0131 Metis\u2019e askere gitmeden \u00f6nce b\u0131rakm\u0131\u015ft\u0131m, d\u00f6nd\u00fc\u011f\u00fcmde B\u00fclent Bey bana ula\u015ft\u0131 ve aylard\u0131r beni bulmaya \u00e7al\u0131\u015ft\u0131\u011f\u0131n\u0131 s\u00f6yledi. Daha di\u011fer kitaplar sadece fikir a\u015famas\u0131nda oldu\u011fu halde ilk kitaba duyduklar\u0131 inan\u00e7la d\u00f6rt kitapl\u0131k seriyi onlardan \u00e7\u0131karmam konusunda kar\u015f\u0131l\u0131kl\u0131 olarak anla\u015ft\u0131k.<\/p>\n<ul style=\"text-align: justify;\">\n<li><strong>T\u00fcrkiye \u00e7ap\u0131nda kitab\u0131n\u0131z bekledi\u011finiz ilgiyi g\u00f6rd\u00fc m\u00fc?<\/strong><\/li>\n<\/ul>\n<p style=\"text-indent: 0.4cm; text-align: justify;\">Ne yaz\u0131k ki pek de\u011fil. Profesyonel ele\u015ftirmenlerden ald\u0131\u011f\u0131m yorumlar, bana ula\u015fan okurlar\u0131n s\u00f6yledikleri, ek\u015fis\u00f6zl\u00fck gibi sitelerde yaz\u0131lanlar vb. olduk\u00e7a heyecan verici, bu kadar be\u011fenilen kitaplar\u0131n normalde daha \u00e7ok insana ula\u015fmas\u0131 beklenir ama o d\u00f6nem \u00f6yle olmad\u0131. Hangi fakt\u00f6rler rol oynad\u0131 bilemem ama g\u00f6rd\u00fc\u011f\u00fc ilginin alt\u0131nda bir sat\u0131\u015f rakam\u0131nda kald\u0131, bu da Perg \u00e7izgi roman\u0131, rol yapma oyunu gibi baz\u0131 firmalardan gelen projeleri ertelememize yol a\u00e7t\u0131. \u015eimdi \u00f6n\u00fcm\u00fczdeki sene Perg Efsaneleri bir aksilik olmazsa Bulgaristan\u2019a yay\u0131nlanacak, bir Bulgar yay\u0131nevi yay\u0131n haklar\u0131n\u0131 sat\u0131n ald\u0131. \u015eayet orada ticari anlamda da ba\u015far\u0131 sa\u011flarsa belki ertelenen projeleri yeniden g\u00fcndeme alabiliriz.<\/p>\n<ul style=\"text-align: justify;\">\n<li><strong>Okuyucular Perg hakk\u0131nda fan \u00e7al\u0131\u015fmalar\u0131 yap\u0131yor mu?<\/strong><\/li>\n<\/ul>\n<p style=\"text-indent: 0.4cm; text-align: justify;\">Yak\u0131nlarda b\u00f6yle bir facebook grubuyla kar\u015f\u0131la\u015ft\u0131m. K\u00fc\u00e7\u00fck bir grup da olsa, y\u0131llar sonra hala Leofold\u2019u, Srenah\u2019\u0131, Merderan\u2019\u0131 hat\u0131rlayan, onlar hakk\u0131nda sohbet eden dostlar\u0131n oldu\u011funu bilmek g\u00fczel.<\/p>\n<ul style=\"text-align: justify;\">\n<li><strong>Fantastik kurgunun bilinen \u0131rklar\u0131n\u0131 (elf, c\u00fcce, troll\u2026) serinizde kullanmaman\u0131n okur kaybettirebilece\u011fini d\u00fc\u015f\u00fcnd\u00fcn\u00fcz m\u00fc?<\/strong><\/li>\n<\/ul>\n<p style=\"text-indent: 0.4cm; text-align: justify;\">B\u00f6yle \u015feyler d\u00fc\u015f\u00fcnerek kitap yaz\u0131lmaz. Ortaya yeni bir \u015fey koymayacaksam yazmam\u0131n anlam\u0131 yoktu, ilk kitapta Bat\u0131 k\u00fclt\u00fcr\u00fcn\u00fcn kavramlar\u0131yla, sonrakilerde yava\u015f yava\u015f Do\u011fu k\u00fclt\u00fcr\u00fcn\u00fcn kavramlar\u0131na kayarak, \u00f6zg\u00fcn bir bile\u015fim ortaya koymaya \u00e7al\u0131\u015ft\u0131m. Yaratt\u0131\u011f\u0131m hurg gibi, burfen gibi \u0131rklarda da buna \u00f6zen g\u00f6sterdim.<\/p>\n<ul style=\"text-align: justify;\">\n<li><strong>Perg diyarlar\u0131 \u00fczerine yeni yaz\u0131lar\u0131n\u0131z olacak m\u0131?<\/strong><\/li>\n<\/ul>\n<p style=\"text-indent: 0.4cm; text-align: justify;\">Evet, Perg\u2019de ge\u00e7en bir \u00fc\u00e7leme daha yazaca\u011f\u0131m, ama kesin bir tarih veremiyorum. Biraz daha vakti oldu\u011fu kesin.<\/p>\n<ul style=\"text-align: justify;\">\n<li><strong>Nisan ay\u0131nda \u00e7\u0131kard\u0131\u011f\u0131n\u0131z resimli \u00e7ocuk kitab\u0131 Hodi Podi\u2019yi yaratma fikrine nas\u0131l karar verdiniz?<\/strong><\/li>\n<\/ul>\n<p style=\"text-indent: 0.4cm; text-align: justify;\">Kendi ye\u011fenime okudu\u011fum \u00e7ocuk kitaplar\u0131 y\u00fcz\u00fcnden son y\u0131llarda bu t\u00fcre epey a\u015fina olmu\u015ftum, a\u00e7\u0131k\u00e7as\u0131 her \u015feyden \u00f6nce ye\u011fenime kendi yazd\u0131\u011f\u0131m bir kitab\u0131 okuma d\u00fc\u015f\u00fcncesi ho\u015fuma gitti. Yerli \u00e7ocuk kitaplar\u0131nda ciddi bir hayalg\u00fcc\u00fc eksikli\u011fi g\u00f6r\u00fcyordum, g\u00f6rsel kalite olarak da yurtd\u0131\u015f\u0131ndan gelen \u00f6rneklerin yan\u0131nda \u00e7ok zay\u0131f kal\u0131yorlard\u0131. Deniz\u2019le birlikte d\u00fcnya \u00e7ap\u0131nda bir i\u015f yapabilece\u011fimize karar verdik ve bu i\u015fe giri\u015ftik.<\/p>\n<ul style=\"text-align: justify;\">\n<li><strong>Art\u0131k b\u00fct\u00fcnle\u015fti\u011finiz Deniz Erba\u015f&#8217;la nas\u0131l tan\u0131\u015ft\u0131n\u0131z? Birlikte devam edecek misiniz?<\/strong><\/li>\n<\/ul>\n<p style=\"text-indent: 0.4cm; text-align: justify;\">Beni o buldu asl\u0131nda, Perg Efsaneleri kitaplar\u0131n\u0131 duyup bana mail atm\u0131\u015ft\u0131, o d\u00f6nem bir illustrasyon alb\u00fcm\u00fc yapma d\u00fc\u015f\u00fcncesi vard\u0131, Perg\u2019de yaratt\u0131\u011f\u0131m \u0131rklar\u0131n, tanr\u0131lar\u0131n ve fantastik mekanlar\u0131n \u00e7izimlerini yapacakt\u0131. Ama sonra \u00e7e\u015fitli sebeplerden bu proje ertelendi. Biz de onunla bu arada ba\u015fka ba\u015fka projeler yapt\u0131k, kendisi hem d\u00fcnya \u00e7ap\u0131nda bir \u00e7izer hem de harika bir dost.<\/p>\n<ul style=\"text-align: justify;\">\n<li><strong>Tolkien d\u0131\u015f\u0131nda &#8220;i\u015fte tam d\u00fc\u015f\u00fcnd\u00fc\u011f\u00fcm gibi bir fantastik-kurgu yazar\u0131&#8221; dedi\u011finiz birisi var m\u0131?<\/strong><\/li>\n<\/ul>\n<p style=\"text-indent: 0.4cm; text-align: justify;\">Ben bunu Tolkien i\u00e7in bile diyemem :) Bu alanda \u00e7ok yazar okudum, hepsinin \u00e7ok sevdi\u011fim ya da tam i\u00e7ime sinmeyen y\u00f6nleri oldu. Tolkien ve Ursula K.Leguin\u2019e farkl\u0131 farkl\u0131 a\u00e7\u0131lardan hayranl\u0131k duydu\u011fum, onlar\u0131 di\u011ferlerinden daha \u00e7ok sevdi\u011fim bir ger\u00e7ek, ama insan\u0131n sadece kendisi \u201ctam d\u00fc\u015f\u00fcnd\u00fc\u011f\u00fc gibi\u201d yazabilir. E\u011fer birini m\u00fckemmel buluyorsan\u0131z fark\u0131nda olmadan onu taklit etmeye ba\u015flars\u0131n\u0131z, \u00f6zg\u00fcn \u015feyler yaratabilmenin bir ko\u015fulu detaylarda bile olsa farkl\u0131 bak\u0131\u015f a\u00e7\u0131lar\u0131na sahip olmakt\u0131r. Ben olsam \u015f\u00f6yle yazard\u0131m diyemedi\u011finiz s\u00fcrece yazmak i\u00e7in \u00e7ok fazla da bir heyecan\u0131n\u0131z olmaz. Bu planl\u0131 yap\u0131lacak bir \u015fey de\u011fil tabii. :)<\/p>\n<ul style=\"text-align: justify;\">\n<li><strong>Sizce &#8220;fantastik edebiyat&#8221; tam olarak nedir, daha do\u011frusu sizin i\u00e7in ne anlam ifade ediyor k\u0131saca a\u00e7\u0131klayabilir misiniz?<\/strong><\/li>\n<\/ul>\n<p style=\"text-indent: 0.4cm; text-align: justify;\">Bence fantastik edebiyat tek bir \u015fey de\u011fil, yeri geliyor d\u00fcnyan\u0131n rutinli\u011fini k\u0131rmak i\u00e7in bir yol oluyor, yeri geliyor ger\u00e7e\u011fi \u00f6zg\u00fcn bir \u015fekilde ifade etmenin renkli bir arac\u0131. Fantastik kurgu okurken bazen farkl\u0131 bir d\u00fcnyada gezinmekten haz duyuyorum bazense o d\u00fcnyan\u0131n arkaplan\u0131nda k\u0131skan\u00e7l\u0131k, \u015fehvet, ego gibi ger\u00e7ek d\u00fcnyaya ait kavramlar\u0131 ke\u015ffetmekten.<\/p>\n<ul style=\"text-align: justify;\">\n<li><strong>\u015eu anda neler yap\u0131yorsunuz? Fantastik &#8211; Kurgu alan\u0131nda yeni bir seriye ba\u015flamay\u0131 d\u00fc\u015f\u00fcn\u00fcyor musunuz?<\/strong><\/li>\n<\/ul>\n<p style=\"text-indent: 0.4cm; text-align: justify;\">Ocak\u2019ta yeni bir roman\u0131m \u00e7\u0131k\u0131yor, fantastik bir roman de\u011fil ama i\u00e7inde bir \u015fekilde bol bol hayal g\u00fcc\u00fc var, daha \u00f6nce i\u015flenmemi\u015f bir konu \u00fczerine oldu\u011fu i\u00e7in kitap \u00e7\u0131kana kadar bu s\u0131r olarak kals\u0131n. Fantastik Kurgu i\u00e7in d\u00fc\u015f\u00fcncem zaman\u0131 geldi\u011finde Perg\u2019e yeni bir \u00fc\u00e7lemeyle devam etmek, Perg\u2019te yapmak istedi\u011fim her \u015feyi bitirmeden yeni bir diyara a\u00e7\u0131lmay\u0131 d\u00fc\u015f\u00fcnm\u00fcyorum.<\/p>\n<p style=\"text-indent: 0.4cm; text-align: justify;\"><span style=\"color: #800000;\"><strong>Bizimle ger\u00e7ekle\u015ftirdi\u011finiz bu g\u00fczel ve keyifli r\u00f6portaj i\u00e7in size sonsuz minnettarl\u0131klar\u0131m\u0131z\u0131 sunuyoruz. Umar\u0131z gelecekte yapaca\u011f\u0131n\u0131z t\u00fcm projelerde \u00e7ok daha fazla ba\u015far\u0131 elde edersiniz. Hayal g\u00fcc\u00fcn\u00fcz\u00fc ve fantastik kurgu sevginizi kaybetmemeniz dile\u011fiyle&#8230;<\/strong><\/span><\/p>\n","protected":false},"excerpt":{"rendered":"<p>Merhabalar Bar\u0131\u015f bey, \u00f6ncelikle r\u00f6portaj teklifimizi kabul etti\u011finiz i\u00e7in te\u015fekk\u00fcr ederiz. T\u00fcrkiye\u2019de de sizin gibi istekli fantastik edebiyat severlerin, yazarlar\u0131n oldu\u011funu bilmek bizi sevindiriyor. Hadi sorulara ge\u00e7elim. \u00d6ncelikle, fantastik kurgu ile nas\u0131l tan\u0131\u015ft\u0131\u011f\u0131n\u0131zla ba\u015flayal\u0131m? Bu soruyu cevaplamak i\u00e7in epey geriye gitmek gerekecek. Lise \u00e7a\u011flar\u0131ma kadar fantastik kurguya epey uzakt\u0131m, a\u011fabeyim o d\u00f6nem bu t\u00fcre merakl\u0131 [&hellip;]<\/p>\n","protected":false},"author":1,"featured_media":0,"parent":1029,"menu_order":0,"comment_status":"open","ping_status":"closed","template":"","meta":{"_acf_changed":false,"footnotes":""},"class_list":["post-156","page","type-page","status-publish"],"acf":[],"_links":{"self":[{"href":"https:\/\/www.kayiprihtim.org\/portal\/wp-json\/wp\/v2\/pages\/156","targetHints":{"allow":["GET"]}}],"collection":[{"href":"https:\/\/www.kayiprihtim.org\/portal\/wp-json\/wp\/v2\/pages"}],"about":[{"href":"https:\/\/www.kayiprihtim.org\/portal\/wp-json\/wp\/v2\/types\/page"}],"author":[{"embeddable":true,"href":"https:\/\/www.kayiprihtim.org\/portal\/wp-json\/wp\/v2\/users\/1"}],"replies":[{"embeddable":true,"href":"https:\/\/www.kayiprihtim.org\/portal\/wp-json\/wp\/v2\/comments?post=156"}],"version-history":[{"count":0,"href":"https:\/\/www.kayiprihtim.org\/portal\/wp-json\/wp\/v2\/pages\/156\/revisions"}],"up":[{"embeddable":true,"href":"https:\/\/www.kayiprihtim.org\/portal\/wp-json\/wp\/v2\/pages\/1029"}],"wp:attachment":[{"href":"https:\/\/www.kayiprihtim.org\/portal\/wp-json\/wp\/v2\/media?parent=156"}],"curies":[{"name":"wp","href":"https:\/\/api.w.org\/{rel}","templated":true}]}}