{"id":15858,"date":"2012-02-27T17:40:45","date_gmt":"2012-02-27T15:40:45","guid":{"rendered":"http:\/\/www.kayiprihtim.org\/portal\/?page_id=15858"},"modified":"2012-02-27T17:40:45","modified_gmt":"2012-02-27T15:40:45","slug":"almuric-on-okuma","status":"publish","type":"page","link":"https:\/\/www.kayiprihtim.org\/portal\/on-okumalar\/almuric-on-okuma\/","title":{"rendered":"Almuric | \u00d6n Okuma"},"content":{"rendered":"<table style=\"width: 600px;\" border=\"0\" align=\"center\">\n<tbody>\n<tr>\n<td><a href=\"https:\/\/www.kayiprihtim.org\/portal\/gorsel\/almuric.jpg\"><img fetchpriority=\"high\" decoding=\"async\" class=\"aligncenter\" src=\"https:\/\/www.kayiprihtim.org\/portal\/gorsel\/almuric.jpg\" alt=\"\" width=\"220\" height=\"331\"><\/a><\/p>\n<p style=\"text-indent: 0.4cm; text-align: justify;\"><strong><span style=\"font-size: medium; font-family: Segoe UI;\">\u00d6NS\u00d6Z<\/span><\/strong><\/p>\n<p style=\"text-indent: 0.4cm; text-align: justify;\"><span style=\"font-size: medium; font-family: Segoe UI;\">Asl\u0131nda Esau Cairn\u2019in yerini veya \u00e7evresini saran gizemi a\u00e7\u0131klamay\u0131 d\u00fc\u015f\u00fcnm\u00fcyordum. Fikrimi de\u011fi\u015ftiren Cairn\u2019in kendisi oldu, kendisini reddeden ve sakinlerinin art\u0131k kendisine asla ula\u015famayaca\u011f\u0131 bir d\u00fcnyaya garip \u00f6yk\u00fcs\u00fcn\u00fc anlatmak i\u00e7in belki de do\u011fal ve insani bir arzu duyuyordu. Ne anlataca\u011f\u0131 ona kalm\u0131\u015f. Bu i\u015fteki rol\u00fcm\u00fcn bir a\u015famas\u0131n\u0131 a\u00e7\u0131klamay\u0131 reddediyorum; Esau Cairn\u2019i kendi Arz\u2019\u0131ndan en \u00e7\u0131lg\u0131n astronomi teorisyenlerince bile hayal edilemeyecek bir g\u00fcne\u015f sistemindeki bir gezegene nas\u0131l ta\u015f\u0131d\u0131\u011f\u0131m\u0131 anlatmayaca\u011f\u0131m. Daha sonra onunla nas\u0131l ileti\u015fim kurdu\u011fumu ve kozmos boyunca bir hayalet gibi f\u0131s\u0131ldad\u0131\u011f\u0131 \u00f6yk\u00fcs\u00fcn\u00fc kendi dudaklar\u0131ndan nas\u0131l dinledi\u011fimi de a\u00e7\u0131klamayaca\u011f\u0131m.<\/span><\/p>\n<p style=\"text-indent: 0.4cm; text-align: justify;\"><span style=\"font-size: medium; font-family: Segoe UI;\">Bunun \u00f6nceden planlanmam\u0131\u015f oldu\u011funu s\u00f6yleyeyim. B\u00fcy\u00fck S\u0131r\u2019r\u0131 bilimsel bir deneyin ortas\u0131nda, tamamen \u015fans eseri ke\u015ffettim ve hi\u00e7bir zaman prati\u011fe d\u00f6kmeyi d\u00fc\u015f\u00fcnmedim, ta ki o gece Esau Cairn, aranan bir adam, eline bir insan\u0131n kan\u0131 bula\u015fm\u0131\u015f bir adam o gece karanl\u0131k g\u00f6zlemevime girene kadar. Onu oraya getiren \u015fanst\u0131, avlanan bir yarat\u0131\u011f\u0131n tuza\u011fa d\u00fc\u015ft\u00fc\u011f\u00fcnde gidebilece\u011fi bir ma\u011fara bulmaya y\u00f6nelik k\u00f6r i\u00e7g\u00fcd\u00fcs\u00fc.<\/span><\/p>\n<p style=\"text-indent: 0.4cm; text-align: justify;\"><span style=\"font-size: medium; font-family: Segoe UI;\">A\u00e7\u0131k\u00e7a ve kesinlikle \u015funu s\u00f6ylemeliyim, aleyhindeki olaylar ne olursa olsun, Esau Cairn bir su\u00e7lu de\u011fildir ve asla olmam\u0131\u015ft\u0131 da. Bu \u00f6zel vakada, kendisi sadece kendi konumunu fark edip onlar\u0131n taleplerini kar\u015f\u0131lamay\u0131 reddetti\u011finde \u00fczerine sald\u0131ran yozla\u015fm\u0131\u015f bir siyasi mekanizman\u0131n ma\u015fas\u0131yd\u0131. Genel olarak, hayat\u0131nda sert ve az\u0131l\u0131 bir yap\u0131 izlenimi b\u0131rakan hareketleri sadece ola\u011fand\u0131\u015f\u0131 zihinsel d\u00fczeninden kaynaklan\u0131yordu.<\/span><\/p>\n<p style=\"text-indent: 0.4cm; text-align: justify;\"><span style=\"font-size: medium; font-family: Segoe UI;\">Bilim nihayet pop\u00fcler \u201czaman\u0131n\u0131n \u00f6tesinde\u201d teriminde b\u00fcy\u00fck bir do\u011fruluk pay\u0131 oldu\u011funu alg\u0131lamaya ba\u015fl\u0131yor. Belirli ki\u015filikler tarihin belli a\u015famalar\u0131na veya d\u00f6nemlerine uyduruluyor ve bu ki\u015filikler, \u015fans eseri kendi tepkileri ve duygular\u0131na yabanc\u0131 bir \u00e7a\u011fa at\u0131ld\u0131\u011f\u0131nda kendilerini \u00e7evrelerine uyarlamakta g\u00fc\u00e7l\u00fck \u00e7ekiyor. Bu, do\u011fan\u0131n bazen kozmik bir s\u00fcrt\u00fcnme veya gedikle rotas\u0131ndan \u00e7\u0131kan ve hem bireye, hem kitleye zarar veren gizemli yasalar\u0131na di\u011fer bir \u00f6rnektir.<\/span><\/p>\n<p style=\"text-indent: 0.4cm; text-align: justify;\"><span style=\"font-size: medium; font-family: Segoe UI;\">Bir\u00e7ok insan y\u00fczy\u0131llar\u0131n\u0131n \u00f6tesinde do\u011far; Esau Cairn \u00e7a\u011f\u0131n\u0131n \u00f6tesinde do\u011fmu\u015ftu. Ne moron, ne de alt s\u0131n\u0131ftan bir yabaniydi, ortalaman\u0131n \u00fczerinde bir zihne sahipti, ama a\u00e7\u0131k\u00e7a modern \u00e7a\u011fda yeri yoktu. Zeki olup makine medeniyetine bu kadar uyumsuz bir adam tan\u0131mam\u0131\u015ft\u0131m. (Kendisinden ge\u00e7mi\u015f zamanda bahsetti\u011fim kayda girsin; Esau Cairn, kozmosa g\u00f6re h\u00e2l\u00e2 ya\u015f\u0131yor; Arz\u2019a g\u00f6re ise o \u00f6l\u00fc, zira bir daha buraya ayak basmayacak.)<\/span><\/p>\n<p style=\"text-indent: 0.4cm; text-align: justify;\"><span style=\"font-size: medium; font-family: Segoe UI;\">Huzursuz bir yap\u0131s\u0131 vard\u0131, bask\u0131ya kar\u015f\u0131 sab\u0131rs\u0131z ve otoriteye k\u0131zg\u0131n. Kesinlikle bir zorba de\u011fildi, ayn\u0131 zamanda haklar\u0131na kar\u015f\u0131 tecav\u00fcz olarak g\u00f6rd\u00fc\u011f\u00fc en k\u00fc\u00e7\u00fck \u015feye dahi tahamm\u00fcl\u00fc yoktu. Tutkular\u0131nda ilkeldi, sert bir mizac\u0131 ve bu gezegende kimseden a\u015fa\u011f\u0131 kalmayan bir cesareti vard\u0131. Hayat\u0131 bir bask\u0131lar silsilesiydi. Spor yar\u0131\u015fmalar\u0131nda bile rakiplerine zarar vermemek i\u00e7in kendini tutmak zorundayd\u0131. Esau Cairn, k\u0131saca, bir ucubeydi \u2013 fiziksel bedeni ve zihinsel yetene\u011fi ilkel \u00e7a\u011flara uzanan bir adam.<\/span><\/p>\n<p style=\"text-indent: 0.4cm; text-align: justify;\"><span style=\"font-size: medium; font-family: Segoe UI;\">G\u00fcneybat\u0131\u2019da do\u011fmu\u015f, eski s\u0131n\u0131r soylar\u0131ndan gelen Cairn, \u015fiddete e\u011filimli ve gelenekleri insan ve do\u011faya kar\u015f\u0131 sava\u015f, kan davas\u0131 ve m\u00fccadeleyi i\u00e7eren bir \u0131rka aitti. \u00c7ocuklu\u011funun ge\u00e7ti\u011fi da\u011fl\u0131k b\u00f6lge bu gelene\u011fi s\u00fcrd\u00fcr\u00fcyordu. Yar\u0131\u015fma \u2013 fiziksel yar\u0131\u015fma \u2013 onun i\u00e7in nefes almak gibiydi. Bu olmaks\u0131z\u0131n dengesiz ve karars\u0131z oluyordu. Kendine \u00f6zg\u00fc fiziksel yap\u0131s\u0131 nedeniyle ringin veya futbol sahas\u0131n\u0131n tad\u0131n\u0131 me\u015fru yoldan \u00e7\u0131karmas\u0131na izin verilmiyordu. Futbolculuk kariyeri rakiplerinin ald\u0131\u011f\u0131 sakat b\u0131rakan yaralarla doluydu ve oyunu kazanmaktan ziyade rakiplerini sakatlamaya \u00e7al\u0131\u015fan gereksiz bi\u00e7imde vah\u015fi bir adam olarak damgalanm\u0131\u015ft\u0131. Bu adil de\u011fildi. Yaralar sadece, her zaman kar\u015f\u0131s\u0131ndakilerden \u00e7ok \u00fcst\u00fcn olan muazzam g\u00fcc\u00fcn\u00fc kullanmas\u0131ndan kaynaklan\u0131yordu. Cairn, bir\u00e7ok g\u00fc\u00e7l\u00fc adam gibi miskin, uyu\u015fuk bir dev de\u011fildi; ate\u015fli bir hayat g\u00fcc\u00fcyle doluydu, dinamik bir enerjiyle yan\u0131yordu. D\u00f6v\u00fc\u015f\u00fcn ihtiras\u0131na kap\u0131ld\u0131\u011f\u0131nda g\u00fcc\u00fcn\u00fc kontrol etmeyi unutur, bu da rakiplerine k\u0131r\u0131k kol veya bacaklar veya \u00e7atlayan kafalar olarak geri d\u00f6nerdi.<\/span><\/p>\n<p style=\"text-indent: 0.4cm; text-align: justify;\"><span style=\"font-size: medium; font-family: Segoe UI;\">Bu nedenle, ho\u015fnutsuz ve g\u00fccenik bi\u00e7imde \u00fcniversiteden ayr\u0131ld\u0131 ve profesyonel boksa ba\u015flad\u0131. Kaderi burada da pe\u015fini b\u0131rakmad\u0131. E\u011fitim b\u00f6l\u00fcm\u00fcnde, daha tek bir ma\u00e7a \u00e7\u0131kmadan, idman arkada\u015f\u0131n\u0131 neredeyse \u00f6l\u00fcmc\u00fcl bi\u00e7imde yaralad\u0131. Gazeteler an\u0131nda olay\u0131n \u00fczerine atlad\u0131 ve ola\u011fandan fazla vurgulad\u0131lar. Sonu\u00e7 olarak Cairn&#8217;in lisans\u0131 iptal edildi.<\/span><\/p>\n<p style=\"text-indent: 0.4cm; text-align: justify;\"><span style=\"font-size: medium; font-family: Segoe UI;\">\u015ea\u015fk\u0131n, ho\u015fnutsuz bir halde d\u00fcnyay\u0131 dola\u015ft\u0131, i\u00e7inde g\u00fcr\u00fclt\u00fcl\u00fc bi\u00e7imde dalgalanan muazzam enerji i\u00e7in bir \u00e7\u0131k\u0131\u015f yeri bak\u0131nan, umutsuzlukla nefsini k\u00f6reltmeye yetecek vah\u015filikte ve yorucu bir hayat bi\u00e7imi arayan, gen\u00e7 bir d\u00fcnyan\u0131n lo\u015f k\u0131z\u0131l g\u00fcnlerinde do\u011fmu\u015f huzursuz bir Herk\u00fcl.<\/span><\/p>\n<p style=\"text-indent: 0.4cm; text-align: justify;\"><span style=\"font-size: medium; font-family: Segoe UI;\">K\u00f6r tutkusunun, bir yabanc\u0131 gibi ama\u00e7s\u0131zca gezdi\u011fi bu hayattan kendisini sonsuza dek s\u00fcrecek son patlamas\u0131 hakk\u0131nda fazla s\u00f6ze hacet yok. Dokuz g\u00fcn s\u00fcren bir heyecand\u0131, gazeteler hayk\u0131ran man\u015fetlerle kullanm\u0131\u015ft\u0131. Eski bir hik\u00e2yeydi bu \u2013 koku\u015fmu\u015f bir \u015fehir y\u00f6netimi, sahtek\u00e2r bir politik lider, fark\u0131nda olmadan bir alet olarak kullan\u0131lmak ve kukla g\u00f6revini g\u00f6rmek i\u00e7in se\u00e7ilmi\u015f bir adam.<\/span><\/p>\n<p style=\"text-indent: 0.4cm; text-align: justify;\"><span style=\"font-size: medium; font-family: Segoe UI;\">Huzursuz, uygun olmad\u0131\u011f\u0131 bir hayat\u0131n monotonlu\u011fundan s\u0131k\u0131lm\u0131\u015f olan Cairn, ideal bir aletti \u2013 bir s\u00fcre i\u00e7in. Ama Cairn ne bir su\u00e7lu, ne de aptald\u0131. Oyunlar\u0131n\u0131 tahminlerinden \u00e7abuk anlam\u0131\u015f ve ger\u00e7ek Cairn\u2019i tan\u0131mayanlara \u015fa\u015f\u0131rt\u0131c\u0131 \u015fekilde \u00f6d\u00fcn vermeden durmu\u015ftu.<\/span><\/p>\n<p style=\"text-indent: 0.4cm; text-align: justify;\"><span style=\"font-size: medium; font-family: Segoe UI;\">Yine de, buna kar\u015f\u0131n, Cairn\u2019i kullan\u0131p mahvetmi\u015f adam ger\u00e7ekten zeki olsayd\u0131, sonu\u00e7 bu kadar \u015fiddetli olmayacakt\u0131. Adamlar\u0131 aya\u011f\u0131n\u0131n alt\u0131nda ezip onlar\u0131n sinerek merhamet dilendi\u011fini g\u00f6rmeye al\u0131\u015fk\u0131n olan Lider Blaine, g\u00fcc\u00fc ve servetiyle etkileyemedi\u011fi bir adamla kar\u015f\u0131 kar\u015f\u0131ya oldu\u011funu anlayamam\u0131\u015ft\u0131. Yine de Cairn demir gibi bir iradeye sahip olmada \u00f6ylesine e\u011fitimliydi ki, onu k\u0131\u015fk\u0131rtmak i\u00e7in Blaine\u2019in \u00f6nce a\u011f\u0131r bir hakaret etmesi ve ger\u00e7ek bir darbe indirmesi gerekmi\u015fti. Ard\u0131ndan, hayat\u0131nda ilk defa, yabani do\u011fas\u0131 tamam\u0131yla kendini g\u00f6stermi\u015fti. Engellenmi\u015f ve bask\u0131lanm\u0131\u015f t\u00fcm hayat\u0131n\u0131n arkas\u0131nda topland\u0131\u011f\u0131 yumru\u011fu, Blaine\u2019in kafas\u0131n\u0131 yumurta gibi k\u0131rarak adam\u0131 cans\u0131z yere, y\u0131llar boyu t\u00fcm b\u00f6lgeyi y\u00f6netti\u011fi masan\u0131n arkas\u0131na, sermi\u015fti.<\/span><\/p>\n<p style=\"text-indent: 0.4cm; text-align: justify;\"><span style=\"font-size: medium; font-family: Segoe UI;\">Cairn aptal de\u011fildi. \u00d6fkenin k\u0131z\u0131l pusu bak\u0131\u015flar\u0131ndan kaybolurken, \u015fehri kontrol alt\u0131nda tutan mekanizman\u0131n intikam\u0131ndan ka\u00e7amayaca\u011f\u0131n\u0131 anlam\u0131\u015ft\u0131. Blaine\u2019in evinden ka\u00e7mas\u0131n\u0131n nedeni korku de\u011fildi. Sadece ilkel, tuza\u011fa d\u00fc\u015ft\u00fc\u011f\u00fcnde gidebilece\u011fi uygun bir yer bulma ve son kavgas\u0131n\u0131 verme i\u00e7g\u00fcd\u00fcs\u00fcyd\u00fc.<\/span><\/p>\n<p style=\"text-indent: 0.4cm; text-align: justify;\"><span style=\"font-size: medium; font-family: Segoe UI;\">Yani onu g\u00f6zlemevime getiren salt tesad\u00fcft\u00fc.<\/span><\/p>\n<p style=\"text-indent: 0.4cm; text-align: justify;\"><span style=\"font-size: medium; font-family: Segoe UI;\">Beni kendi sorunlar\u0131na bula\u015ft\u0131rmak istemedi\u011fi i\u00e7in derhal ayr\u0131lacakt\u0131, ama onu kalmaya ve \u00f6yk\u00fcs\u00fcn\u00fc anlatmaya ikna ettim. Bu tarz bir felaket bekliyordum. Kendini bu kadar uzun s\u00fcre bask\u0131 alt\u0131nda tutmu\u015f olmas\u0131, demir gibi karakteri hakk\u0131nda bir fikir veriyor. Do\u011fas\u0131, yeleli bir aslan kadar vah\u015fi ve yabaniydi.<\/span><\/p>\n<p style=\"text-indent: 0.4cm; text-align: justify;\"><span style=\"font-size: medium; font-family: Segoe UI;\">Hi\u00e7bir plan\u0131 yoktu \u2013 sadece bir yerlerde tahkimat yaparak kur\u015funlarla kalbura \u00e7evrilene kadar polisle \u00e7at\u0131\u015fmay\u0131 d\u00fc\u015f\u00fcn\u00fcyordu.<\/span><\/p>\n<p style=\"text-indent: 0.4cm; text-align: justify;\"><span style=\"font-size: medium; font-family: Segoe UI;\">\u00d6nceleri, daha iyi bir alternatif g\u00f6rmedi\u011fimden onunla hemfikirdim. Aleyhindeki kan\u0131tlarla mahkemede herhangi bir \u015fans\u0131 olaca\u011f\u0131na inanacak kadar saf de\u011fildim. Sonra akl\u0131ma ani bir fikir geldi, son derece ger\u00e7ekd\u0131\u015f\u0131 ve yabanc\u0131, yine de \u00f6ylesine mant\u0131kl\u0131yd\u0131 ki hemen yolda\u015f\u0131ma a\u00e7t\u0131m. Ona B\u00fcy\u00fck S\u0131r\u2019dan bahsettim ve m\u00fcmk\u00fcn olabilirli\u011finin kan\u0131tlar\u0131n\u0131 sundum.<\/span><\/p>\n<p style=\"text-indent: 0.4cm; text-align: justify;\"><span style=\"font-size: medium; font-family: Segoe UI;\">K\u0131sacas\u0131, kendisini bekleyen kesin \u00f6l\u00fcmle y\u00fczle\u015fmektense uzayda bir u\u00e7u\u015f riskine girmesi i\u00e7in te\u015fvik ettim.<\/span><\/p>\n<p style=\"text-indent: 0.4cm; text-align: justify;\"><span style=\"font-size: medium; font-family: Segoe UI;\">Ve kabul etti. Evrende insan hayat\u0131n\u0131 destekleyecek hi\u00e7bir yer yoktu. Ama insan\u0131n bildiklerinin \u00f6tesine, evrenlerin \u00f6tesindeki evrenlere bakm\u0131\u015ft\u0131m. Ve \u00fczerinde bir insan\u0131n varl\u0131\u011f\u0131n\u0131 s\u00fcrd\u00fcrebilece\u011fi tek gezegeni se\u00e7tim \u2013 isimlendirdi\u011fim yabani, ilkel ve garip gezegen.<\/span><\/p>\n<p style=\"text-indent: 0.4cm; text-align: justify;\"><span style=\"font-size: medium; font-family: Segoe UI;\">Cairn riskleri ve belirsizlikleri benim kadar iyi anl\u0131yordu. Ama hi\u00e7 korkusu yoktu \u2013 ve i\u015f bitti. Esau Cairn do\u011fdu\u011fu gezegeni terk ederek uzay\u0131n derinlerinde y\u00fczen, yabanc\u0131, so\u011fuk, garip bir d\u00fcnyaya gitti.<\/span><\/p>\n<div class=\"seperator\">#<\/div>\n<p><strong>\u00c7eviri<\/strong>: Yosun Erdemli<\/td>\n<\/tr>\n<\/tbody>\n<\/table>\n","protected":false},"excerpt":{"rendered":"<p>\u00d6NS\u00d6Z Asl\u0131nda Esau Cairn\u2019in yerini veya \u00e7evresini saran gizemi a\u00e7\u0131klamay\u0131 d\u00fc\u015f\u00fcnm\u00fcyordum. Fikrimi de\u011fi\u015ftiren Cairn\u2019in kendisi oldu, kendisini reddeden ve sakinlerinin art\u0131k kendisine asla ula\u015famayaca\u011f\u0131 bir d\u00fcnyaya garip \u00f6yk\u00fcs\u00fcn\u00fc anlatmak i\u00e7in belki de do\u011fal ve insani bir arzu duyuyordu. Ne anlataca\u011f\u0131 ona kalm\u0131\u015f. Bu i\u015fteki rol\u00fcm\u00fcn bir a\u015famas\u0131n\u0131 a\u00e7\u0131klamay\u0131 reddediyorum; Esau Cairn\u2019i kendi Arz\u2019\u0131ndan en \u00e7\u0131lg\u0131n [&hellip;]<\/p>\n","protected":false},"author":1,"featured_media":0,"parent":4833,"menu_order":0,"comment_status":"open","ping_status":"closed","template":"fullwidth.php","meta":{"_acf_changed":false,"footnotes":""},"class_list":["post-15858","page","type-page","status-publish"],"acf":[],"_links":{"self":[{"href":"https:\/\/www.kayiprihtim.org\/portal\/wp-json\/wp\/v2\/pages\/15858","targetHints":{"allow":["GET"]}}],"collection":[{"href":"https:\/\/www.kayiprihtim.org\/portal\/wp-json\/wp\/v2\/pages"}],"about":[{"href":"https:\/\/www.kayiprihtim.org\/portal\/wp-json\/wp\/v2\/types\/page"}],"author":[{"embeddable":true,"href":"https:\/\/www.kayiprihtim.org\/portal\/wp-json\/wp\/v2\/users\/1"}],"replies":[{"embeddable":true,"href":"https:\/\/www.kayiprihtim.org\/portal\/wp-json\/wp\/v2\/comments?post=15858"}],"version-history":[{"count":0,"href":"https:\/\/www.kayiprihtim.org\/portal\/wp-json\/wp\/v2\/pages\/15858\/revisions"}],"up":[{"embeddable":true,"href":"https:\/\/www.kayiprihtim.org\/portal\/wp-json\/wp\/v2\/pages\/4833"}],"wp:attachment":[{"href":"https:\/\/www.kayiprihtim.org\/portal\/wp-json\/wp\/v2\/media?parent=15858"}],"curies":[{"name":"wp","href":"https:\/\/api.w.org\/{rel}","templated":true}]}}