{"id":15932,"date":"2012-03-03T16:10:02","date_gmt":"2012-03-03T14:10:02","guid":{"rendered":"http:\/\/www.kayiprihtim.org\/portal\/?page_id=15932"},"modified":"2012-03-03T16:15:20","modified_gmt":"2012-03-03T14:15:20","slug":"cocuklar-ve-canavarlari","status":"publish","type":"page","link":"https:\/\/www.kayiprihtim.org\/portal\/kitaplar\/cocuklar-ve-canavarlari\/","title":{"rendered":"\u00c7ocuklar ve Canavarlar\u0131"},"content":{"rendered":"<table style=\"border: thin outset; border-collapse: collapse; height: 30px; width: 470px;\" border=\"0\" cellpadding=\"2\">\n<tbody>\n<tr>\n<td bgcolor=\"#330000\" width=\"30%\"><span style=\"color: #ffffff;\"><span style=\"font-family: Verdana;\"><strong>\u00c7OCUKLAR VE CANAVARLARI<\/strong><\/span><\/span><\/td>\n<\/tr>\n<\/tbody>\n<\/table>\n<table style=\"border-collapse: collapse; width: 462px; height: 250px;\" border=\"0\" cellspacing=\"0\" cellpadding=\"0\">\n<tbody>\n<tr>\n<td align=\"center\" valign=\"top\" width=\"58%\">\n<table style=\"border-collapse: collapse; width: 315px; height: 248px;\" border=\"0\" cellspacing=\"2\">\n<tbody>\n<tr>\n<td align=\"right\" width=\"100%\">\n<table style=\"width: 310px; height: 88px;\" border=\"0\" cellspacing=\"0\">\n<tbody>\n<tr bgcolor=\"#d1c4a5\">\n<td width=\"39%\"><strong>Yazar<\/strong><\/td>\n<td width=\"3%\">:<\/td>\n<td width=\"51%\"><span style=\"color: #993300;\"><strong>Ahmet Tulgar<\/strong><\/span><\/td>\n<\/tr>\n<tr bgcolor=\"#e4ddcb\">\n<td><strong>Edit\u00f6r<\/strong><\/td>\n<td width=\"3%\">:<\/td>\n<td width=\"51%\">&#8211;<\/td>\n<\/tr>\n<tr bgcolor=\"#d1c4a5\">\n<td width=\"39%\"><strong>Kapak<\/strong><\/td>\n<td width=\"3%\">:<\/td>\n<td width=\"51%\">&#8211;<\/td>\n<\/tr>\n<tr bgcolor=\"#e4ddcb\">\n<td width=\"39%\"><strong>Ebat<\/strong><\/td>\n<td width=\"3%\">:<\/td>\n<td width=\"51%\">13.5\u00d719.5 cm<\/td>\n<\/tr>\n<\/tbody>\n<\/table>\n<\/td>\n<\/tr>\n<tr>\n<td style=\"border-style: solid ridge ridge; border-width: 1px; padding-left: 4px; padding-right: 4px;\" bgcolor=\"#c0b18d\" width=\"100%\"><strong><span style=\"font-size: 9pt; font-family: Tahoma;\">Do\u011fan Kitap<br \/>\n<\/span><\/strong><\/td>\n<\/tr>\n<tr>\n<td align=\"right\" width=\"100%\">\n<table style=\"width: 310px; height: 88px;\" border=\"0\" cellspacing=\"0\">\n<tbody>\n<tr bgcolor=\"#e4ddcb\">\n<td width=\"39%\"><strong>\u00c7\u0131k\u0131\u015f Tarihi<\/strong><\/td>\n<td width=\"3%\">:<\/td>\n<td width=\"51%\">Mart, 2012<\/td>\n<\/tr>\n<tr bgcolor=\"#d1c4a5\">\n<td><strong>Sayfa Say\u0131s\u0131<\/strong><\/td>\n<td width=\"3%\">:<\/td>\n<td width=\"51%\">156<\/td>\n<\/tr>\n<tr bgcolor=\"#e4ddcb\">\n<td width=\"39%\"><strong>Fiyat\u0131<\/strong><\/td>\n<td width=\"3%\">:<\/td>\n<td width=\"51%\">11,00 TL<\/td>\n<\/tr>\n<tr bgcolor=\"#d1c4a5\">\n<td width=\"39%\"><strong>ISBN No<\/strong><\/td>\n<td width=\"3%\">:<\/td>\n<td width=\"51%\">978-605-09-0573-1<\/td>\n<\/tr>\n<\/tbody>\n<\/table>\n<\/td>\n<\/tr>\n<\/tbody>\n<\/table>\n<\/td>\n<td style=\"width: 39%;\" align=\"center\" valign=\"middle\">\n<p style=\"text-align: center;\"><a href=\"https:\/\/www.kayiprihtim.org\/portal\/gorsel\/cocuklar-ve-canvarlari.jpg\" target=\"_blank\"><img decoding=\"async\" class=\"aligncenter\" src=\"https:\/\/www.kayiprihtim.org\/portal\/gorsel\/cocuklar-ve-canvarlari.jpg\" alt=\"\" width=\"140\" height=\"219\" border=\"0\" hspace=\"1\"><\/a><\/p>\n<\/td>\n<\/tr>\n<\/tbody>\n<\/table>\n<table style=\"border-collapse: collapse; width: 47%;\" border=\"0\" cellpadding=\"0\">\n<tbody>\n<tr>\n<td width=\"54%\">\n<table style=\"border-collapse: collapse; height: 147px; width: 470px;\" border=\"0\" cellspacing=\"0\" cellpadding=\"2\">\n<tbody>\n<tr>\n<td style=\"border-style: solid ridge ridge; border-width: 1px; padding-left: 4px; padding-right: 4px;\" bgcolor=\"#c0b18d\" width=\"98%\"><strong><span style=\"font-size: 9pt; font-family: Tahoma;\">Tan\u0131t\u0131m Yaz\u0131s\u0131<\/span><\/strong><\/td>\n<\/tr>\n<tr>\n<td align=\"left\" width=\"99%\">\n<table style=\"width: 465px;\" border=\"0\">\n<tbody>\n<tr>\n<td style=\"border-style: outset; border-width: 1px;\" bgcolor=\"#d1c4a5\" width=\"96%\">\n<table style=\"border-collapse: collapse; width: 452px; height: 199px;\" border=\"0\" cellspacing=\"0\" cellpadding=\"5\" bgcolor=\"#d1c4a5\">\n<tbody>\n<tr>\n<td style=\"text-align: left;\" bgcolor=\"#d1c4a5\" width=\"96%\">B\u00fct\u00fcn cinayetler kolay \u00e7\u00f6z\u00fcl\u00fcyordu. Bazen s\u0131rf kendimi, arkada\u015flar\u0131m\u0131 oyalayay\u0131m diye, s\u0131rf belki amirimizde bir heyecan, bir heves uyand\u0131r\u0131r\u0131m diye baz\u0131 delilleri yok ediyor, sakl\u0131yordum. Ama su\u00e7lular\u0131n a\u011fz\u0131 torba de\u011fil ki b\u00fczesin. \u0130ki g\u00fcn ge\u00e7meden en direnecekmi\u015f gibi g\u00f6r\u00fcneni sordu\u011fumuzdan fazlas\u0131n\u0131 anlat\u0131yordu. O s\u0131k\u0131c\u0131 hayatlar\u0131n\u0131n s\u00fcs\u00fcym\u00fc\u015f, o s\u0131k\u0131c\u0131 hayatlar\u0131n\u0131 s\u00fcslermi\u015f gibi, bizde hayranl\u0131k ya da en az\u0131ndan sayg\u0131 uyand\u0131racakm\u0131\u015f gibi b\u00f6b\u00fcrlene b\u00f6b\u00fcrlene anlat\u0131yorlard\u0131 k\u0131\u00e7\u0131 k\u0131r\u0131k cinayetlerini. Nas\u0131l k\u0131z\u0131yordum onlara o zaman. Evde kar\u0131ma k\u0131zam\u0131yordum ama burada k\u0131zmak serbestti.D\u00fcnyalar\u0131 birbirine tamamen yabanc\u0131 iki insan\u0131n, bir sorgu m\u00fcfetti\u015fi ile \u00fcnl\u00fc bir yazar\u0131n bir cinayetle kesi\u015fen yollar\u0131 bamba\u015fka bir d\u00fcnyan\u0131n kap\u0131lar\u0131n\u0131 aralar. Bir mafya \u00fcyesini baltayla \u00f6ld\u00fcrd\u00fckten sonra teslim<br \/>\nolan yazar Sarp Kaya, kendisini sorgulayan m\u00fcfetti\u015fin hayata, insanlara, hatta d\u00fcnyaya bak\u0131\u015f\u0131n\u0131 t\u00fcmden de\u011fi\u015ftirecek, bilindik her \u015fey ge\u00e7erlili\u011fini yitirecektir. Sevmenin \u00f6ld\u00fcrmek, iticili\u011fin \u00e7ekicilik, tutsakl\u0131\u011f\u0131n \u00f6zg\u00fcrl\u00fck, d\u00fcz \u00e7izginin daire, anlat\u0131lanlar\u0131n ise asl\u0131nda anlat\u0131lmayanlar oldu\u011fu bir ger\u00e7eklik ya\u015fanacakt\u0131r bundan b\u00f6yle.\u00c7ocuklar ve Canavarlar\u0131 par\u00e7alarken b\u00fct\u00fcnle\u015ftirmenin m\u00fcmk\u00fcn oldu\u011funa dair son derece etkileyici bir roman.<\/td>\n<\/tr>\n<\/tbody>\n<\/table>\n<\/td>\n<\/tr>\n<\/tbody>\n<\/table>\n<\/td>\n<\/tr>\n<\/tbody>\n<\/table>\n<\/td>\n<\/tr>\n<\/tbody>\n<\/table>\n","protected":false},"excerpt":{"rendered":"<p>\u00c7OCUKLAR VE CANAVARLARI Yazar : Ahmet Tulgar Edit\u00f6r : &#8211; Kapak : &#8211; Ebat : 13.5\u00d719.5 cm Do\u011fan Kitap \u00c7\u0131k\u0131\u015f Tarihi : Mart, 2012 Sayfa Say\u0131s\u0131 : 156 Fiyat\u0131 : 11,00 TL ISBN No : 978-605-09-0573-1 Tan\u0131t\u0131m Yaz\u0131s\u0131 B\u00fct\u00fcn cinayetler kolay \u00e7\u00f6z\u00fcl\u00fcyordu. Bazen s\u0131rf kendimi, arkada\u015flar\u0131m\u0131 oyalayay\u0131m diye, s\u0131rf belki amirimizde bir heyecan, bir heves [&hellip;]<\/p>\n","protected":false},"author":1,"featured_media":0,"parent":57,"menu_order":0,"comment_status":"open","ping_status":"closed","template":"","meta":{"_acf_changed":false,"footnotes":""},"class_list":["post-15932","page","type-page","status-publish"],"acf":[],"_links":{"self":[{"href":"https:\/\/www.kayiprihtim.org\/portal\/wp-json\/wp\/v2\/pages\/15932","targetHints":{"allow":["GET"]}}],"collection":[{"href":"https:\/\/www.kayiprihtim.org\/portal\/wp-json\/wp\/v2\/pages"}],"about":[{"href":"https:\/\/www.kayiprihtim.org\/portal\/wp-json\/wp\/v2\/types\/page"}],"author":[{"embeddable":true,"href":"https:\/\/www.kayiprihtim.org\/portal\/wp-json\/wp\/v2\/users\/1"}],"replies":[{"embeddable":true,"href":"https:\/\/www.kayiprihtim.org\/portal\/wp-json\/wp\/v2\/comments?post=15932"}],"version-history":[{"count":0,"href":"https:\/\/www.kayiprihtim.org\/portal\/wp-json\/wp\/v2\/pages\/15932\/revisions"}],"up":[{"embeddable":true,"href":"https:\/\/www.kayiprihtim.org\/portal\/wp-json\/wp\/v2\/pages\/57"}],"wp:attachment":[{"href":"https:\/\/www.kayiprihtim.org\/portal\/wp-json\/wp\/v2\/media?parent=15932"}],"curies":[{"name":"wp","href":"https:\/\/api.w.org\/{rel}","templated":true}]}}