{"id":16177,"date":"2012-03-18T23:34:52","date_gmt":"2012-03-18T21:34:52","guid":{"rendered":"http:\/\/www.kayiprihtim.org\/portal\/?page_id=16177"},"modified":"2016-05-28T12:25:20","modified_gmt":"2016-05-28T09:25:20","slug":"biz-bunu-istiyoruz-2","status":"publish","type":"page","link":"https:\/\/www.kayiprihtim.org\/portal\/projeler\/biz-bunu-istiyoruz\/biz-bunu-istiyoruz-2\/","title":{"rendered":"Biz Bunu \u0130stiyoruz #2 | The Witcher"},"content":{"rendered":"<table style=\"text-align: center; height: 800px; width: 900px; background-image: url('https:\/\/www.kayiprihtim.org\/portal\/gorsel\/2012\/03\/bg.jpg');\" border=\"0\" align=\"center\">\n<thead>\n<tr style=\"text-align: center; height: 800px; width: 900px; background-image: url('https:\/\/www.kayiprihtim.org\/portal\/gorsel\/2012\/03\/bg.jpg');\" align=\"center\">\n<td style=\"font-size: 16px; text-align: center;\" align=\"center\" valign=\"middle\"><span style=\"font-family: georgia,palatino;\"><a href=\"https:\/\/www.kayiprihtim.org\/portal\/2012\/04\/24\/biz-bunu-istiyoruz-2-the-witcher\/\">Giri\u015f<\/a><\/span><\/p>\n<p><span style=\"font-family: georgia,palatino;\"><a href=\"https:\/\/www.kayiprihtim.org\/portal\/projeler\/biz-bunu-istiyoruz\/biz-bunu-istiyoruz-2\/andrzej-sapkowski\/\">Andrzej Sapkowski Kimdir?<\/a><\/span><\/p>\n<p><span style=\"font-family: georgia,palatino;\"><a href=\"https:\/\/www.kayiprihtim.org\/portal\/projeler\/biz-bunu-istiyoruz\/biz-bunu-istiyoruz-2\/the-last-wish-tanitim-yazisi\/\">The Last Wish\u00a0&#8211; Tan\u0131t\u0131m Yaz\u0131s\u0131<\/a><\/span><\/p>\n<p><span style=\"font-family: georgia,palatino;\"><a href=\"https:\/\/www.kayiprihtim.org\/portal\/projeler\/biz-bunu-istiyoruz\/biz-bunu-istiyoruz-2\/the-last-wish-on-okuma\/\">The Last Wish\u00a0&#8211; \u00d6n Okuma<\/a><\/span><\/p>\n<p><span style=\"font-family: georgia,palatino;\"><a href=\"https:\/\/www.kayiprihtim.org\/portal\/projeler\/biz-bunu-istiyoruz\/biz-bunu-istiyoruz-2\/the-last-wish-inceleme\/\">The Last Wish\u00a0&#8211; \u0130nceleme<\/a><\/span><\/p>\n<p><span style=\"font-family: georgia,palatino;\"><a href=\"https:\/\/www.kayiprihtim.org\/portal\/projeler\/biz-bunu-istiyoruz\/biz-bunu-istiyoruz-2\/the-last-wish-inceleme-2\/\">The Last Wish &#8211; \u0130nceleme #2<\/a><\/span><\/p>\n<p><span style=\"font-family: georgia,palatino;\"><a href=\"https:\/\/www.kayiprihtim.org\/portal\/projeler\/biz-bunu-istiyoruz\/biz-bunu-istiyoruz-2\/blood-of-elves-tanitim-yazisi\/\">Blood of Elves\u00a0&#8211; Tan\u0131t\u0131m Yaz\u0131s\u0131<\/a><\/span><\/p>\n<p><span style=\"font-family: georgia,palatino;\"><a href=\"https:\/\/www.kayiprihtim.org\/portal\/projeler\/biz-bunu-istiyoruz\/biz-bunu-istiyoruz-2\/blood-of-elves-on-okuma\/\">Blood of Elves\u00a0&#8211; \u00d6n Okuma<\/a><\/span><\/p>\n<p><span style=\"font-family: georgia,palatino;\"><a href=\"https:\/\/www.kayiprihtim.org\/portal\/projeler\/biz-bunu-istiyoruz\/biz-bunu-istiyoruz-2\/blood-of-elves-inceleme\/\">Blood of Elves\u00a0&#8211; \u0130nceleme<\/a><\/span><\/p>\n<p><span style=\"font-family: georgia,palatino;\"><a href=\"https:\/\/www.kayiprihtim.org\/portal\/projeler\/biz-bunu-istiyoruz\/biz-bunu-istiyoruz-2\/the-witcher-kitap-siralamasi\/\">The Witcher &#8211; Kitap S\u0131ralamas\u0131<br \/>\n<\/a><\/span><\/p>\n<p><span style=\"font-family: georgia,palatino;\"><a href=\"https:\/\/www.kayiprihtim.org\/portal\/projeler\/biz-bunu-istiyoruz\/biz-bunu-istiyoruz-2\/the-witcher-okur-yorumlari\/\">The Witcher Okur Yorumlar\u0131<br \/>\n<\/a><\/span><\/p>\n<p><span style=\"font-family: georgia,palatino;\"><a href=\"https:\/\/www.kayiprihtim.org\/portal\/projeler\/biz-bunu-istiyoruz\/biz-bunu-istiyoruz-2\/ikinci-kitap-ve-kisa-hikayeleri-hakkinda\/\">The Witcher \u0130kinci Kitab\u0131 ve K\u0131sa Hik\u00e2yeleri Hakk\u0131nda<br \/>\n<\/a><\/span><\/p>\n<p style=\"text-align: center;\"><span style=\"font-family: georgia,palatino;\"><a href=\"https:\/\/www.kayiprihtim.org\/portal\/projeler\/biz-bunu-istiyoruz\/biz-bunu-istiyoruz-2\/the-witcher-tesekkurler\/\"><strong>Te\u015fekk\u00fcrler&#8230;<\/strong><\/a><br \/>\n<\/span><\/p>\n<p style=\"text-align: center;\"><img fetchpriority=\"high\" decoding=\"async\" class=\"aligncenter\" style=\"border: 0pt none; border-width: 0pt;\" src=\"https:\/\/www.kayiprihtim.org\/portal\/gorsel\/2012\/03\/logo.png\" alt=\"\" width=\"300\" height=\"245\"><\/p>\n<\/td>\n<\/tr>\n<\/thead>\n<\/table>\n<p>&nbsp;<\/p>\n","protected":false},"excerpt":{"rendered":"<p>Giri\u015f Andrzej Sapkowski Kimdir? The Last Wish\u00a0&#8211; Tan\u0131t\u0131m Yaz\u0131s\u0131 The Last Wish\u00a0&#8211; \u00d6n Okuma The Last Wish\u00a0&#8211; \u0130nceleme The Last Wish &#8211; \u0130nceleme #2 Blood of Elves\u00a0&#8211; Tan\u0131t\u0131m Yaz\u0131s\u0131 Blood of Elves\u00a0&#8211; \u00d6n Okuma Blood of Elves\u00a0&#8211; \u0130nceleme The Witcher &#8211; Kitap S\u0131ralamas\u0131 The Witcher Okur Yorumlar\u0131 The Witcher \u0130kinci Kitab\u0131 ve K\u0131sa Hik\u00e2yeleri Hakk\u0131nda [&hellip;]<\/p>\n","protected":false},"author":1,"featured_media":57045,"parent":14713,"menu_order":0,"comment_status":"open","ping_status":"closed","template":"fullwidth.php","meta":{"_acf_changed":false,"footnotes":""},"class_list":["post-16177","page","type-page","status-publish","has-post-thumbnail"],"acf":[],"_links":{"self":[{"href":"https:\/\/www.kayiprihtim.org\/portal\/wp-json\/wp\/v2\/pages\/16177","targetHints":{"allow":["GET"]}}],"collection":[{"href":"https:\/\/www.kayiprihtim.org\/portal\/wp-json\/wp\/v2\/pages"}],"about":[{"href":"https:\/\/www.kayiprihtim.org\/portal\/wp-json\/wp\/v2\/types\/page"}],"author":[{"embeddable":true,"href":"https:\/\/www.kayiprihtim.org\/portal\/wp-json\/wp\/v2\/users\/1"}],"replies":[{"embeddable":true,"href":"https:\/\/www.kayiprihtim.org\/portal\/wp-json\/wp\/v2\/comments?post=16177"}],"version-history":[{"count":0,"href":"https:\/\/www.kayiprihtim.org\/portal\/wp-json\/wp\/v2\/pages\/16177\/revisions"}],"up":[{"embeddable":true,"href":"https:\/\/www.kayiprihtim.org\/portal\/wp-json\/wp\/v2\/pages\/14713"}],"wp:featuredmedia":[{"embeddable":true,"href":"https:\/\/www.kayiprihtim.org\/portal\/wp-json\/wp\/v2\/media\/57045"}],"wp:attachment":[{"href":"https:\/\/www.kayiprihtim.org\/portal\/wp-json\/wp\/v2\/media?parent=16177"}],"curies":[{"name":"wp","href":"https:\/\/api.w.org\/{rel}","templated":true}]}}