{"id":16239,"date":"2012-03-23T14:33:33","date_gmt":"2012-03-23T12:33:33","guid":{"rendered":"http:\/\/www.kayiprihtim.org\/portal\/?page_id=16239"},"modified":"2012-03-23T14:33:33","modified_gmt":"2012-03-23T12:33:33","slug":"din-karsiti-6-nesil","status":"publish","type":"page","link":"https:\/\/www.kayiprihtim.org\/portal\/kitaplar\/din-karsiti-6-nesil\/","title":{"rendered":"Din Kar\u015f\u0131t\u0131 &#8211; 6. Nesil"},"content":{"rendered":"<table style=\"border: thin outset; border-collapse: collapse; height: 30px; width: 470px;\" border=\"0\" cellpadding=\"2\">\n<tbody>\n<tr>\n<td bgcolor=\"#330000\" width=\"30%\"><span style=\"color: #ffffff;\"><span style=\"font-family: Verdana;\"><strong>D\u0130N KAR\u015eITI &#8211; ALTINCI NES\u0130L<\/strong><\/span><\/span><\/td>\n<\/tr>\n<\/tbody>\n<\/table>\n<table style=\"border-collapse: collapse; width: 462px; height: 250px;\" border=\"0\" cellspacing=\"0\" cellpadding=\"0\">\n<tbody>\n<tr>\n<td align=\"center\" valign=\"top\" width=\"58%\">\n<table style=\"border-collapse: collapse; width: 315px; height: 248px;\" border=\"0\" cellspacing=\"2\">\n<tbody>\n<tr>\n<td align=\"right\" width=\"100%\">\n<table style=\"width: 310px; height: 88px;\" border=\"0\" cellspacing=\"0\">\n<tbody>\n<tr bgcolor=\"#d1c4a5\">\n<td width=\"39%\"><strong>Yazar<\/strong><\/td>\n<td width=\"3%\">:<\/td>\n<td width=\"51%\"><span style=\"color: #993300;\"><strong>B\u00fclent Eri\u015f<\/strong><\/span><\/td>\n<\/tr>\n<tr bgcolor=\"#e4ddcb\">\n<td><strong>Edit\u00f6r<\/strong><\/td>\n<td width=\"3%\">:<\/td>\n<td width=\"51%\">\n<div>H\u00fcseyin Movit<\/div>\n<\/td>\n<\/tr>\n<tr bgcolor=\"#d1c4a5\">\n<td width=\"39%\"><strong>Redaksiyon<\/strong><\/td>\n<td width=\"3%\">:<\/td>\n<td width=\"51%\">\n<div>G\u00fclten Akderin M.<\/div>\n<\/td>\n<\/tr>\n<tr bgcolor=\"#e4ddcb\">\n<td width=\"39%\"><strong>Ebat<\/strong><\/td>\n<td width=\"3%\">:<\/td>\n<td width=\"51%\">14 x 21 cm<\/td>\n<\/tr>\n<\/tbody>\n<\/table>\n<\/td>\n<\/tr>\n<tr>\n<td style=\"border-style: solid ridge ridge; border-width: 1px; padding-left: 4px; padding-right: 4px;\" bgcolor=\"#c0b18d\" width=\"100%\"><strong><span style=\"font-size: 9pt; font-family: Tahoma;\">Truva Yay\u0131nlar\u0131<br \/>\n<\/span><\/strong><\/td>\n<\/tr>\n<tr>\n<td align=\"right\" width=\"100%\">\n<table style=\"width: 310px; height: 88px;\" border=\"0\" cellspacing=\"0\">\n<tbody>\n<tr bgcolor=\"#e4ddcb\">\n<td width=\"39%\"><strong>\u00c7\u0131k\u0131\u015f Tarihi<\/strong><\/td>\n<td width=\"3%\">:<\/td>\n<td width=\"51%\">Nisan, 2012<\/td>\n<\/tr>\n<tr bgcolor=\"#d1c4a5\">\n<td><strong>Sayfa Say\u0131s\u0131<\/strong><\/td>\n<td width=\"3%\">:<\/td>\n<td width=\"51%\">336<\/td>\n<\/tr>\n<tr bgcolor=\"#e4ddcb\">\n<td width=\"39%\"><strong>Fiyat\u0131<\/strong><\/td>\n<td width=\"3%\">:<\/td>\n<td width=\"51%\">15,00 TL<\/td>\n<\/tr>\n<tr bgcolor=\"#d1c4a5\">\n<td width=\"39%\"><strong>ISBN No<\/strong><\/td>\n<td width=\"3%\">:<\/td>\n<td width=\"51%\">\n<div>978-605-5416-38-6<\/div>\n<\/td>\n<\/tr>\n<\/tbody>\n<\/table>\n<\/td>\n<\/tr>\n<\/tbody>\n<\/table>\n<\/td>\n<td style=\"width: 39%;\" align=\"center\" valign=\"middle\">\n<p style=\"text-align: center;\"><a href=\"https:\/\/www.kayiprihtim.org\/portal\/gorsel\/din-karsiti.jpg\" target=\"_blank\"><img decoding=\"async\" class=\"aligncenter\" src=\"https:\/\/www.kayiprihtim.org\/portal\/gorsel\/din-karsiti.jpg\" alt=\"\" width=\"140\" height=\"219\" border=\"0\" hspace=\"1\"><\/a><\/p>\n<\/td>\n<\/tr>\n<\/tbody>\n<\/table>\n<table style=\"border-collapse: collapse; width: 47%;\" border=\"0\" cellpadding=\"0\">\n<tbody>\n<tr>\n<td width=\"54%\">\n<table style=\"border-collapse: collapse; height: 147px; width: 470px;\" border=\"0\" cellspacing=\"0\" cellpadding=\"2\">\n<tbody>\n<tr>\n<td style=\"border-style: solid ridge ridge; border-width: 1px; padding-left: 4px; padding-right: 4px;\" bgcolor=\"#c0b18d\" width=\"98%\"><strong><span style=\"font-size: 9pt; font-family: Tahoma;\">Tan\u0131t\u0131m Yaz\u0131s\u0131<\/span><\/strong><\/td>\n<\/tr>\n<tr>\n<td align=\"left\" width=\"99%\">\n<table style=\"width: 465px;\" border=\"0\">\n<tbody>\n<tr>\n<td style=\"border-style: outset; border-width: 1px;\" bgcolor=\"#d1c4a5\" width=\"96%\">\n<table style=\"border-collapse: collapse; width: 452px; height: 199px;\" border=\"0\" cellspacing=\"0\" cellpadding=\"5\" bgcolor=\"#d1c4a5\">\n<tbody>\n<tr>\n<td bgcolor=\"#d1c4a5\" width=\"96%\"><strong>\u0130lk Macera \u2013 Kurgu Roman\u0131n\u0131n Yazar\u0131ndan\u2026<\/strong><\/p>\n<p>&nbsp;<\/p>\n<p>Yeni D\u00fcnya Dini New Age<\/p>\n<p>&nbsp;<\/p>\n<p>Bir \u0130lahiyat Hocas\u0131n\u0131n Ateizme Yolculu\u011fu<\/p>\n<p>&nbsp;<\/p>\n<p>\u0130nsan-Maymun \u00c7iftle\u015fmesi Deneyleri<\/p>\n<p>&nbsp;<\/p>\n<p>Dini Yok Etmeye \u00c7al\u0131\u015fan Bir \u00d6rg\u00fct<\/p>\n<p>&nbsp;<\/p>\n<p>Atlantis, Mu Uygarl\u0131klar\u0131n\u0131n Ard\u0131ndaki S\u0131r<\/p>\n<p>&nbsp;<\/p>\n<p>2012 D\u00fcnyan\u0131n Yok Olu\u015fu<\/p>\n<p>&nbsp;<\/p>\n<p>Se\u00e7ilmi\u015f Mesih<\/p>\n<p>&nbsp;<\/p>\n<p>Kristal Kafataslar\u0131<\/p>\n<p>&nbsp;<\/p>\n<p>Maya ve M\u0131s\u0131r Piramitleri<\/p>\n<p>&nbsp;<\/p>\n<p>Uzayl\u0131 Tanr\u0131lar\u0131n \u00c7ocuklar\u0131<\/p>\n<p>&nbsp;<\/p>\n<p>Askeri Darbelerin Gizledikleri<\/td>\n<\/tr>\n<\/tbody>\n<\/table>\n<\/td>\n<\/tr>\n<\/tbody>\n<\/table>\n<\/td>\n<\/tr>\n<\/tbody>\n<\/table>\n<\/td>\n<\/tr>\n<\/tbody>\n<\/table>\n","protected":false},"excerpt":{"rendered":"<p>D\u0130N KAR\u015eITI &#8211; ALTINCI NES\u0130L Yazar : B\u00fclent Eri\u015f Edit\u00f6r : H\u00fcseyin Movit Redaksiyon : G\u00fclten Akderin M. Ebat : 14 x 21 cm Truva Yay\u0131nlar\u0131 \u00c7\u0131k\u0131\u015f Tarihi : Nisan, 2012 Sayfa Say\u0131s\u0131 : 336 Fiyat\u0131 : 15,00 TL ISBN No : 978-605-5416-38-6 Tan\u0131t\u0131m Yaz\u0131s\u0131 \u0130lk Macera \u2013 Kurgu Roman\u0131n\u0131n Yazar\u0131ndan\u2026 &nbsp; Yeni D\u00fcnya Dini [&hellip;]<\/p>\n","protected":false},"author":1,"featured_media":0,"parent":57,"menu_order":0,"comment_status":"open","ping_status":"closed","template":"","meta":{"_acf_changed":false,"footnotes":""},"class_list":["post-16239","page","type-page","status-publish"],"acf":[],"_links":{"self":[{"href":"https:\/\/www.kayiprihtim.org\/portal\/wp-json\/wp\/v2\/pages\/16239","targetHints":{"allow":["GET"]}}],"collection":[{"href":"https:\/\/www.kayiprihtim.org\/portal\/wp-json\/wp\/v2\/pages"}],"about":[{"href":"https:\/\/www.kayiprihtim.org\/portal\/wp-json\/wp\/v2\/types\/page"}],"author":[{"embeddable":true,"href":"https:\/\/www.kayiprihtim.org\/portal\/wp-json\/wp\/v2\/users\/1"}],"replies":[{"embeddable":true,"href":"https:\/\/www.kayiprihtim.org\/portal\/wp-json\/wp\/v2\/comments?post=16239"}],"version-history":[{"count":0,"href":"https:\/\/www.kayiprihtim.org\/portal\/wp-json\/wp\/v2\/pages\/16239\/revisions"}],"up":[{"embeddable":true,"href":"https:\/\/www.kayiprihtim.org\/portal\/wp-json\/wp\/v2\/pages\/57"}],"wp:attachment":[{"href":"https:\/\/www.kayiprihtim.org\/portal\/wp-json\/wp\/v2\/media?parent=16239"}],"curies":[{"name":"wp","href":"https:\/\/api.w.org\/{rel}","templated":true}]}}