{"id":16281,"date":"2012-03-30T12:55:12","date_gmt":"2012-03-30T09:55:12","guid":{"rendered":"http:\/\/www.kayiprihtim.org\/portal\/?page_id=16281"},"modified":"2012-03-30T14:44:42","modified_gmt":"2012-03-30T11:44:42","slug":"hiclikten-gelen-kiz","status":"publish","type":"page","link":"https:\/\/www.kayiprihtim.org\/portal\/kitaplar\/hiclikten-gelen-kiz\/","title":{"rendered":"Hi\u00e7likten Gelen K\u0131z"},"content":{"rendered":"<table style=\"border: thin outset; border-collapse: collapse; height: 30px; width: 470px;\" border=\"0\" cellpadding=\"2\">\n<tbody>\n<tr>\n<td bgcolor=\"#330000\" width=\"30%\"><span style=\"color: #ffffff;\"><span style=\"font-family: Verdana;\"><strong>H\u0130\u00c7L\u0130KTEN GELEN KIZ<br \/>\n<\/strong><\/span><\/span><\/td>\n<\/tr>\n<\/tbody>\n<\/table>\n<table style=\"border-collapse: collapse; width: 462px; height: 250px;\" border=\"0\" cellspacing=\"0\" cellpadding=\"0\">\n<tbody>\n<tr>\n<td align=\"center\" valign=\"top\" width=\"58%\">\n<table style=\"border-collapse: collapse; width: 315px; height: 248px;\" border=\"0\" cellspacing=\"2\">\n<tbody>\n<tr>\n<td align=\"right\" width=\"100%\">\n<table style=\"width: 310px; height: 88px;\" border=\"0\" cellspacing=\"0\">\n<tbody>\n<tr bgcolor=\"#d1c4a5\">\n<td width=\"39%\"><strong>Yazar<\/strong><\/td>\n<td width=\"3%\">:<\/td>\n<td width=\"51%\"><span style=\"color: #993300;\"><strong>Justin Cronin<\/strong><\/span><\/td>\n<\/tr>\n<tr bgcolor=\"#e4ddcb\">\n<td><strong>\u00c7eviri<\/strong><\/td>\n<td width=\"3%\">:<\/td>\n<td width=\"51%\">Dost K\u00f6rpe<\/td>\n<\/tr>\n<tr bgcolor=\"#d1c4a5\">\n<td width=\"39%\"><strong>\u00d6zg\u00fcn Ad\u0131<\/strong><\/td>\n<td width=\"3%\">:<\/td>\n<td width=\"51%\">The Passage<\/td>\n<\/tr>\n<tr bgcolor=\"#e4ddcb\">\n<td width=\"39%\"><strong>Ebat<\/strong><\/td>\n<td width=\"3%\">:<\/td>\n<td width=\"51%\">14\u00d723 cm<\/td>\n<\/tr>\n<\/tbody>\n<\/table>\n<\/td>\n<\/tr>\n<tr>\n<td style=\"border-style: solid ridge ridge; border-width: 1px; padding-left: 4px; padding-right: 4px;\" bgcolor=\"#c0b18d\" width=\"100%\"><strong><span style=\"font-size: 9pt; font-family: Tahoma;\">Do\u011fan Kitap<br \/>\n<\/span><\/strong><\/td>\n<\/tr>\n<tr>\n<td align=\"right\" width=\"100%\">\n<table style=\"width: 310px; height: 88px;\" border=\"0\" cellspacing=\"0\">\n<tbody>\n<tr bgcolor=\"#e4ddcb\">\n<td width=\"39%\"><strong>\u00c7\u0131k\u0131\u015f Tarihi<\/strong><\/td>\n<td width=\"3%\">:<\/td>\n<td width=\"51%\">Mart, 2012<\/td>\n<\/tr>\n<tr bgcolor=\"#d1c4a5\">\n<td><strong>Sayfa Say\u0131s\u0131<\/strong><\/td>\n<td width=\"3%\">:<\/td>\n<td width=\"51%\">788<\/td>\n<\/tr>\n<tr bgcolor=\"#e4ddcb\">\n<td width=\"39%\"><strong>Fiyat\u0131<\/strong><\/td>\n<td width=\"3%\">:<\/td>\n<td width=\"51%\">25,00 TL<\/td>\n<\/tr>\n<tr bgcolor=\"#d1c4a5\">\n<td width=\"39%\"><strong>ISBN No<\/strong><\/td>\n<td width=\"3%\">:<\/td>\n<td width=\"51%\">978-605-09-0594-6<\/td>\n<\/tr>\n<\/tbody>\n<\/table>\n<\/td>\n<\/tr>\n<\/tbody>\n<\/table>\n<\/td>\n<td style=\"width: 39%;\" align=\"center\" valign=\"middle\">\n<p style=\"text-align: center;\"><a href=\"https:\/\/www.kayiprihtim.org\/portal\/gorsel\/hiclikten-gelen-kiz.jpg\" target=\"_blank\"><img decoding=\"async\" class=\"aligncenter\" src=\"https:\/\/www.kayiprihtim.org\/portal\/gorsel\/hiclikten-gelen-kiz.jpg\" alt=\"\" width=\"140\" height=\"219\" border=\"0\" hspace=\"1\"><\/a><\/p>\n<\/td>\n<\/tr>\n<\/tbody>\n<\/table>\n<table style=\"border-collapse: collapse; width: 47%;\" border=\"0\" cellpadding=\"0\">\n<tbody>\n<tr>\n<td width=\"54%\">\n<table style=\"border-collapse: collapse; height: 147px; width: 470px;\" border=\"0\" cellspacing=\"0\" cellpadding=\"2\">\n<tbody>\n<tr>\n<td style=\"border-style: solid ridge ridge; border-width: 1px; padding-left: 4px; padding-right: 4px;\" bgcolor=\"#c0b18d\" width=\"98%\"><strong><span style=\"font-size: 9pt; font-family: Tahoma;\">Tan\u0131t\u0131m Yaz\u0131s\u0131<\/span><\/strong><\/td>\n<\/tr>\n<tr>\n<td align=\"left\" width=\"99%\">\n<table style=\"width: 465px;\" border=\"0\">\n<tbody>\n<tr>\n<td style=\"border-style: outset; border-width: 1px;\" bgcolor=\"#d1c4a5\" width=\"96%\">\n<table style=\"border-collapse: collapse; width: 452px; height: 199px;\" border=\"0\" cellspacing=\"0\" cellpadding=\"5\" bgcolor=\"#d1c4a5\">\n<tbody>\n<tr>\n<td bgcolor=\"#d1c4a5\" width=\"96%\">\n<p style=\"text-align: left;\"><em><strong>Kehanetlerle \u00d6r\u00fcl\u00fc Epik Bir Vampir Hikayesi<\/strong><\/em><\/p>\n<p style=\"text-align: left;\">&#8220;Muazzam bir hayal g\u00fcc\u00fcyle harmanlanm\u0131\u015f, b\u00fcy\u00fcleyici ve e\u011flenceli bir hik\u00e2ye. Hi\u00e7likten Gelen K\u0131z&#8217;dan 15 sayfa okuyun ve hik\u00e2ye sizi al\u0131p g\u00f6t\u00fcrs\u00fcn. 30. sayfaya geldi\u011finizde kitap sizi esir alacak ve gece yar\u0131lar\u0131na kadar elinizden b\u0131rakamayacaks\u0131n\u0131z.&#8221;<br \/>\n<strong>-Stephen King-<\/strong><\/p>\n<p>&#8220;Stephen King m\u00fcptelas\u0131 okurlar i\u00e7in bir \u00e7\u0131rp\u0131da okunacak bir yap\u0131t. Justin Cronin&#8217;in vir\u00fcs gibi yay\u0131lan \u00f6lmeyenlerinin&#8221;hik\u00e2yesi tam onlara g\u00f6re.&#8221;<br \/>\n<strong>-The Independent-<\/strong><\/p>\n<p>&#8220;Cronin&#8217;in g\u00f6z dolduran kal\u0131n roman\u0131 kli\u015feleri a\u015f\u0131yor ve hararetle okunacak bir k\u0131yamet-sonras\u0131 vampir hik\u00e2yesi sunuyor bize.&#8221;<br \/>\n<strong>-The Guardian-<\/strong><\/p>\n<p>Nuh Projesi: ABD ordusunun elindeki b\u00fcy\u00fck g\u00fc\u00e7.<\/p>\n<p>\u0130nsanlar\u0131n ya\u015flanmas\u0131n\u0131 yava\u015flatacak bilimsel bir proje.<\/p>\n<p>Vir\u00fcs\u00fcn enjekte edildi\u011fi 12 idam mahk\u00fbmu&#8230;<\/p>\n<p>Sonuncu ve en \u00f6nemli denek: 6 ya\u015f\u0131nda, sahipsiz bir k\u0131z, Amy Bellafonte&#8230;<\/p>\n<p>Kanl\u0131 bir sava\u015f sonras\u0131nda denekler laboratuvardan ka\u00e7ar.<\/p>\n<p>Son derece g\u00fc\u00e7l\u00fc, vampire benzeyen bu yarat\u0131klar m\u00fcthi\u015f bir a\u00e7l\u0131kla, insanl\u0131\u011f\u0131n sonunu getirebilecek vir\u00fcs\u00fcn d\u00fcnyaya yay\u0131lmas\u0131na yol a\u00e7ar.<\/p>\n<p>\u00c7ehresi tamamen de\u011fi\u015fmi\u015f d\u00fcnyada ya\u015famlar\u0131n\u0131 devam ettirmeye \u00e7al\u0131\u015fan insanlar\u0131 b\u00fcy\u00fck bir m\u00fccadele beklemektedir. Bu geceden sa\u011f kurtulan Amy, kendisine inanan ve destekleyen bir grup insanla uzun y\u0131llara ve geni\u015f bir co\u011frafyaya uzanan destans\u0131, soluk kesen bir yolculu\u011fa \u00e7\u0131kacak ve kurtulu\u015fa giden yolda anahtar ki\u015fi olacakt\u0131r.<\/p>\n<p>Justin Cronin&#8217;in epik \u00fc\u00e7lemesinin bu ilk kitab\u0131 m\u00fcthi\u015f bir okuma ser\u00fcveni vaat ediyor.<\/p>\n<\/td>\n<\/tr>\n<\/tbody>\n<\/table>\n<\/td>\n<\/tr>\n<\/tbody>\n<\/table>\n<\/td>\n<\/tr>\n<\/tbody>\n<\/table>\n<\/td>\n<\/tr>\n<\/tbody>\n<\/table>\n","protected":false},"excerpt":{"rendered":"<p>H\u0130\u00c7L\u0130KTEN GELEN KIZ Yazar : Justin Cronin \u00c7eviri : Dost K\u00f6rpe \u00d6zg\u00fcn Ad\u0131 : The Passage Ebat : 14\u00d723 cm Do\u011fan Kitap \u00c7\u0131k\u0131\u015f Tarihi : Mart, 2012 Sayfa Say\u0131s\u0131 : 788 Fiyat\u0131 : 25,00 TL ISBN No : 978-605-09-0594-6 Tan\u0131t\u0131m Yaz\u0131s\u0131 Kehanetlerle \u00d6r\u00fcl\u00fc Epik Bir Vampir Hikayesi &#8220;Muazzam bir hayal g\u00fcc\u00fcyle harmanlanm\u0131\u015f, b\u00fcy\u00fcleyici ve e\u011flenceli [&hellip;]<\/p>\n","protected":false},"author":1,"featured_media":0,"parent":57,"menu_order":0,"comment_status":"open","ping_status":"closed","template":"","meta":{"_acf_changed":false,"footnotes":""},"class_list":["post-16281","page","type-page","status-publish"],"acf":[],"_links":{"self":[{"href":"https:\/\/www.kayiprihtim.org\/portal\/wp-json\/wp\/v2\/pages\/16281","targetHints":{"allow":["GET"]}}],"collection":[{"href":"https:\/\/www.kayiprihtim.org\/portal\/wp-json\/wp\/v2\/pages"}],"about":[{"href":"https:\/\/www.kayiprihtim.org\/portal\/wp-json\/wp\/v2\/types\/page"}],"author":[{"embeddable":true,"href":"https:\/\/www.kayiprihtim.org\/portal\/wp-json\/wp\/v2\/users\/1"}],"replies":[{"embeddable":true,"href":"https:\/\/www.kayiprihtim.org\/portal\/wp-json\/wp\/v2\/comments?post=16281"}],"version-history":[{"count":0,"href":"https:\/\/www.kayiprihtim.org\/portal\/wp-json\/wp\/v2\/pages\/16281\/revisions"}],"up":[{"embeddable":true,"href":"https:\/\/www.kayiprihtim.org\/portal\/wp-json\/wp\/v2\/pages\/57"}],"wp:attachment":[{"href":"https:\/\/www.kayiprihtim.org\/portal\/wp-json\/wp\/v2\/media?parent=16281"}],"curies":[{"name":"wp","href":"https:\/\/api.w.org\/{rel}","templated":true}]}}