{"id":16327,"date":"2012-03-31T19:04:27","date_gmt":"2012-03-31T16:04:27","guid":{"rendered":"http:\/\/www.kayiprihtim.org\/portal\/?page_id=16327"},"modified":"2020-02-19T15:14:01","modified_gmt":"2020-02-19T12:14:01","slug":"the-last-wish-tanitim-yazisi","status":"publish","type":"page","link":"https:\/\/www.kayiprihtim.org\/portal\/projeler\/biz-bunu-istiyoruz\/biz-bunu-istiyoruz-2\/the-last-wish-tanitim-yazisi\/","title":{"rendered":"The Last Wish | Tan\u0131t\u0131m Yaz\u0131s\u0131"},"content":{"rendered":"<table style=\"width: 900px; background-image: url('https:\/\/www.kayiprihtim.org\/portal\/gorsel\/2012\/03\/bg.jpg'); height: 841px;\" border=\"0\" cellpadding=\"10\" align=\"center\">\n<tbody>\n<tr>\n<td style=\"text-align: center;\"><em><span style=\"font-family: times new roman,times; font-size: 34px;\">The Last Wish<br \/>\n<\/span><\/em><\/td>\n<\/tr>\n<tr>\n<td style=\"text-align: center;\"><a href=\"https:\/\/www.kayiprihtim.org\/portal\/gorsel\/The_Last_Wish.jpg\"><img fetchpriority=\"high\" decoding=\"async\" src=\"https:\/\/www.kayiprihtim.org\/portal\/gorsel\/The_Last_Wish.jpg\" alt=\"\" width=\"180\" height=\"292\"><\/a><\/td>\n<\/tr>\n<tr style=\"text-align: justify;\" valign=\"top\">\n<td dir=\"ltr\" style=\"font-family: Segoe UI,Times New Roman,Times,serif; font-size: 14px; font-style: normal; width: 450px; text-align: justify;\" scope=\"col\" valign=\"top\">\n<table style=\"width: 450px;\" border=\"0\" align=\"center\">\n<tbody>\n<tr>\n<td><\/td>\n<\/tr>\n<tr style=\"text-align: justify;\" valign=\"top\">\n<td dir=\"ltr\" style=\"font-family: Segoe UI,Times New Roman,Times,serif; font-size: 14px; font-style: normal; width: 450px; text-align: justify;\" scope=\"col\" valign=\"top\">\n<h4 style=\"text-align: center;\"><a href=\"https:\/\/kayiprihtim.com\/inceleme\/witcher-son-dilek-her-efsanenin-bir-baslangici-vardir\/\" target=\"_blank\" rel=\"noopener noreferrer nofollow\">[THE LAST WISH \u0130NCELEMES\u0130 \u0130\u00c7\u0130N TIKLAYIN]<\/a><\/h4>\n<p style=\"text-indent: 0.4cm; text-align: justify;\"><em>Rivial\u0131 Geralt bir witcher. Kurnaz bir b\u00fcy\u00fcc\u00fc. Ac\u0131mas\u0131z bir suikast\u00e7\u0131.<\/em><\/p>\n<p style=\"text-indent: 0.4cm; text-align: justify;\"><em>Ve so\u011fukkanl\u0131 bir katil.<\/em><\/p>\n<p style=\"text-indent: 0.4cm; text-align: justify;\"><em>Onun tek amac\u0131: d\u00fcnyan\u0131n ba\u015f\u0131na dert olan canavarlar\u0131 yok etmek.<\/em><\/p>\n<p style=\"text-indent: 0.4cm; text-align: justify;\"><em>Ancak canavar\u0131ms\u0131 g\u00f6r\u00fcnen her \u015fey k\u00f6t\u00fc de\u011fildir ve do\u011fru g\u00f6r\u00fcnen her \u015fey de iyi&#8230;<\/em><\/p>\n<p style=\"text-indent: 0.4cm; text-align: justify;\"><em>&#8230;ve her peri masal\u0131nda bir par\u00e7a hakikat vard\u0131r.<\/em><\/p>\n<p style=\"text-indent: 0.4cm; text-align: justify;\"><em>The Last Wish<\/em><\/p>\n<p style=\"text-indent: 0.4cm; text-align: justify;\"><em>The Witcher oyununa ilham vermi\u015f uluslararas\u0131 bir \u015faheser.<br \/>\n<\/em><\/p>\n<p style=\"text-align: center;\"><span style=\"font-family: Segoe UI,helvetica,sans-serif;\"> <a href=\"https:\/\/www.kayiprihtim.org\/portal\/projeler\/biz-bunu-istiyoruz\/biz-bunu-istiyoruz-2\/\">The Witcher ana sayfas\u0131na d\u00f6nmek i\u00e7in t\u0131klay\u0131n.<\/a><\/span><\/p>\n<\/td>\n<\/tr>\n<\/tbody>\n<\/table>\n<\/td>\n<\/tr>\n<\/tbody>\n<\/table>\n","protected":false},"excerpt":{"rendered":"<p>The Last Wish [THE LAST WISH \u0130NCELEMES\u0130 \u0130\u00c7\u0130N TIKLAYIN] Rivial\u0131 Geralt bir witcher. Kurnaz bir b\u00fcy\u00fcc\u00fc. Ac\u0131mas\u0131z bir suikast\u00e7\u0131. Ve so\u011fukkanl\u0131 bir katil. Onun tek amac\u0131: d\u00fcnyan\u0131n ba\u015f\u0131na dert olan canavarlar\u0131 yok etmek. Ancak canavar\u0131ms\u0131 g\u00f6r\u00fcnen her \u015fey k\u00f6t\u00fc de\u011fildir ve do\u011fru g\u00f6r\u00fcnen her \u015fey de iyi&#8230; &#8230;ve her peri masal\u0131nda bir par\u00e7a hakikat vard\u0131r. [&hellip;]<\/p>\n","protected":false},"author":1,"featured_media":0,"parent":16177,"menu_order":0,"comment_status":"open","ping_status":"closed","template":"fullwidth.php","meta":{"_acf_changed":false,"footnotes":""},"class_list":["post-16327","page","type-page","status-publish"],"acf":[],"_links":{"self":[{"href":"https:\/\/www.kayiprihtim.org\/portal\/wp-json\/wp\/v2\/pages\/16327","targetHints":{"allow":["GET"]}}],"collection":[{"href":"https:\/\/www.kayiprihtim.org\/portal\/wp-json\/wp\/v2\/pages"}],"about":[{"href":"https:\/\/www.kayiprihtim.org\/portal\/wp-json\/wp\/v2\/types\/page"}],"author":[{"embeddable":true,"href":"https:\/\/www.kayiprihtim.org\/portal\/wp-json\/wp\/v2\/users\/1"}],"replies":[{"embeddable":true,"href":"https:\/\/www.kayiprihtim.org\/portal\/wp-json\/wp\/v2\/comments?post=16327"}],"version-history":[{"count":3,"href":"https:\/\/www.kayiprihtim.org\/portal\/wp-json\/wp\/v2\/pages\/16327\/revisions"}],"predecessor-version":[{"id":59059,"href":"https:\/\/www.kayiprihtim.org\/portal\/wp-json\/wp\/v2\/pages\/16327\/revisions\/59059"}],"up":[{"embeddable":true,"href":"https:\/\/www.kayiprihtim.org\/portal\/wp-json\/wp\/v2\/pages\/16177"}],"wp:attachment":[{"href":"https:\/\/www.kayiprihtim.org\/portal\/wp-json\/wp\/v2\/media?parent=16327"}],"curies":[{"name":"wp","href":"https:\/\/api.w.org\/{rel}","templated":true}]}}