{"id":16407,"date":"2012-04-06T00:16:39","date_gmt":"2012-04-05T21:16:39","guid":{"rendered":"http:\/\/www.kayiprihtim.org\/portal\/?page_id=16407"},"modified":"2012-04-07T00:23:59","modified_gmt":"2012-04-06T21:23:59","slug":"galeyan","status":"publish","type":"page","link":"https:\/\/www.kayiprihtim.org\/portal\/kitaplar\/galeyan\/","title":{"rendered":"Galeyan"},"content":{"rendered":"<table style=\"border: thin outset; border-collapse: collapse; height: 30px; width: 470px;\" border=\"0\" cellpadding=\"2\">\n<tbody>\n<tr>\n<td bgcolor=\"#330000\" width=\"30%\"><span style=\"color: #ffffff;\"><span style=\"font-family: Verdana;\"><strong>GALEYAN<\/strong><\/span><\/span><\/td>\n<\/tr>\n<\/tbody>\n<\/table>\n<table style=\"border-collapse: collapse; width: 462px; height: 250px;\" border=\"0\" cellspacing=\"0\" cellpadding=\"0\">\n<tbody>\n<tr>\n<td align=\"center\" valign=\"top\" width=\"58%\">\n<table style=\"border-collapse: collapse; width: 315px; height: 248px;\" border=\"0\" cellspacing=\"2\">\n<tbody>\n<tr>\n<td align=\"right\" width=\"100%\">\n<table style=\"width: 310px; height: 88px;\" border=\"0\" cellspacing=\"0\">\n<tbody>\n<tr bgcolor=\"#d1c4a5\">\n<td width=\"39%\"><strong>Yazar<\/strong><\/td>\n<td width=\"3%\">:<\/td>\n<td width=\"51%\"><span style=\"color: #993300;\"><strong>Katherine Howe<\/strong><\/span><\/td>\n<\/tr>\n<tr bgcolor=\"#e4ddcb\">\n<td><strong>\u00c7eviri<\/strong><\/td>\n<td width=\"3%\">:<\/td>\n<td width=\"51%\">\u00c7a\u011fla Ural<\/td>\n<\/tr>\n<tr bgcolor=\"#d1c4a5\">\n<td width=\"39%\"><strong>\u00d6zg\u00fcn Ad\u0131<\/strong><\/td>\n<td width=\"3%\">:<\/td>\n<td width=\"51%\">The Physick Book<\/td>\n<\/tr>\n<tr bgcolor=\"#e4ddcb\">\n<td width=\"39%\"><strong>Edit\u00f6r<\/strong><\/td>\n<td width=\"3%\">:<\/td>\n<td width=\"51%\">Cihat Ta\u015f\u00e7\u0131o\u011flu<\/td>\n<\/tr>\n<\/tbody>\n<\/table>\n<\/td>\n<\/tr>\n<tr>\n<td style=\"border-style: solid ridge ridge; border-width: 1px; padding-left: 4px; padding-right: 4px;\" bgcolor=\"#c0b18d\" width=\"100%\"><strong><span style=\"font-size: 9pt; font-family: Tahoma;\">April Yay\u0131nc\u0131l\u0131k<br \/>\n<\/span><\/strong><\/td>\n<\/tr>\n<tr>\n<td align=\"right\" width=\"100%\">\n<table style=\"width: 310px; height: 88px;\" border=\"0\" cellspacing=\"0\">\n<tbody>\n<tr bgcolor=\"#e4ddcb\">\n<td width=\"39%\"><strong>\u00c7\u0131k\u0131\u015f Tarihi<\/strong><\/td>\n<td width=\"3%\">:<\/td>\n<td width=\"51%\">Mart, 2012<\/td>\n<\/tr>\n<tr bgcolor=\"#d1c4a5\">\n<td><strong>Sayfa Say\u0131s\u0131<\/strong><\/td>\n<td width=\"3%\">:<\/td>\n<td width=\"51%\">416<\/td>\n<\/tr>\n<tr bgcolor=\"#e4ddcb\">\n<td width=\"39%\"><strong>Fiyat\u0131<\/strong><\/td>\n<td width=\"3%\">:<\/td>\n<td width=\"51%\">20,00 TL<\/td>\n<\/tr>\n<tr bgcolor=\"#d1c4a5\">\n<td width=\"39%\"><strong>ISBN No<\/strong><\/td>\n<td width=\"3%\">:<\/td>\n<td width=\"51%\">9789756006894<\/td>\n<\/tr>\n<\/tbody>\n<\/table>\n<\/td>\n<\/tr>\n<\/tbody>\n<\/table>\n<\/td>\n<td style=\"width: 39%;\" align=\"center\" valign=\"middle\">\n<p style=\"text-align: center;\"><a href=\"https:\/\/www.kayiprihtim.org\/portal\/gorsel\/galeyan-kr.jpg\" target=\"_blank\"><img decoding=\"async\" class=\"aligncenter\" src=\"https:\/\/www.kayiprihtim.org\/portal\/gorsel\/galeyan-kr.jpg\" alt=\"\" width=\"140\" height=\"219\" border=\"0\" hspace=\"1\"><\/a><\/p>\n<\/td>\n<\/tr>\n<\/tbody>\n<\/table>\n<table style=\"border-collapse: collapse; width: 47%;\" border=\"0\" cellpadding=\"0\">\n<tbody>\n<tr>\n<td width=\"54%\">\n<table style=\"border-collapse: collapse; height: 147px; width: 470px;\" border=\"0\" cellspacing=\"0\" cellpadding=\"2\">\n<tbody>\n<tr>\n<td style=\"border-style: solid ridge ridge; border-width: 1px; padding-left: 4px; padding-right: 4px;\" bgcolor=\"#c0b18d\" width=\"98%\"><strong><span style=\"font-size: 9pt; font-family: Tahoma;\">Tan\u0131t\u0131m Yaz\u0131s\u0131<\/span><\/strong><\/td>\n<\/tr>\n<tr>\n<td align=\"left\" width=\"99%\">\n<table style=\"width: 465px;\" border=\"0\">\n<tbody>\n<tr>\n<td style=\"border-style: outset; border-width: 1px;\" bgcolor=\"#d1c4a5\" width=\"96%\">\n<table style=\"border-collapse: collapse; width: 452px; height: 199px;\" border=\"0\" cellspacing=\"0\" cellpadding=\"5\" bgcolor=\"#d1c4a5\">\n<tbody>\n<tr>\n<td bgcolor=\"#d1c4a5\" width=\"96%\">\n<div style=\"text-align: left;\">Kimsenin gitmek istemedi\u011fi bir kasaba. Herkesin pe\u015finde oldu\u011fu bir kitap.<\/div>\n<div style=\"text-align: left;\"><\/div>\n<div style=\"text-align: left;\">T\u00fcyler \u00fcrperten atmosfer, ger\u00e7ek karakterler, \u015fok eden bir kurgu ve kan donduran final. \u00a0As\u0131rlard\u0131r s\u00fcren b\u00fcy\u00fc bozuluyor. Galeyan ba\u015fl\u0131yor&#8230;<\/div>\n<div style=\"text-align: left;\"><\/div>\n<div style=\"text-align: left;\"><\/div>\n<div style=\"text-align: left;\">&#8220;\u00dcrk\u00fct\u00fcc\u00fc oldu\u011fu kadar derinlikli bir kitap. Kad\u0131nlar\u0131n gizli g\u00fc\u00e7leri kar\u015f\u0131s\u0131nda okur \u015fa\u015fk\u0131na d\u00f6necek.&#8221;<\/div>\n<div style=\"text-align: left;\"><em><strong>Boston Globe<\/strong><\/em><\/div>\n<div style=\"text-align: left;\"><\/div>\n<div style=\"text-align: left;\">&#8220;Simya ile edebiyat\u0131n bulu\u015fmas\u0131&#8230; G\u00fc\u00e7l\u00fc, keskin, yo\u011fun.&#8221;<\/div>\n<div style=\"text-align: left;\"><em><strong>Science Monitor<\/strong><\/em><\/div>\n<div style=\"text-align: left;\"><\/div>\n<div style=\"text-align: left;\">&#8220;Soluksuz b\u0131rakacak bir \u00f6yk\u00fc. Howe&#8217;un kendisi de kalemi de b\u00fcy\u00fcl\u00fc.&#8221;<\/div>\n<div style=\"text-align: left;\"><em><strong>USA Today<\/strong><\/em><\/div>\n<div style=\"text-align: left;\"><\/div>\n<div style=\"text-align: left;\">&#8220;Dan Brown ve Stephen King&#8217;den sonra ayn\u0131 keskin duygu ve g\u00fcc\u00fc Katherine Howe&#8217;un kitab\u0131nda buldum. Howe gen\u00e7 bir usta.&#8221;<\/div>\n<div style=\"text-align: left;\"><em><strong>Portland Oregonian<\/strong><\/em><\/div>\n<div style=\"text-align: left;\"><\/div>\n<div style=\"text-align: left;\">&#8220;Bu al\u0131\u015ft\u0131\u011f\u0131n\u0131z cad\u0131, melek, vampir \u00f6yk\u00fclerinden de\u011fil, b\u00fcy\u00fck bir s\u0131\u00e7rama yapan bir yazara raf\u0131n\u0131zda yer a\u00e7\u0131n.&#8221;<\/div>\n<div style=\"text-align: left;\"><em><strong>New York Daily News<\/strong><\/em><\/div>\n<\/td>\n<\/tr>\n<\/tbody>\n<\/table>\n<\/td>\n<\/tr>\n<\/tbody>\n<\/table>\n<\/td>\n<\/tr>\n<\/tbody>\n<\/table>\n<\/td>\n<\/tr>\n<\/tbody>\n<\/table>\n","protected":false},"excerpt":{"rendered":"<p>GALEYAN Yazar : Katherine Howe \u00c7eviri : \u00c7a\u011fla Ural \u00d6zg\u00fcn Ad\u0131 : The Physick Book Edit\u00f6r : Cihat Ta\u015f\u00e7\u0131o\u011flu April Yay\u0131nc\u0131l\u0131k \u00c7\u0131k\u0131\u015f Tarihi : Mart, 2012 Sayfa Say\u0131s\u0131 : 416 Fiyat\u0131 : 20,00 TL ISBN No : 9789756006894 Tan\u0131t\u0131m Yaz\u0131s\u0131 Kimsenin gitmek istemedi\u011fi bir kasaba. Herkesin pe\u015finde oldu\u011fu bir kitap. T\u00fcyler \u00fcrperten atmosfer, ger\u00e7ek karakterler, [&hellip;]<\/p>\n","protected":false},"author":1,"featured_media":0,"parent":57,"menu_order":0,"comment_status":"open","ping_status":"closed","template":"","meta":{"_acf_changed":false,"footnotes":""},"class_list":["post-16407","page","type-page","status-publish"],"acf":[],"_links":{"self":[{"href":"https:\/\/www.kayiprihtim.org\/portal\/wp-json\/wp\/v2\/pages\/16407","targetHints":{"allow":["GET"]}}],"collection":[{"href":"https:\/\/www.kayiprihtim.org\/portal\/wp-json\/wp\/v2\/pages"}],"about":[{"href":"https:\/\/www.kayiprihtim.org\/portal\/wp-json\/wp\/v2\/types\/page"}],"author":[{"embeddable":true,"href":"https:\/\/www.kayiprihtim.org\/portal\/wp-json\/wp\/v2\/users\/1"}],"replies":[{"embeddable":true,"href":"https:\/\/www.kayiprihtim.org\/portal\/wp-json\/wp\/v2\/comments?post=16407"}],"version-history":[{"count":0,"href":"https:\/\/www.kayiprihtim.org\/portal\/wp-json\/wp\/v2\/pages\/16407\/revisions"}],"up":[{"embeddable":true,"href":"https:\/\/www.kayiprihtim.org\/portal\/wp-json\/wp\/v2\/pages\/57"}],"wp:attachment":[{"href":"https:\/\/www.kayiprihtim.org\/portal\/wp-json\/wp\/v2\/media?parent=16407"}],"curies":[{"name":"wp","href":"https:\/\/api.w.org\/{rel}","templated":true}]}}