{"id":16609,"date":"2012-04-19T14:27:11","date_gmt":"2012-04-19T11:27:11","guid":{"rendered":"http:\/\/www.kayiprihtim.org\/portal\/?page_id=16609"},"modified":"2022-07-31T23:12:09","modified_gmt":"2022-07-31T20:12:09","slug":"ruhban-serisi","status":"publish","type":"page","link":"https:\/\/www.kayiprihtim.org\/portal\/kitaplar\/unutulmus-diyarlar\/ruhban-serisi\/","title":{"rendered":"Ruhban Serisi"},"content":{"rendered":"<table style=\"border: thin outset; border-collapse: collapse; height: 30px; width: 470px;\" border=\"0\" cellpadding=\"2\">\n<tbody>\n<tr>\n<td bgcolor=\"#330000\" width=\"30%\"><span style=\"color: #ffffff;\"><span style=\"font-family: Verdana;\"><strong><a name=\"1\"><\/a>\u0130LAH\u0130<\/strong><\/span><\/span><\/td>\n<\/tr>\n<\/tbody>\n<\/table>\n<table style=\"border-collapse: collapse; width: 462px; height: 250px;\" border=\"0\" cellspacing=\"0\" cellpadding=\"0\">\n<tbody>\n<tr>\n<td align=\"center\" valign=\"top\" width=\"58%\">\n<table style=\"border-collapse: collapse; width: 315px; height: 248px;\" border=\"0\" cellspacing=\"2\">\n<tbody>\n<tr>\n<td align=\"right\" width=\"100%\">\n<table style=\"width: 310px; height: 88px;\" border=\"0\" cellspacing=\"0\">\n<tbody>\n<tr bgcolor=\"#d1c4a5\">\n<td width=\"39%\"><strong>Yazar<\/strong><\/td>\n<td width=\"3%\">:<\/td>\n<td width=\"51%\"><span style=\"color: #993300;\"><strong>R. A. Salvatore<\/strong><\/span><\/td>\n<\/tr>\n<tr bgcolor=\"#e4ddcb\">\n<td><strong>\u00c7eviri<\/strong><\/td>\n<td width=\"3%\">:<\/td>\n<td width=\"51%\">Aylin G\u00fcrses<\/td>\n<\/tr>\n<tr bgcolor=\"#d1c4a5\">\n<td width=\"39%\"><strong>\u00d6zg\u00fcn Ad\u0131<\/strong><\/td>\n<td width=\"3%\">:<\/td>\n<td width=\"51%\">Canticle<\/td>\n<\/tr>\n<tr bgcolor=\"#e4ddcb\">\n<td width=\"39%\"><strong>Ebat<\/strong><\/td>\n<td width=\"3%\">:<\/td>\n<td width=\"51%\">Ciltsiz | 14 x 20 cm<\/td>\n<\/tr>\n<\/tbody>\n<\/table>\n<\/td>\n<\/tr>\n<tr>\n<td style=\"border-style: solid ridge ridge; border-width: 1px; padding-left: 4px; padding-right: 4px;\" bgcolor=\"#c0b18d\" width=\"100%\"><strong><span style=\"font-size: 9pt; font-family: Tahoma;\">Laika Yay\u0131nc\u0131l\u0131k<br \/>\n<\/span><\/strong><\/td>\n<\/tr>\n<tr>\n<td align=\"right\" width=\"100%\">\n<table style=\"width: 310px; height: 88px;\" border=\"0\" cellspacing=\"0\">\n<tbody>\n<tr bgcolor=\"#e4ddcb\">\n<td width=\"39%\"><strong>\u00c7\u0131k\u0131\u015f Tarihi<\/strong><\/td>\n<td width=\"3%\">:<\/td>\n<td width=\"51%\">\u015eubat, 2006 <span style=\"font-size: x-small;\">(ilk bask\u0131)<\/span><\/td>\n<\/tr>\n<tr bgcolor=\"#d1c4a5\">\n<td><strong>Sayfa Say\u0131s\u0131<\/strong><\/td>\n<td width=\"3%\">:<\/td>\n<td width=\"51%\">300<\/td>\n<\/tr>\n<tr bgcolor=\"#e4ddcb\">\n<td width=\"39%\"><strong>Fiyat\u0131<\/strong><\/td>\n<td width=\"3%\">:<\/td>\n<td width=\"51%\">18,00 TL<\/td>\n<\/tr>\n<tr bgcolor=\"#d1c4a5\">\n<td width=\"39%\"><strong>ISBN No<\/strong><\/td>\n<td width=\"3%\">:<\/td>\n<td width=\"51%\">9789758904624<\/td>\n<\/tr>\n<\/tbody>\n<\/table>\n<\/td>\n<\/tr>\n<\/tbody>\n<\/table>\n<\/td>\n<td style=\"width: 39%;\" align=\"center\" valign=\"middle\">\n<p style=\"text-align: center;\"><a href=\"https:\/\/www.kayiprihtim.org\/portal\/gorsel\/ilahi.jpg\" target=\"_blank\" rel=\"noopener\"><img decoding=\"async\" class=\"aligncenter\" src=\"https:\/\/www.kayiprihtim.org\/portal\/gorsel\/ilahi-207x300.jpg\" alt=\"\" width=\"140\" height=\"219\" border=\"0\" hspace=\"1\"><\/a><\/p>\n<\/td>\n<\/tr>\n<\/tbody>\n<\/table>\n<table style=\"border-collapse: collapse; width: 47%;\" border=\"0\" cellpadding=\"0\">\n<tbody>\n<tr>\n<td width=\"54%\">\n<table style=\"border-collapse: collapse; height: 147px; width: 470px;\" border=\"0\" cellspacing=\"0\" cellpadding=\"2\">\n<tbody>\n<tr>\n<td style=\"border-style: solid ridge ridge; border-width: 1px; padding-left: 4px; padding-right: 4px;\" bgcolor=\"#c0b18d\" width=\"98%\"><strong><span style=\"font-size: 9pt; font-family: Tahoma;\">Tan\u0131t\u0131m Yaz\u0131s\u0131<\/span><\/strong><\/td>\n<\/tr>\n<tr>\n<td align=\"left\" width=\"99%\">\n<table style=\"width: 465px;\" border=\"0\">\n<tbody>\n<tr>\n<td style=\"border-style: outset; border-width: 1px;\" bgcolor=\"#d1c4a5\" width=\"96%\">\n<table style=\"border-collapse: collapse; width: 452px; height: 98px;\" border=\"0\" cellspacing=\"0\" cellpadding=\"5\" bgcolor=\"#d1c4a5\">\n<tbody>\n<tr>\n<td bgcolor=\"#d1c4a5\" width=\"96%\">\n<div>\n<div>Kar Tanesi Da\u011flar\u0131&#8217;n\u0131n durgun y\u00fcksek noktalar\u0131nda ozanlar, rahipler ve Ulu K\u00fct\u00fcphane&#8217;nin di\u011ferleri i\u00e7in bir sera uzan\u0131r. Meslekta\u015flar\u0131 aras\u0131ndan s\u0131yr\u0131lm\u0131\u015f Cadderly ad\u0131ndaki gen\u00e7 ama bilge rahip; Ulu K\u00fct\u00fcphane&#8217;yi tam bir kaosa s\u00fcr\u00fckleyen lanetle kar\u015f\u0131 kar\u015f\u0131ya kal\u0131r. Ulu K\u00fct\u00fcphane&#8217;yi, karde\u015flerini ve kendini kurtarmak i\u00e7in yeralt\u0131 mezarlar\u0131na giren Cadderly&#8217;yi zorlu bir s\u0131nav beklemektedir.<\/div>\n<\/div>\n<\/td>\n<\/tr>\n<\/tbody>\n<\/table>\n<\/td>\n<\/tr>\n<\/tbody>\n<\/table>\n<\/td>\n<\/tr>\n<\/tbody>\n<\/table>\n<\/td>\n<\/tr>\n<\/tbody>\n<\/table>\n<p><span style=\"color: #e4ddcb;\">&#8211;<\/span><\/p>\n<table style=\"border: thin outset; border-collapse: collapse; height: 30px; width: 470px;\" border=\"0\" cellpadding=\"2\">\n<tbody>\n<tr>\n<td bgcolor=\"#330000\" width=\"30%\"><span style=\"color: #ffffff;\"><span style=\"font-family: Verdana;\"><strong><a name=\"2\"><\/a>ORMANIN G\u00d6LGELER\u0130NDE<\/strong><\/span><\/span><\/td>\n<\/tr>\n<\/tbody>\n<\/table>\n<table style=\"border-collapse: collapse; width: 462px; height: 250px;\" border=\"0\" cellspacing=\"0\" cellpadding=\"0\">\n<tbody>\n<tr>\n<td align=\"center\" valign=\"top\" width=\"58%\">\n<table style=\"border-collapse: collapse; width: 315px; height: 248px;\" border=\"0\" cellspacing=\"2\">\n<tbody>\n<tr>\n<td align=\"right\" width=\"100%\">\n<table style=\"width: 310px; height: 88px;\" border=\"0\" cellspacing=\"0\">\n<tbody>\n<tr bgcolor=\"#d1c4a5\">\n<td width=\"39%\"><strong>Yazar<\/strong><\/td>\n<td width=\"3%\">:<\/td>\n<td width=\"51%\"><span style=\"color: #993300;\"><strong>R. A. Salvatore<\/strong><\/span><\/td>\n<\/tr>\n<tr bgcolor=\"#e4ddcb\">\n<td><strong>\u00c7eviri<\/strong><\/td>\n<td width=\"3%\">:<\/td>\n<td width=\"51%\">Eralp Ersoy<\/td>\n<\/tr>\n<tr bgcolor=\"#d1c4a5\">\n<td width=\"39%\"><strong>\u00d6zg\u00fcn Ad\u0131<\/strong><\/td>\n<td width=\"3%\">:<\/td>\n<td width=\"51%\">In Sylvan Shadows<\/td>\n<\/tr>\n<tr bgcolor=\"#e4ddcb\">\n<td width=\"39%\"><strong>Ebat<\/strong><\/td>\n<td width=\"3%\">:<\/td>\n<td width=\"51%\">Ciltsiz | 14 x 20 cm<\/td>\n<\/tr>\n<\/tbody>\n<\/table>\n<\/td>\n<\/tr>\n<tr>\n<td style=\"border-style: solid ridge ridge; border-width: 1px; padding-left: 4px; padding-right: 4px;\" bgcolor=\"#c0b18d\" width=\"100%\"><strong><span style=\"font-size: 9pt; font-family: Tahoma;\">Laika Yay\u0131nc\u0131l\u0131k<br \/>\n<\/span><\/strong><\/td>\n<\/tr>\n<tr>\n<td align=\"right\" width=\"100%\">\n<table style=\"width: 310px; height: 88px;\" border=\"0\" cellspacing=\"0\">\n<tbody>\n<tr bgcolor=\"#e4ddcb\">\n<td width=\"39%\"><strong>\u00c7\u0131k\u0131\u015f Tarihi<\/strong><\/td>\n<td width=\"3%\">:<\/td>\n<td width=\"51%\">Eyl\u00fcl, 2010<\/td>\n<\/tr>\n<tr bgcolor=\"#d1c4a5\">\n<td><strong>Sayfa Say\u0131s\u0131<\/strong><\/td>\n<td width=\"3%\">:<\/td>\n<td width=\"51%\">288<\/td>\n<\/tr>\n<tr bgcolor=\"#e4ddcb\">\n<td width=\"39%\"><strong>Fiyat\u0131<\/strong><\/td>\n<td width=\"3%\">:<\/td>\n<td width=\"51%\">18,00 TL<\/td>\n<\/tr>\n<tr bgcolor=\"#d1c4a5\">\n<td width=\"39%\"><strong>ISBN No<\/strong><\/td>\n<td width=\"3%\">:<\/td>\n<td width=\"51%\">9789758904525<\/td>\n<\/tr>\n<\/tbody>\n<\/table>\n<\/td>\n<\/tr>\n<\/tbody>\n<\/table>\n<\/td>\n<td style=\"width: 39%;\" align=\"center\" valign=\"middle\">\n<p style=\"text-align: center;\"><a href=\"https:\/\/www.kayiprihtim.org\/portal\/gorsel\/ormanin-golgelerinde.jpg\" target=\"_blank\" rel=\"noopener\"><img decoding=\"async\" class=\"aligncenter\" src=\"https:\/\/www.kayiprihtim.org\/portal\/gorsel\/ormanin-golgelerinde-207x300.jpg\" alt=\"\" width=\"140\" height=\"219\" border=\"0\" hspace=\"1\"><\/a><\/p>\n<\/td>\n<\/tr>\n<\/tbody>\n<\/table>\n<table style=\"border-collapse: collapse; width: 47%;\" border=\"0\" cellpadding=\"0\">\n<tbody>\n<tr>\n<td width=\"54%\">\n<table style=\"border-collapse: collapse; height: 147px; width: 470px;\" border=\"0\" cellspacing=\"0\" cellpadding=\"2\">\n<tbody>\n<tr>\n<td style=\"border-style: solid ridge ridge; border-width: 1px; padding-left: 4px; padding-right: 4px;\" bgcolor=\"#c0b18d\" width=\"98%\"><strong><span style=\"font-size: 9pt; font-family: Tahoma;\">Tan\u0131t\u0131m Yaz\u0131s\u0131<\/span><\/strong><\/td>\n<\/tr>\n<tr>\n<td align=\"left\" width=\"99%\">\n<table style=\"width: 465px;\" border=\"0\">\n<tbody>\n<tr>\n<td style=\"border-style: outset; border-width: 1px;\" bgcolor=\"#d1c4a5\" width=\"96%\">\n<table style=\"border-collapse: collapse; width: 452px; height: 128px;\" border=\"0\" cellspacing=\"0\" cellpadding=\"5\" bgcolor=\"#d1c4a5\">\n<tbody>\n<tr>\n<td bgcolor=\"#d1c4a5\" width=\"96%\">\n<div>\n<div>\n<div>\n<div>\n<p style=\"text-align: left;\">Ulu K\u00fct\u00fcphane&#8217;nin ilgin\u00e7 ve bilge ki\u015fili\u011fi Cadderly, ilk maceras\u0131ndan sa\u011f kurtulmay\u0131 ba\u015farabilmi\u015fti; fakat kaos laneti, Trinity Kalesi&#8217;nin b\u00f6lgesel ele ge\u00e7irme planlar\u0131n\u0131n sadece ba\u015flang\u0131c\u0131yd\u0131. Cadderly ve arkada\u015flar\u0131, yeni d\u00fc\u015fmanlar\u0131, ucube yarat\u0131klardan olu\u015fan bir ordu ile kar\u015f\u0131 kar\u015f\u0131ya kalan Shilmista halk\u0131n\u0131 korumak zorundayd\u0131lar.<\/p>\n<p>Cadderly&#8217;nin g\u00fc\u00e7l\u00fc yolarkada\u015flar\u0131 bile onu y\u00fczle\u015fmesi gereken karakterlerden koruyamayacaklard\u0131.<\/p>\n<\/div>\n<\/div>\n<\/div>\n<\/div>\n<\/td>\n<\/tr>\n<\/tbody>\n<\/table>\n<\/td>\n<\/tr>\n<\/tbody>\n<\/table>\n<\/td>\n<\/tr>\n<\/tbody>\n<\/table>\n<\/td>\n<\/tr>\n<\/tbody>\n<\/table>\n<p><span style=\"color: #e4ddcb;\">&#8211;<\/span><\/p>\n<table style=\"border: thin outset; border-collapse: collapse; height: 30px; width: 470px;\" border=\"0\" cellpadding=\"2\">\n<tbody>\n<tr>\n<td bgcolor=\"#330000\" width=\"30%\"><span style=\"color: #ffffff;\"><span style=\"font-family: Verdana;\"><strong><a name=\"3\"><\/a>GECE MASKELER\u0130<\/strong><\/span><\/span><\/td>\n<\/tr>\n<\/tbody>\n<\/table>\n<table style=\"border-collapse: collapse; width: 462px; height: 250px;\" border=\"0\" cellspacing=\"0\" cellpadding=\"0\">\n<tbody>\n<tr>\n<td align=\"center\" valign=\"top\" width=\"58%\">\n<table style=\"border-collapse: collapse; width: 315px; height: 248px;\" border=\"0\" cellspacing=\"2\">\n<tbody>\n<tr>\n<td align=\"right\" width=\"100%\">\n<table style=\"width: 310px; height: 88px;\" border=\"0\" cellspacing=\"0\">\n<tbody>\n<tr bgcolor=\"#d1c4a5\">\n<td width=\"39%\"><strong>Yazar<\/strong><\/td>\n<td width=\"3%\">:<\/td>\n<td width=\"51%\"><span style=\"color: #993300;\"><strong>R. A. Salvatore<\/strong><\/span><\/td>\n<\/tr>\n<tr bgcolor=\"#e4ddcb\">\n<td><strong>\u00c7eviri<\/strong><\/td>\n<td width=\"3%\">:<\/td>\n<td width=\"51%\">Cem Demirkan<\/td>\n<\/tr>\n<tr bgcolor=\"#d1c4a5\">\n<td width=\"39%\"><strong>\u00d6zg\u00fcn Ad\u0131<\/strong><\/td>\n<td width=\"3%\">:<\/td>\n<td width=\"51%\">Night Masks<\/td>\n<\/tr>\n<tr bgcolor=\"#e4ddcb\">\n<td width=\"39%\"><strong>D\u00fczelti<\/strong><\/td>\n<td width=\"3%\">:<\/td>\n<td width=\"51%\">Egemen G\u00f6r\u00e7ek<\/td>\n<\/tr>\n<\/tbody>\n<\/table>\n<\/td>\n<\/tr>\n<tr>\n<td style=\"border-style: solid ridge ridge; border-width: 1px; padding-left: 4px; padding-right: 4px;\" bgcolor=\"#c0b18d\" width=\"100%\"><strong><span style=\"font-size: 9pt; font-family: Tahoma;\">Laika Yay\u0131nc\u0131l\u0131k<br \/>\n<\/span><\/strong><\/td>\n<\/tr>\n<tr>\n<td align=\"right\" width=\"100%\">\n<table style=\"width: 310px; height: 88px;\" border=\"0\" cellspacing=\"0\">\n<tbody>\n<tr bgcolor=\"#e4ddcb\">\n<td width=\"39%\"><strong>\u00c7\u0131k\u0131\u015f Tarihi<\/strong><\/td>\n<td width=\"3%\">:<\/td>\n<td width=\"51%\">Nisan, 2012<\/td>\n<\/tr>\n<tr bgcolor=\"#d1c4a5\">\n<td><strong>Sayfa Say\u0131s\u0131<\/strong><\/td>\n<td width=\"3%\">:<\/td>\n<td width=\"51%\">264<\/td>\n<\/tr>\n<tr bgcolor=\"#e4ddcb\">\n<td width=\"39%\"><strong>Fiyat\u0131<\/strong><\/td>\n<td width=\"3%\">:<\/td>\n<td width=\"51%\">18,00 TL<\/td>\n<\/tr>\n<tr bgcolor=\"#d1c4a5\">\n<td width=\"39%\"><strong>ISBN No<\/strong><\/td>\n<td width=\"3%\">:<\/td>\n<td width=\"51%\">9786055334024<\/td>\n<\/tr>\n<\/tbody>\n<\/table>\n<\/td>\n<\/tr>\n<\/tbody>\n<\/table>\n<\/td>\n<td style=\"width: 39%;\" align=\"center\" valign=\"middle\">\n<p style=\"text-align: center;\"><a href=\"https:\/\/www.kayiprihtim.org\/portal\/gorsel\/gece-maskeleri-kapak.jpg\" target=\"_blank\" rel=\"noopener\"><img decoding=\"async\" class=\"aligncenter\" src=\"https:\/\/www.kayiprihtim.org\/portal\/gorsel\/gece-maskeleri-kapak-207x300.jpg\" alt=\"\" width=\"140\" height=\"219\" border=\"0\" hspace=\"1\"><\/a><\/p>\n<\/td>\n<\/tr>\n<\/tbody>\n<\/table>\n<table style=\"border-collapse: collapse; width: 47%;\" border=\"0\" cellpadding=\"0\">\n<tbody>\n<tr>\n<td width=\"54%\">\n<table style=\"border-collapse: collapse; height: 147px; width: 470px;\" border=\"0\" cellspacing=\"0\" cellpadding=\"2\">\n<tbody>\n<tr>\n<td style=\"border-style: solid ridge ridge; border-width: 1px; padding-left: 4px; padding-right: 4px;\" bgcolor=\"#c0b18d\" width=\"98%\"><strong><span style=\"font-size: 9pt; font-family: Tahoma;\">Tan\u0131t\u0131m Yaz\u0131s\u0131<\/span><\/strong><\/td>\n<\/tr>\n<tr>\n<td align=\"left\" width=\"99%\">\n<table style=\"width: 465px;\" border=\"0\">\n<tbody>\n<tr>\n<td style=\"border-style: outset; border-width: 1px;\" bgcolor=\"#d1c4a5\" width=\"96%\">\n<table style=\"border-collapse: collapse; width: 452px; height: 143px;\" border=\"0\" cellspacing=\"0\" cellpadding=\"5\" bgcolor=\"#d1c4a5\">\n<tbody>\n<tr>\n<td bgcolor=\"#d1c4a5\" width=\"96%\">\n<div>\n<div style=\"text-align: left;\">Kaos Laneti, Cadderly&#8217;nin ruhunu ve bedenini tehdit etmektedir. Gen\u00e7 ruhban, Carradoon&#8217;un karanl\u0131k sokaklar\u0131nda \u015feytani laneti takip ederken Gece Maskeleri&#8217;nin suikast\u00e7\u0131lar\u0131 da onun kokusunu al\u0131r. Hayalet olarak bilinen gizemli liderleri ya Cadderly&#8217;yi \u00f6ld\u00fcrecek ya da bunu denerken \u00f6lecektir.Drizzt Efsanesi&#8217;nin yarat\u0131c\u0131s\u0131 Salvatore bu klasik seride; baz\u0131lar\u0131yla Drizzt romanlar\u0131nda kar\u015f\u0131la\u015fm\u0131\u015f oldu\u011funuz yepyeni karakterler sunuyor.<\/p>\n<\/div>\n<\/div>\n<\/td>\n<\/tr>\n<\/tbody>\n<\/table>\n<\/td>\n<\/tr>\n<\/tbody>\n<\/table>\n<\/td>\n<\/tr>\n<\/tbody>\n<\/table>\n<\/td>\n<\/tr>\n<\/tbody>\n<\/table>\n<p><span style=\"color: #e4ddcb;\">&#8211;<\/span><\/p>\n<table style=\"border: thin outset; border-collapse: collapse; height: 30px; width: 470px;\" border=\"0\" cellpadding=\"2\">\n<tbody>\n<tr>\n<td bgcolor=\"#330000\" width=\"30%\"><span style=\"color: #ffffff;\"><span style=\"font-family: Verdana;\"><strong><a name=\"4\"><\/a>D\u00dc\u015eEN KALE<\/strong><\/span><\/span><\/td>\n<\/tr>\n<\/tbody>\n<\/table>\n<table style=\"border-collapse: collapse; width: 462px; height: 250px;\" border=\"0\" cellspacing=\"0\" cellpadding=\"0\">\n<tbody>\n<tr>\n<td align=\"center\" valign=\"top\" width=\"58%\">\n<table style=\"border-collapse: collapse; width: 315px; height: 248px;\" border=\"0\" cellspacing=\"2\">\n<tbody>\n<tr>\n<td align=\"right\" width=\"100%\">\n<table style=\"width: 310px; height: 88px;\" border=\"0\" cellspacing=\"0\">\n<tbody>\n<tr bgcolor=\"#d1c4a5\">\n<td width=\"39%\"><strong>Yazar<\/strong><\/td>\n<td width=\"3%\">:<\/td>\n<td width=\"51%\"><span style=\"color: #993300;\"><strong>R. A. Salvatore<\/strong><\/span><\/td>\n<\/tr>\n<tr bgcolor=\"#e4ddcb\">\n<td><strong>\u00c7eviri<\/strong><\/td>\n<td width=\"3%\">:<\/td>\n<td width=\"51%\">Cem Demirkan<\/td>\n<\/tr>\n<tr bgcolor=\"#d1c4a5\">\n<td width=\"39%\"><strong>\u00d6zg\u00fcn Ad\u0131<\/strong><\/td>\n<td width=\"3%\">:<\/td>\n<td width=\"51%\">The Fallen Fortress<\/td>\n<\/tr>\n<tr bgcolor=\"#e4ddcb\">\n<td width=\"39%\"><strong>D\u00fczelti<\/strong><\/td>\n<td width=\"3%\">:<\/td>\n<td width=\"51%\">Egemen G\u00f6r\u00e7ek<\/td>\n<\/tr>\n<\/tbody>\n<\/table>\n<\/td>\n<\/tr>\n<tr>\n<td style=\"border-style: solid ridge ridge; border-width: 1px; padding-left: 4px; padding-right: 4px;\" bgcolor=\"#c0b18d\" width=\"100%\"><strong><span style=\"font-size: 9pt; font-family: Tahoma;\">Laika Yay\u0131nc\u0131l\u0131k<br \/>\n<\/span><\/strong><\/td>\n<\/tr>\n<tr>\n<td align=\"right\" width=\"100%\">\n<table style=\"width: 310px; height: 88px;\" border=\"0\" cellspacing=\"0\">\n<tbody>\n<tr bgcolor=\"#e4ddcb\">\n<td width=\"39%\"><strong>\u00c7\u0131k\u0131\u015f Tarihi<\/strong><\/td>\n<td width=\"3%\">:<\/td>\n<td width=\"51%\">Nisan, 2012<\/td>\n<\/tr>\n<tr bgcolor=\"#d1c4a5\">\n<td><strong>Sayfa Say\u0131s\u0131<\/strong><\/td>\n<td width=\"3%\">:<\/td>\n<td width=\"51%\">248<\/td>\n<\/tr>\n<tr bgcolor=\"#e4ddcb\">\n<td width=\"39%\"><strong>Fiyat\u0131<\/strong><\/td>\n<td width=\"3%\">:<\/td>\n<td width=\"51%\">18,00 TL<\/td>\n<\/tr>\n<tr bgcolor=\"#d1c4a5\">\n<td width=\"39%\"><strong>ISBN No<\/strong><\/td>\n<td width=\"3%\">:<\/td>\n<td width=\"51%\">9786055334031<\/td>\n<\/tr>\n<\/tbody>\n<\/table>\n<\/td>\n<\/tr>\n<\/tbody>\n<\/table>\n<\/td>\n<td style=\"width: 39%;\" align=\"center\" valign=\"middle\">\n<p style=\"text-align: center;\">\n<\/td>\n<\/tr>\n<\/tbody>\n<\/table>\n<table style=\"border-collapse: collapse; width: 47%;\" border=\"0\" cellpadding=\"0\">\n<tbody>\n<tr>\n<td width=\"54%\">\n<table style=\"border-collapse: collapse; height: 147px; width: 470px;\" border=\"0\" cellspacing=\"0\" cellpadding=\"2\">\n<tbody>\n<tr>\n<td style=\"border-style: solid ridge ridge; border-width: 1px; padding-left: 4px; padding-right: 4px;\" bgcolor=\"#c0b18d\" width=\"98%\"><strong><span style=\"font-size: 9pt; font-family: Tahoma;\">Tan\u0131t\u0131m Yaz\u0131s\u0131<\/span><\/strong><\/td>\n<\/tr>\n<tr>\n<td align=\"left\" width=\"99%\">\n<table style=\"width: 465px;\" border=\"0\">\n<tbody>\n<tr>\n<td style=\"border-style: outset; border-width: 1px;\" bgcolor=\"#d1c4a5\" width=\"96%\">\n<table style=\"border-collapse: collapse; width: 452px; height: 134px;\" border=\"0\" cellspacing=\"0\" cellpadding=\"5\" bgcolor=\"#d1c4a5\">\n<tbody>\n<tr>\n<td bgcolor=\"#d1c4a5\" width=\"96%\">\n<div>Sava\u015f s\u00fcr\u00fcyor&#8230;<\/p>\n<p>Caradoon ve Shilmista Orman\u0131\u2019n\u0131n m\u00fc\u015fterek kuvvetleri, Ulu K\u00fct\u00fcphane\u2019nin alim-rahibi Cadderly\u2019nin \u00f6nderli\u011finde, d\u00fc\u015fman\u0131 Aballister\u2019in s\u0131\u011f\u0131na\u011f\u0131 olan, Trinity Kalesi\u2019ne y\u00fcr\u00fcyor. Fakat bu yolculuk s\u0131ras\u0131nda k\u00f6k\u00fc ge\u00e7mi\u015fte olan bamba\u015fka bir g\u00f6revi de yerine getirmesi gerekecek.<\/p>\n<p>\u201cCadderly ve Danica aras\u0131ndaki ili\u015fki y\u00fcz\u00fcnden bu seriyi yazmak ger\u00e7ekten ho\u015fuma gitti; Drizzt ve etkileyici k\u00f6t\u00fclerde denedi\u011fim her \u015feyden \u00e7ok daha olgun&#8230;\u201d<\/p><\/div>\n<\/td>\n<\/tr>\n<\/tbody>\n<\/table>\n<\/td>\n<\/tr>\n<\/tbody>\n<\/table>\n<\/td>\n<\/tr>\n<\/tbody>\n<\/table>\n<\/td>\n<\/tr>\n<\/tbody>\n<\/table>\n","protected":false},"excerpt":{"rendered":"<p>\u0130LAH\u0130 Yazar : R. A. Salvatore \u00c7eviri : Aylin G\u00fcrses \u00d6zg\u00fcn Ad\u0131 : Canticle Ebat : Ciltsiz | 14 x 20 cm Laika Yay\u0131nc\u0131l\u0131k \u00c7\u0131k\u0131\u015f Tarihi : \u015eubat, 2006 (ilk bask\u0131) Sayfa Say\u0131s\u0131 : 300 Fiyat\u0131 : 18,00 TL ISBN No : 9789758904624 Tan\u0131t\u0131m Yaz\u0131s\u0131 Kar Tanesi Da\u011flar\u0131&#8217;n\u0131n durgun y\u00fcksek noktalar\u0131nda ozanlar, rahipler ve Ulu [&hellip;]<\/p>\n","protected":false},"author":1,"featured_media":0,"parent":22,"menu_order":0,"comment_status":"open","ping_status":"closed","template":"","meta":{"_acf_changed":false,"footnotes":""},"class_list":["post-16609","page","type-page","status-publish"],"acf":[],"_links":{"self":[{"href":"https:\/\/www.kayiprihtim.org\/portal\/wp-json\/wp\/v2\/pages\/16609","targetHints":{"allow":["GET"]}}],"collection":[{"href":"https:\/\/www.kayiprihtim.org\/portal\/wp-json\/wp\/v2\/pages"}],"about":[{"href":"https:\/\/www.kayiprihtim.org\/portal\/wp-json\/wp\/v2\/types\/page"}],"author":[{"embeddable":true,"href":"https:\/\/www.kayiprihtim.org\/portal\/wp-json\/wp\/v2\/users\/1"}],"replies":[{"embeddable":true,"href":"https:\/\/www.kayiprihtim.org\/portal\/wp-json\/wp\/v2\/comments?post=16609"}],"version-history":[{"count":2,"href":"https:\/\/www.kayiprihtim.org\/portal\/wp-json\/wp\/v2\/pages\/16609\/revisions"}],"predecessor-version":[{"id":59777,"href":"https:\/\/www.kayiprihtim.org\/portal\/wp-json\/wp\/v2\/pages\/16609\/revisions\/59777"}],"up":[{"embeddable":true,"href":"https:\/\/www.kayiprihtim.org\/portal\/wp-json\/wp\/v2\/pages\/22"}],"wp:attachment":[{"href":"https:\/\/www.kayiprihtim.org\/portal\/wp-json\/wp\/v2\/media?parent=16609"}],"curies":[{"name":"wp","href":"https:\/\/api.w.org\/{rel}","templated":true}]}}