{"id":16664,"date":"2012-04-23T01:43:35","date_gmt":"2012-04-22T22:43:35","guid":{"rendered":"http:\/\/www.kayiprihtim.org\/portal\/?page_id=16664"},"modified":"2016-05-28T12:27:16","modified_gmt":"2016-05-28T09:27:16","slug":"blood-of-elves-tanitim-yazisi","status":"publish","type":"page","link":"https:\/\/www.kayiprihtim.org\/portal\/projeler\/biz-bunu-istiyoruz\/biz-bunu-istiyoruz-2\/blood-of-elves-tanitim-yazisi\/","title":{"rendered":"Blood of Elves | Tan\u0131t\u0131m Yaz\u0131s\u0131"},"content":{"rendered":"<table style=\"width: 900px; background-image: url('https:\/\/www.kayiprihtim.org\/portal\/gorsel\/2012\/03\/bg.jpg'); height: 841px;\" border=\"0\" cellpadding=\"10\" align=\"center\">\n<tbody>\n<tr>\n<td style=\"text-align: center;\"><em><span style=\"font-family: times new roman,times; font-size: 34px;\">Blood of Elves<br \/>\n<\/span><\/em><\/td>\n<\/tr>\n<tr>\n<td style=\"text-align: center;\"><a href=\"https:\/\/www.kayiprihtim.org\/portal\/gorsel\/Blood_of_Elves.jpg\"><img fetchpriority=\"high\" decoding=\"async\" src=\"https:\/\/www.kayiprihtim.org\/portal\/gorsel\/Blood_of_Elves.jpg\" alt=\"\" width=\"180\" height=\"292\"><\/a><\/td>\n<\/tr>\n<tr style=\"text-align: justify;\" valign=\"top\">\n<td dir=\"ltr\" style=\"font-family: Segoe UI,Times New Roman,Times,serif; font-size: 14px; font-style: normal; width: 450px; text-align: justify;\" scope=\"col\" valign=\"top\">\n<table style=\"width: 450px;\" border=\"0\" align=\"center\">\n<tbody>\n<tr>\n<td><\/td>\n<\/tr>\n<tr style=\"text-align: justify;\" valign=\"top\">\n<td dir=\"ltr\" style=\"font-family: Segoe UI,Times New Roman,Times,serif; font-size: 14px; font-style: normal; width: 450px; text-align: justify;\" scope=\"col\" valign=\"top\">\n<p style=\"text-indent: 0.4cm; text-align: justify;\"><em>\u0130\u015faretleri izleyin! Ne i\u015faretleri olaca\u011f\u0131n\u0131 size s\u00f6yleyeyim: ilk olarak yery\u00fcz\u00fc Aen Seidhe&#8217;nin kan\u0131 ile ta\u015facak, elflerin kan\u0131 ile&#8230;<\/em><\/p>\n<p style=\"text-indent: 0.4cm; text-align: justify;\"><em>Y\u00fczy\u0131l\u0131 a\u015fk\u0131n bir s\u00fcredir, insanlar, c\u00fcceler, gnomelar ve elfler g\u00f6receli bir bar\u0131\u015fla bir arada ya\u015fad\u0131lar. Ama zaman de\u011fi\u015fti, huzursuz bar\u0131\u015f sona erdi ve \u015fimdi \u0131rklar bir kez daha sava\u015f i\u00e7indeler. G\u00f6r\u00fcn\u00fc\u015fe g\u00f6re sadece \u00f6l\u00fc bir elf iyi bir elftir.<\/em><\/p>\n<p style=\"text-indent: 0.4cm; text-align: justify;\"><em>Rivial\u0131 Geralt, Witcher ad\u0131yla bilinen kurnaz suikast\u00e7\u0131, kehanette s\u00f6ylenen \u00e7ocu\u011fun do\u011fumunu bekliyordu. Bu \u00e7ocuk d\u00fcnyay\u0131 de\u011fi\u015ftirecek g\u00fcce sahip &#8211; iyi ya da k\u00f6t\u00fc y\u00f6nde.<\/em><\/p>\n<p style=\"text-indent: 0.4cm; text-align: justify;\"><em>Sava\u015f tehdidi diyarlar\u0131n \u00fczerindeyken ve insanlar ola\u011fan\u00fcst\u00fc g\u00fc\u00e7leri y\u00fcz\u00fcnden \u00e7ocu\u011fu avlamaya \u00e7al\u0131\u015f\u0131yorken, hepsini korumak Geralt&#8217;\u0131n sorumlulu\u011fu olacakt\u0131r &#8211; ve Witcher yenilgiyi asla kabul etmez.<\/em><\/p>\n<p style=\"text-indent: 0.4cm; text-align: justify;\"><em>The Last Wish&#8217;in ard\u0131ndan gelen Blood of Elves, Rivial\u0131 Geralt&#8217;\u0131 konu alan ve ciddi olarak takdir edilen The Witcher adl\u0131 oyuna ilham veren 2. kitapt\u0131r.<\/em><\/p>\n<p style=\"text-align: center;\"><span style=\"font-family: Segoe UI,helvetica,sans-serif;\"> <a href=\"https:\/\/www.kayiprihtim.org\/portal\/projeler\/biz-bunu-istiyoruz\/biz-bunu-istiyoruz-2\/\">The Witcher ana sayfas\u0131na d\u00f6nmek i\u00e7in t\u0131klay\u0131n.<\/a><\/span><\/p>\n<\/td>\n<\/tr>\n<\/tbody>\n<\/table>\n<\/td>\n<\/tr>\n<\/tbody>\n<\/table>\n","protected":false},"excerpt":{"rendered":"<p>Blood of Elves \u0130\u015faretleri izleyin! Ne i\u015faretleri olaca\u011f\u0131n\u0131 size s\u00f6yleyeyim: ilk olarak yery\u00fcz\u00fc Aen Seidhe&#8217;nin kan\u0131 ile ta\u015facak, elflerin kan\u0131 ile&#8230; Y\u00fczy\u0131l\u0131 a\u015fk\u0131n bir s\u00fcredir, insanlar, c\u00fcceler, gnomelar ve elfler g\u00f6receli bir bar\u0131\u015fla bir arada ya\u015fad\u0131lar. Ama zaman de\u011fi\u015fti, huzursuz bar\u0131\u015f sona erdi ve \u015fimdi \u0131rklar bir kez daha sava\u015f i\u00e7indeler. G\u00f6r\u00fcn\u00fc\u015fe g\u00f6re sadece \u00f6l\u00fc [&hellip;]<\/p>\n","protected":false},"author":1,"featured_media":0,"parent":16177,"menu_order":0,"comment_status":"open","ping_status":"closed","template":"fullwidth.php","meta":{"_acf_changed":false,"footnotes":""},"class_list":["post-16664","page","type-page","status-publish"],"acf":[],"_links":{"self":[{"href":"https:\/\/www.kayiprihtim.org\/portal\/wp-json\/wp\/v2\/pages\/16664","targetHints":{"allow":["GET"]}}],"collection":[{"href":"https:\/\/www.kayiprihtim.org\/portal\/wp-json\/wp\/v2\/pages"}],"about":[{"href":"https:\/\/www.kayiprihtim.org\/portal\/wp-json\/wp\/v2\/types\/page"}],"author":[{"embeddable":true,"href":"https:\/\/www.kayiprihtim.org\/portal\/wp-json\/wp\/v2\/users\/1"}],"replies":[{"embeddable":true,"href":"https:\/\/www.kayiprihtim.org\/portal\/wp-json\/wp\/v2\/comments?post=16664"}],"version-history":[{"count":0,"href":"https:\/\/www.kayiprihtim.org\/portal\/wp-json\/wp\/v2\/pages\/16664\/revisions"}],"up":[{"embeddable":true,"href":"https:\/\/www.kayiprihtim.org\/portal\/wp-json\/wp\/v2\/pages\/16177"}],"wp:attachment":[{"href":"https:\/\/www.kayiprihtim.org\/portal\/wp-json\/wp\/v2\/media?parent=16664"}],"curies":[{"name":"wp","href":"https:\/\/api.w.org\/{rel}","templated":true}]}}