{"id":16676,"date":"2012-04-23T02:07:12","date_gmt":"2012-04-22T23:07:12","guid":{"rendered":"http:\/\/www.kayiprihtim.org\/portal\/?page_id=16676"},"modified":"2016-05-28T12:27:34","modified_gmt":"2016-05-28T09:27:34","slug":"blood-of-elves-inceleme","status":"publish","type":"page","link":"https:\/\/www.kayiprihtim.org\/portal\/projeler\/biz-bunu-istiyoruz\/biz-bunu-istiyoruz-2\/blood-of-elves-inceleme\/","title":{"rendered":"Blood of Elves | \u0130nceleme"},"content":{"rendered":"<table style=\"height: 841px; width: 900px; background-image: url('https:\/\/www.kayiprihtim.org\/portal\/gorsel\/2012\/03\/bg.jpg');\" border=\"0\" cellpadding=\"10\" align=\"center\">\n<tbody>\n<tr>\n<td>\n<table style=\"width: 550px;\" border=\"0\" align=\"center\">\n<tbody>\n<tr>\n<td>\n<p style=\"text-align: center;\"><img fetchpriority=\"high\" decoding=\"async\" class=\"aligncenter size-full wp-image-16677\" title=\"\" src=\"https:\/\/www.kayiprihtim.org\/portal\/gorsel\/blood-of-elves-inceleme.jpg\" alt=\"\" width=\"467\" height=\"165\" srcset=\"https:\/\/www.kayiprihtim.org\/portal\/gorsel\/blood-of-elves-inceleme.jpg 467w, https:\/\/www.kayiprihtim.org\/portal\/gorsel\/blood-of-elves-inceleme-300x105.jpg 300w\" sizes=\"(max-width: 467px) 100vw, 467px\" \/><\/p>\n<p style=\"text-indent: 0.4cm; text-align: justify;\"><span style=\"font-size: 14px;\"><span style=\"font-family: Segoe UI,helvetica,sans-serif;\"><em>Y\u00fczy\u0131ldan daha uzun bir s\u00fcre boyunca insanlar, c\u00fcceler, gnomlar ve elfler g\u00f6receli bir bar\u0131\u015f i\u00e7erisinde bir arada ya\u015fad\u0131. Fakat zaman de\u011fi\u015fti, huzursuz bar\u0131\u015f art\u0131k sona erdi ve \u0131rklar bir kez daha birbirleriyle sava\u015f i\u00e7erisindeler \u2013 ve de kendileriyle: c\u00fcceler kendi soyda\u015flar\u0131n\u0131 \u00f6ld\u00fcr\u00fcyor ve elfler de elf ve insanlar\u0131\u2026 Ya da en az\u0131ndan insanlarla dostluk kurmu\u015f olanlar\u0131.<\/em><\/span><\/span><\/p>\n<p style=\"text-indent: 0.4cm; text-align: justify;\"><span style=\"font-size: 14px;\"><span style=\"font-family: Segoe UI,helvetica,sans-serif;\"><em>Bu \u00e7alkant\u0131l\u0131 zamanda Witcherlar\u0131n bekledi\u011fi bir \u00e7ocuk do\u011far. Ciri, Krali\u00e7e Calanthe\u2019nin, nam-\u0131 di\u011fer Cintra Aslan\u0131\u2019n\u0131n torunu, garip g\u00fc\u00e7lere ve daha da garip bir kadere sahiptir. Kehanet onu Alev olarak adland\u0131rm\u0131\u015ft\u0131r, d\u00fcnyay\u0131 de\u011fi\u015ftirecek g\u00fcce sahip olan \u2013 iyi ya da k\u00f6t\u00fc y\u00f6nde\u2026<\/em><\/span><\/span><\/p>\n<p style=\"text-indent: 0.4cm; text-align: justify;\"><span style=\"font-size: 14px;\"><span style=\"font-family: Segoe UI,helvetica,sans-serif;\"><em>Geralt, Rivial\u0131 Witcher, Ciri\u2019yi Witcher yerle\u015fkesinin g\u00f6receli g\u00fcvenli\u011fine g\u00f6t\u00fcr\u00fcr. Fakat \u00e7ok ge\u00e7meden Ciri\u2019nin di\u011fer Witcherlardan pek ho\u015flanmad\u0131\u011f\u0131 ortaya \u00e7\u0131kar. Politik durum giderek daha da karar\u0131r ve sava\u015f tehdidi diyarlar\u0131n \u00fczerinde a\u00e7\u0131k\u00e7a hissedilirken Geralt, Ciri\u2019nin e\u015fsiz yeteneklerini e\u011fitebilecek birini aramaya ba\u015flar. Fakat bir ba\u015fkas\u0131n\u0131n daha g\u00f6z\u00fc gen\u00e7 k\u0131z\u0131n \u00fczerindedir, kehanetin ne ima etti\u011fini tam olarak anlayan biri \u2013 ve Ciri\u2019nin g\u00fc\u00e7lerinin neler yapabilece\u011fini bilen biri.<\/em><\/span><\/span><\/p>\n<p style=\"text-indent: 0.4cm; text-align: justify;\"><span style=\"font-size: 14px;\"><span style=\"font-family: Segoe UI,helvetica,sans-serif;\"><em>Geralt bu kez dengi bir rakiple kar\u015f\u0131 kar\u015f\u0131ya olabilir.<\/em><\/span><\/span><\/p>\n<p style=\"text-indent: 0.4cm; text-align: justify;\"><span style=\"font-size: 14px;\"><span style=\"font-family: Segoe UI,helvetica,sans-serif;\">Geralt, 1986 y\u0131l\u0131nda <strong>Andrzej Sapkowski<\/strong>\u2019nin ilk k\u0131sa hik\u00e2yesi olan <strong>\u201cThe Witcher\u201d<\/strong>\u0131n Polonyal\u0131 fantastik edebiyat dergisi Fantastyka\u2019da yay\u0131nlanmas\u0131yla do\u011fmu\u015f. O zamandan beri <strong>Andrzej Sapkowski <\/strong>bu efsaneyle yani 1986 y\u0131l\u0131nda do\u011fan Geralt ile ilgili ondan fazla k\u0131sa hik\u00e2ye ve be\u015f de roman yay\u0131nlam\u0131\u015f, okurlar ve ele\u015ftirmenler \u00fczerinde b\u00fcy\u00fck bir etki b\u0131rakm\u0131\u015ft\u0131r.<\/span><\/span><\/p>\n<p style=\"text-indent: 0.4cm; text-align: justify;\"><span style=\"font-size: 14px;\"><span style=\"font-family: Segoe UI,helvetica,sans-serif;\"><strong>\u201cBlood of Elves\u201d<\/strong>, serinin \u00f6nceki kitab\u0131 olan <strong>\u201cThe Last Wish\u201d<\/strong>i okuyanlar i\u00e7in tan\u0131d\u0131k karakterler i\u00e7eriyor. Fakat kitab\u0131 bitirmi\u015f biri olarak bu durumun ilk kitab\u0131 okumayanlar i\u00e7in b\u00fcy\u00fck bir problem olu\u015fturmayaca\u011f\u0131n\u0131 s\u00f6yleyebilirim. Yine de k\u0131sa hik\u00e2yelerden olu\u015fan derlemeyi okumu\u015f olmam\u0131n faydas\u0131n\u0131 da g\u00f6rd\u00fcm \u00e7\u00fcnk\u00fc <strong>\u201cBlood of Elves\u201d<\/strong>e ba\u015flad\u0131\u011f\u0131mda bir bavul dolusu bilgiye sahiptim. Geralt, yapt\u0131\u011f\u0131 i\u015f ve bu romanda g\u00f6r\u00fclen di\u011fer karakterlerle ili\u015fkilerine dair bilgi\u2026 B\u00fcy\u00fck bir problem olmad\u0131\u011f\u0131n\u0131 s\u00f6ylememin sebebiyse baz\u0131 \u015feylerin <strong>\u201cBlood of Elves\u201d<\/strong> i\u00e7erisinde geli\u015fen eski olaylar oldu\u011funu bilmem, baz\u0131 \u015feylerin de benim i\u00e7in yeni oldu\u011funun fark\u0131nda olmam. Bunun sebebi ise ba\u015fka bir k\u0131sa hik\u00e2yeler derlemesi olan ve Polonya\u2019da <strong>\u201cBlood of Elves\u201d<\/strong>den \u00f6nce,<strong> \u201cThe Last Wish\u201d<\/strong>den sonra bas\u0131lan<strong> \u201cSword of Destiny\u201d<\/strong>nin dilimize <em>(\u0130ngilizceye) <\/em>\u00e7evrilmemi\u015f olmas\u0131. Okuma keyfimi baltalamam\u0131\u015f olmas\u0131na ra\u011fmen kitapta bahsedilen baz\u0131 olaylar\u0131 tahmin etmek zorunda kald\u0131m.<\/span><\/span><\/p>\n<p style=\"text-indent: 0.4cm; text-align: justify;\"><span style=\"font-size: 14px;\"><span style=\"font-family: Segoe UI,helvetica,sans-serif;\"><strong>Andrzej Sapkowski<\/strong> bu romanda fantastik edebiyat\u0131n \u00e7ok iyi bilinen baz\u0131 unsurlar\u0131yla oynuyor. <strong>\u201cBlood of Elves\u201d<\/strong>in sayfalar\u0131 c\u00fcceler, elfler, bu\u00e7ukluklar, b\u00fcy\u00fcc\u00fcler ve sihirli yarat\u0131klar taraf\u0131ndan mesken edilmi\u015f. Fakat yazar\u0131n marifeti sayesinde t\u00fcm bu unsurlar roman\u0131n sayfalar\u0131 boyunca kendilerini yeni bir \u015feymi\u015f gibi g\u00f6steriyor ve kli\u015fe olmaktan ka\u00e7\u0131n\u0131yor. <strong>\u201cBlood of Elves\u201d<\/strong>in fantastik d\u00fcnyas\u0131 olduk\u00e7a ilgin\u00e7 bir yer ve <strong>Sapkowski<\/strong>\u2019nin onu in\u015fa etme \u015feklini sevdim. Okurken gerek o an ya\u015fanan olaylar gerekse tarihsel anlat\u0131lar sayesinde ge\u00e7mi\u015fe gidip bu d\u00fcnyan\u0131n geli\u015fimini g\u00f6rebildim. T\u0131pk\u0131 i\u00e7inde ya\u015fad\u0131\u011f\u0131 d\u00fcnya gibi Geralt da geli\u015fiyor. Harika tasarlanm\u0131\u015f bir karakter de\u011fil fakat geli\u015fiminin burada durmayaca\u011f\u0131ndan eminim. <strong>\u201cThe Last Wish\u201d<\/strong>de Geralt&#8217;la tan\u0131\u015ft\u0131\u011f\u0131mda her hik\u00e2yeden sonra yazar\u0131n ama karakteri biraz daha geli\u015ftirdi\u011fini g\u00f6rebiliyordum ve her romanda da bunun b\u00f6yle oldu\u011funa da inan\u0131yorum. <strong>\u201cBlood of Elves\u201d<\/strong>de Geralt\u2019\u0131n karakteri daha da sa\u011flamla\u015f\u0131yor. Bu sayede Geralt\u2019\u0131n ge\u00e7mi\u015fine, bir Witcher\u2019\u0131n ald\u0131\u011f\u0131 e\u011fitime ve Geralt\u2019\u0131n dolayl\u0131 yollardan ald\u0131\u011f\u0131 di\u011fer e\u011fitimlere dair yeni \u015feyler ke\u015ffedebildim.<\/span><\/span><\/p>\n<p style=\"text-indent: 0.4cm; text-align: justify;\"><span style=\"font-size: 14px;\"><span style=\"font-family: Segoe UI,helvetica,sans-serif;\"><strong>\u201cBlood of Elves\u201d<\/strong>i okurken en \u00e7ok keyif ald\u0131\u011f\u0131m \u015fey diyaloglar oldu. Kitapta ge\u00e7en her diyalog kendimi bir tiyatro oyunu izliyormu\u015f gibi hissetmeme sebep oldu.<strong> Sapkowski<\/strong> diyalog kurma konusunda \u00e7ok yetenekli: diyaloglar olduk\u00e7a ak\u0131c\u0131 ve her biri do\u011fal ve makul g\u00f6r\u00fcn\u00fcyor. Diyaloglar, konu\u015fmada yer alan karakterlerin ruh hallerindeki de\u011fi\u015fimi hissettirecek kadar canl\u0131 ve karakterlerin daha da sa\u011flamla\u015fmas\u0131na yard\u0131m ediyorlar. Karakterler her b\u00f6l\u00fcmde bir \u00f6ncekinden neredeyse ba\u011f\u0131ms\u0131z olan yeni bir mek\u00e2n ve yeni bir durum i\u00e7erisinde bulunduklar\u0131ndan, bu b\u00f6l\u00fcmler bir tiyatro oyununun k\u0131s\u0131mlar\u0131 gibi de d\u00fc\u015f\u00fcn\u00fclebilir. Memnuniyet veren di\u011fer \u015feyler de (<strong>\u201cThe Last Wish\u201d<\/strong>in tamam\u0131nda da bundan keyif alm\u0131\u015ft\u0131m) baz\u0131 diyaloglar ve olaylardaki mizah anlay\u0131\u015f\u0131 ile <strong>Andrzej Sapkowski<\/strong>\u2019nin ger\u00e7ek d\u00fcnyam\u0131zdaki sorunlar\u0131 kendi fantastik d\u00fcnyas\u0131nda ele al\u0131\u015f bi\u00e7imi. C\u00fcce Yarpen Zigrin\u2019in (bizim haberimiz olmasa da Geralt ile tan\u0131\u015f\u0131kl\u0131\u011f\u0131 <strong>\u201cSword of Destiny\u201d<\/strong>de ba\u015flam\u0131\u015f) olduk\u00e7a e\u011flenceli bir karakter oldu\u011funu ve onu \u00e7ok sevdi\u011fimi belirtmek isterim.<\/span><\/span><\/p>\n<p style=\"text-indent: 0.4cm; text-align: justify;\"><span style=\"font-size: 14px;\"><span style=\"font-family: Segoe UI,helvetica,sans-serif;\"><strong>Andrzej Sapkowski<\/strong>\u2019nin eserleri \u0130ngilizceye \u00e7evrildi\u011fi i\u00e7in mutluyum ve di\u011fer dillere \u00e7evrilmesini de umuyorum, \u00e7\u00fcnk\u00fc \u00e7ok yetenekli bir yazar.<\/span><\/span><\/p>\n<\/td>\n<\/tr>\n<\/tbody>\n<\/table>\n<\/td>\n<\/tr>\n<\/tbody>\n<\/table>\n<div class=\"seperator\">#<\/div>\n<table id=\"table20\" style=\"border-collapse: collapse; width: 605px; height: 44px;\" border=\"0\" cellspacing=\"0\" cellpadding=\"2\" align=\"center\">\n<tbody>\n<tr>\n<td style=\"border-style: solid ridge ridge; border-width: 1px; padding-left: 4px; padding-right: 4px;\" bgcolor=\"#5d372a\" width=\"98%\">\n<p style=\"text-align: center;\"><span style=\"color: #ffffff;\"><strong><span style=\"font-family: Tahoma;\"><span style=\"color: #ffff99;\">Bu inceleme Eyl\u00fcl 2009 tarihinde <a href=\"http:\/\/darkwolfsfantasyreviews.blogspot.com\/2009\/09\/blood-of-elves-by-andrzej-sapkowski.html\" rel=\"nofollow noopener\" target=\"_blank\"><em><span style=\"color: #ff6600;\">darkwolfsfantasyreviews.blogspot.com<\/span><\/em><\/a> sitesi i\u00e7in <span style=\"color: #ff6600;\">Mihai A.<\/span> taraf\u0131ndan yap\u0131lm\u0131\u015ft\u0131r.<\/span><\/span><\/strong><\/span><\/p>\n<\/td>\n<\/tr>\n<\/tbody>\n<\/table>\n<table style=\"width: 550px;\" border=\"0\" align=\"center\">\n<tbody>\n<tr>\n<td>\n<p style=\"text-align: center;\"><span style=\"font-family: Segoe UI,helvetica,sans-serif;\"><a href=\"..\/projeler\/biz-bunu-istiyoruz\/biz-bunu-istiyoruz-2\/\">The Witcher ana sayfas\u0131na d\u00f6nmek i\u00e7in t\u0131klay\u0131n.<\/a><strong><br \/>\n<\/strong><\/span><\/p>\n<\/td>\n<\/tr>\n<\/tbody>\n<\/table>\n","protected":false},"excerpt":{"rendered":"<p>Y\u00fczy\u0131ldan daha uzun bir s\u00fcre boyunca insanlar, c\u00fcceler, gnomlar ve elfler g\u00f6receli bir bar\u0131\u015f i\u00e7erisinde bir arada ya\u015fad\u0131. Fakat zaman de\u011fi\u015fti, huzursuz bar\u0131\u015f art\u0131k sona erdi ve \u0131rklar bir kez daha birbirleriyle sava\u015f i\u00e7erisindeler \u2013 ve de kendileriyle: c\u00fcceler kendi soyda\u015flar\u0131n\u0131 \u00f6ld\u00fcr\u00fcyor ve elfler de elf ve insanlar\u0131\u2026 Ya da en az\u0131ndan insanlarla dostluk kurmu\u015f [&hellip;]<\/p>\n","protected":false},"author":1,"featured_media":0,"parent":16177,"menu_order":0,"comment_status":"open","ping_status":"closed","template":"fullwidth.php","meta":{"_acf_changed":false,"footnotes":""},"class_list":["post-16676","page","type-page","status-publish"],"acf":[],"_links":{"self":[{"href":"https:\/\/www.kayiprihtim.org\/portal\/wp-json\/wp\/v2\/pages\/16676","targetHints":{"allow":["GET"]}}],"collection":[{"href":"https:\/\/www.kayiprihtim.org\/portal\/wp-json\/wp\/v2\/pages"}],"about":[{"href":"https:\/\/www.kayiprihtim.org\/portal\/wp-json\/wp\/v2\/types\/page"}],"author":[{"embeddable":true,"href":"https:\/\/www.kayiprihtim.org\/portal\/wp-json\/wp\/v2\/users\/1"}],"replies":[{"embeddable":true,"href":"https:\/\/www.kayiprihtim.org\/portal\/wp-json\/wp\/v2\/comments?post=16676"}],"version-history":[{"count":0,"href":"https:\/\/www.kayiprihtim.org\/portal\/wp-json\/wp\/v2\/pages\/16676\/revisions"}],"up":[{"embeddable":true,"href":"https:\/\/www.kayiprihtim.org\/portal\/wp-json\/wp\/v2\/pages\/16177"}],"wp:attachment":[{"href":"https:\/\/www.kayiprihtim.org\/portal\/wp-json\/wp\/v2\/media?parent=16676"}],"curies":[{"name":"wp","href":"https:\/\/api.w.org\/{rel}","templated":true}]}}