{"id":16688,"date":"2012-04-23T03:09:03","date_gmt":"2012-04-23T00:09:03","guid":{"rendered":"http:\/\/www.kayiprihtim.org\/portal\/?page_id=16688"},"modified":"2022-08-01T15:11:16","modified_gmt":"2022-08-01T12:11:16","slug":"the-witcher-okur-yorumlari","status":"publish","type":"page","link":"https:\/\/www.kayiprihtim.org\/portal\/projeler\/biz-bunu-istiyoruz\/biz-bunu-istiyoruz-2\/the-witcher-okur-yorumlari\/","title":{"rendered":"The Witcher | Okur Yorumlar\u0131"},"content":{"rendered":"<table style=\"height: 841px; width: 900px; background-image: url('https:\/\/www.kayiprihtim.org\/portal\/gorsel\/2012\/03\/bg.jpg');\" border=\"0\" cellpadding=\"10\" align=\"center\">\n<tbody>\n<tr>\n<td style=\"text-align: center;\"><em><span style=\"font-family: times new roman,times; font-size: 34px;\">The Last Wish<\/span><\/em><\/td>\n<td style=\"text-align: center;\"><em><span style=\"font-family: times new roman,times;\"><span style=\"font-size: 34px;\">Blood of Elves<\/span><\/span><\/em><\/td>\n<\/tr>\n<tr>\n<td style=\"text-align: center;\"><a href=\"https:\/\/www.kayiprihtim.org\/portal\/gorsel\/The_Last_Wish.jpg\"><img fetchpriority=\"high\" decoding=\"async\" class=\"aligncenter\" src=\"https:\/\/www.kayiprihtim.org\/portal\/gorsel\/The_Last_Wish.jpg\" alt=\"\" width=\"180\" height=\"292\"><\/a><\/td>\n<td style=\"text-align: center;\"><a href=\"https:\/\/www.kayiprihtim.org\/portal\/gorsel\/Blood_of_Elves_Front_US.jpg\"><img decoding=\"async\" class=\"aligncenter\" src=\"https:\/\/www.kayiprihtim.org\/portal\/gorsel\/Blood_of_Elves_Front_US.jpg\" alt=\"\" width=\"180\" height=\"292\"><\/a><\/td>\n<\/tr>\n<tr style=\"text-align: justify;\" valign=\"top\">\n<td dir=\"ltr\" style=\"font-family: Segoe UI,Times New Roman,Times,serif; font-size: 14px; font-style: normal; width: 450px; text-align: justify;\" scope=\"col\" valign=\"top\"><a href=\"http:\/\/www.amazon.com\/gp\/pdp\/profile\/A23OAM5C5M7J8R\/ref=cm_cr_pr_pdp\" target=\"_blank\" rel=\"noopener nofollow\"><strong>NathanS<\/strong><\/a> &#8211; <em>9 Haziran 2011\u00a0<\/em>Witcher, Rivial\u0131, Geralt. Bu onun hik\u00e2yesi. Bu kitap onun t\u00fcm k\u0131sa hik\u00e2yelerini tek bir fantastik \u00f6yk\u00fcde topluyor. \u00c7ok e\u011flenceli ve okumas\u0131 kolay bir kitap. Salvatore ya da Terry Brooks hayranlar\u0131 b\u00fcy\u00fck keyif alacakt\u0131r. Geralt ilgi \u00e7ekici bir karakter ve yarat\u0131k avc\u0131l\u0131\u011f\u0131ndaki uzmanl\u0131\u011f\u0131 ilginizi en ba\u015f\u0131ndan yakal\u0131yor.<\/p>\n<hr size=\"1\" \/>\n<p><a href=\"http:\/\/www.amazon.com\/gp\/pdp\/profile\/A3KGBSSBN0OJP9\/ref=cm_cr_pr_pdp\" target=\"_blank\" rel=\"noopener nofollow\"><strong>Shamgar &#8220;Jack&#8221;<\/strong><\/a> &#8211;\u00a0<em>18 Ocak 2010<\/em><\/p>\n<p>Nadiren de olsa, tesad\u00fcfen \u201cThe Last Wish\u201d gibi bir edebi m\u00fccevhere rastlad\u0131n\u0131z m\u0131 hi\u00e7? T\u0131pk\u0131 tozlu bir yolda y\u00fcr\u00fcrken i\u015flenmemi\u015f bir elmasa denk gelmek gibidir.<\/p>\n<p>Sapkowski \u201chik\u00e2ye anlatma\u201d dehas\u0131na ilavaten iyi yeti\u015fmi\u015f bir hayal g\u00fcc\u00fcne sahip.<\/p>\n<p>E\u011fer kendinizi kontrol etmezseniz bu kitab\u0131 bir oturu\u015fta bitirebilirsiniz, s\u0131k\u0131lmayacaks\u0131n\u0131z, bir sonraki sayfaya hatta her sayfaya ge\u00e7mek i\u00e7in sab\u0131rs\u0131zlanacaks\u0131n\u0131z.<\/p>\n<p>Sadece ger\u00e7ek canavar \u00e2\u015f\u0131klar\u0131 de\u011ferlendirmemle hemfikir olmayacakt\u0131r!<\/p>\n<hr size=\"1\" \/>\n<p><strong>Thomas Chestnut &#8220;Tom C.&#8221;<\/strong>\u00a0\u2013 <em>8 Haziran 2008<br \/>\n<\/em><\/p>\n<p>Kitab\u0131, kitaptan uyarlanarak yap\u0131lm\u0131\u015f \u201cThe Witcher\u201d adl\u0131 bilgisayar oyununu oynad\u0131ktan sonra okudum. The Last Wish\u2019i ger\u00e7ekten \u00e7ok sevdim ve bence fantastik kitaplarla ilgilenmiyor olsan\u0131z bile sadece hikayelerin muhte\u015fem konular\u0131ndan \u00f6t\u00fcr\u00fc bu kitab\u0131 sevebilirsiniz. \u00d6yk\u00fcler tipik iyi\/k\u00f6t\u00fc ayr\u0131m\u0131na sahip de de\u011filler, daha \u00e7ok ahlaken mu\u011flak ve sonu\u00e7larla, durumlarla ilgili muhakeme yapma \u00fczerine yo\u011funla\u015f\u0131yor.<\/p>\n<p>Kitap, bir yarat\u0131k avc\u0131s\u0131 olarak yeti\u015ftirilmi\u015f Witcher Geralt ile ilgili hikayelerden olu\u015fuyor. Fakat bazen orada &#8211; burada ona sorun \u00e7\u0131karan bir insan\u0131 \u00f6ld\u00fcrmek zorunda da kalabiliyor. Her b\u00f6l\u00fcm Geralt&#8217;\u0131n hat\u0131rlad\u0131\u011f\u0131 farkl\u0131 bir hik\u00e2yeden ibaret ve her b\u00f6l\u00fcm kitap boyunca kendi hikaye ve kurgusunu olu\u015fturarak onunla birlikte ba\u015fl\u0131yor. Bu kitab\u0131 \u015fiddetle tavsiye ediyorum ve e\u011fer oyunlarla ilgileniyorsan\u0131z &#8220;The Witcher&#8221; oyununa da (harika bir oyun) bir \u015fans verin derim. Umar\u0131m Sapkowski\u2019nin t\u00fcm Witcher kitaplar\u0131 Amerika\u2019ya gelir.<\/p>\n<hr size=\"1\" \/>\n<p><a href=\"http:\/\/www.amazon.com\/gp\/pdp\/profile\/A30WUEKT5SEV7I\/ref=cm_cr_pr_pdp\" target=\"_blank\" rel=\"noopener nofollow\"><strong>J. Bauer &#8220;Gentle Reader&#8221;<\/strong><\/a>\u00a0\u2013 <em>20 Haziran 2008<\/em><\/p>\n<p>Amerikan yazarlar\u0131ndan ba\u015fka bir \u015fey okumak ad\u0131na, Polonya\u2019daki ba\u015far\u0131s\u0131na dair k\u0131sa bir makale okudu\u011fum Sapkowski\u2019ye y\u00f6neldim. G\u00fczel bir eser: Harika de\u011fil, ama kesinlikle ilgin\u00e7 bir okumal\u0131k. K\u00fc\u00e7\u00fck espriler g\u00fczel \u00e7evrilmi\u015f.<\/p>\n<p>Witcher, tam olarak Moorcock serilerinin Elric\u2019i gibi de\u011fil, ama o da kendi zaaflar\u0131yla dolu ilgin\u00e7 bir kahraman. Merakl\u0131 arkada\u015flara ve tan\u0131d\u0131klara sahip.<\/p>\n<p>The Witcher ve Bay Sapkowski\u2019den daha fazlas\u0131n\u0131 g\u00f6rmeyi bekliyorum. \u201cThe Night Watch\u201d kadar leziz olmasa da i\u015f g\u00f6r\u00fcyor.<\/p>\n<hr size=\"1\" \/>\n<p><a href=\"http:\/\/www.amazon.com\/gp\/pdp\/profile\/ADPEAVHFCNLLC\/ref=cm_cr_pr_pdp\" target=\"_blank\" rel=\"noopener nofollow\"><strong>Poisoned Blade<\/strong><\/a>\u00a0&#8211; <em>25 May\u0131s 2008<\/em><\/p>\n<p>Kitaba ba\u015flamadan \u00f6nce, kitaptan uyarlanarak yap\u0131lm\u0131\u015f &#8220;The Witcher&#8221; isimli PC oyununu bitirdim. Oyundaki karakterleri, hik\u00e2yeleri, aksiyonu ve oyunun temas\u0131n\u0131 ger\u00e7ekten \u00e7ok sevdim. Geralt profesyonel bir yarat\u0131k avc\u0131s\u0131. Yarat\u0131klar\u0131 avlamak i\u00e7in k\u0131l\u0131\u00e7, simya ve b\u00fcy\u00fc kullan\u0131yor. Zaman zaman kendi gizli ama\u00e7lar\u0131 olan insanlarca yanl\u0131\u015f y\u00f6nlendirilebiliyor ve bazen insanlar\u0131n canavarlardan daha k\u00f6t\u00fc olabildi\u011fini anl\u0131yor. \u00c7\u00fcnk\u00fc yarat\u0131klarla sava\u015f\u0131rken en az\u0131ndan ne u\u011fruna d\u00f6v\u00fc\u015ft\u00fc\u011f\u00fcn\u00fcz\u00fc, hangi tarafta oldu\u011funuzu bilirsiniz. Geralt, oyunda neredeyse bir s\u00fcper kahraman. Zombi dolu bir batakl\u0131k bile onun i\u00e7in problem de\u011fildir.<\/p>\n<p>Kitapta, Geralt oyundaki kadar sert de\u011fil. Bazen, 80\u2019lerin TV aksiyon kahramanlar\u0131 gibi hissettiriyor. Harika bir sava\u015f\u00e7\u0131 de\u011fil ve olduk\u00e7a kolay bi\u00e7imde aptal yerine konabiliyor. Oyunu oynad\u0131ktan sonra kitab\u0131 okuyunca bir par\u00e7a hayal k\u0131r\u0131kl\u0131\u011f\u0131na u\u011frad\u0131m \u00e7\u00fcnk\u00fc Geralt\u2019\u0131 daha \u00e7ok &#8220;Unutulmu\u015f Diyarlar&#8221; karakteri Drizzt gibi biri olarak bulmay\u0131 bekliyordum. Bir \u00f6zel dedektif gibi de\u011fil&#8230;<\/p>\n<p>Kitap, Geralt\u2019\u0131n maceralar\u0131 etraf\u0131nda d\u00f6nen alt\u0131 k\u0131sa hik\u00e2yenin derlemesi. \u00c7ok iyi yaz\u0131lm\u0131\u015flar, ama epik bir histen yoksunlar. Daha \u00e7ok \u00e7arp\u0131t\u0131lm\u0131\u015f peri masallar\u0131n\u0131n \u00e7\u0131\u011f\u0131r\u0131ndan \u00e7\u0131kmas\u0131 gibiler. E\u011fer kahramanca maceralar ar\u0131yorsan\u0131z bu sizin kitab\u0131n\u0131z de\u011fil. E\u011fer peri masallar\u0131na benzeyen, karanl\u0131k ve ilgin\u00e7 hik\u00e2yeler ar\u0131yorsan\u0131z o zaman be\u011fenebilirsiniz.<\/p>\n<p>Sonu\u00e7ta kitap sadece iyi. K\u00f6t\u00fc de\u011fil ama harika da de\u011fil. Kitaba 5 \u00fczerinden 3, oyuna ise 5 \u00fczerinden 4 puan veririm.<\/p>\n<hr size=\"1\" \/>\n<p><a href=\"http:\/\/www.amazon.com\/gp\/pdp\/profile\/A3QC0F7NOQX694\/ref=cm_cr_pr_pdp\" target=\"_blank\" rel=\"noopener nofollow\"><strong>Limorkil<\/strong><\/a> &#8211; <em>9 Haziran 2009<\/em><\/p>\n<p>&#8220;The Last Wish&#8221; ger\u00e7ekten de harika bir fantastik kitap ve Sapkowski bizim dilimizi konu\u015fanlar taraf\u0131ndan \u00e7ok daha fazla \u00f6vg\u00fcy\u00fc ve tan\u0131nmay\u0131 hakkediyor.<\/p>\n<p>Bu kitap, birbirlerine bir ba\u015fka &#8220;flashback&#8221; \u00f6yk\u00fcyle ba\u011flanan k\u0131sa hik\u00e2yeler kitab\u0131. Genellikle k\u0131sa hik\u00e2ye kitaplar\u0131ndan ho\u015flanmam fakat &#8220;Last Wish&#8221;teki t\u00fcm \u00f6yk\u00fcler ayn\u0131 karakter, Witcher Geralt hakk\u0131nda oldu\u011fundan daha \u00e7ok bir roman havas\u0131na sahip. Geralt, t\u0131pk\u0131 Elric ve Drizzt tarz\u0131nda bir sava\u015f\u00e7\u0131\/b\u00fcy\u00fcc\u00fc. Canavarlarla sava\u015f\u0131yor ve insanlara yard\u0131m ediyor fakat kar\u015f\u0131la\u015ft\u0131\u011f\u0131 &#8220;s\u0131radan halk\u0131n&#8221; \u00e7o\u011fu kendisine g\u00fcvenmiyor. Kendisi Sapkowski&#8217;nin yaratt\u0131\u011f\u0131 pek \u00e7ok ilgin\u00e7 karakterden yaln\u0131zca biri, ki g\u00f6r\u00fcn\u00fc\u015fe g\u00f6re karakterizasyon ve diyalog kurmada yazar\u0131n \u00fcst\u00fcne yok.<\/p>\n<p>Hik\u00e2yeler aksiyon y\u00fckl\u00fc ve olaylar k\u0131smen Orta \u00c7a\u011f Avrupa&#8217;s\u0131n\u0131 k\u0131smense Grimm Karde\u015flerin peri masallar\u0131n\u0131 \u00e7a\u011fr\u0131\u015ft\u0131ran bir d\u00fcnyada ge\u00e7iyor. E\u011fer \u015feytani &#8220;Alice Harikalar Diyar\u0131&#8221; ve benzerleri gibi \u00e7arp\u0131t\u0131lm\u0131\u015f \u00e7ocuk masallar\u0131n\u0131 seviyorsan\u0131z burada da kar\u015f\u0131la\u015faca\u011f\u0131n\u0131z \u015fey de bu. \u00c7\u00fcnk\u00fc Sapkowski&#8217;nin d\u00fcnyas\u0131 s\u0131kl\u0131kla peri masallar\u0131n\u0131n ard\u0131ndaki &#8220;ger\u00e7ek&#8221; anlam\u0131 tasvir ediyor. Bu d\u00fcnyada prensesler kulelere iyi bir sebepten dolay\u0131 kapat\u0131l\u0131yor ve onlar\u0131 kurtarmak i\u00e7in giri\u015filen kahramanca hareketler genellikle par\u00e7alanan bo\u011fazlarla sona eriyor.<\/p>\n<p>Ufak da olsa bir ele\u015ftiride bulunabilirim fakat bu ele\u015ftiri yaln\u0131zca Sapkowski&#8217;ye de\u011fil t\u00fcm fantastik edebiyat yazarlar\u0131na y\u00f6neltilebilir. Ben fantastik edebiyat yazarlar\u0131n\u0131n &#8220;ciddi sava\u015f\u00e7\u0131&#8221; karakteriyle s\u00fcrekli e\u015fle\u015ftirme ihtiyac\u0131 duyduklar\u0131 &#8220;komik&#8221; karakterleri sevmiyorum. Ozan Dandelion e\u011flenceli ve s\u0131k\u0131c\u0131 olmak aras\u0131ndaki \u00e7izginin \u00fczerinde iyi ilerliyor ve sadece birka\u00e7 hik\u00e2yede g\u00f6r\u00fcnd\u00fc\u011f\u00fc i\u00e7in memnunum. Ayn\u0131 zamanda fantastik romanlardaki standart kad\u0131n tiplemelerini de sevmiyorum. T\u0131pk\u0131 kendini be\u011fenmi\u015f o***unun teki olan fakat sadece iyi g\u00f6r\u00fcnd\u00fc\u011f\u00fc i\u00e7in herkesin m\u00fcsamaha g\u00f6sterdi\u011fi B\u00fcy\u00fcc\u00fc Yennefer gibi. Geralt, karakterine ters d\u00fc\u015fecek \u015fekilde Yennefer&#8217;in numaralar\u0131na \u00e7ok kolay kan\u0131yor ve ona olan d\u00fc\u015fk\u00fcnl\u00fc\u011f\u00fc hi\u00e7 de inand\u0131r\u0131c\u0131 de\u011fil. Fantastik edebiyat\u0131n \u00e7o\u011fu b\u00fcy\u00fck (erkek) yazar\u0131 klasikle\u015fmi\u015f kitaplar\u0131nda hep benzer karakterleri kullan\u0131yorlar. Sapkowski&#8217;nin bu kal\u0131b\u0131 k\u0131raca\u011f\u0131n\u0131 umdu\u011fum i\u00e7in olduk\u00e7a hayal k\u0131r\u0131kl\u0131\u011f\u0131na u\u011frad\u0131m.<\/p>\n<p>Bu kitab\u0131 Drizzt, Elric, Conan, Fafhrd ve Grey Mouser (Fritz Leiber adl\u0131 me\u015fhur Amerikal\u0131 yazar\u0131n \u00fcnl\u00fc fantastik roman\u0131 &#8211; \u00e7n.) &#8211; k\u0131saca fantastik diyarlar\u0131n fantastik oldu\u011fu, iyi ile k\u00f6t\u00fcn\u00fcn kesin \u00e7izgilerle ayr\u0131lmad\u0131\u011f\u0131, h\u00fck\u00fcmdarlar\u0131n o kadar da soylu olmad\u0131\u011f\u0131, d\u00fcnya hakimiyeti fikirleriyle dolu karanl\u0131k lordlar\u0131n bulunmad\u0131\u011f\u0131 hik\u00e2yeleri seven herkese \u015fiddetle tavsiye ederim. Sapkowski bu tarz hik\u00e2yeler yazan en iyi yazarlar\u0131n aras\u0131nda yer al\u0131yor. \u00d6yk\u00fcleri de olduk\u00e7a orijinal ve ba\u011f\u0131ml\u0131l\u0131k yap\u0131c\u0131. \u00c7eviri gayet iyi ve bilmesem \u00e7eviri oldu\u011funu bile anlamazd\u0131m. San\u0131r\u0131m Sapkowski kendi dilinde de \u00e7ok iyi olmal\u0131.<\/td>\n<td style=\"font-family: Segoe UI,Helvetica,sans-serif; font-size: 14px; width: 450px;\"><a href=\"http:\/\/www.amazon.com\/gp\/pdp\/profile\/A6UX84YB5Q4QM\/ref=cm_cr_dp_pdp\" target=\"_blank\" rel=\"noopener nofollow\"><strong>Stanislav Syursin<\/strong><\/a>\u00a0\u2013\u00a0<em>30 A\u011fustos 2009<\/em>Uzun s\u00fcredir Witcher kitaplar\u0131n\u0131n b\u00fcy\u00fck bir hayran\u0131y\u0131m. Hepsini Rus\u00e7a \u00e7evirisinden okudu\u011fum i\u00e7in \u00e7ok \u015fanl\u0131y\u0131m. Sorun \u015fu: \u0130ngiliz yay\u0131mc\u0131lar kronolojik olarak &#8220;Last Wish&#8221;i takip eden &#8220;The Sword Of Destiny&#8221; adl\u0131 kitab\u0131 atlad\u0131lar. &#8220;The Sword Of Destiny&#8221;, daha sonra &#8220;Blood of Elves&#8221;te g\u00f6r\u00fcnecek yeni karakterleri tan\u0131t\u0131yordu. Bu hareket kar\u015f\u0131s\u0131nda derin bir hayal k\u0131r\u0131kl\u0131\u011f\u0131 ya\u015fad\u0131m. Kar\u0131m birinci kitab\u0131 okudu ve be\u011fendi, ama \u015fimdi &#8220;Blood of Elves&#8221;e devam edemiyor! &#8220;Blood of Elves&#8221;in Amazon\u2019da &#8220;Last Wish&#8221;ten daha az puan almas\u0131na \u015fa\u015f\u0131rmad\u0131m. \u0130nsanlar\u0131n kafas\u0131 kar\u0131\u015ft\u0131, hik\u00e2yenin ak\u0131\u015f\u0131 mahvoldu. Gollancz yay\u0131mlar\u0131na bu hakk\u0131ndaki g\u00f6r\u00fc\u015flerimi ilettim ve i\u015fte verdikleri cevap: &#8220;Muhtemelen k\u0131sa hik\u00e2ye derlemelerinin \u00e7ok iyi satmad\u0131\u011f\u0131n\u0131n fark\u0131nda de\u011filsiniz, bu nedenle belli ba\u015fl\u0131 yay\u0131nevlerinin bu tarz kitaplar\u0131 basmas\u0131 genellikle zordur. &#8220;The Witcher&#8221; konusunda \u015fansl\u0131yd\u0131k \u00e7\u00fcnk\u00fc birincisi, onu bir roman olarak yay\u0131mlam\u0131\u015ft\u0131k ve ikincisi, bilgisayar oyunun \u00e7\u0131k\u0131\u015f\u0131yla onu destekleyebilmi\u015ftik. \u015eu aralar, ne yapmam\u0131z gerekti\u011fine dair yazarla g\u00f6r\u00fc\u015fme halindeyiz, ancak l\u00fctfen kar\u0131n\u0131z\u0131 &#8220;Blood of Elves&#8221;i okumas\u0131 i\u00e7in te\u015fvik edin\u2026&#8221; Bir \u015fekilde Bay Sapkowski\u2019nin kendi iste\u011fi d\u0131\u015f\u0131nda, yay\u0131nc\u0131n\u0131n isteklerine uymas\u0131 i\u00e7in zorland\u0131\u011f\u0131na inan\u0131yorum. Ve &#8220;k\u0131sa hik\u00e2yeler satm\u0131yor&#8221; beyan\u0131 \u00e7oktan &#8220;Last Wish&#8221;in ba\u015far\u0131s\u0131yla yalanland\u0131. Gollancz, &#8220;Sword of Destiny&#8221;yi ihmal ederek okurlara ve yazara b\u00fcy\u00fck bir k\u00f6t\u00fcl\u00fck yapt\u0131. Ge\u00e7enlerde &#8220;Sword of Destiny&#8221;nin bas\u0131lmas\u0131 i\u00e7in imza toplayan \u015fu dilek\u00e7eyi buldum: http:\/\/www.petitiononline.com\/GvR066kf\/petition.html. Israrla herkesin kat\u0131lmas\u0131n\u0131 ve adlar\u0131n\u0131 eklemesini i\u00e7in tavsiye ediyorum, \u00e7\u00fcnk\u00fc kitap ger\u00e7ekten de \u0130ngilizce konu\u015fan kitlelerce okunmay\u0131 hak ediyor.<\/p>\n<hr size=\"1\" \/>\n<p><strong>B. Kaelble<\/strong>\u00a0\u2013\u00a0<em>9 A\u011fustos 2010<\/em><\/p>\n<p>&#8220;Blood of Elves&#8221;, kendi ba\u015f\u0131na iyi yaz\u0131lm\u0131\u015f bir kitap. Karakterler ilgi \u00e7ekici ve bir fantezi kitab\u0131 i\u00e7in d\u00fcnyas\u0131 olduk\u00e7a \u00f6zg\u00fcn. &#8220;Blood of Elves&#8221; kesinlikle yava\u015f bir kitap. Bu kendi i\u00e7inde olumlu ya da olumsuz de\u011fil, \u00f6zellikle serinin bir \u015fey \u00fczerine in\u015fa edildi\u011fini s\u00f6yleyebilirsiniz.<\/p>\n<p>Ancak, kitab\u0131n temposunun yava\u015f olmas\u0131n\u0131n olumsuz yan\u0131 serinin devam\u0131n\u0131n \u00e7evrilmemi\u015f olmas\u0131ndand\u0131r. &#8220;Blood of Elves&#8221; kendine yeten bir \u00f6yk\u00fc de\u011fil. Kitab\u0131n ger\u00e7ek bir zirvesi yok ve hi\u00e7bir \u015fey \u00e7\u00f6z\u00fclm\u00fcyor. Bir kar\u015f\u0131la\u015ft\u0131rma yapmak gerekirse t\u0131pk\u0131 Y\u00fcz\u00fcklerin Efendisi \u00dc\u00e7lemesi\u2019nin ilk kitab\u0131n\u0131 okumak gibi. Hik\u00e2ye kesinlikle bir yere gidiyor ama ilk kitap tam olarak herhangi bir \u015feyi bitirmiyor. E\u011fer serileri seviyor ve di\u011fer kitaplar ula\u015f\u0131labilirse bu bir problem de\u011fildir, ancak bunlar sadece Polonya\u2019da bulunabiliyor. E\u011fer hik\u00e2yenin sonunu belki de asla g\u00f6remeyece\u011fini bilmek sizin i\u00e7in bir sorun de\u011filse bu harika bir kitap, ama bu tarz bir \u015fey sizi rahats\u0131z edecekse ben olsam uzak dururdum.<\/p>\n<hr size=\"1\" \/>\n<p><strong>BookFiend<\/strong>\u00a0\u2013\u00a0<em>22 \u015eubat 2011 <\/em><\/p>\n<p style=\"text-align: justify;\">Harika bir romand\u0131. Ge\u00e7en senenin ba\u015flar\u0131nda okumu\u015ftum ve h\u00e2l\u00e2 ikinci b\u00f6l\u00fcm\u00fcn\u00fcn \u0130ngilizceye \u00e7evrilmesini bekliyorum. Ve maalesef, halen istekli halde bekleyi\u015fteyim.<\/p>\n<hr size=\"1\" \/>\n<p><span style=\"color: #800000;\"><strong>A Kid&#8217;s Review<\/strong><\/span>\u00a0\u2013\u00a0<em>1 Ocak 2011<\/em><\/p>\n<p>Yay\u0131nc\u0131lar\u0131n bu unutulmaz serinin di\u011fer kitaplar\u0131n\u0131 ge\u00e7mesi \/ geciktirmesinden dolay\u0131 hayal k\u0131r\u0131kl\u0131\u011f\u0131na u\u011fram\u0131\u015f olsam da sahip oldu\u011fumuz en iyi umut yazar\u0131 desteklemek i\u00e7in kitaplar\u0131n\u0131n \u0130ngilizceye \u00e7evrildi\u011fini g\u00f6rmektir. Bir b\u00fct\u00fcn olarak, &#8220;The Witcher&#8221;\u0131n epik fantezi masal\u0131 en iyiler aras\u0131nda yer al\u0131yor, al\u0131\u015ft\u0131\u011f\u0131m\u0131z t\u00fcr\u00fcn %95\u2019inin ula\u015famayaca\u011f\u0131 kadar uza\u011f\u0131nda. Avrupa \u015firketinin bir video oyun serisi i\u00e7in Sapkowski\u2019nin hik\u00e2yesini se\u00e7mesi \u015fa\u015f\u0131r\u0131lmayacak \u015fey.<\/p>\n<hr size=\"1\" \/>\n<p><a href=\"http:\/\/www.amazon.com\/gp\/pdp\/profile\/A326UTQO4INZ9Y\/ref=cm_cr_pr_pdp\" target=\"_blank\" rel=\"noopener nofollow\"><strong>Jake<\/strong><\/a>\u00a0\u2013\u00a0<em>31 Ocak 2011<\/em><\/p>\n<p>&#8220;Blood of Elves&#8221; iyi bir kitap, beni yanl\u0131\u015f anlamay\u0131n. Fakat benim sevdi\u011fim kadar aksiyon y\u00fckl\u00fc de\u011fil. Ve Geralt kesinlikle ana karakter de\u011fil. Geralt\u2019\u0131n arka koltu\u011fu ald\u0131\u011f\u0131n\u0131 g\u00f6rd\u00fc\u011f\u00fcm i\u00e7in hayal k\u0131r\u0131l\u0131\u011f\u0131na u\u011frad\u0131m. H\u00e2l\u00e2 kitab\u0131 seviyorum, ama Geralt\u2019\u0131n uzakla\u015ft\u0131r\u0131lmas\u0131ndan dolay\u0131 ihanete u\u011fram\u0131\u015f gibi hissediyorum.<\/p>\n<p>Ancak halen, \u0130ngilizceye \u00e7evrilecek yeni kitab\u0131 i\u00e7in yerimde duram\u0131yorum.<\/p>\n<hr size=\"1\" \/>\n<p><a href=\"http:\/\/www.amazon.com\/gp\/pdp\/profile\/A2SBVIRZ24X8JS\/ref=cm_cr_dp_pdp\" target=\"_blank\" rel=\"noopener nofollow\"><strong>Holofernes<\/strong><\/a> \u2013\u00a0<em>5 May\u0131s 2009<\/em><\/p>\n<p>E\u011fer &#8220;Witcher Evrenini&#8221; sevdiyseniz bu kitab\u0131 mutlaka okumal\u0131s\u0131n\u0131z, fakat sadece bir ba\u015fka &#8220;muhte\u015fem ve seksi k\u0131l\u0131\u00e7 ustas\u0131n\u0131&#8221; anlatan k\u0131sa hik\u00e2yeler bekliyorsan\u0131z tavsiye etmem. Her ne kadar &#8220;Last Wish&#8221;i okurken olduk\u00e7a keyif alm\u0131\u015f olsam da bu tamamen farkl\u0131 bir \u015fey &#8211; Witcher evreninde ge\u00e7en, ger\u00e7ek bir hik\u00e2ye \u00f6rg\u00fcs\u00fc, anlat\u0131lacak daha uzun bir \u00f6yk\u00fcs\u00fc ve gelecek kitaplarda daha fazlas\u0131n\u0131 g\u00f6rece\u011fimizi vaat eden tam bir roman&#8230; MUHTE\u015eEM!<\/p>\n<p>Bu kitap (t\u00fcm di\u011fer \u015feylerin yan\u0131 s\u0131ra) Scoia&#8217;tael hareketlerinin ba\u015flang\u0131c\u0131n\u0131, \u00e7e\u015fitli \u0131rklar\u0131n nas\u0131l d\u00fcnyan\u0131n kendilerine ait k\u00f6\u015felerinde ya\u015famaya ba\u015flad\u0131\u011f\u0131n\u0131 a\u00e7\u0131kl\u0131yor ve Triss Merigold, Shani, Dandelion ve di\u011fer ilgin\u00e7 karakterler hakk\u0131nda daha fazla bilgi sunuyor. Kraliyet seviyesindeki politik meseleler tart\u0131\u015f\u0131l\u0131yor, takipler ve k\u0131l pay\u0131yla ka\u00e7\u0131\u015flar birbirini koval\u0131yor ve katiller, i\u015fkenceciler ve b\u00fcy\u00fcc\u00fcler etrafta kol geziyor.<\/p>\n<p>Geralt kitab\u0131n her yerinde kar\u015f\u0131m\u0131za \u00e7\u0131k\u0131yor, di\u011fer karakterlerin hayat\u0131na giriyor ve \u00e7\u0131k\u0131yor. Kitapta &#8220;yok&#8221; de\u011fil&#8230; sadece her hik\u00e2ye \u00f6zellikle onun \u00fczerinde yo\u011funla\u015fm\u0131yor. Benim g\u00f6r\u00fc\u015f\u00fcme g\u00f6re Ciri&#8217;nin olgunla\u015farak b\u00fcy\u00fcc\u00fc bir kad\u0131na d\u00f6n\u00fc\u015ft\u00fc\u011f\u00fcn\u00fc anlatan ana hik\u00e2ye ilgin\u00e7 ve g\u00fczel; s\u0131k\u0131c\u0131 ve k\u00f6t\u00fc de\u011fil.<\/p>\n<p>Geralt, di\u011fer karakterlerin g\u00f6z\u00fcnden daha enteresan ve ayk\u0131r\u0131 bir sava\u015f\u00e7\u0131 olarak g\u00f6r\u00fcl\u00fcyor &#8211; belki bekledi\u011fimizden biraz daha karamsar ve i\u00e7ine kapan\u0131k fakat daha oturakl\u0131. Bu kitapta kendine daha az g\u00fcveniyor, bu da &#8220;Beyaz Kurt&#8221;un etrafta caka satarak dola\u015ft\u0131\u011f\u0131n\u0131 g\u00f6rmek isteyenleri uzakla\u015ft\u0131rabilir.<\/p>\n<p>Yani&#8230; genel olarak daha az &#8220;k\u0131l\u0131\u00e7lar ve f\u0131st\u0131klar&#8221;, daha fazla senaryo ve hik\u00e2ye. Olduk\u00e7a keyif ald\u0131m ve tek oturu\u015fta bitirdim. Geri kalan hik\u00e2yeleri okumak i\u00e7in sab\u0131rs\u0131zlan\u0131yorum.<\/p>\n<p>Dip Not: Witcher oyununu oynayan ve be\u011fenen herkes bu kitapta \u00e7ok daha fazlas\u0131n\u0131 g\u00f6recek ve kitab\u0131 daha \u00e7ok sevecektir.<\/td>\n<\/tr>\n<\/tbody>\n<\/table>\n<div class=\"seperator\">#<\/div>\n<table id=\"table20\" style=\"border-collapse: collapse; height: 33px; width: 900px;\" border=\"0\" cellspacing=\"0\" cellpadding=\"2\" align=\"center\">\n<tbody>\n<tr>\n<td style=\"border-style: solid ridge ridge; border-width: 1px; padding-left: 4px; padding-right: 4px;\" bgcolor=\"#5d372a\" width=\"98%\">\n<p style=\"text-align: center;\"><span style=\"color: #ffffff;\"><strong><span style=\"font-family: Tahoma;\"><span style=\"color: #ffff99;\">Bu g\u00f6r\u00fc\u015fler <em><span style=\"color: #ff6600;\">Amazon.com<\/span><\/em> online kitap sat\u0131\u015f sitesinden, kitaplara ait sayfalara yap\u0131lan yorumlardan se\u00e7ilerek haz\u0131rlanm\u0131\u015ft\u0131r.<\/span><\/span><\/strong><\/span><\/p>\n<\/td>\n<\/tr>\n<\/tbody>\n<\/table>\n<table style=\"width: 900px;\" border=\"0\" align=\"center\">\n<tbody>\n<tr>\n<td>\n<p style=\"text-align: center;\"><span style=\"font-family: Segoe UI,helvetica,sans-serif;\"> <a href=\"https:\/\/www.kayiprihtim.org\/portal\/projeler\/biz-bunu-istiyoruz\/biz-bunu-istiyoruz-2\/\">The Witcher ana sayfas\u0131na d\u00f6nmek i\u00e7in t\u0131klay\u0131n.<\/a><\/span><\/p>\n<\/td>\n<\/tr>\n<\/tbody>\n<\/table>\n","protected":false},"excerpt":{"rendered":"<p>The Last Wish Blood of Elves NathanS &#8211; 9 Haziran 2011\u00a0Witcher, Rivial\u0131, Geralt. Bu onun hik\u00e2yesi. Bu kitap onun t\u00fcm k\u0131sa hik\u00e2yelerini tek bir fantastik \u00f6yk\u00fcde topluyor. \u00c7ok e\u011flenceli ve okumas\u0131 kolay bir kitap. Salvatore ya da Terry Brooks hayranlar\u0131 b\u00fcy\u00fck keyif alacakt\u0131r. Geralt ilgi \u00e7ekici bir karakter ve yarat\u0131k avc\u0131l\u0131\u011f\u0131ndaki uzmanl\u0131\u011f\u0131 ilginizi en ba\u015f\u0131ndan [&hellip;]<\/p>\n","protected":false},"author":1,"featured_media":0,"parent":16177,"menu_order":0,"comment_status":"open","ping_status":"closed","template":"fullwidth.php","meta":{"_acf_changed":false,"footnotes":""},"class_list":["post-16688","page","type-page","status-publish"],"acf":[],"_links":{"self":[{"href":"https:\/\/www.kayiprihtim.org\/portal\/wp-json\/wp\/v2\/pages\/16688","targetHints":{"allow":["GET"]}}],"collection":[{"href":"https:\/\/www.kayiprihtim.org\/portal\/wp-json\/wp\/v2\/pages"}],"about":[{"href":"https:\/\/www.kayiprihtim.org\/portal\/wp-json\/wp\/v2\/types\/page"}],"author":[{"embeddable":true,"href":"https:\/\/www.kayiprihtim.org\/portal\/wp-json\/wp\/v2\/users\/1"}],"replies":[{"embeddable":true,"href":"https:\/\/www.kayiprihtim.org\/portal\/wp-json\/wp\/v2\/comments?post=16688"}],"version-history":[{"count":0,"href":"https:\/\/www.kayiprihtim.org\/portal\/wp-json\/wp\/v2\/pages\/16688\/revisions"}],"up":[{"embeddable":true,"href":"https:\/\/www.kayiprihtim.org\/portal\/wp-json\/wp\/v2\/pages\/16177"}],"wp:attachment":[{"href":"https:\/\/www.kayiprihtim.org\/portal\/wp-json\/wp\/v2\/media?parent=16688"}],"curies":[{"name":"wp","href":"https:\/\/api.w.org\/{rel}","templated":true}]}}