{"id":16693,"date":"2012-04-23T03:46:59","date_gmt":"2012-04-23T00:46:59","guid":{"rendered":"http:\/\/www.kayiprihtim.org\/portal\/?page_id=16693"},"modified":"2016-05-28T12:28:06","modified_gmt":"2016-05-28T09:28:06","slug":"the-witcher-tesekkurler","status":"publish","type":"page","link":"https:\/\/www.kayiprihtim.org\/portal\/projeler\/biz-bunu-istiyoruz\/biz-bunu-istiyoruz-2\/the-witcher-tesekkurler\/","title":{"rendered":"The Witcher | Te\u015fekk\u00fcrler"},"content":{"rendered":"<table style=\"text-align: center; height: 841px; width: 900px; background-image: url('https:\/\/www.kayiprihtim.org\/portal\/gorsel\/2012\/03\/bg.jpg');\" border=\"0\" align=\"center\">\n<tbody>\n<tr>\n<td>\n<table style=\"width: 550px;\" border=\"0\" align=\"center\">\n<tbody>\n<tr>\n<td>\n<p style=\"text-align: center;\"><img fetchpriority=\"high\" decoding=\"async\" class=\"aligncenter size-full wp-image-16697\" title=\"Mah\u00e7up Oldum!\" src=\"https:\/\/www.kayiprihtim.org\/portal\/gorsel\/witcher-tesekkurler.jpg\" alt=\"\" width=\"450\" height=\"270\" srcset=\"https:\/\/www.kayiprihtim.org\/portal\/gorsel\/witcher-tesekkurler.jpg 450w, https:\/\/www.kayiprihtim.org\/portal\/gorsel\/witcher-tesekkurler-300x180.jpg 300w\" sizes=\"(max-width: 450px) 100vw, 450px\" \/><\/p>\n<p style=\"text-indent: 0.4cm; text-align: justify;\">Projemizin ikinci aya\u011f\u0131 olan <em>The Witcher<\/em>\u2019\u0131n yay\u0131mlan\u0131\u015f\u0131na kadar pek \u00e7ok u\u011fra\u015f verildi. Gerek ikinci \u201cBiz Bunu \u0130stiyoruz\u201d i\u00e7in yapt\u0131\u011f\u0131m\u0131z kitap ara\u015ft\u0131rmalar\u0131, gerek \u00e7\u0131kmas\u0131n\u0131 isteme nedenlerimiz gerekse bu sorular\u0131n kesinlik kazan\u0131\u015f\u0131yla birlikte ba\u015flan\u0131lan i\u00e7erik toplay\u0131\u015flar\u0131, \u00e7eviriler, d\u00fczenlemeler derken belli ba\u015fl\u0131 isimlere te\u015fekk\u00fcrlerimizi sunmadan ge\u00e7mek olmaz.<\/p>\n<p style=\"text-indent: 0.4cm; text-align: justify;\">Ba\u015fta, projenin ara\u015ft\u0131rma s\u00fcreci ve \u00e7evirileriyle katk\u0131da bulunan, geli\u015ftirme a\u015famas\u0131nda \u00f6zellikle seriyle alakal\u0131 p\u00fcf noktalar\u0131n ve kilit b\u00f6l\u00fcmlerin \u00e7\u00f6z\u00fcmlerini sunan <strong>Hazal \u00c7amur<\/strong>, nam\u0131 di\u011fer <em><strong>F\u0131rt\u0131nak\u0131ran<\/strong><\/em>\u2019a,<\/p>\n<p style=\"text-indent: 0.4cm; text-align: justify;\">Yine <em>Hazal \u00c7amur<\/em>\u2019la birlikte projenin \u00f6zellikle \u00e7eviri k\u0131sm\u0131nda en \u00e7ok yard\u0131m\u0131 yapan, sayesinde uzunca u\u011fra\u015f verece\u011fimiz i\u015fleri k\u0131sa s\u00fcrede halleden ve bu noktaya varmam\u0131z\u0131 sa\u011flayan <strong>M. \u0130hsan Tatari<\/strong>, nam\u0131 di\u011fer <em><strong>mit<\/strong><\/em>\u2019e,<\/p>\n<p style=\"text-indent: 0.4cm; text-align: justify;\">\u00c7evirileriyle yard\u0131m eden <strong>Burak \u0130pek<\/strong>, nam\u0131 di\u011fer <em><strong>Marius<\/strong><\/em>\u2019a,<\/p>\n<p style=\"text-indent: 0.4cm; text-align: justify;\">D\u00fczeltileriyle projemize renk katm\u0131\u015f <strong>Onur Selamet<\/strong>, nam\u0131 di\u011fer <em><strong>DarLy OpuS<\/strong><\/em>\u2019a<\/p>\n<p style=\"text-indent: 0.4cm; text-align: justify;\">Her zamanki gibi titiz edit\u00f6rl\u00fc\u011f\u00fc ve son okumas\u0131yla temiz ve sorunsuz metinler \u00e7\u0131karmam\u0131z\u0131 sa\u011flayan <strong>Ozancan Demir\u0131\u015f\u0131k<\/strong>, nam\u0131 di\u011fer <em><strong>Giskard<\/strong><\/em>\u2019a<\/p>\n<p style=\"text-indent: 0.4cm; text-align: justify;\">Devam etti\u011fimiz bu projenin ikinci aya\u011f\u0131nda yapt\u0131klar\u0131 unutulmaz i\u015fler ve emekleri \u00f6t\u00fcr\u00fc sonuz te\u015fekk\u00fcrler, sevgiler. Sayelerinde bir proje daha de\u011ferli okurlar\u0131m\u0131z\u0131n huzuruna \u00e7\u0131kma \u015fans\u0131na eri\u015fti.<\/p>\n<p style=\"text-indent: 0.4cm; text-align: justify;\">Yeni projelerde, benzer isimlerle ve daha fazlas\u0131yla umar\u0131z tekrar bir arada olaca\u011f\u0131z.<\/p>\n<p style=\"text-align: justify;\">\u0130yi okumalar!<br \/>\nHakan &#8220;magicalbronze&#8221; Tun\u00e7<\/p>\n<p style=\"text-align: center;\"><span style=\"font-family: Segoe UI,helvetica,sans-serif;\"> <a href=\"https:\/\/www.kayiprihtim.org\/portal\/projeler\/biz-bunu-istiyoruz\/biz-bunu-istiyoruz-2\/\">The Witcher ana sayfas\u0131na d\u00f6nmek i\u00e7in t\u0131klay\u0131n.<\/a><\/span><\/p>\n<\/td>\n<\/tr>\n<\/tbody>\n<\/table>\n<\/td>\n<\/tr>\n<\/tbody>\n<\/table>\n","protected":false},"excerpt":{"rendered":"<p>Projemizin ikinci aya\u011f\u0131 olan The Witcher\u2019\u0131n yay\u0131mlan\u0131\u015f\u0131na kadar pek \u00e7ok u\u011fra\u015f verildi. Gerek ikinci \u201cBiz Bunu \u0130stiyoruz\u201d i\u00e7in yapt\u0131\u011f\u0131m\u0131z kitap ara\u015ft\u0131rmalar\u0131, gerek \u00e7\u0131kmas\u0131n\u0131 isteme nedenlerimiz gerekse bu sorular\u0131n kesinlik kazan\u0131\u015f\u0131yla birlikte ba\u015flan\u0131lan i\u00e7erik toplay\u0131\u015flar\u0131, \u00e7eviriler, d\u00fczenlemeler derken belli ba\u015fl\u0131 isimlere te\u015fekk\u00fcrlerimizi sunmadan ge\u00e7mek olmaz. Ba\u015fta, projenin ara\u015ft\u0131rma s\u00fcreci ve \u00e7evirileriyle katk\u0131da bulunan, geli\u015ftirme a\u015famas\u0131nda \u00f6zellikle [&hellip;]<\/p>\n","protected":false},"author":1,"featured_media":0,"parent":16177,"menu_order":0,"comment_status":"open","ping_status":"closed","template":"fullwidth.php","meta":{"_acf_changed":false,"footnotes":""},"class_list":["post-16693","page","type-page","status-publish"],"acf":[],"_links":{"self":[{"href":"https:\/\/www.kayiprihtim.org\/portal\/wp-json\/wp\/v2\/pages\/16693","targetHints":{"allow":["GET"]}}],"collection":[{"href":"https:\/\/www.kayiprihtim.org\/portal\/wp-json\/wp\/v2\/pages"}],"about":[{"href":"https:\/\/www.kayiprihtim.org\/portal\/wp-json\/wp\/v2\/types\/page"}],"author":[{"embeddable":true,"href":"https:\/\/www.kayiprihtim.org\/portal\/wp-json\/wp\/v2\/users\/1"}],"replies":[{"embeddable":true,"href":"https:\/\/www.kayiprihtim.org\/portal\/wp-json\/wp\/v2\/comments?post=16693"}],"version-history":[{"count":0,"href":"https:\/\/www.kayiprihtim.org\/portal\/wp-json\/wp\/v2\/pages\/16693\/revisions"}],"up":[{"embeddable":true,"href":"https:\/\/www.kayiprihtim.org\/portal\/wp-json\/wp\/v2\/pages\/16177"}],"wp:attachment":[{"href":"https:\/\/www.kayiprihtim.org\/portal\/wp-json\/wp\/v2\/media?parent=16693"}],"curies":[{"name":"wp","href":"https:\/\/api.w.org\/{rel}","templated":true}]}}