{"id":17038,"date":"2012-05-09T16:44:34","date_gmt":"2012-05-09T13:44:34","guid":{"rendered":"http:\/\/www.kayiprihtim.org\/portal\/?page_id=17038"},"modified":"2012-05-09T17:01:50","modified_gmt":"2012-05-09T14:01:50","slug":"skyland-serisi","status":"publish","type":"page","link":"https:\/\/www.kayiprihtim.org\/portal\/kitaplar\/skyland-serisi\/","title":{"rendered":"Skyland Serisi"},"content":{"rendered":"<table style=\"border: thin outset; border-collapse: collapse; height: 30px; width: 470px;\" border=\"0\" cellpadding=\"2\">\n<tbody>\n<tr>\n<td bgcolor=\"#330000\" width=\"30%\"><span style=\"color: #ffffff;\"><span style=\"font-family: Verdana;\"><strong><strong><\/strong>R\u00dcZGARLI ADALAR<br \/>\n<\/strong><\/span><\/span><\/td>\n<\/tr>\n<\/tbody>\n<\/table>\n<table style=\"border-collapse: collapse; width: 462px; height: 250px;\" border=\"0\" cellspacing=\"0\" cellpadding=\"0\">\n<tbody>\n<tr>\n<td align=\"center\" valign=\"top\" width=\"58%\">\n<table style=\"border-collapse: collapse; width: 315px; height: 248px;\" border=\"0\" cellspacing=\"2\">\n<tbody>\n<tr>\n<td align=\"right\" width=\"100%\">\n<table style=\"width: 310px; height: 88px;\" border=\"0\" cellspacing=\"0\">\n<tbody>\n<tr bgcolor=\"#d1c4a5\">\n<td width=\"39%\"><strong>Yazar<\/strong><\/td>\n<td width=\"3%\">:<\/td>\n<td width=\"51%\"><span style=\"color: #993300;\"><strong>David Carlyle<\/strong><\/span><\/td>\n<\/tr>\n<tr bgcolor=\"#e4ddcb\">\n<td><strong>\u00c7eviri<\/strong><\/td>\n<td width=\"3%\">:<\/td>\n<td width=\"51%\">Sema Sava\u015f<\/td>\n<\/tr>\n<tr bgcolor=\"#d1c4a5\">\n<td width=\"39%\"><strong>\u00d6zg\u00fcn Ad\u0131<\/strong><\/td>\n<td width=\"3%\">:<\/td>\n<td width=\"51%\">Islas en el cielo<\/td>\n<\/tr>\n<tr bgcolor=\"#e4ddcb\">\n<td width=\"39%\"><strong>Edit\u00f6r<\/strong><\/td>\n<td width=\"3%\">:<\/td>\n<td width=\"51%\">Sinem \u00c7elebio\u011flu<\/td>\n<\/tr>\n<\/tbody>\n<\/table>\n<\/td>\n<\/tr>\n<tr>\n<td style=\"border-style: solid ridge ridge; border-width: 1px; padding-left: 4px; padding-right: 4px;\" bgcolor=\"#c0b18d\" width=\"100%\"><strong><span style=\"font-size: 9pt; font-family: Tahoma;\">Do\u011fan Egmont Yay\u0131nlar\u0131<br \/>\n<\/span><\/strong><\/td>\n<\/tr>\n<tr>\n<td align=\"right\" width=\"100%\">\n<table style=\"width: 310px; height: 88px;\" border=\"0\" cellspacing=\"0\">\n<tbody>\n<tr bgcolor=\"#e4ddcb\">\n<td width=\"39%\"><strong>\u00c7\u0131k\u0131\u015f Tarihi<\/strong><\/td>\n<td width=\"3%\">:<\/td>\n<td width=\"51%\">May\u0131s, 2012<\/td>\n<\/tr>\n<tr bgcolor=\"#d1c4a5\">\n<td><strong>Sayfa Say\u0131s\u0131<\/strong><\/td>\n<td width=\"3%\">:<\/td>\n<td width=\"51%\">292<\/td>\n<\/tr>\n<tr bgcolor=\"#e4ddcb\">\n<td width=\"39%\"><strong>Fiyat\u0131<\/strong><\/td>\n<td width=\"3%\">:<\/td>\n<td width=\"51%\">15,00 TL<\/td>\n<\/tr>\n<tr bgcolor=\"#d1c4a5\">\n<td width=\"39%\"><strong>ISBN No<\/strong><\/td>\n<td width=\"3%\">:<\/td>\n<td width=\"51%\">978-605-09-0671-4<\/td>\n<\/tr>\n<\/tbody>\n<\/table>\n<\/td>\n<\/tr>\n<\/tbody>\n<\/table>\n<\/td>\n<td style=\"width: 39%;\" align=\"center\" valign=\"middle\">\n<p style=\"text-align: center;\"><a href=\"https:\/\/www.kayiprihtim.org\/portal\/gorsel\/skyland_kr.jpeg\" target=\"_blank\"><img decoding=\"async\" class=\"aligncenter\" src=\"https:\/\/www.kayiprihtim.org\/portal\/gorsel\/skyland_kr-196x300.jpg\" alt=\"\" width=\"140\" height=\"219\" border=\"0\" hspace=\"1\"><\/a><\/p>\n<\/td>\n<\/tr>\n<\/tbody>\n<\/table>\n<table style=\"border-collapse: collapse; width: 47%;\" border=\"0\" cellpadding=\"0\">\n<tbody>\n<tr>\n<td width=\"54%\">\n<table style=\"border-collapse: collapse; height: 147px; width: 470px;\" border=\"0\" cellspacing=\"0\" cellpadding=\"2\">\n<tbody>\n<tr>\n<td style=\"border-style: solid ridge ridge; border-width: 1px; padding-left: 4px; padding-right: 4px;\" bgcolor=\"#c0b18d\" width=\"98%\"><strong><span style=\"font-size: 9pt; font-family: Tahoma;\">Tan\u0131t\u0131m Yaz\u0131s\u0131<\/span><\/strong><\/td>\n<\/tr>\n<tr>\n<td align=\"left\" width=\"99%\">\n<table style=\"width: 465px;\" border=\"0\">\n<tbody>\n<tr>\n<td style=\"border-style: outset; border-width: 1px;\" bgcolor=\"#d1c4a5\" width=\"96%\">\n<table style=\"border-collapse: collapse; width: 452px; height: 199px;\" border=\"0\" cellspacing=\"0\" cellpadding=\"5\" bgcolor=\"#d1c4a5\">\n<tbody>\n<tr>\n<td style=\"text-align: left;\" bgcolor=\"#d1c4a5\" width=\"96%\">Y\u0131l 2078<br \/>\nYeralt\u0131nda bir \u00fcste g\u00f6rev alan Doktor Lily Carlyle ve ekibi, gezegeni alt \u00fcst edecek bir deney \u00fczerinde \u00e7al\u0131\u015fmakta. Bir g\u00fcn bu deney s\u0131ras\u0131nda b\u00fcy\u00fck bir sorun \u00e7\u0131k\u0131yor ve ya\u015fad\u0131\u011f\u0131m\u0131z d\u00fcnya par\u00e7alara ayr\u0131l\u0131yor. G\u00f6ky\u00fcz\u00fcndeki bu ada par\u00e7alar\u0131, Skyland\u2019i olu\u015fturuyor.<\/p>\n<p>Y\u0131l 2251<br \/>\nSkyland\u2019de hayatta kalmak art\u0131k son derece zor. G\u00f6ller, nehirler, okyanuslar yok olmu\u015f, t\u00fcm su kaynaklar\u0131 t\u00fckenmi\u015f. Bu zor ko\u015fullarda ya\u015fam m\u00fccadelesi veren ve \u015fans eseri yollar\u0131 kesi\u015fen iki gen\u00e7, Skyland\u2019in umudu. Lorenzo gen\u00e7 bir su avc\u0131s\u0131. Babas\u0131 ile birlikte en de\u011ferli \u015feyi, suyu ararken bir yandan da zamana kar\u015f\u0131 sava\u015f veriyor.<\/p>\n<p>Valery on alt\u0131 ya\u015f\u0131nda, mutsuz, \u00fcst\u00fcn \u0131rktan bir gen\u00e7 k\u0131z.<\/p>\n<p>T\u00fcm Skyland\u2019in var olmas\u0131n\u0131 sa\u011flayan ve her \u015feyi bir arada tutan G\u00fcc\u00fc, istedi\u011fi gibi y\u00f6netebiliyor. Lorenzo ile Valery kaderlerinin birle\u015fece\u011fini ve hayatlar\u0131n\u0131n ge\u00e7mi\u015ften gelen \u00e7ok de\u011ferli bir haberle sars\u0131laca\u011f\u0131n\u0131 bilmiyorlar.<\/td>\n<\/tr>\n<\/tbody>\n<\/table>\n<\/td>\n<\/tr>\n<\/tbody>\n<\/table>\n<\/td>\n<\/tr>\n<\/tbody>\n<\/table>\n<\/td>\n<\/tr>\n<\/tbody>\n<\/table>\n","protected":false},"excerpt":{"rendered":"<p>R\u00dcZGARLI ADALAR Yazar : David Carlyle \u00c7eviri : Sema Sava\u015f \u00d6zg\u00fcn Ad\u0131 : Islas en el cielo Edit\u00f6r : Sinem \u00c7elebio\u011flu Do\u011fan Egmont Yay\u0131nlar\u0131 \u00c7\u0131k\u0131\u015f Tarihi : May\u0131s, 2012 Sayfa Say\u0131s\u0131 : 292 Fiyat\u0131 : 15,00 TL ISBN No : 978-605-09-0671-4 Tan\u0131t\u0131m Yaz\u0131s\u0131 Y\u0131l 2078 Yeralt\u0131nda bir \u00fcste g\u00f6rev alan Doktor Lily Carlyle ve ekibi, [&hellip;]<\/p>\n","protected":false},"author":1,"featured_media":0,"parent":57,"menu_order":0,"comment_status":"open","ping_status":"closed","template":"","meta":{"_acf_changed":false,"footnotes":""},"class_list":["post-17038","page","type-page","status-publish"],"acf":[],"_links":{"self":[{"href":"https:\/\/www.kayiprihtim.org\/portal\/wp-json\/wp\/v2\/pages\/17038","targetHints":{"allow":["GET"]}}],"collection":[{"href":"https:\/\/www.kayiprihtim.org\/portal\/wp-json\/wp\/v2\/pages"}],"about":[{"href":"https:\/\/www.kayiprihtim.org\/portal\/wp-json\/wp\/v2\/types\/page"}],"author":[{"embeddable":true,"href":"https:\/\/www.kayiprihtim.org\/portal\/wp-json\/wp\/v2\/users\/1"}],"replies":[{"embeddable":true,"href":"https:\/\/www.kayiprihtim.org\/portal\/wp-json\/wp\/v2\/comments?post=17038"}],"version-history":[{"count":0,"href":"https:\/\/www.kayiprihtim.org\/portal\/wp-json\/wp\/v2\/pages\/17038\/revisions"}],"up":[{"embeddable":true,"href":"https:\/\/www.kayiprihtim.org\/portal\/wp-json\/wp\/v2\/pages\/57"}],"wp:attachment":[{"href":"https:\/\/www.kayiprihtim.org\/portal\/wp-json\/wp\/v2\/media?parent=17038"}],"curies":[{"name":"wp","href":"https:\/\/api.w.org\/{rel}","templated":true}]}}