{"id":1801,"date":"2009-06-11T12:45:01","date_gmt":"2009-06-11T09:45:01","guid":{"rendered":"http:\/\/www.kayiprihtim.org\/portal\/?page_id=1801"},"modified":"2016-05-26T05:46:52","modified_gmt":"2016-05-26T02:46:52","slug":"buz-ve-atesin-sarkisi-serisi","status":"publish","type":"page","link":"https:\/\/www.kayiprihtim.org\/portal\/kitaplar\/buz-ve-atesin-sarkisi-serisi\/","title":{"rendered":"Buz ve Ate\u015fin \u015eark\u0131s\u0131 Serisi"},"content":{"rendered":"<p><strong>George R. <\/strong><strong>R. Martin\u2019<\/strong>in k\u00fclt fantastik serisi. \u00d6zellikle 2011 y\u0131l\u0131nda HBO kanal\u0131nda yay\u0131mlanmaya ba\u015flayan <em><strong>Game of Thrones<\/strong><\/em> adl\u0131 serinin ilk kitab\u0131yla ayn\u0131 adl\u0131 diziden sonra d\u00fcnya \u00e7ap\u0131nda \u00e7ok daha fazla \u00fcne kavu\u015ftu. Yazar \u015fu s\u0131ralar alt\u0131nc\u0131 kitab\u0131n\u0131n yaz\u0131m\u0131 \u00fczerine \u00e7al\u0131\u015fmaktad\u0131r.<\/p>\n<h3>Seride Bulunan Kitaplar<\/h3>\n<ol>\n<li>Taht Oyunlar\u0131<\/li>\n<li>Krallar\u0131n \u00c7arp\u0131\u015fmas\u0131<\/li>\n<li>K\u0131l\u0131\u00e7lar\u0131n F\u0131rt\u0131nas\u0131<\/li>\n<li>Kargalar\u0131n Ziyafeti<\/li>\n<li>Ejderhalar\u0131n Dans\u0131<\/li>\n<\/ol>\n","protected":false},"excerpt":{"rendered":"<p>George R. R. Martin\u2019in k\u00fclt fantastik serisi. \u00d6zellikle 2011 y\u0131l\u0131nda HBO kanal\u0131nda yay\u0131mlanmaya ba\u015flayan Game of Thrones adl\u0131 serinin ilk kitab\u0131yla ayn\u0131 adl\u0131 diziden sonra d\u00fcnya \u00e7ap\u0131nda \u00e7ok daha fazla \u00fcne kavu\u015ftu. Yazar \u015fu s\u0131ralar alt\u0131nc\u0131 kitab\u0131n\u0131n yaz\u0131m\u0131 \u00fczerine \u00e7al\u0131\u015fmaktad\u0131r. Seride Bulunan Kitaplar Taht Oyunlar\u0131 Krallar\u0131n \u00c7arp\u0131\u015fmas\u0131 K\u0131l\u0131\u00e7lar\u0131n F\u0131rt\u0131nas\u0131 Kargalar\u0131n Ziyafeti Ejderhalar\u0131n Dans\u0131<\/p>\n","protected":false},"author":1,"featured_media":0,"parent":57,"menu_order":0,"comment_status":"open","ping_status":"closed","template":"","meta":{"_acf_changed":false,"footnotes":""},"class_list":["post-1801","page","type-page","status-publish"],"acf":[],"_links":{"self":[{"href":"https:\/\/www.kayiprihtim.org\/portal\/wp-json\/wp\/v2\/pages\/1801","targetHints":{"allow":["GET"]}}],"collection":[{"href":"https:\/\/www.kayiprihtim.org\/portal\/wp-json\/wp\/v2\/pages"}],"about":[{"href":"https:\/\/www.kayiprihtim.org\/portal\/wp-json\/wp\/v2\/types\/page"}],"author":[{"embeddable":true,"href":"https:\/\/www.kayiprihtim.org\/portal\/wp-json\/wp\/v2\/users\/1"}],"replies":[{"embeddable":true,"href":"https:\/\/www.kayiprihtim.org\/portal\/wp-json\/wp\/v2\/comments?post=1801"}],"version-history":[{"count":0,"href":"https:\/\/www.kayiprihtim.org\/portal\/wp-json\/wp\/v2\/pages\/1801\/revisions"}],"up":[{"embeddable":true,"href":"https:\/\/www.kayiprihtim.org\/portal\/wp-json\/wp\/v2\/pages\/57"}],"wp:attachment":[{"href":"https:\/\/www.kayiprihtim.org\/portal\/wp-json\/wp\/v2\/media?parent=1801"}],"curies":[{"name":"wp","href":"https:\/\/api.w.org\/{rel}","templated":true}]}}