{"id":18176,"date":"2012-07-21T20:37:20","date_gmt":"2012-07-21T17:37:20","guid":{"rendered":"http:\/\/www.kayiprihtim.org\/portal\/?page_id=18176"},"modified":"2012-07-21T21:36:24","modified_gmt":"2012-07-21T18:36:24","slug":"frankensteinin-laneti","status":"publish","type":"page","link":"https:\/\/www.kayiprihtim.org\/portal\/kitaplar\/frankensteinin-laneti\/","title":{"rendered":"Frankenstein&#8217;\u0131n Laneti"},"content":{"rendered":"<table style=\"border: thin outset; border-collapse: collapse; height: 30px; width: 470px;\" border=\"0\" cellpadding=\"2\">\n<tbody>\n<tr>\n<td bgcolor=\"#330000\" width=\"30%\"><span style=\"color: #ffffff;\"><span style=\"font-family: Verdana;\"><strong>FRANKENSTEIN&#8217;IN LANET\u0130<\/strong><\/span><\/span><\/td>\n<\/tr>\n<\/tbody>\n<\/table>\n<table style=\"border-collapse: collapse; width: 462px; height: 250px;\" border=\"0\" cellspacing=\"0\" cellpadding=\"0\">\n<tbody>\n<tr>\n<td align=\"center\" valign=\"top\" width=\"58%\">\n<table style=\"border-collapse: collapse; width: 315px; height: 248px;\" border=\"0\" cellspacing=\"2\">\n<tbody>\n<tr>\n<td align=\"right\" width=\"100%\">\n<table style=\"width: 310px; height: 88px;\" border=\"0\" cellspacing=\"0\">\n<tbody>\n<tr bgcolor=\"#d1c4a5\">\n<td width=\"39%\"><strong>Yazar<\/strong><\/td>\n<td width=\"3%\">:<\/td>\n<td width=\"51%\"><span style=\"color: #993300;\"><strong>Giovanni Scognamillo<\/strong><\/span><\/td>\n<\/tr>\n<tr bgcolor=\"#e4ddcb\">\n<td><strong><strong>Edit\u00f6r<\/strong><\/strong><\/td>\n<td width=\"3%\">:<\/td>\n<td width=\"51%\">&#8211;<\/td>\n<\/tr>\n<tr bgcolor=\"#d1c4a5\">\n<td width=\"39%\"><strong>Kapak<\/strong><\/td>\n<td width=\"3%\">:<\/td>\n<td width=\"51%\">&#8211;<\/td>\n<\/tr>\n<tr bgcolor=\"#e4ddcb\">\n<td width=\"39%\"><strong>Ebat<\/strong><\/td>\n<td width=\"3%\">:<\/td>\n<td width=\"51%\">Ciltsiz | 14 x 20 cm<\/td>\n<\/tr>\n<\/tbody>\n<\/table>\n<\/td>\n<\/tr>\n<tr>\n<td style=\"border-style: solid ridge ridge; border-width: 1px; padding-left: 4px; padding-right: 4px;\" bgcolor=\"#c0b18d\" width=\"100%\"><strong><span style=\"font-size: 9pt; font-family: Tahoma;\">Bilge Kar\u0131nca Yay\u0131nlar\u0131<br \/>\n<\/span><\/strong><\/td>\n<\/tr>\n<tr>\n<td align=\"right\" width=\"100%\">\n<table style=\"width: 310px; height: 88px;\" border=\"0\" cellspacing=\"0\">\n<tbody>\n<tr bgcolor=\"#e4ddcb\">\n<td width=\"39%\"><strong>\u00c7\u0131k\u0131\u015f Tarihi<\/strong><\/td>\n<td width=\"3%\">:<\/td>\n<td width=\"51%\">Temmuz, 2012<\/td>\n<\/tr>\n<tr bgcolor=\"#d1c4a5\">\n<td><strong>Sayfa Say\u0131s\u0131<\/strong><\/td>\n<td width=\"3%\">:<\/td>\n<td width=\"51%\">174<\/td>\n<\/tr>\n<tr bgcolor=\"#e4ddcb\">\n<td width=\"39%\"><strong>Fiyat\u0131<\/strong><\/td>\n<td width=\"3%\">:<\/td>\n<td width=\"51%\">10,00 TL<\/td>\n<\/tr>\n<tr bgcolor=\"#d1c4a5\">\n<td width=\"39%\"><strong>ISBN No<\/strong><\/td>\n<td width=\"3%\">:<\/td>\n<td width=\"51%\">9786055642228<\/td>\n<\/tr>\n<\/tbody>\n<\/table>\n<\/td>\n<\/tr>\n<\/tbody>\n<\/table>\n<\/td>\n<td style=\"width: 39%;\" align=\"center\" valign=\"middle\">\n<p style=\"text-align: center;\"><a href=\"https:\/\/www.kayiprihtim.org\/portal\/gorsel\/frankensteinin-laneti.jpg\" target=\"_blank\"><img decoding=\"async\" class=\"aligncenter\" src=\"https:\/\/www.kayiprihtim.org\/portal\/gorsel\/frankensteinin-laneti.jpg\" alt=\"\" width=\"140\" height=\"219\" border=\"0\" hspace=\"1\"><\/a><\/p>\n<\/td>\n<\/tr>\n<\/tbody>\n<\/table>\n<table style=\"border-collapse: collapse; width: 47%;\" border=\"0\" cellpadding=\"0\">\n<tbody>\n<tr>\n<td width=\"54%\">\n<table style=\"border-collapse: collapse; height: 147px; width: 470px;\" border=\"0\" cellspacing=\"0\" cellpadding=\"2\">\n<tbody>\n<tr>\n<td style=\"border-style: solid ridge ridge; border-width: 1px; padding-left: 4px; padding-right: 4px;\" bgcolor=\"#c0b18d\" width=\"98%\"><strong><span style=\"font-size: 9pt; font-family: Tahoma;\">Tan\u0131t\u0131m Yaz\u0131s\u0131<\/span><\/strong><\/td>\n<\/tr>\n<tr>\n<td align=\"left\" width=\"99%\">\n<table style=\"width: 465px;\" border=\"0\">\n<tbody>\n<tr>\n<td style=\"border-style: outset; border-width: 1px;\" bgcolor=\"#d1c4a5\" width=\"96%\">\n<table style=\"border-collapse: collapse; width: 452px; height: 199px;\" border=\"0\" cellspacing=\"0\" cellpadding=\"5\" bgcolor=\"#d1c4a5\">\n<tbody>\n<tr>\n<td style=\"text-align: left;\" bgcolor=\"#d1c4a5\" width=\"96%\">T\u00fcrk Sinema Tarihi, Fantastik T\u00fcrk Sinemas\u0131, \u0130stanbul Gizemleri, Deh\u015fetin Kap\u0131lar\u0131, 23 bask\u0131 yapan D\u00fcnyam\u0131z\u0131n Gizli sahipleri, 14 bask\u0131 yapan Uzaydan Geldiler, Gelece\u011finizin Anahtarlar\u0131 gibi bir\u00e7ok ara\u015ft\u0131rma, inceleme kitab\u0131n\u0131n yazar\u0131 Giovanni Scognamillo&#8217;nun daha \u00f6nce &#8220;Jean Gennaro&#8221; takma ad\u0131yla yay\u0131nlanan ikinci korku roman\u0131d\u0131r Frankenstein&#8217;in Laneti, Scognamillo&#8217;nun ilk korku gerilim roman\u0131 olan Mumya&#8217;n\u0131n Mezar\u0131 (Jean Gennaro ad\u0131yla) ilk defa Milliyet Gazetesi&#8217;nde tefrika edilmi\u015fti. \u00c7evirmen olarak da Giovanni Scognamillo ad\u0131n\u0131 kullanm\u0131\u015ft\u0131.<\/p>\n<p>Yay\u0131nevimizin &#8220;alacakaranl\u0131k ku\u015fa\u011f\u0131&#8221; dizisi i\u00e7inde yeni bask\u0131s\u0131n\u0131 yapt\u0131\u011f\u0131 Mumya&#8217;n\u0131n Mezar\u0131 bu defa yazar\u0131n ger\u00e7ek ad\u0131yla, Giovanni Scognamillo olarak yay\u0131nland\u0131. Mary Shelly&#8217;in Frankenstein roman\u0131ndan esinlenilerek kaleme al\u0131nan Frankenstein&#8217;\u0131n Laneti, m\u00fckemmel kurgusu ve iyi ayarlanm\u0131\u015f &#8220;y\u00fcksek gerilim&#8221; temposuyla okuyucuyu bir anda ku\u015fatan, t\u00fcr\u00fcn en iyilerinden diyebilece\u011fimiz korku roman\u0131d\u0131r.<\/p>\n<p>Giovanni Scognamillo&#8217;yu daha \u00f6nce yay\u0131nlanan ve k\u0131sa korku \u00f6yk\u00fclerinden olu\u015fan Beyo\u011flu Kabuslar\u0131, Deh\u015fet \u00d6yk\u00fcleri adl\u0131 kitaplar\u0131ndan da tan\u0131yan okuyucular\u0131m\u0131z\u0131n Frankenstein&#8217;in Laneti&#8217;ni be\u011feniyle okuyacaklar\u0131n\u0131 umuyoruz.<\/p>\n<p>Korku edebiyat\u0131 t\u00fcr\u00fcn\u00fcn en iyilerinde bulu\u015fmak \u00fczere&#8230;<\/p>\n<p>Keyifli okumalar dileriz.<\/td>\n<\/tr>\n<\/tbody>\n<\/table>\n<\/td>\n<\/tr>\n<\/tbody>\n<\/table>\n<\/td>\n<\/tr>\n<\/tbody>\n<\/table>\n<\/td>\n<\/tr>\n<\/tbody>\n<\/table>\n","protected":false},"excerpt":{"rendered":"<p>FRANKENSTEIN&#8217;IN LANET\u0130 Yazar : Giovanni Scognamillo Edit\u00f6r : &#8211; Kapak : &#8211; Ebat : Ciltsiz | 14 x 20 cm Bilge Kar\u0131nca Yay\u0131nlar\u0131 \u00c7\u0131k\u0131\u015f Tarihi : Temmuz, 2012 Sayfa Say\u0131s\u0131 : 174 Fiyat\u0131 : 10,00 TL ISBN No : 9786055642228 Tan\u0131t\u0131m Yaz\u0131s\u0131 T\u00fcrk Sinema Tarihi, Fantastik T\u00fcrk Sinemas\u0131, \u0130stanbul Gizemleri, Deh\u015fetin Kap\u0131lar\u0131, 23 bask\u0131 yapan [&hellip;]<\/p>\n","protected":false},"author":1,"featured_media":0,"parent":57,"menu_order":0,"comment_status":"open","ping_status":"closed","template":"","meta":{"_acf_changed":false,"footnotes":""},"class_list":["post-18176","page","type-page","status-publish"],"acf":[],"_links":{"self":[{"href":"https:\/\/www.kayiprihtim.org\/portal\/wp-json\/wp\/v2\/pages\/18176","targetHints":{"allow":["GET"]}}],"collection":[{"href":"https:\/\/www.kayiprihtim.org\/portal\/wp-json\/wp\/v2\/pages"}],"about":[{"href":"https:\/\/www.kayiprihtim.org\/portal\/wp-json\/wp\/v2\/types\/page"}],"author":[{"embeddable":true,"href":"https:\/\/www.kayiprihtim.org\/portal\/wp-json\/wp\/v2\/users\/1"}],"replies":[{"embeddable":true,"href":"https:\/\/www.kayiprihtim.org\/portal\/wp-json\/wp\/v2\/comments?post=18176"}],"version-history":[{"count":0,"href":"https:\/\/www.kayiprihtim.org\/portal\/wp-json\/wp\/v2\/pages\/18176\/revisions"}],"up":[{"embeddable":true,"href":"https:\/\/www.kayiprihtim.org\/portal\/wp-json\/wp\/v2\/pages\/57"}],"wp:attachment":[{"href":"https:\/\/www.kayiprihtim.org\/portal\/wp-json\/wp\/v2\/media?parent=18176"}],"curies":[{"name":"wp","href":"https:\/\/api.w.org\/{rel}","templated":true}]}}