{"id":1833,"date":"2009-06-15T09:39:23","date_gmt":"2009-06-15T06:39:23","guid":{"rendered":"http:\/\/www.kayiprihtim.org\/portal\/?page_id=1833"},"modified":"2013-11-12T15:32:40","modified_gmt":"2013-11-12T13:32:40","slug":"kediler-nasil-ortaya-cikti-niran-elci","status":"publish","type":"page","link":"https:\/\/www.kayiprihtim.org\/portal\/kediler-nasil-ortaya-cikti-niran-elci\/","title":{"rendered":"Kediler Nas\u0131l Ortaya \u00c7\u0131kt\u0131 | Niran El\u00e7i"},"content":{"rendered":"<p><img fetchpriority=\"high\" decoding=\"async\" class=\"aligncenter size-full wp-image-30554\" alt=\"\" src=\"https:\/\/www.kayiprihtim.org\/portal\/gorsel\/kediler-nasil-ortaya-cikti.jpg\" width=\"467\" height=\"292\" srcset=\"https:\/\/www.kayiprihtim.org\/portal\/gorsel\/kediler-nasil-ortaya-cikti.jpg 467w, https:\/\/www.kayiprihtim.org\/portal\/gorsel\/kediler-nasil-ortaya-cikti-300x187.jpg 300w\" sizes=\"(max-width: 467px) 100vw, 467px\" \/><br \/>\n<strong><span style=\"font-size: large; font-family: georgia,palatino;\">Kediler Nas\u0131l Ortaya \u00c7\u0131kt\u0131<\/span><br \/>\n<span style=\"color: #800000;\"> <em>(Ya da Masallar Ger\u00e7ek Olsayd\u0131 Kediler Nas\u0131l Ortaya \u00c7\u0131km\u0131\u015f Olurdu)<\/em><\/span><\/strong><\/p>\n<p style=\"text-indent: 0.4cm; text-align: justify;\">Kedilerin Kedisi Y\u00fcce Kedi Maru g\u00f6zlerini a\u00e7t\u0131\u011f\u0131nda kendini yeni bir bedende, yumu\u015fak bir yatakta, s\u0131cak ve t\u00fcyl\u00fc bir yarat\u0131\u011f\u0131n yan\u0131nda buldu.<\/p>\n<p style=\"text-indent: 0.4cm; text-align: justify;\">\u0130lk d\u00fc\u015f\u00fcncesi, \u201cMiyav!\u201d* oldu. Pisili gezegenindeki korkun\u00e7 iktidar sava\u015f\u0131na, tek bir kedinin bile canl\u0131 kalamayaca\u011f\u0131ndan korkmu\u015ftu \u00e7\u00fcnk\u00fc.<\/p>\n<p style=\"text-indent: 0.4cm; text-align: justify;\">Kedilerin Kedisi Y\u00fcce Kedi Maru, Pisili\u2019nin tek hakimiydi. Kedi Tanr\u0131 Pisili-Mav kedi \u0131rk\u0131n\u0131 o gezegene koydu\u011fundan beri bu b\u00f6yleydi ve yeniden do\u011fum yetenekleri sayesinde, nesiller boyunca ayn\u0131 kedi d\u00fczeni i\u00e7inde, huzur i\u00e7inde ya\u015fay\u0131p gitmi\u015flerdi. Arada bir kimin kral olmas\u0131 gerekti\u011fi konusunda sava\u015f ediyorlard\u0131 ger\u00e7i, ama \u015fimdiye dek hepsini Maru kazanm\u0131\u015ft\u0131. Ge\u00e7mi\u015f yeniden do\u011fumlar\u0131n\u0131 yanl\u0131\u015f saymam\u0131\u015fsa, bu Maru\u2019nun 75,734.bedeniydi.<\/p>\n<p style=\"text-indent: 0.4cm; text-align: justify;\">\u201cYavrulu\u011fa bay\u0131l\u0131yorum!\u201d diye d\u00fc\u015f\u00fcnd\u00fc Kedilerin Kedisi Y\u00fcce Kedi Maru gerinerek. S\u0131cak t\u00fcyl\u00fc bedende, yani bu do\u011fumundaki annesinin karn\u0131nda meme ucu arand\u0131.<\/p>\n<p style=\"text-indent: 0.4cm; text-align: justify;\">Birdenbire hoyrat\u00e7a yatt\u0131\u011f\u0131 yerden kald\u0131r\u0131ld\u0131, evirilip \u00e7evirildi.<\/p>\n<p style=\"text-indent: 0.4cm; text-align: justify;\">\u201cHiiii! Anneee, bu \u00e7ok tatl\u0131,\u201d dedi bir k\u0131z \u00e7ocu\u011fu, \u015fimdi eski M\u0131s\u0131rca oldu\u011funu bildi\u011fimiz kadim insan dilinde.<\/p>\n<p style=\"text-indent: 0.4cm; text-align: justify;\">\u201cNeler oluyor?\u201d diye t\u0131slad\u0131 Maru.<\/p>\n<p style=\"text-indent: 0.4cm; text-align: justify;\">\u201cBak, tatl\u0131m, bu da \u00e7ok \u015feker,\u201d dedi daha pes, daha g\u00fcr bir ses.<\/p>\n<p style=\"text-indent: 0.4cm; text-align: justify;\">Yak\u0131ndan bir ba\u015fka itiraz miyavlamas\u0131 duyuldu.<\/p>\n<p style=\"text-indent: 0.4cm; text-align: justify;\">\u00d6nceki iki sesten daha da kal\u0131n, daha da g\u00fcr bir ses konu\u015ftu, \u201cHangisini se\u00e7ecekseniz se\u00e7in. Bana sorarsan\u0131z burada birbirinden fark\u0131 olmayan d\u00f6rt k\u00fc\u00e7\u00fck pire torbas\u0131 var!\u201d<\/p>\n<p style=\"text-indent: 0.4cm; text-align: justify;\">\u201cAnneee, bunu alal\u0131m,\u201d diye m\u0131z\u0131ldand\u0131 en ince ses.<\/p>\n<p style=\"text-indent: 0.4cm; text-align: justify;\">\u201cBana el s\u00fcrmeye nas\u0131l c\u00fcret edersiniz!\u201d diye k\u00fckredi Kedilerin Kedisi Y\u00fcce Kedi Maru, kendi dilinde. \u201cBen kedilerin imparatoru, Y\u00fcce Kedi Maru\u2019yum!\u201d<\/p>\n<p style=\"text-indent: 0.4cm; text-align: justify;\">\u201cHay\u0131r! Maru benim!\u201d diye k\u00fckredi yan\u0131ndaki kedi yavrusu.<\/p>\n<p style=\"text-indent: 0.4cm; text-align: justify;\">\u201cMaru benim!\u201d diye itiraz etti bir ba\u015fkas\u0131.<\/p>\n<p style=\"text-indent: 0.4cm; text-align: justify;\">\u201cHay\u0131r! Maru benim!\u201d diye ekledi yavrular\u0131n d\u00f6rd\u00fcnc\u00fcs\u00fc.<\/p>\n<p style=\"text-indent: 0.4cm; text-align: justify;\">\u201cHepiniz kesin sesinizi. Maru benim!\u201d diye miyavlad\u0131 anne kedi kararl\u0131 bir sesle.<\/p>\n<p style=\"text-indent: 0.4cm; text-align: justify;\">\u0130nsan ailesi k\u00fc\u00e7\u00fck k\u0131z\u0131n elindeki kediyle birlikte uzakla\u015f\u0131rken, Maru feryat ediyordu. \u201cAma nas\u0131l olur! Taht\u0131m! \u0130mparatorlu\u011fum! Pati ver bana, Ey Y\u00fcce Pisili-Mav!\u201d<\/p>\n<p style=\"text-indent: 0.4cm; text-align: justify;\">Heyhat! Pisili-Mav ona yard\u0131m edemezdi.<\/p>\n<p style=\"text-indent: 0.4cm; text-align: justify;\">Pisili gezegenindeki en son iktidar sava\u015f\u0131nda hayat\u0131n\u0131 kaybeden Maru\u2019nun yeniden do\u011facak ruhu, sava\u015f\u0131n sebep oldu\u011fu manyetik f\u0131rt\u0131nalarda boyutlar \u00f6tesi bir evrene u\u00e7mu\u015f, d\u00fcnya gezegenindeki benzer, sivri kulakl\u0131, t\u00fcyl\u00fc, uzun kuyruklu bir \u0131rk\u0131n i\u00e7ine girmi\u015fti. Ve boyutlararas\u0131 yolculu\u011fun garip bir cilvesiyle, art\u0131k bu gezegende do\u011fan her kedi ayn\u0131 ruhla, Kedilerin Kedisi Y\u00fcce Kedi Maru\u2019nun ruhuyla do\u011fuyordu.<\/p>\n<p style=\"text-indent: 0.4cm; text-align: justify;\">Bir anl\u0131k ayd\u0131nlanmayla bu ger\u00e7e\u011fi kavrayan Maru\u2019nun gittik\u00e7e uzakla\u015fan sesi duyuldu. \u201cHay\u0131r! Olamaz! Pisili-Maaaaaaaaav\u2026\u201d<\/p>\n<p style=\"text-indent: 0.4cm; text-align: justify;\">\u0130\u015fte bu y\u00fczden gezegenimizdeki her kedi, evin ya da soka\u011f\u0131n tek h\u00fck\u00fcmdar\u0131 oymu\u015f gibi davran\u0131r.<\/p>\n<p style=\"text-indent: 0.4cm; text-align: justify;\">\u0130\u015fte bu y\u00fczden kediler asla g\u00fcl\u00fcmsemez, \u00e7ok \u00f6nemli biri onlara \u00e7ok k\u00f6t\u00fc kaz\u0131k atm\u0131\u015f gibi devaml\u0131 surat asar.<\/p>\n<p style=\"text-indent: 0.4cm; text-align: justify;\">\u0130\u015fte bu y\u00fczden hep hizmet beklerler ve hep kaprislidirler.<\/p>\n<p style=\"text-indent: 0.4cm; margin-bottom: 0cm; text-align: center;\">* * *<\/p>\n<p style=\"text-indent: 0.4cm; text-align: justify;\">Kedilerin d\u00fcnya \u00fczerinde ortaya \u00e7\u0131k\u0131\u015f\u0131 b\u00f6yle olmad\u0131. Ama kedileri tan\u0131yan herkes ayn\u0131 fikirdedir: asl\u0131nda b\u00f6yle olmas\u0131 gerekirdi.<\/p>\n<table style=\"border-collapse: collapse; height: 31px; width: 100%;\" border=\"0\" cellspacing=\"2\" cellpadding=\"8\">\n<tbody>\n<tr>\n<td align=\"right\" bgcolor=\"#574e3c\" width=\"100%\" height=\"15\"><span style=\"color: #ffffff;\"><a title=\"Niran El\u00e7i\" href=\"https:\/\/www.kayiprihtim.org\/portal\/cevirmen\/niran-elci\/\"><span style=\"font-family: georgia,palatino; color: #ffffff;\"><strong>Niran El\u00e7i<\/strong><\/span><\/a><\/span><\/td>\n<\/tr>\n<\/tbody>\n<\/table>\n","protected":false},"excerpt":{"rendered":"<p>Kediler Nas\u0131l Ortaya \u00c7\u0131kt\u0131 (Ya da Masallar Ger\u00e7ek Olsayd\u0131 Kediler Nas\u0131l Ortaya \u00c7\u0131km\u0131\u015f Olurdu) Kedilerin Kedisi Y\u00fcce Kedi Maru g\u00f6zlerini a\u00e7t\u0131\u011f\u0131nda kendini yeni bir bedende, yumu\u015fak bir yatakta, s\u0131cak ve t\u00fcyl\u00fc bir yarat\u0131\u011f\u0131n yan\u0131nda buldu. \u0130lk d\u00fc\u015f\u00fcncesi, \u201cMiyav!\u201d* oldu. Pisili gezegenindeki korkun\u00e7 iktidar sava\u015f\u0131na, tek bir kedinin bile canl\u0131 kalamayaca\u011f\u0131ndan korkmu\u015ftu \u00e7\u00fcnk\u00fc. Kedilerin Kedisi Y\u00fcce [&hellip;]<\/p>\n","protected":false},"author":1,"featured_media":30554,"parent":0,"menu_order":0,"comment_status":"open","ping_status":"closed","template":"page2.php","meta":{"_acf_changed":false,"footnotes":""},"class_list":["post-1833","page","type-page","status-publish","has-post-thumbnail"],"acf":[],"_links":{"self":[{"href":"https:\/\/www.kayiprihtim.org\/portal\/wp-json\/wp\/v2\/pages\/1833","targetHints":{"allow":["GET"]}}],"collection":[{"href":"https:\/\/www.kayiprihtim.org\/portal\/wp-json\/wp\/v2\/pages"}],"about":[{"href":"https:\/\/www.kayiprihtim.org\/portal\/wp-json\/wp\/v2\/types\/page"}],"author":[{"embeddable":true,"href":"https:\/\/www.kayiprihtim.org\/portal\/wp-json\/wp\/v2\/users\/1"}],"replies":[{"embeddable":true,"href":"https:\/\/www.kayiprihtim.org\/portal\/wp-json\/wp\/v2\/comments?post=1833"}],"version-history":[{"count":0,"href":"https:\/\/www.kayiprihtim.org\/portal\/wp-json\/wp\/v2\/pages\/1833\/revisions"}],"wp:featuredmedia":[{"embeddable":true,"href":"https:\/\/www.kayiprihtim.org\/portal\/wp-json\/wp\/v2\/media\/30554"}],"wp:attachment":[{"href":"https:\/\/www.kayiprihtim.org\/portal\/wp-json\/wp\/v2\/media?parent=1833"}],"curies":[{"name":"wp","href":"https:\/\/api.w.org\/{rel}","templated":true}]}}