{"id":18399,"date":"2012-08-01T21:33:39","date_gmt":"2012-08-01T18:33:39","guid":{"rendered":"http:\/\/www.kayiprihtim.org\/portal\/?page_id=18399"},"modified":"2013-08-15T22:51:04","modified_gmt":"2013-08-15T19:51:04","slug":"bugun-uyandigimda-brandon-sanderson","status":"publish","type":"page","link":"https:\/\/www.kayiprihtim.org\/portal\/projeler\/bugun-uyandigimda-brandon-sanderson\/","title":{"rendered":"Bug\u00fcn Uyand\u0131\u011f\u0131mda&#8230;"},"content":{"rendered":"<p style=\"text-align: center;\"><span style=\"font-family: georgia,palatino; font-size: large;\"><strong>Bug\u00fcn uyand\u0131\u011f\u0131mda \u00fczerinde \u00e7al\u0131\u015faca\u011f\u0131m bir Zaman \u00c7ark\u0131 kitab\u0131 yoktu.<\/strong><\/span><\/p>\n<hr size=\"1\" \/>\n<p style=\"text-align: center;\"><span style=\"font-family: georgia,palatino;\"><em><span style=\"font-size: medium;\">Brandon Sanderson<\/span><\/em><\/span><\/p>\n<p style=\"text-indent: 0.4cm; text-align: justify;\">Cumartesi sabah\u0131 erken saatlerde <em>I\u015f\u0131\u011f\u0131n An\u0131s\u0131<\/em>\u2019n\u0131n son revizyonunu tamamlay\u0131p Jordan Ekibi\u2019ne g\u00f6nderdim. Ve benim i\u015fim bitti. D\u00fczeltme ve tashihleri Jordan Ekibi yapacak; zaman zaman araya girip bir paragraf\u0131n ince ayar\u0131na veya bir s\u00fcreklilik sorununun \u00e7\u00f6z\u00fcm\u00fcne yard\u0131mc\u0131 olabilirim, fakat esas olarak Zaman \u00c7ark\u0131\u2019na yazar olarak katk\u0131m sona erdi.<\/p>\n<p style=\"text-indent: 0.4cm; text-align: justify;\"><a href=\"https:\/\/www.kayiprihtim.org\/portal\/gorsel\/a-memory-of-light.jpg\"><img fetchpriority=\"high\" decoding=\"async\" class=\"alignright size-medium wp-image-18402\" title=\"I\u015f\u0131\u011f\u0131n An\u0131s\u0131\" alt=\"\" src=\"https:\/\/www.kayiprihtim.org\/portal\/gorsel\/a-memory-of-light-201x300.jpg\" width=\"201\" height=\"300\" srcset=\"https:\/\/www.kayiprihtim.org\/portal\/gorsel\/a-memory-of-light-201x300.jpg 201w, https:\/\/www.kayiprihtim.org\/portal\/gorsel\/a-memory-of-light.jpg 336w\" sizes=\"(max-width: 201px) 100vw, 201px\" \/><\/a>Bu, Zaman \u00c7ark\u0131 fanlar\u0131na ba\u011fl\u0131l\u0131\u011f\u0131m\u0131n da bitti\u011fi anlam\u0131na gelmiyor. Bu y\u0131l Dragon*Con\u2019a ve Ocak ay\u0131nda da <em>I\u015f\u0131\u011f\u0131n An\u0131s\u0131<\/em><em> turuna kat\u0131laca\u011f\u0131m<\/em>. Bunun d\u0131\u015f\u0131nda JordanCon\u2019a s\u0131k s\u0131k kat\u0131lmay\u0131 ve y\u0131llar, hatta onlarca y\u0131l boyunca Z\u00c7 fanlar\u0131n\u0131n kar\u015f\u0131s\u0131na \u00e7\u0131kmay\u0131 planl\u0131yorum. Bu kitaplar\u0131 yazma deneyimim hakk\u0131nda bol bol konu\u015fmay\u0131, hatta bu konuda blogda birka\u00e7 yaz\u0131 yazmay\u0131 hedefliyorum.<\/p>\n<p style=\"text-indent: 0.4cm; text-align: justify;\">Fakat yazma i\u015fi bitti. H\u00e2l\u00e2 bir par\u00e7a bunun \u015foku i\u00e7indeyim.<\/p>\n<p style=\"text-indent: 0.4cm; text-align: justify;\">Yakla\u015f\u0131k be\u015f y\u0131l \u00f6nce Harriet\u2019ten hayat\u0131m\u0131 de\u011fi\u015ftiren o telefon geldi. O zamandan beri s\u00fcrekli \u00f6n\u00fcmde, \u00fczerinde \u00e7al\u0131\u015fmam gereken bir Zaman \u00c7ark\u0131 kitab\u0131 oldu. Arada bir mola veriyordum, birka\u00e7 y\u0131l \u00f6nce <em>The Alloy of Law<\/em>\u2019u yazmak i\u00e7in oldu\u011fu gibi. Yine de, \u00e7ok ge\u00e7meden Zaman \u00c7ark\u0131 \u00fczerinde \u00e7al\u0131\u015fmaya ba\u015flamam gerekti\u011fi d\u00fc\u015f\u00fcncesi daima kafamdayd\u0131.<\/p>\n<p style=\"text-indent: 0.4cm; text-align: justify;\">Bu i\u015f de\u011fi\u015fmez yolda\u015f\u0131m oldu. Bilginiz i\u00e7in, o telefon geldi\u011finde sadece birka\u00e7 kitab\u0131m yay\u0131nlanm\u0131\u015ft\u0131: ikinci Mistborn roman\u0131m daha \u00f6nceki ay \u00e7\u0131km\u0131\u015ft\u0131. Yay\u0131nlanmay\u0131 bekleyen ba\u015fka kitaplar\u0131m da vard\u0131 \u2014 birka\u00e7 Alcatraz kitab\u0131, son Mistborn kitab\u0131 ve <em>Warbreaker<\/em>. Ayr\u0131ca <em>The Way of Kings<\/em><em>\u2019in<\/em> ve <em>The Rithmatist<\/em><em>\u2019in birer taslaklar\u0131 bitmi\u015fti ve <\/em><em>Steelheart<\/em> ad\u0131ndaki kitab\u0131n \u00f6n \u00e7al\u0131\u015fmas\u0131n\u0131 yapm\u0131\u015ft\u0131m.<\/p>\n<p style=\"text-indent: 0.4cm; text-align: justify;\">Evet, epey eserim vard\u0131. Piyasada daha bir avu\u00e7 kitab\u0131m vard\u0131. <em>Elantris<\/em> yay\u0131nlanal\u0131 iki y\u0131l olmu\u015ftu. Bu i\u015fte olduk\u00e7a yeniydim.<\/p>\n<p style=\"text-indent: 0.4cm; text-align: justify;\">H\u00e2l\u00e2 kendimi yeni hissediyorum. Yine de gariptir ki, ayn\u0131 zamanda y\u0131prand\u0131\u011f\u0131m\u0131 hissediyorum. Zaman \u00c7ark\u0131\u2019n\u0131 bitirmi\u015f olmak m\u00fcthi\u015f bir deneyimdi, ama ayn\u0131 zamanda me\u015fakkatliydi. Robert Jordan\u2019a her zaman sayg\u0131 duydum, \u015fimdi ise daha da fazla ve \u00e7ok say\u0131da sebepten dolay\u0131 sayg\u0131 duyuyorum. Bunlardan biri, kariyerinin b\u00fcy\u00fck b\u00f6l\u00fcm\u00fcnde her bir-iki y\u0131lda bir, bir Zaman \u00c7ark\u0131 kitab\u0131 yay\u0131nlamay\u0131 ba\u015farm\u0131\u015f olmas\u0131. Bu, m\u00fcthi\u015f b\u00fcy\u00fck bir i\u015f. \u00dc\u00e7 kitap bile beni y\u0131pratt\u0131.<\/p>\n<p style=\"text-indent: 0.4cm; text-align: justify;\">Be\u015f y\u0131l boyunca, her ne yap\u0131yor olursam olay\u0131m \u2013 yeme\u011fe \u00e7\u0131kt\u0131\u011f\u0131mda, yazmak i\u00e7in masaya oturdu\u011fumda veya e-postalar\u0131ma bakarken \u2013 Zaman \u00c7ark\u0131\u2019nda yapacak daha \u00e7ok \u015fey oldu\u011funu biliyordum. Harriet\u2019e ve fanlara kitaplar\u0131 \u00e7abucak \u00e7\u0131karmak i\u00e7in s\u00f6z verdi\u011fimi biliyordum, kitab\u0131 b\u00f6lm\u00fc\u015f olman\u0131n ve sona gelmeyi bekleyen insanlar\u0131 y\u0131llarca beklemeye mecbur b\u0131rakman\u0131n sorumlulu\u011funu ta\u015f\u0131yordum. Be\u015f y\u0131l boyunca bu gibi sebeplerden dolay\u0131 uzun saatler boyunca \u00e7al\u0131\u015ft\u0131m. Bulabildi\u011fim her zaman\u0131m\u0131 o veya bu \u015fekilde Zaman \u00c7ark\u0131\u2019na harcad\u0131m.<\/p>\n<p style=\"text-indent: 0.4cm; text-align: justify;\">Ve \u015fimdi, bug\u00fcn, \u00fczerinde \u00e7al\u0131\u015faca\u011f\u0131m bir Zaman \u00c7ark\u0131 kitab\u0131 yok.<\/p>\n<p style=\"text-indent: 0.4cm; text-align: justify;\">Yolculu\u011fun sonuna geldim ve y\u00fcklerimden kurtuldum. Bu hem harika, hem rahatlat\u0131c\u0131, hem de gurur verici. Zaman \u00c7ark\u0131\u2019n\u0131 seviyorum. Bitiren ki\u015fi olmak harika.<\/p>\n<p style=\"text-indent: 0.4cm; text-align: justify;\">Ve b\u00f6ylece, bug\u00fcn resmi olarak ba\u015fka bir \u00e7izgiye ad\u0131m at\u0131yorum. Bu serinin pilotlu\u011fundan ayr\u0131l\u0131yor ve tekrar bir fan\u0131 oluyorum. O \u00e7izgiye asla geri d\u00f6nmeyece\u011fim \u2013 ba\u015fka ne olursa olsun, bu seride \u00fc\u00e7 kitap yazm\u0131\u015f olaca\u011f\u0131m. Zaman \u00c7ark\u0131 fanl\u0131\u011f\u0131n\u0131 desteklemeye ve buna dahil olmaya devam edece\u011fim. Fakat bu benim i\u00e7in bir son ve art\u0131k dikkatimi ba\u015fka y\u00f6ne \u00e7evirme zaman\u0131 geldi.<\/p>\n<p style=\"text-indent: 0.4cm; text-align: justify;\">\u015eimdi at\u00f6lyeme d\u00f6n\u00fcyor ve biraz toz toplad\u0131\u011f\u0131n\u0131 g\u00f6r\u00fcyorum. Stormlight Archive\u2019\u0131 mecburiyetten ihmal ettim. Stormlight 2 yerine <em>I\u015f\u0131\u011f\u0131n An\u0131s\u0131<\/em> \u00fczerinde \u00e7al\u0131\u015fmay\u0131 se\u00e7ti\u011fime memnunum. Yine de bu \u00f6yk\u00fcy\u00fc tekrar ele al\u0131p neredeyse yirmi y\u0131ld\u0131r hayalini kurdu\u011fum b\u00fct\u00fcn o muhte\u015fem \u015feyleri bu seride canland\u0131rman\u0131n zaman\u0131 geldi.<\/p>\n<p style=\"text-indent: 0.4cm; text-align: justify;\">Mat, Rand, Egwene ve Perrin\u2019in \u00f6yk\u00fcleri sona erdi. Bir sonraki b\u00fcy\u00fck projem Kaladin, Shallan, Jasnah ve Dalinar\u2019\u0131n \u00f6yk\u00fclerine d\u00f6nmek olacak. Bu sonbaharda ayr\u0131ca <em>The Rithmatist<\/em> ve <em>Steelheart<\/em>\u2019\u0131n revizyonlar\u0131n\u0131 yapt\u0131\u011f\u0131m\u0131 g\u00f6receksiniz \u2013 zira ikisinin de \u00f6n\u00fcm\u00fczdeki y\u0131l veya bir sonraki y\u0131l yay\u0131nlanmas\u0131 i\u00e7in planlar yapt\u0131m. Muhtemelen \u00f6n\u00fcm\u00fczdeki g\u00fcnlerde bu konuda daha fazla \u015fey duyabilirsiniz. Ve evet, <em>The Alloy of Law<\/em><em>\u2019a devam YAZACA\u011eIM<\/em>.<\/p>\n<p style=\"text-indent: 0.4cm; text-align: justify;\">Zaman \u00c7ark\u0131\u2019n\u0131 bitirmek inan\u0131lmaz bir deneyimdi. Bu yolculukta benimle beraber olanlardan baz\u0131lar\u0131n\u0131n Stormlight kitaplar\u0131nda da bana kat\u0131laca\u011f\u0131n\u0131 umuyorum, ama Zaman \u00c7ark\u0131\u2019n\u0131 okuyanlar\u0131n otomatik olarak di\u011fer eserlerimi de okuyaca\u011f\u0131n\u0131 varsaymad\u0131\u011f\u0131m\u0131 belirtmek isterim. \u0130mza kuyru\u011funda s\u0131k s\u0131k \u201csadece\u201d bir Zaman \u00c7ark\u0131 kitab\u0131 getirdi\u011fi i\u00e7in su\u00e7luluk duyan biriyle kar\u015f\u0131la\u015f\u0131yorum. Bunun i\u00e7in kendinizi su\u00e7lu hissetmeyin; Zaman \u00c7ark\u0131\u2019n\u0131 sizin kadar \u00e7ok seviyorum ve bunu payla\u015f\u0131yoruz. Yazd\u0131klar\u0131mdan ho\u015fland\u0131\u011f\u0131n\u0131za sevindim ve yazd\u0131\u011f\u0131m di\u011fer kitaplar kadar bunlara da yak\u0131nl\u0131k duyuyorum. Evet, Zaman \u00c7ark\u0131 bana ait de\u011fil. Ama bu \u00fc\u00e7 kitap benim. Onlar\u0131 da \u00fczerinde \u00e7al\u0131\u015ft\u0131\u011f\u0131m di\u011ferleri kadar \u00e7ok seviyorum.<\/p>\n<p style=\"text-indent: 0.4cm; text-align: justify;\">Y\u0131llar ge\u00e7tik\u00e7e konvansiyonlarda ve imza g\u00fcnlerinde bir\u00e7o\u011funuzla tan\u0131\u015fmay\u0131 d\u00f6rt g\u00f6zle bekliyorum. Zaman \u00c7ark\u0131 fanlar\u0131na, beni kabul edip hatalar\u0131m\u0131 sineye \u00e7ektikleri i\u00e7in te\u015fekk\u00fcr ediyorum. (Epey hatam oldu.) Brandon Sanderson fanlar\u0131na, Zaman \u00c7ark\u0131 evrenine sapmama katland\u0131klar\u0131 i\u00e7in te\u015fekk\u00fcr ediyorum. Bunun sizin kitaplar\u0131n\u0131za ula\u015fman\u0131z\u0131 geciktirdi\u011fini biliyorum, ama bu benim i\u00e7in \u00e7ok \u00f6nemli bir \u015feydi.<\/p>\n<p style=\"text-indent: 0.4cm; text-align: justify;\">Robert Jordan \u00e7ok b\u00fcy\u00fck bir insand\u0131 ve yazar olarak geli\u015fmemdeki en b\u00fcy\u00fck tek etkiye sahipti. Bu son be\u015f y\u0131lda yapt\u0131klar\u0131m, takdirimi g\u00f6stermek i\u00e7in bir \u00e7abayd\u0131; bazen kusurlu ama daima i\u00e7ten bir \u00e7aba. Bu tarz ona \u00e7ok \u015fey bor\u00e7lu. Benim ona ve Harriet\u2019e olan borcum bunlar\u0131n en b\u00fcy\u00fc\u011f\u00fc.<\/p>\n<p style=\"text-indent: 0.4cm; text-align: justify;\">Bay Jordan, I\u015f\u0131k i\u00e7inde yat\u0131n. Di\u011fer herkes, bir nefes al\u0131n ve sona haz\u0131rlan\u0131n. Onun son s\u00f6zlerini okumaktan benim be\u015f y\u0131l \u00f6nce ele ald\u0131\u011f\u0131mda yapt\u0131\u011f\u0131m kadar zevk alas\u0131n\u0131z. En son perde ona ait, benim elim buraya \u00e7ok az de\u011fdi, ve kitab\u0131n sonunda ona ait b\u00fcy\u00fck par\u00e7alar mevcut. Kitaplar\u0131 yazarken, onun yazd\u0131\u011f\u0131 bu sona ula\u015fmalar\u0131, onun s\u00f6zlerini olabildi\u011fince az de\u011fi\u015fiklikle kapsamalar\u0131 hedefimi ger\u00e7ekle\u015ftirebildim.<\/p>\n<p style=\"text-indent: 0.4cm; text-align: justify;\">Bir kez daha te\u015fekk\u00fcr ederim. Daima su ve g\u00f6lge bulas\u0131n\u0131z.<\/p>\n<hr size=\"1\" \/>\n<p style=\"font-family: Courier New,Courier,mono; font-size: 12px; color: #000033;\">Yaz\u0131, <strong>BRANDON SANDERSON<\/strong><br \/>\n\u00c7eviri, <strong>YOSUN ERDEML\u0130<\/strong><br \/>\nYaz\u0131ld\u0131\u011f\u0131 tarih, <strong>30 Temmuz 2012<\/strong><br \/>\n\u0130letim tarihi, <strong>1 A\u011fustos 2012<\/strong><\/p>\n<div class=\"seperator\">#<\/div>\n<p style=\"text-align: center;\"><span style=\"font-size: 12px;\"><strong>Not<\/strong>: Brandon Sanderson\u2019un blogunda yay\u0131mlanan orijinal metine ula\u015fmak i\u00e7in <a title=\"Bug\u00fcn Uyand\u0131\u011f\u0131mda\u2026\" href=\"http:\/\/www.brandonsanderson.com\/blog\/1101\/Today-I-got-up-and-I-did-not-have-a-Wheel-of-Time-book-to-work-on.?utm_source=feedburner&amp;utm_medium=feed&amp;utm_campaign=Feed:+BrandonSandersonBlog+%28Brandon+Sanderson+Blog%29\" target=\"_blank\" rel=\"nofollow noopener\"><strong>buraya<\/strong><\/a> t\u0131klayabilirsiniz.<\/span><\/p>\n","protected":false},"excerpt":{"rendered":"<p>Bug\u00fcn uyand\u0131\u011f\u0131mda \u00fczerinde \u00e7al\u0131\u015faca\u011f\u0131m bir Zaman \u00c7ark\u0131 kitab\u0131 yoktu. Brandon Sanderson Cumartesi sabah\u0131 erken saatlerde I\u015f\u0131\u011f\u0131n An\u0131s\u0131\u2019n\u0131n son revizyonunu tamamlay\u0131p Jordan Ekibi\u2019ne g\u00f6nderdim. Ve benim i\u015fim bitti. D\u00fczeltme ve tashihleri Jordan Ekibi yapacak; zaman zaman araya girip bir paragraf\u0131n ince ayar\u0131na veya bir s\u00fcreklilik sorununun \u00e7\u00f6z\u00fcm\u00fcne yard\u0131mc\u0131 olabilirim, fakat esas olarak Zaman \u00c7ark\u0131\u2019na yazar olarak [&hellip;]<\/p>\n","protected":false},"author":1,"featured_media":0,"parent":12165,"menu_order":0,"comment_status":"open","ping_status":"closed","template":"page2.php","meta":{"_acf_changed":false,"footnotes":""},"class_list":{"0":"post-18399","1":"page","2":"type-page","3":"status-publish","5":"kose_yazari-yosun-erdemli-kahlan-amnell"},"acf":[],"_links":{"self":[{"href":"https:\/\/www.kayiprihtim.org\/portal\/wp-json\/wp\/v2\/pages\/18399","targetHints":{"allow":["GET"]}}],"collection":[{"href":"https:\/\/www.kayiprihtim.org\/portal\/wp-json\/wp\/v2\/pages"}],"about":[{"href":"https:\/\/www.kayiprihtim.org\/portal\/wp-json\/wp\/v2\/types\/page"}],"author":[{"embeddable":true,"href":"https:\/\/www.kayiprihtim.org\/portal\/wp-json\/wp\/v2\/users\/1"}],"replies":[{"embeddable":true,"href":"https:\/\/www.kayiprihtim.org\/portal\/wp-json\/wp\/v2\/comments?post=18399"}],"version-history":[{"count":0,"href":"https:\/\/www.kayiprihtim.org\/portal\/wp-json\/wp\/v2\/pages\/18399\/revisions"}],"up":[{"embeddable":true,"href":"https:\/\/www.kayiprihtim.org\/portal\/wp-json\/wp\/v2\/pages\/12165"}],"wp:attachment":[{"href":"https:\/\/www.kayiprihtim.org\/portal\/wp-json\/wp\/v2\/media?parent=18399"}],"curies":[{"name":"wp","href":"https:\/\/api.w.org\/{rel}","templated":true}]}}