{"id":19,"date":"2008-03-30T04:20:11","date_gmt":"2008-03-30T11:20:11","guid":{"rendered":"http:\/\/www.hayalcini.net\/blog\/?page_id=15"},"modified":"2016-05-26T05:22:26","modified_gmt":"2016-05-26T02:22:26","slug":"harry-potter","status":"publish","type":"page","link":"https:\/\/www.kayiprihtim.org\/portal\/harry-potter\/","title":{"rendered":"Harry Potter"},"content":{"rendered":"<p><a href=\"https:\/\/www.kayiprihtim.org\/portal\/yazar\/jk-rowling\/\"><strong>J.K. Rowling<\/strong><\/a> taraf\u0131ndan yaz\u0131lan ve toplamda yedi kitaptan olu\u015fan Harry Potter\u2019\u0131n maceralar\u0131n\u0131 konu alan seridir.<\/p>\n<p>Harry Potter s\u0131radan bir \u00e7ocuk oldu\u011funu san\u0131rken, bir bayku\u015fun getirdi\u011fi mektuplarla ya\u015fam\u0131 de\u011fi\u015fir: Ba\u015fvurmad\u0131\u011f\u0131 halde Hogwarts Cad\u0131l\u0131k ve B\u00fcy\u00fcc\u00fcl\u00fck Okulu\u2019na kabul edilmi\u015ftir. Burada birbirinden ilgin\u00e7 dersler al\u0131r, iki arkada\u015f\u0131yla birlikte maceradan maceraya ko\u015far. Ya\u015fayarak \u00f6\u011frendikleri sayesinde k\u00fc\u00e7\u00fck ya\u015fta becerikli bir b\u00fcy\u00fcc\u00fc olup \u00e7\u0131kar.<\/p>\n","protected":false},"excerpt":{"rendered":"<p>J.K. Rowling taraf\u0131ndan yaz\u0131lan ve toplamda yedi kitaptan olu\u015fan Harry Potter\u2019\u0131n maceralar\u0131n\u0131 konu alan seridir. Harry Potter s\u0131radan bir \u00e7ocuk oldu\u011funu san\u0131rken, bir bayku\u015fun getirdi\u011fi mektuplarla ya\u015fam\u0131 de\u011fi\u015fir: Ba\u015fvurmad\u0131\u011f\u0131 halde Hogwarts Cad\u0131l\u0131k ve B\u00fcy\u00fcc\u00fcl\u00fck Okulu\u2019na kabul edilmi\u015ftir. Burada birbirinden ilgin\u00e7 dersler al\u0131r, iki arkada\u015f\u0131yla birlikte maceradan maceraya ko\u015far. Ya\u015fayarak \u00f6\u011frendikleri sayesinde k\u00fc\u00e7\u00fck ya\u015fta becerikli bir [&hellip;]<\/p>\n","protected":false},"author":1,"featured_media":0,"parent":0,"menu_order":0,"comment_status":"open","ping_status":"closed","template":"","meta":{"_acf_changed":false,"footnotes":""},"class_list":["post-19","page","type-page","status-publish"],"acf":[],"_links":{"self":[{"href":"https:\/\/www.kayiprihtim.org\/portal\/wp-json\/wp\/v2\/pages\/19","targetHints":{"allow":["GET"]}}],"collection":[{"href":"https:\/\/www.kayiprihtim.org\/portal\/wp-json\/wp\/v2\/pages"}],"about":[{"href":"https:\/\/www.kayiprihtim.org\/portal\/wp-json\/wp\/v2\/types\/page"}],"author":[{"embeddable":true,"href":"https:\/\/www.kayiprihtim.org\/portal\/wp-json\/wp\/v2\/users\/1"}],"replies":[{"embeddable":true,"href":"https:\/\/www.kayiprihtim.org\/portal\/wp-json\/wp\/v2\/comments?post=19"}],"version-history":[{"count":0,"href":"https:\/\/www.kayiprihtim.org\/portal\/wp-json\/wp\/v2\/pages\/19\/revisions"}],"wp:attachment":[{"href":"https:\/\/www.kayiprihtim.org\/portal\/wp-json\/wp\/v2\/media?parent=19"}],"curies":[{"name":"wp","href":"https:\/\/api.w.org\/{rel}","templated":true}]}}