{"id":1931,"date":"2009-06-19T17:48:53","date_gmt":"2009-06-19T14:48:53","guid":{"rendered":"http:\/\/www.kayiprihtim.org\/portal\/?page_id=1931"},"modified":"2012-01-31T10:19:39","modified_gmt":"2012-01-31T08:19:39","slug":"ejderha-mizragi-destani","status":"publish","type":"page","link":"https:\/\/www.kayiprihtim.org\/portal\/kitaplar\/ejderha-mizragi-serisi\/ejderha-mizragi-destani\/","title":{"rendered":"Ejderha M\u0131zra\u011f\u0131 Destan\u0131"},"content":{"rendered":"<table style=\"border: thin outset; border-collapse: collapse; height: 30px; width: 470px;\" border=\"0\" cellpadding=\"2\">\n<tbody>\n<tr>\n<td width=\"30%\" bgcolor=\"#330000\"><span style=\"font-family: Verdana; color: #ffffff;\"><strong>G\u00dcZ ALACAKARANLI\u011eI EJDERHALARI<br \/>\n<\/strong><\/span><\/td>\n<\/tr>\n<\/tbody>\n<\/table>\n<table style=\"border-collapse: collapse; width: 462px; height: 250px;\" border=\"0\" cellspacing=\"0\" cellpadding=\"0\" bordercolor=\"#111111\">\n<tbody>\n<tr>\n<td width=\"58%\" align=\"center\" valign=\"top\">\n<table style=\"border-collapse: collapse; width: 315px; height: 248px;\" border=\"0\" cellspacing=\"2\">\n<tbody>\n<tr>\n<td width=\"100%\" align=\"right\">\n<table style=\"width: 310px; height: 88px;\" border=\"0\" cellspacing=\"0\">\n<tbody>\n<tr bgcolor=\"#D1C4A5\">\n<td width=\"39%\"><strong>Yazar<\/strong><\/td>\n<td width=\"3%\">:<\/td>\n<td width=\"51%\">Margaret Weis-Tracy Hickman<\/td>\n<\/tr>\n<tr bgcolor=\"#E4DDCB\">\n<td><strong>\u00c7eviren<\/strong><\/td>\n<td width=\"3%\">:<\/td>\n<td width=\"51%\"><span style=\"color: #181512;\">\u00c7i\u011fdem Erkal \u0130pek<\/span><span style=\"color: #181512;\"><br \/>\n<\/span><\/td>\n<\/tr>\n<tr bgcolor=\"#D1C4A5\">\n<td width=\"39%\"><strong>Orijinal Ad\u0131<br \/>\n<\/strong><\/td>\n<td width=\"3%\">:<\/td>\n<td width=\"51%\">Dragons of Autumn Twilight<\/td>\n<\/tr>\n<tr bgcolor=\"#E4DDCB\">\n<td width=\"39%\"><strong>Seri<\/strong><\/td>\n<td width=\"3%\">:<\/td>\n<td width=\"51%\">Ejderha M\u0131zra\u011f\u0131 Destan\u0131<\/td>\n<\/tr>\n<\/tbody>\n<\/table>\n<\/td>\n<\/tr>\n<tr>\n<td style=\"border-style: solid ridge ridge; border-width: 1px; padding-left: 4px; padding-right: 4px;\" width=\"100%\" bgcolor=\"#C0B18D\"><strong><span style=\"font-size: 9pt; font-family: Tahoma;\">Arka Bah\u00e7e Yay\u0131nc\u0131l\u0131k<\/span><\/strong><strong><span style=\"font-size: 9pt; font-family: Tahoma;\"> <\/span><\/strong><\/td>\n<\/tr>\n<tr>\n<td width=\"100%\" align=\"right\">\n<table style=\"width: 310px; height: 88px;\" border=\"0\" cellspacing=\"0\">\n<tbody>\n<tr bgcolor=\"#D1C4A5\">\n<td width=\"39%\"><strong>Resimleyen<\/strong><\/td>\n<td width=\"3%\">:<\/td>\n<td width=\"51%\">Valerie Valusek<\/td>\n<\/tr>\n<tr bgcolor=\"#E4DDCB\">\n<td><strong>Sayfa Say\u0131s\u0131<\/strong><\/td>\n<td width=\"3%\">:<\/td>\n<td width=\"51%\">416<\/td>\n<\/tr>\n<tr bgcolor=\"#D1C4A5\">\n<td width=\"39%\"><strong>Fiyat\u0131<\/strong><\/td>\n<td width=\"3%\">:<\/td>\n<td width=\"51%\">19,00 TL<\/td>\n<\/tr>\n<tr bgcolor=\"#E4DDCB\">\n<td width=\"39%\"><strong>ISBN No<\/strong><\/td>\n<td width=\"3%\">:<\/td>\n<td width=\"51%\">9789758518968<\/td>\n<\/tr>\n<\/tbody>\n<\/table>\n<\/td>\n<\/tr>\n<\/tbody>\n<\/table>\n<\/td>\n<td width=\"39%\" align=\"left\" valign=\"top\">\n<p style=\"text-align: center;\">\n<p><a href=\"https:\/\/www.kayiprihtim.org\/portal\/gorsel\/dragonlance\/guz-alacakaranliginin-ejderhalari.jpg\" target=\"_blank\"><img decoding=\"async\" src=\"https:\/\/www.kayiprihtim.org\/portal\/gorsel\/dragonlance\/guz-alacakaranliginin-ejderhalari.jpg\" border=\"0\" alt=\"\" hspace=\"1\" width=\"140\" height=\"219\" class=\"aligncenter\"><\/a><\/td>\n<\/tr>\n<\/tbody>\n<\/table>\n<table style=\"border-collapse: collapse; width: 47%;\" border=\"0\" cellpadding=\"0\">\n<tbody>\n<tr>\n<td width=\"54%\">\n<table style=\"border-collapse: collapse; height: 147px; width: 470px;\" border=\"0\" cellspacing=\"0\" cellpadding=\"2\">\n<tbody>\n<tr>\n<td style=\"border-style: solid ridge ridge; border-width: 1px; padding-left: 4px; padding-right: 4px;\" width=\"98%\" bgcolor=\"#C0B18D\"><strong><span style=\"font-size: 9pt; font-family: Tahoma;\">Tan\u0131t\u0131m Yaz\u0131s\u0131<br \/>\n<\/span><\/strong><\/td>\n<\/tr>\n<tr>\n<td width=\"99%\" align=\"left\">\n<table style=\"width: 465px;\" border=\"0\">\n<tbody>\n<tr>\n<td style=\"border-style: outset; border-width: 1px;\" width=\"96%\" bgcolor=\"#D1C4A5\">\n<table style=\"border-collapse: collapse; width: 452px; height: 199px;\" border=\"0\" cellspacing=\"0\" cellpadding=\"5\" bgcolor=\"#D1C4A5\" bordercolor=\"#D1C4A5\">\n<tbody>\n<tr>\n<td width=\"96%\" bgcolor=\"#D1C4A5\">&#8230; Weis, Hickman ikilisi Ejderha M\u0131zra\u011f\u0131 ile ilgili dokuz kitap yazd\u0131ktan sonra, birlikte Bantam \/ Spectra yay\u0131nevi i\u00e7in yeni &#8220;en \u00e7ok satan&#8221; kitaplar yazmaya devam ettiler. Bunlar aras\u0131nda yedi kitapl\u0131k Deathgate Cycle en \u00f6nemlisi say\u0131labilir. Weis, ayr\u0131ca kendi ba\u015f\u0131na, d\u00f6rt kitapl\u0131k fantastik bir galaksiyi konu alan, Star of the Guardian serisini de yazd\u0131. 1995 y\u0131l\u0131nda ikili Yaz Ate\u015finin Ejderhalar\u0131 adl\u0131 bir romanla Kyrnn&#8217;e geri d\u00f6nd\u00fcler.<\/p>\n<p>Ejderha M\u0131zra\u011f\u0131 destan\u0131, New York Times taraf\u0131ndan defalarca &#8220;en \u00e7ok satan&#8221; kitaplar listesine girdi. T\u00fcm d\u00fcnyada \u015fu ana kadar 10 Milyon adetten fazla satan Ejderha M\u0131zra\u011f\u0131 serisi, Almanca, Frans\u0131zca, Japonca, \u0130spanyolca, \u0130talyanca, T\u00fcrk\u00e7e ve \u0130branice&#8217;ye de \u00e7evrilmi\u015ftir.<\/td>\n<\/tr>\n<\/tbody>\n<\/table>\n<\/td>\n<\/tr>\n<\/tbody>\n<\/table>\n<\/td>\n<\/tr>\n<\/tbody>\n<\/table>\n<\/td>\n<\/tr>\n<\/tbody>\n<\/table>\n<p><span style=\"color: #E4DDCB;\">&#8211;<\/span><\/p>\n<table style=\"border: thin outset; border-collapse: collapse; height: 30px; width: 470px;\" border=\"0\" cellpadding=\"2\">\n<tbody>\n<tr>\n<td width=\"30%\" bgcolor=\"#330000\"><span style=\"font-family: Verdana; color: #ffffff;\"><strong>KI\u015e GECES\u0130 EJDERHALARI<\/strong><\/span><span style=\"font-family: Verdana; color: #333333;\"><strong> <\/strong><\/span><\/td>\n<\/tr>\n<\/tbody>\n<\/table>\n<table style=\"border-collapse: collapse; width: 462px; height: 250px;\" border=\"0\" cellspacing=\"0\" cellpadding=\"0\" bordercolor=\"#111111\">\n<tbody>\n<tr>\n<td width=\"58%\" align=\"center\" valign=\"top\">\n<table style=\"border-collapse: collapse; width: 315px; height: 248px;\" border=\"0\" cellspacing=\"2\">\n<tbody>\n<tr>\n<td width=\"100%\" align=\"right\">\n<table style=\"width: 310px; height: 88px;\" border=\"0\" cellspacing=\"0\">\n<tbody>\n<tr bgcolor=\"#D1C4A5\">\n<td width=\"39%\"><strong>Yazar<\/strong><\/td>\n<td width=\"3%\">:<\/td>\n<td width=\"51%\">Margaret Weis-Tracy Hickman<\/td>\n<\/tr>\n<tr bgcolor=\"#E4DDCB\">\n<td><strong>\u00c7eviren<\/strong><\/td>\n<td width=\"3%\">:<\/td>\n<td width=\"51%\"><span style=\"color: #181512;\">\u00c7i\u011fdem Erkal \u0130pek<\/span><span style=\"color: #181512;\"><br \/>\n<\/span><span style=\"color: #181512;\"> <\/span><\/td>\n<\/tr>\n<tr bgcolor=\"#D1C4A5\">\n<td width=\"39%\"><strong>\u00d6zg\u00fcn Ad\u0131<\/strong><strong> <\/strong><\/td>\n<td width=\"3%\">:<\/td>\n<td width=\"51%\">Dragons of Winter Night<\/td>\n<\/tr>\n<tr bgcolor=\"#E4DDCB\">\n<td width=\"39%\"><strong>Seri<\/strong><\/td>\n<td width=\"3%\">:<\/td>\n<td width=\"51%\">Ejderha M\u0131zra\u011f\u0131 Destan\u0131<\/td>\n<\/tr>\n<\/tbody>\n<\/table>\n<\/td>\n<\/tr>\n<tr>\n<td style=\"border-style: solid ridge ridge; border-width: 1px; padding-left: 4px; padding-right: 4px;\" width=\"100%\" bgcolor=\"#C0B18D\"><strong><span style=\"font-size: 9pt; font-family: Tahoma;\">Arka Bah\u00e7e Yay\u0131nc\u0131l\u0131k<\/span><\/strong><\/td>\n<\/tr>\n<tr>\n<td width=\"100%\" align=\"right\">\n<table style=\"width: 310px; height: 88px;\" border=\"0\" cellspacing=\"0\">\n<tbody>\n<tr bgcolor=\"#D1C4A5\">\n<td width=\"39%\"><strong>Resimleyen<\/strong><\/td>\n<td width=\"3%\">:<\/td>\n<td width=\"51%\">Denis Beauvais<\/td>\n<\/tr>\n<tr bgcolor=\"#E4DDCB\">\n<td><strong>Sayfa Say\u0131s\u0131<\/strong><\/td>\n<td width=\"3%\">:<\/td>\n<td width=\"51%\">408<\/td>\n<\/tr>\n<tr bgcolor=\"#D1C4A5\">\n<td width=\"39%\"><strong>Fiyat\u0131<\/strong><\/td>\n<td width=\"3%\">:<\/td>\n<td width=\"51%\">19,00 TL<\/td>\n<\/tr>\n<tr bgcolor=\"#E4DDCB\">\n<td width=\"39%\"><strong>ISBN No<\/strong><\/td>\n<td width=\"3%\">:<\/td>\n<td width=\"51%\">9799759427510<\/td>\n<\/tr>\n<\/tbody>\n<\/table>\n<\/td>\n<\/tr>\n<\/tbody>\n<\/table>\n<\/td>\n<td width=\"39%\" align=\"left\" valign=\"top\">\n<p style=\"text-align: center;\">\n<p><a href=\"https:\/\/www.kayiprihtim.org\/portal\/gorsel\/dragonlance\/kis-gecesi-ejderhalari.jpg\" target=\"_blank\"><img decoding=\"async\" src=\"https:\/\/www.kayiprihtim.org\/portal\/gorsel\/dragonlance\/kis-gecesi-ejderhalari.jpg\" border=\"0\" alt=\"\" hspace=\"1\" width=\"140\" height=\"219\" class=\"aligncenter\"><\/a><\/td>\n<\/tr>\n<\/tbody>\n<\/table>\n<table style=\"border-collapse: collapse; width: 47%;\" border=\"0\" cellpadding=\"0\">\n<tbody>\n<tr>\n<td width=\"54%\">\n<table style=\"border-collapse: collapse; height: 147px; width: 470px;\" border=\"0\" cellspacing=\"0\" cellpadding=\"2\">\n<tbody>\n<tr>\n<td style=\"border-style: solid ridge ridge; border-width: 1px; padding-left: 4px; padding-right: 4px;\" width=\"98%\" bgcolor=\"#C0B18D\"><strong><span style=\"font-size: 9pt; font-family: Tahoma;\">Tan\u0131t\u0131m Yaz\u0131s\u0131<br \/>\n<\/span><\/strong><\/td>\n<\/tr>\n<tr>\n<td width=\"99%\" align=\"left\">\n<table style=\"width: 465px;\" border=\"0\">\n<tbody>\n<tr>\n<td style=\"border-style: outset; border-width: 1px;\" width=\"96%\" bgcolor=\"#D1C4A5\">\n<table style=\"border-collapse: collapse; width: 452px; height: 199px;\" border=\"0\" cellspacing=\"0\" cellpadding=\"5\" bgcolor=\"#D1C4A5\" bordercolor=\"#D1C4A5\">\n<tbody>\n<tr>\n<td width=\"96%\" bgcolor=\"#D1C4A5\">&#8230; Weis, Hickman ikilisi Ejderha M\u0131zra\u011f\u0131 ile ilgili dokuz kitap yazd\u0131ktan sonra, birlikte Bantam \/ Spectra yay\u0131nevi i\u00e7in yeni &#8220;en \u00e7ok satan&#8221; kitaplar yazmaya devam ettiler. Bunlar aras\u0131nda yedi kitapl\u0131k Deathgate Cycle en \u00f6nemlisi say\u0131labilir. Weis, ayr\u0131ca kendi ba\u015f\u0131na, d\u00f6rt kitapl\u0131k fantastik bir galaksiyi konu alan, Star of the Guardian serisini de yazd\u0131. 1995 y\u0131l\u0131nda ikili Yaz Ate\u015finin Ejderhalar\u0131 adl\u0131 bir romanla Kyrnn&#8217;e geri d\u00f6nd\u00fcler.<\/p>\n<p>Ejderha M\u0131zra\u011f\u0131 destan\u0131, New York Times taraf\u0131ndan defalarca &#8220;en \u00e7ok satan&#8221; kitaplar listesine girdi. T\u00fcm d\u00fcnyada \u015fu ana kadar 10 Milyon adetten fazla satan Ejderha M\u0131zra\u011f\u0131 serisi, Almanca, Frans\u0131zca, Japonca, \u0130spanyolca, \u0130talyanca, T\u00fcrk\u00e7e ve \u0130branice&#8217;ye de \u00e7evrilmi\u015ftir.<\/td>\n<\/tr>\n<\/tbody>\n<\/table>\n<\/td>\n<\/tr>\n<\/tbody>\n<\/table>\n<\/td>\n<\/tr>\n<\/tbody>\n<\/table>\n<\/td>\n<\/tr>\n<\/tbody>\n<\/table>\n<p><span style=\"color: #E4DDCB;\">&#8211;<\/span><\/p>\n<table style=\"border: thin outset; border-collapse: collapse; height: 30px; width: 470px;\" border=\"0\" cellpadding=\"2\">\n<tbody>\n<tr>\n<td width=\"30%\" bgcolor=\"#330000\"><span style=\"font-family: Verdana; color: #ffffff;\"><strong>\u0130LKBAHAR \u015eAFA\u011eI EJDERHALARI<\/strong><\/span><span style=\"font-family: Verdana; color: #333333;\"><strong> <\/strong><\/span><\/td>\n<\/tr>\n<\/tbody>\n<\/table>\n<table style=\"border-collapse: collapse; width: 462px; height: 250px;\" border=\"0\" cellspacing=\"0\" cellpadding=\"0\" bordercolor=\"#111111\">\n<tbody>\n<tr>\n<td width=\"58%\" align=\"center\" valign=\"top\">\n<table style=\"border-collapse: collapse; width: 315px; height: 248px;\" border=\"0\" cellspacing=\"2\">\n<tbody>\n<tr>\n<td width=\"100%\" align=\"right\">\n<table style=\"width: 310px; height: 88px;\" border=\"0\" cellspacing=\"0\">\n<tbody>\n<tr bgcolor=\"#D1C4A5\">\n<td width=\"39%\"><strong>Yazar<\/strong><\/td>\n<td width=\"3%\">:<\/td>\n<td width=\"51%\">Margaret Weis-Tracy Hickman<\/td>\n<\/tr>\n<tr bgcolor=\"#E4DDCB\">\n<td><strong>\u00c7eviren<\/strong><\/td>\n<td width=\"3%\">:<\/td>\n<td width=\"51%\"><span style=\"color: #181512;\">\u00c7i\u011fdem Erkal \u0130pek<\/span><span style=\"color: #181512;\"><br \/>\n<\/span><span style=\"color: #181512;\"> <\/span><\/td>\n<\/tr>\n<tr bgcolor=\"#D1C4A5\">\n<td width=\"39%\"><strong>\u00d6zg\u00fcn Ad\u0131<\/strong><strong> <\/strong><\/td>\n<td width=\"3%\">:<\/td>\n<td width=\"51%\">Dragons Of Spring Dawning<\/td>\n<\/tr>\n<tr bgcolor=\"#E4DDCB\">\n<td width=\"39%\"><strong>Seri<\/strong><\/td>\n<td width=\"3%\">:<\/td>\n<td width=\"51%\">Ejderha M\u0131zra\u011f\u0131 Destan\u0131<\/td>\n<\/tr>\n<\/tbody>\n<\/table>\n<\/td>\n<\/tr>\n<tr>\n<td style=\"border-style: solid ridge ridge; border-width: 1px; padding-left: 4px; padding-right: 4px;\" width=\"100%\" bgcolor=\"#C0B18D\"><strong><span style=\"font-size: 9pt; font-family: Tahoma;\">Arka Bah\u00e7e Yay\u0131nc\u0131l\u0131k<br \/>\n<\/span><\/strong><\/td>\n<\/tr>\n<tr>\n<td width=\"100%\" align=\"right\">\n<table style=\"width: 310px; height: 88px;\" border=\"0\" cellspacing=\"0\">\n<tbody>\n<tr bgcolor=\"#D1C4A5\">\n<td width=\"39%\"><strong>\u015eiir<\/strong><\/td>\n<td width=\"3%\">:<\/td>\n<td width=\"51%\">Michael Williams<\/td>\n<\/tr>\n<tr bgcolor=\"#E4DDCB\">\n<td><strong>Sayfa Say\u0131s\u0131<\/strong><\/td>\n<td width=\"3%\">:<\/td>\n<td width=\"51%\">387<\/td>\n<\/tr>\n<tr bgcolor=\"#D1C4A5\">\n<td width=\"39%\"><strong>Fiyat\u0131<\/strong><\/td>\n<td width=\"3%\">:<\/td>\n<td width=\"51%\">19,00 TL<\/td>\n<\/tr>\n<tr bgcolor=\"#E4DDCB\">\n<td width=\"39%\"><strong>ISBN No<\/strong><\/td>\n<td width=\"3%\">:<\/td>\n<td width=\"51%\">9789759427528<\/td>\n<\/tr>\n<\/tbody>\n<\/table>\n<\/td>\n<\/tr>\n<\/tbody>\n<\/table>\n<\/td>\n<td width=\"39%\" align=\"left\" valign=\"top\">\n<p style=\"text-align: center;\">\n<p><a href=\"https:\/\/www.kayiprihtim.org\/portal\/gorsel\/dragonlance\/ilkbahar-safagi-ejderhalari.jpg\" target=\"_blank\"><img decoding=\"async\" src=\"https:\/\/www.kayiprihtim.org\/portal\/gorsel\/dragonlance\/ilkbahar-safagi-ejderhalari.jpg\" border=\"0\" alt=\"\" hspace=\"1\" width=\"140\" height=\"219\" class=\"aligncenter\"><\/a><\/td>\n<\/tr>\n<\/tbody>\n<\/table>\n<table style=\"border-collapse: collapse; width: 47%;\" border=\"0\" cellpadding=\"0\">\n<tbody>\n<tr>\n<td width=\"54%\">\n<table style=\"border-collapse: collapse; height: 147px; width: 470px;\" border=\"0\" cellspacing=\"0\" cellpadding=\"2\">\n<tbody>\n<tr>\n<td style=\"border-style: solid ridge ridge; border-width: 1px; padding-left: 4px; padding-right: 4px;\" width=\"98%\" bgcolor=\"#C0B18D\"><strong><span style=\"font-size: 9pt; font-family: Tahoma;\">Tan\u0131t\u0131m Yaz\u0131s\u0131<br \/>\n<\/span><\/strong><\/td>\n<\/tr>\n<tr>\n<td width=\"99%\" align=\"left\">\n<table style=\"width: 465px;\" border=\"0\">\n<tbody>\n<tr>\n<td style=\"border-style: outset; border-width: 1px;\" width=\"96%\" bgcolor=\"#D1C4A5\">\n<table style=\"border-collapse: collapse; width: 452px; height: 199px;\" border=\"0\" cellspacing=\"0\" cellpadding=\"5\" bgcolor=\"#d1c4a5\" bordercolor=\"#d1c4a5\">\n<tbody>\n<tr>\n<td width=\"96%\" bgcolor=\"#D1C4A5\">&#8220;Aa, baksana Berem. Burada bir patika var&#8230; Ne garip. Bunca zamand\u0131r bu ormanlarda avlan\u0131r\u0131z b\u00f6yle bir patika hi\u00e7 g\u00f6rmemi\u015ftik.&#8221;<\/p>\n<p>&#8220;Bunun garip bir taraf\u0131 yok. Yang\u0131nla \u00e7al\u0131lar \u00e7\u0131rp\u0131lar yanm\u0131\u015f hepsi bu. B\u00fcy\u00fck bir ihtimalle hayvanlar\u0131n a\u00e7t\u0131\u011f\u0131 bir patikad\u0131r sadece.&#8221;<\/p>\n<p>&#8220;Haydi, patikay\u0131 izleyelim. E\u011fer hayvanlar\u0131n a\u00e7t\u0131\u011f\u0131 bir yolsa belki bir geyik buluruz. B\u00fct\u00fcn g\u00fcn avland\u0131\u011f\u0131m\u0131z belli bile de\u011fil. Eve eli bo\u015f d\u00f6nmekten nefret ediyorum.&#8221;<\/td>\n<\/tr>\n<\/tbody>\n<\/table>\n<\/td>\n<\/tr>\n<\/tbody>\n<\/table>\n<\/td>\n<\/tr>\n<\/tbody>\n<\/table>\n<\/td>\n<\/tr>\n<\/tbody>\n<\/table>\n","protected":false},"excerpt":{"rendered":"<p>G\u00dcZ ALACAKARANLI\u011eI EJDERHALARI Yazar : Margaret Weis-Tracy Hickman \u00c7eviren : \u00c7i\u011fdem Erkal \u0130pek Orijinal Ad\u0131 : Dragons of Autumn Twilight Seri : Ejderha M\u0131zra\u011f\u0131 Destan\u0131 Arka Bah\u00e7e Yay\u0131nc\u0131l\u0131k Resimleyen : Valerie Valusek Sayfa Say\u0131s\u0131 : 416 Fiyat\u0131 : 19,00 TL ISBN No : 9789758518968 Tan\u0131t\u0131m Yaz\u0131s\u0131 &#8230; Weis, Hickman ikilisi Ejderha M\u0131zra\u011f\u0131 ile ilgili dokuz [&hellip;]<\/p>\n","protected":false},"author":1,"featured_media":0,"parent":1961,"menu_order":0,"comment_status":"open","ping_status":"closed","template":"","meta":{"_acf_changed":false,"footnotes":""},"class_list":["post-1931","page","type-page","status-publish"],"acf":[],"_links":{"self":[{"href":"https:\/\/www.kayiprihtim.org\/portal\/wp-json\/wp\/v2\/pages\/1931","targetHints":{"allow":["GET"]}}],"collection":[{"href":"https:\/\/www.kayiprihtim.org\/portal\/wp-json\/wp\/v2\/pages"}],"about":[{"href":"https:\/\/www.kayiprihtim.org\/portal\/wp-json\/wp\/v2\/types\/page"}],"author":[{"embeddable":true,"href":"https:\/\/www.kayiprihtim.org\/portal\/wp-json\/wp\/v2\/users\/1"}],"replies":[{"embeddable":true,"href":"https:\/\/www.kayiprihtim.org\/portal\/wp-json\/wp\/v2\/comments?post=1931"}],"version-history":[{"count":0,"href":"https:\/\/www.kayiprihtim.org\/portal\/wp-json\/wp\/v2\/pages\/1931\/revisions"}],"up":[{"embeddable":true,"href":"https:\/\/www.kayiprihtim.org\/portal\/wp-json\/wp\/v2\/pages\/1961"}],"wp:attachment":[{"href":"https:\/\/www.kayiprihtim.org\/portal\/wp-json\/wp\/v2\/media?parent=1931"}],"curies":[{"name":"wp","href":"https:\/\/api.w.org\/{rel}","templated":true}]}}