{"id":1947,"date":"2009-06-20T09:19:30","date_gmt":"2009-06-20T06:19:30","guid":{"rendered":"http:\/\/www.kayiprihtim.org\/portal\/?page_id=1947"},"modified":"2012-01-31T10:20:39","modified_gmt":"2012-01-31T08:20:39","slug":"ikinci-nesil","status":"publish","type":"page","link":"https:\/\/www.kayiprihtim.org\/portal\/kitaplar\/ejderha-mizragi-serisi\/ikinci-nesil\/","title":{"rendered":"\u0130kinci Nesil"},"content":{"rendered":"<table style=\"border: thin outset; border-collapse: collapse; height: 30px; width: 470px;\" border=\"0\" cellpadding=\"2\">\n<tbody>\n<tr>\n<td width=\"30%\" bgcolor=\"#330000\"><span style=\"font-family: Verdana; color: #ffffff;\"><strong>\u0130K\u0130NC\u0130 NES\u0130L<br \/>\n<\/strong><\/span><\/td>\n<\/tr>\n<\/tbody>\n<\/table>\n<table style=\"border-collapse: collapse; width: 462px; height: 250px;\" border=\"0\" cellspacing=\"0\" cellpadding=\"0\" bordercolor=\"#111111\">\n<tbody>\n<tr>\n<td width=\"58%\" align=\"center\" valign=\"top\">\n<table style=\"border-collapse: collapse; width: 315px; height: 248px;\" border=\"0\" cellspacing=\"2\">\n<tbody>\n<tr>\n<td width=\"100%\" align=\"right\">\n<table style=\"width: 310px; height: 88px;\" border=\"0\" cellspacing=\"0\">\n<tbody>\n<tr bgcolor=\"#D1C4A5\">\n<td width=\"39%\"><strong>Yazar<\/strong><\/td>\n<td width=\"3%\">:<\/td>\n<td width=\"51%\"><span style=\"color: #181512;\">Margaret Weis-Tracy Hickman<\/span><span style=\"color: #181512;\"><br \/>\n<\/span><\/td>\n<\/tr>\n<tr bgcolor=\"#E4DDCB\">\n<td><strong>\u00c7eviren<\/strong><\/td>\n<td width=\"3%\">:<\/td>\n<td width=\"51%\">Ali Seval<\/td>\n<\/tr>\n<tr bgcolor=\"#D1C4A5\">\n<td width=\"39%\"><strong>Resimleyen<\/strong><strong><br \/>\n<\/strong><\/td>\n<td width=\"3%\">:<\/td>\n<td width=\"51%\">Ned Dameron<\/td>\n<\/tr>\n<tr bgcolor=\"#E4DDCB\">\n<td width=\"39%\"><strong>\u00d6zg\u00fcn Ad\u0131<\/strong><\/td>\n<td width=\"3%\">:<\/td>\n<td width=\"51%\">Second Generation<span style=\"color: #181512;\"> <\/span><\/td>\n<\/tr>\n<\/tbody>\n<\/table>\n<\/td>\n<\/tr>\n<tr>\n<td style=\"border-style: solid ridge ridge; border-width: 1px; padding-left: 4px; padding-right: 4px;\" width=\"100%\" bgcolor=\"#C0B18D\"><strong><span style=\"font-size: 9pt; font-family: Tahoma;\">Laika Yay\u0131nc\u0131l\u0131k<br \/>\n<\/span><\/strong><\/td>\n<\/tr>\n<tr>\n<td width=\"100%\" align=\"right\">\n<table style=\"width: 310px; height: 88px;\" border=\"0\" cellspacing=\"0\">\n<tbody>\n<tr bgcolor=\"#D1C4A5\">\n<td width=\"39%\"><strong>\u00c7\u0131k\u0131\u015f Tarihi<\/strong><strong><br \/>\n<\/strong><\/td>\n<td width=\"3%\">:<\/td>\n<td width=\"51%\">2002 (1. Bas\u0131m)<\/td>\n<\/tr>\n<tr bgcolor=\"#E4DDCB\">\n<td><strong>Sayfa Say\u0131s\u0131<\/strong><\/td>\n<td width=\"3%\">:<\/td>\n<td width=\"51%\">480<\/td>\n<\/tr>\n<tr bgcolor=\"#D1C4A5\">\n<td width=\"39%\"><strong>Fiyat\u0131<\/strong><\/td>\n<td width=\"3%\">:<\/td>\n<td width=\"51%\">22,00 TL<\/td>\n<\/tr>\n<tr bgcolor=\"#E4DDCB\">\n<td width=\"39%\"><strong>ISBN No<\/strong><\/td>\n<td width=\"3%\">:<\/td>\n<td width=\"51%\">9789758904150<\/td>\n<\/tr>\n<\/tbody>\n<\/table>\n<\/td>\n<\/tr>\n<\/tbody>\n<\/table>\n<\/td>\n<td width=\"39%\" align=\"left\" valign=\"top\">\n<p style=\"text-align: center;\">\n<p><a href=\"https:\/\/www.kayiprihtim.org\/portal\/gorsel\/dragonlance\/ikinci-nesil.jpg\" target=\"_blank\"><img decoding=\"async\" src=\"https:\/\/www.kayiprihtim.org\/portal\/gorsel\/dragonlance\/ikinci-nesil.jpg\" border=\"0\" alt=\"\" hspace=\"1\" width=\"140\" height=\"219\" class=\"aligncenter\"><\/a><\/td>\n<\/tr>\n<\/tbody>\n<\/table>\n<table style=\"border-collapse: collapse; width: 47%;\" border=\"0\" cellpadding=\"0\">\n<tbody>\n<tr>\n<td width=\"54%\">\n<table style=\"border-collapse: collapse; height: 147px; width: 470px;\" border=\"0\" cellspacing=\"0\" cellpadding=\"2\">\n<tbody>\n<tr>\n<td style=\"border-style: solid ridge ridge; border-width: 1px; padding-left: 4px; padding-right: 4px;\" width=\"98%\" bgcolor=\"#C0B18D\"><strong><span style=\"font-size: 9pt; font-family: Tahoma;\">Tan\u0131t\u0131m Yaz\u0131s\u0131<br \/>\n<\/span><\/strong><\/td>\n<\/tr>\n<tr>\n<td width=\"99%\" align=\"left\">\n<table style=\"width: 465px;\" border=\"0\">\n<tbody>\n<tr>\n<td style=\"border-style: outset; border-width: 1px;\" width=\"96%\" bgcolor=\"#D1C4A5\">\n<table style=\"border-collapse: collapse; width: 452px; height: 199px;\" border=\"0\" cellspacing=\"0\" cellpadding=\"5\" bgcolor=\"#D1C4A5\" bordercolor=\"#D1C4A5\">\n<tbody>\n<tr>\n<td width=\"96%\" bgcolor=\"#D1C4A5\">Bir G\u00fcz Alaca Karanl\u0131\u011f\u0131&#8217;nda tan\u0131\u015ft\u0131k bu al\u0131\u015f\u0131lmad\u0131k kahraman grubuyla&#8230; sonra K\u0131\u015f Gecesi geldi, ayaz\u0131n\u0131 sald\u0131 d\u00fc\u015flerimize. Derken, umut \u0131\u015f\u0131klar\u0131 g\u00fcn gibi do\u011fdu \u0130lkbahar \u015eafa\u011f\u0131&#8217;nda.<\/p>\n<p>Ard\u0131ndan, kudretli b\u00fcy\u00fcc\u00fc Raistlin&#8217;in tanr\u0131sal g\u00fcce eri\u015fme maceras\u0131n\u0131 ya\u015fad\u0131k tek solukta. Caramon, Crysania, Tas ve niceleri devam etti maceraya sonsuz bir heyecan i\u00e7inde. Zamanda dola\u015ft\u0131k onlarla birlikte; Krynn&#8217;i gezdik, harikalar\u0131n\u0131 g\u00f6rd\u00fck&#8230; ve deh\u015fetlerini de.<\/p>\n<p>\u015eimdi kahramanlar\u0131m\u0131z\u0131n bayra\u011f\u0131, k\u0131l\u0131c\u0131 ve asay\u0131 gen\u00e7 ku\u015faklara -ikinci ku\u015fa\u011fa- devretme zaman\u0131 geldi. M\u0131zrak Kahramanlar\u0131&#8217;n\u0131n \u00e7ocuklar\u0131, Gricevher&#8217;in aray\u0131\u015f\u0131, Raistlin&#8217;in k\u0131z\u0131 efsanesi ve daha nicesi bu kitapta.<\/p>\n<p>Margaret Weis ve Tracy Hickman, Ansalon&#8217;a -ve \u00f6tesine- yeni bir soluk getiriyor. Maceran\u0131n, destanlar\u0131n ve gelece\u011fin efsanelerinin gen\u00e7 ve dinamik bir nesille devam etmesini sa\u011fl\u0131yor. Yeni nesil, anne ve babalar\u0131n\u0131n kahramanl\u0131klar\u0131na yeti\u015fmeye hatta onlar\u0131 ge\u00e7meye niyetli gibi.<\/p>\n<p>Krynn d\u00fcnyas\u0131nda, bir sonraki \u00e7a\u011fa isimlerini kaz\u0131yacak olan yeni kahramanlar\u0131n maceralar\u0131n\u0131 bir solukta okuyacaks\u0131n\u0131z.<\/td>\n<\/tr>\n<\/tbody>\n<\/table>\n<\/td>\n<\/tr>\n<\/tbody>\n<\/table>\n<\/td>\n<\/tr>\n<\/tbody>\n<\/table>\n<\/td>\n<\/tr>\n<\/tbody>\n<\/table>\n","protected":false},"excerpt":{"rendered":"<p>\u0130K\u0130NC\u0130 NES\u0130L Yazar : Margaret Weis-Tracy Hickman \u00c7eviren : Ali Seval Resimleyen : Ned Dameron \u00d6zg\u00fcn Ad\u0131 : Second Generation Laika Yay\u0131nc\u0131l\u0131k \u00c7\u0131k\u0131\u015f Tarihi : 2002 (1. Bas\u0131m) Sayfa Say\u0131s\u0131 : 480 Fiyat\u0131 : 22,00 TL ISBN No : 9789758904150 Tan\u0131t\u0131m Yaz\u0131s\u0131 Bir G\u00fcz Alaca Karanl\u0131\u011f\u0131&#8217;nda tan\u0131\u015ft\u0131k bu al\u0131\u015f\u0131lmad\u0131k kahraman grubuyla&#8230; sonra K\u0131\u015f Gecesi geldi, [&hellip;]<\/p>\n","protected":false},"author":1,"featured_media":0,"parent":1961,"menu_order":0,"comment_status":"open","ping_status":"closed","template":"","meta":{"_acf_changed":false,"footnotes":""},"class_list":["post-1947","page","type-page","status-publish"],"acf":[],"_links":{"self":[{"href":"https:\/\/www.kayiprihtim.org\/portal\/wp-json\/wp\/v2\/pages\/1947","targetHints":{"allow":["GET"]}}],"collection":[{"href":"https:\/\/www.kayiprihtim.org\/portal\/wp-json\/wp\/v2\/pages"}],"about":[{"href":"https:\/\/www.kayiprihtim.org\/portal\/wp-json\/wp\/v2\/types\/page"}],"author":[{"embeddable":true,"href":"https:\/\/www.kayiprihtim.org\/portal\/wp-json\/wp\/v2\/users\/1"}],"replies":[{"embeddable":true,"href":"https:\/\/www.kayiprihtim.org\/portal\/wp-json\/wp\/v2\/comments?post=1947"}],"version-history":[{"count":0,"href":"https:\/\/www.kayiprihtim.org\/portal\/wp-json\/wp\/v2\/pages\/1947\/revisions"}],"up":[{"embeddable":true,"href":"https:\/\/www.kayiprihtim.org\/portal\/wp-json\/wp\/v2\/pages\/1961"}],"wp:attachment":[{"href":"https:\/\/www.kayiprihtim.org\/portal\/wp-json\/wp\/v2\/media?parent=1947"}],"curies":[{"name":"wp","href":"https:\/\/api.w.org\/{rel}","templated":true}]}}