{"id":1950,"date":"2009-06-20T09:33:11","date_gmt":"2009-06-20T06:33:11","guid":{"rendered":"http:\/\/www.kayiprihtim.org\/portal\/?page_id=1950"},"modified":"2012-01-31T10:25:28","modified_gmt":"2012-01-31T08:25:28","slug":"yaz-alevi-ejderhalari","status":"publish","type":"page","link":"https:\/\/www.kayiprihtim.org\/portal\/kitaplar\/ejderha-mizragi-serisi\/yaz-alevi-ejderhalari\/","title":{"rendered":"Yaz Alevi Ejderhalar\u0131"},"content":{"rendered":"<table style=\"border: thin outset; border-collapse: collapse; height: 30px; width: 470px;\" border=\"0\" cellpadding=\"2\">\n<tbody>\n<tr>\n<td width=\"30%\" bgcolor=\"#330000\"><span style=\"font-family: Verdana; color: #ffffff;\"><strong>YAZ ALEV\u0130 EJDERHALARI<br \/>\n<\/strong><\/span><\/td>\n<\/tr>\n<\/tbody>\n<\/table>\n<table style=\"border-collapse: collapse; width: 462px; height: 250px;\" border=\"0\" cellspacing=\"0\" cellpadding=\"0\" bordercolor=\"#111111\">\n<tbody>\n<tr>\n<td width=\"58%\" align=\"center\" valign=\"top\">\n<table style=\"border-collapse: collapse; width: 315px; height: 248px;\" border=\"0\" cellspacing=\"2\">\n<tbody>\n<tr>\n<td width=\"100%\" align=\"right\">\n<table style=\"width: 310px; height: 88px;\" border=\"0\" cellspacing=\"0\">\n<tbody>\n<tr bgcolor=\"#D1C4A5\">\n<td width=\"39%\"><strong>Yazar<\/strong><\/td>\n<td width=\"3%\">:<\/td>\n<td width=\"51%\"><span style=\"color: #181512;\">Margaret Weis-Tracy Hickman<\/span><span style=\"color: #181512;\"><br \/>\n<\/span><\/td>\n<\/tr>\n<tr bgcolor=\"#E4DDCB\">\n<td><strong>\u00c7eviren<\/strong><\/td>\n<td width=\"3%\">:<\/td>\n<td width=\"51%\">Ali Seval<\/td>\n<\/tr>\n<tr bgcolor=\"#D1C4A5\">\n<td width=\"39%\"><strong>Kapak Resmi<\/strong><strong><br \/>\n<\/strong><\/td>\n<td width=\"3%\">:<\/td>\n<td width=\"51%\">Larry Elmore<\/td>\n<\/tr>\n<tr bgcolor=\"#E4DDCB\">\n<td width=\"39%\"><strong>\u00d6zg\u00fcn Ad\u0131<\/strong><\/td>\n<td width=\"3%\">:<\/td>\n<td width=\"51%\">Dragons of Summer Flame<\/td>\n<\/tr>\n<\/tbody>\n<\/table>\n<\/td>\n<\/tr>\n<tr>\n<td style=\"border-style: solid ridge ridge; border-width: 1px; padding-left: 4px; padding-right: 4px;\" width=\"100%\" bgcolor=\"#C0B18D\"><strong><span style=\"font-size: 9pt; font-family: Tahoma;\">Arka Bah\u00e7e Yay\u0131nc\u0131l\u0131k<br \/>\n<\/span><\/strong><\/td>\n<\/tr>\n<tr>\n<td width=\"100%\" align=\"right\">\n<table style=\"width: 310px; height: 88px;\" border=\"0\" cellspacing=\"0\">\n<tbody>\n<tr bgcolor=\"#D1C4A5\">\n<td width=\"39%\"><strong>\u00c7\u0131k\u0131\u015f Tarihi<\/strong><strong><br \/>\n<\/strong><\/td>\n<td width=\"3%\">:<\/td>\n<td width=\"51%\">Eyl\u00fcl\u00a02002 (1. Bas\u0131m)<\/td>\n<\/tr>\n<tr bgcolor=\"#E4DDCB\">\n<td><strong>Sayfa Say\u0131s\u0131<\/strong><\/td>\n<td width=\"3%\">:<\/td>\n<td width=\"51%\">660<\/td>\n<\/tr>\n<tr bgcolor=\"#D1C4A5\">\n<td width=\"39%\"><strong>Fiyat\u0131<\/strong><\/td>\n<td width=\"3%\">:<\/td>\n<td width=\"51%\">20,00 TL<\/td>\n<\/tr>\n<tr bgcolor=\"#E4DDCB\">\n<td width=\"39%\"><strong>ISBN No<\/strong><\/td>\n<td width=\"3%\">:<\/td>\n<td width=\"51%\">9789758518135<\/td>\n<\/tr>\n<\/tbody>\n<\/table>\n<\/td>\n<\/tr>\n<\/tbody>\n<\/table>\n<\/td>\n<td width=\"39%\" align=\"left\" valign=\"top\">\n<p style=\"text-align: center;\">\n<p><a href=\"https:\/\/www.kayiprihtim.org\/portal\/gorsel\/dragonlance\/yaz-alevi.jpg\" target=\"_blank\"><img decoding=\"async\" src=\"https:\/\/www.kayiprihtim.org\/portal\/gorsel\/dragonlance\/yaz-alevi.jpg\" border=\"0\" alt=\"\" hspace=\"1\" width=\"140\" height=\"219\" class=\"aligncenter\"><\/a><\/td>\n<\/tr>\n<\/tbody>\n<\/table>\n<table style=\"border-collapse: collapse; width: 47%;\" border=\"0\" cellpadding=\"0\">\n<tbody>\n<tr>\n<td width=\"54%\">\n<table style=\"border-collapse: collapse; height: 147px; width: 470px;\" border=\"0\" cellspacing=\"0\" cellpadding=\"2\">\n<tbody>\n<tr>\n<td style=\"border-style: solid ridge ridge; border-width: 1px; padding-left: 4px; padding-right: 4px;\" width=\"98%\" bgcolor=\"#C0B18D\"><strong><span style=\"font-size: 9pt; font-family: Tahoma;\">Tan\u0131t\u0131m Yaz\u0131s\u0131<br \/>\n<\/span><\/strong><\/td>\n<\/tr>\n<tr>\n<td width=\"99%\" align=\"left\">\n<table style=\"width: 465px;\" border=\"0\">\n<tbody>\n<tr>\n<td style=\"border-style: outset; border-width: 1px;\" width=\"96%\" bgcolor=\"#D1C4A5\">\n<table style=\"border-collapse: collapse; width: 452px; height: 199px;\" border=\"0\" cellspacing=\"0\" cellpadding=\"5\" bgcolor=\"#D1C4A5\" bordercolor=\"#D1C4A5\">\n<tbody>\n<tr>\n<td width=\"96%\" bgcolor=\"#D1C4A5\">G\u00fcz Alaca Karanl\u0131\u011f\u0131n\u0131n Ejderhalar\u0131, K\u0131\u015f Gecesi Ejderhalar\u0131 ve \u0130lkbahar \u015eafa\u011f\u0131 Ejderhalar\u0131&#8217;ndan olu\u015fan Ejderha M\u0131zra\u011f\u0131 Destan\u0131, Yaz Alevi Ejderhalar\u0131 ile devam ediyor&#8230;<\/p>\n<p>M\u0131zrak Sava\u015f\u0131 biteli uzun s\u00fcre olmu\u015f&#8230;<br \/>\nMevsimler gelip ge\u00e7mi\u015f&#8230;<br \/>\nD\u00fcnyan\u0131n sarkac\u0131 sallanmakta&#8230;<br \/>\n\u015eimdi mevsim yaz;<br \/>\nKrynn&#8217;de kimsenin daha evvel g\u00f6rmedi\u011fi kadar s\u0131cak, kavurucu bir yaz.<br \/>\nDenge bozulmaya ba\u015fl\u0131yor.<\/p>\n<p>Ejderha M\u0131zra\u011f\u0131&#8217;n\u0131n ikinci nesli tekrar macera yollar\u0131nda: Ac\u0131 verici bir kay\u0131pla sars\u0131lan gen\u00e7 b\u00fcy\u00fcc\u00fc Palin Majete, kay\u0131p amcas\u0131 Raistlin&#8217;i aramak i\u00e7in Abyss&#8217;e giriyor. Ansalon, Takhisis&#8217;in Kara \u015e\u00f6valyeleri taraf\u0131ndan istila edilmek \u00fczere&#8230; ve g\u00f6r\u00fcn\u00fc\u015fe bak\u0131l\u0131rsa bu sefer ba\u015far\u0131l\u0131 olacaklar. Bir kara \u015f\u00f6valye olan Steel Brightblade&#8217;in yolu Palin Majere ile garip bir \u015fekilde kesi\u015fiyor. K\u00fc\u00e7\u00fck bir adadaki gizemli \u0130rdalar kendi g\u00fcvenliklerini kesinle\u015ftirmek i\u00e7in eski bir ziyneti ele ge\u00e7iriyor. \u0130rdalar\u0131n \u00e7ocu\u011fu Usha, Palanthas&#8217;a geliyor ve Raistlin&#8217;in k\u0131z\u0131 oldu\u011funu iddia ediyor.<\/p>\n<p>Tabii ki maceraya M\u0131zrak Kahramanlar\u0131 da dahil; Tanis, Caramon, Tika ve \u00e7\u0131lg\u0131n Kender Tasslehoff Burrfoot&#8230;<\/p>\n<p>Bu yaz \u00f6l\u00fcmc\u00fcl ge\u00e7ecek.<br \/>\nBelki de Ansalon&#8217;un g\u00f6rebilece\u011fi son yaz olacak.<\/td>\n<\/tr>\n<\/tbody>\n<\/table>\n<\/td>\n<\/tr>\n<\/tbody>\n<\/table>\n<\/td>\n<\/tr>\n<\/tbody>\n<\/table>\n<\/td>\n<\/tr>\n<\/tbody>\n<\/table>\n","protected":false},"excerpt":{"rendered":"<p>YAZ ALEV\u0130 EJDERHALARI Yazar : Margaret Weis-Tracy Hickman \u00c7eviren : Ali Seval Kapak Resmi : Larry Elmore \u00d6zg\u00fcn Ad\u0131 : Dragons of Summer Flame Arka Bah\u00e7e Yay\u0131nc\u0131l\u0131k \u00c7\u0131k\u0131\u015f Tarihi : Eyl\u00fcl\u00a02002 (1. Bas\u0131m) Sayfa Say\u0131s\u0131 : 660 Fiyat\u0131 : 20,00 TL ISBN No : 9789758518135 Tan\u0131t\u0131m Yaz\u0131s\u0131 G\u00fcz Alaca Karanl\u0131\u011f\u0131n\u0131n Ejderhalar\u0131, K\u0131\u015f Gecesi Ejderhalar\u0131 ve [&hellip;]<\/p>\n","protected":false},"author":1,"featured_media":0,"parent":1961,"menu_order":0,"comment_status":"open","ping_status":"closed","template":"","meta":{"_acf_changed":false,"footnotes":""},"class_list":["post-1950","page","type-page","status-publish"],"acf":[],"_links":{"self":[{"href":"https:\/\/www.kayiprihtim.org\/portal\/wp-json\/wp\/v2\/pages\/1950","targetHints":{"allow":["GET"]}}],"collection":[{"href":"https:\/\/www.kayiprihtim.org\/portal\/wp-json\/wp\/v2\/pages"}],"about":[{"href":"https:\/\/www.kayiprihtim.org\/portal\/wp-json\/wp\/v2\/types\/page"}],"author":[{"embeddable":true,"href":"https:\/\/www.kayiprihtim.org\/portal\/wp-json\/wp\/v2\/users\/1"}],"replies":[{"embeddable":true,"href":"https:\/\/www.kayiprihtim.org\/portal\/wp-json\/wp\/v2\/comments?post=1950"}],"version-history":[{"count":0,"href":"https:\/\/www.kayiprihtim.org\/portal\/wp-json\/wp\/v2\/pages\/1950\/revisions"}],"up":[{"embeddable":true,"href":"https:\/\/www.kayiprihtim.org\/portal\/wp-json\/wp\/v2\/pages\/1961"}],"wp:attachment":[{"href":"https:\/\/www.kayiprihtim.org\/portal\/wp-json\/wp\/v2\/media?parent=1950"}],"curies":[{"name":"wp","href":"https:\/\/api.w.org\/{rel}","templated":true}]}}