{"id":1961,"date":"2009-06-20T10:22:28","date_gmt":"2009-06-20T07:22:28","guid":{"rendered":"http:\/\/www.kayiprihtim.org\/portal\/?page_id=1961"},"modified":"2012-04-16T00:15:00","modified_gmt":"2012-04-15T21:15:00","slug":"ejderha-mizragi-serisi","status":"publish","type":"page","link":"https:\/\/www.kayiprihtim.org\/portal\/kitaplar\/ejderha-mizragi-serisi\/","title":{"rendered":"Ejderha M\u0131zra\u011f\u0131 Serisi"},"content":{"rendered":"<p style=\"text-align: center;\"><img decoding=\"async\" class=\"alignnone\" style=\"border: 0pt none; margin-left: 1px; margin-right: 1px;\" src=\"https:\/\/www.kayiprihtim.org\/portal\/gorsel\/logo\/dragonlancelogo.jpg\" alt=\"\" width=\"467\" height=\"96\" border=\"0\" hspace=\"1\"><\/p>\n<p style=\"text-align: center;\"><a href=\"https:\/\/www.kayiprihtim.org\/portal\/ejderha-mizragi-destani\/\">Ejderha M\u0131zra\u011f\u0131 Destan\u0131<\/a><\/p>\n<p style=\"text-align: center;\"><a href=\"https:\/\/www.kayiprihtim.org\/portal\/kayip-tarihceler-serisi\/\">Kay\u0131p Tarih\u00e7eler Serisi<\/a><\/p>\n<p style=\"text-align: center;\"><a href=\"https:\/\/www.kayiprihtim.org\/portal\/efsaneler-uclemesi\/\">Efsaneler \u00dc\u00e7lemesi<\/a><\/p>\n<p style=\"text-align: center;\"><a href=\"https:\/\/www.kayiprihtim.org\/portal\/ikinci-nesil\/\">\u0130kinci Nesil<\/a><\/p>\n<p style=\"text-align: center;\"><a href=\"https:\/\/www.kayiprihtim.org\/portal\/yaz-alevi-ejderhalari\/\">Yaz Alevi Ejderhalar\u0131<\/a><\/p>\n<p style=\"text-align: center;\"><a href=\"https:\/\/www.kayiprihtim.org\/portal\/yeni-cagin-ejderhalari-serisi\/\">Yeni \u00c7a\u011f\u0131n Ejderhalar\u0131 Serisi<\/a><\/p>\n<p style=\"text-align: center;\"><a href=\"https:\/\/www.kayiprihtim.org\/portal\/ruhlar-savasi-serisi\/\">Ruhlar Sava\u015f\u0131 Serisi<\/a><\/p>\n<p style=\"text-align: center;\"><a href=\"https:\/\/www.kayiprihtim.org\/portal\/karanlik-havari-serisi\/\">Karanl\u0131k Havari Serisi<\/a><\/p>\n<p style=\"text-align: center;\"><a href=\"https:\/\/www.kayiprihtim.org\/portal\/raistlin-tarihceleri\/\">Raistlin Tarih\u00e7eleri<\/a><\/p>\n<p style=\"text-align: center;\"><a href=\"https:\/\/www.kayiprihtim.org\/portal\/huma-destani\/\">Huma Destan\u0131<\/a><\/p>\n<p style=\"text-align: center;\"><a href=\"https:\/\/www.kayiprihtim.org\/portal\/kitaplar\/ejderha-mizragi-serisi\/vinas-solamnus\/\">Vinas Solamnus<\/a><\/p>\n<p style=\"text-align: center;\"><a title=\"Elf Uluslar\u0131 \u00dc\u00e7lemesi\" href=\"https:\/\/www.kayiprihtim.org\/portal\/kitaplar\/ejderha-mizragi-serisi\/elf-uluslari-uclemesi\/\">Elf Uluslar\u0131 \u00dc\u00e7lemesi<\/a><\/p>\n","protected":false},"excerpt":{"rendered":"<p>Ejderha M\u0131zra\u011f\u0131 Destan\u0131 Kay\u0131p Tarih\u00e7eler Serisi Efsaneler \u00dc\u00e7lemesi \u0130kinci Nesil Yaz Alevi Ejderhalar\u0131 Yeni \u00c7a\u011f\u0131n Ejderhalar\u0131 Serisi Ruhlar Sava\u015f\u0131 Serisi Karanl\u0131k Havari Serisi Raistlin Tarih\u00e7eleri Huma Destan\u0131 Vinas Solamnus Elf Uluslar\u0131 \u00dc\u00e7lemesi<\/p>\n","protected":false},"author":1,"featured_media":0,"parent":57,"menu_order":0,"comment_status":"open","ping_status":"closed","template":"","meta":{"_acf_changed":false,"footnotes":""},"class_list":["post-1961","page","type-page","status-publish"],"acf":[],"_links":{"self":[{"href":"https:\/\/www.kayiprihtim.org\/portal\/wp-json\/wp\/v2\/pages\/1961","targetHints":{"allow":["GET"]}}],"collection":[{"href":"https:\/\/www.kayiprihtim.org\/portal\/wp-json\/wp\/v2\/pages"}],"about":[{"href":"https:\/\/www.kayiprihtim.org\/portal\/wp-json\/wp\/v2\/types\/page"}],"author":[{"embeddable":true,"href":"https:\/\/www.kayiprihtim.org\/portal\/wp-json\/wp\/v2\/users\/1"}],"replies":[{"embeddable":true,"href":"https:\/\/www.kayiprihtim.org\/portal\/wp-json\/wp\/v2\/comments?post=1961"}],"version-history":[{"count":0,"href":"https:\/\/www.kayiprihtim.org\/portal\/wp-json\/wp\/v2\/pages\/1961\/revisions"}],"up":[{"embeddable":true,"href":"https:\/\/www.kayiprihtim.org\/portal\/wp-json\/wp\/v2\/pages\/57"}],"wp:attachment":[{"href":"https:\/\/www.kayiprihtim.org\/portal\/wp-json\/wp\/v2\/media?parent=1961"}],"curies":[{"name":"wp","href":"https:\/\/api.w.org\/{rel}","templated":true}]}}