{"id":1979,"date":"2009-06-22T10:24:14","date_gmt":"2009-06-22T07:24:14","guid":{"rendered":"http:\/\/www.kayiprihtim.org\/portal\/?page_id=1979"},"modified":"2016-05-26T07:07:57","modified_gmt":"2016-05-26T04:07:57","slug":"bitmeyecek-oyku","status":"publish","type":"page","link":"https:\/\/www.kayiprihtim.org\/portal\/kitaplar\/bitmeyecek-oyku\/","title":{"rendered":"Bitmeyecek \u00d6yk\u00fc"},"content":{"rendered":"<p><strong><a href=\"https:\/\/www.kayiprihtim.org\/portal\/gorsel\/bitmeyecek-oyku.jpg\"><img fetchpriority=\"high\" decoding=\"async\" class=\"alignright\" src=\"https:\/\/www.kayiprihtim.org\/portal\/gorsel\/bitmeyecek-oyku.jpg\" alt=\"\" width=\"200\" height=\"293\"><\/a>Ne \u0130stiyorsan Onu Yap! <\/strong><\/p>\n<p>Fantazya&#8217;n\u0131n s\u0131n\u0131rs\u0131z g\u00fc\u00e7 simgesinin \u00fczerinde bu yaz\u0131 vard\u0131. Ama Bastian bu t\u00fcmcenin ger\u00e7ek anlam\u0131n\u0131 ancak uzun, g\u00fc\u00e7l\u00fcklerle dolu aramalardan sonra \u00f6\u011frendi.<\/p>\n<p><em><strong>Kitab\u0131n Ald\u0131\u011f\u0131 \u00d6d\u00fcller<\/strong><\/em><\/p>\n<p>Almanya Gen\u00e7lik Kitaplar\u0131 \u00d6d\u00fcl\u00fc<br \/>\nAvrupa Gen\u00e7lik Kitaplar\u0131 \u00d6d\u00fcl\u00fc<br \/>\nVolkach Alman Akademisi \u00c7ocuk ve Gen\u00e7lik Edebiyat\u0131 B\u00fcy\u00fck \u00d6d\u00fcl\u00fc<br \/>\nKitapseverler \u00d6d\u00fcl\u00fc<br \/>\nWilhelm &#8211; Hauff \u00d6d\u00fcl\u00fc<br \/>\nFloransa G\u00fczel Sanatlar Akademisi \u00d6d\u00fcl\u00fc<br \/>\nLorenzo Magnifice 82<br \/>\nBronzi di Riace<\/p>\n<hr size=\"1\" \/>\n<p><strong>Desenler<\/strong> : Roswitha Quadflieg<\/p>\n","protected":false},"excerpt":{"rendered":"<p>Ne \u0130stiyorsan Onu Yap! Fantazya&#8217;n\u0131n s\u0131n\u0131rs\u0131z g\u00fc\u00e7 simgesinin \u00fczerinde bu yaz\u0131 vard\u0131. Ama Bastian bu t\u00fcmcenin ger\u00e7ek anlam\u0131n\u0131 ancak uzun, g\u00fc\u00e7l\u00fcklerle dolu aramalardan sonra \u00f6\u011frendi. Kitab\u0131n Ald\u0131\u011f\u0131 \u00d6d\u00fcller Almanya Gen\u00e7lik Kitaplar\u0131 \u00d6d\u00fcl\u00fc Avrupa Gen\u00e7lik Kitaplar\u0131 \u00d6d\u00fcl\u00fc Volkach Alman Akademisi \u00c7ocuk ve Gen\u00e7lik Edebiyat\u0131 B\u00fcy\u00fck \u00d6d\u00fcl\u00fc Kitapseverler \u00d6d\u00fcl\u00fc Wilhelm &#8211; Hauff \u00d6d\u00fcl\u00fc Floransa G\u00fczel Sanatlar Akademisi [&hellip;]<\/p>\n","protected":false},"author":1,"featured_media":0,"parent":57,"menu_order":0,"comment_status":"open","ping_status":"closed","template":"","meta":{"_acf_changed":false,"footnotes":""},"class_list":["post-1979","page","type-page","status-publish"],"acf":[],"_links":{"self":[{"href":"https:\/\/www.kayiprihtim.org\/portal\/wp-json\/wp\/v2\/pages\/1979","targetHints":{"allow":["GET"]}}],"collection":[{"href":"https:\/\/www.kayiprihtim.org\/portal\/wp-json\/wp\/v2\/pages"}],"about":[{"href":"https:\/\/www.kayiprihtim.org\/portal\/wp-json\/wp\/v2\/types\/page"}],"author":[{"embeddable":true,"href":"https:\/\/www.kayiprihtim.org\/portal\/wp-json\/wp\/v2\/users\/1"}],"replies":[{"embeddable":true,"href":"https:\/\/www.kayiprihtim.org\/portal\/wp-json\/wp\/v2\/comments?post=1979"}],"version-history":[{"count":0,"href":"https:\/\/www.kayiprihtim.org\/portal\/wp-json\/wp\/v2\/pages\/1979\/revisions"}],"up":[{"embeddable":true,"href":"https:\/\/www.kayiprihtim.org\/portal\/wp-json\/wp\/v2\/pages\/57"}],"wp:attachment":[{"href":"https:\/\/www.kayiprihtim.org\/portal\/wp-json\/wp\/v2\/media?parent=1979"}],"curies":[{"name":"wp","href":"https:\/\/api.w.org\/{rel}","templated":true}]}}