{"id":1982,"date":"2009-06-22T10:36:30","date_gmt":"2009-06-22T07:36:30","guid":{"rendered":"http:\/\/www.kayiprihtim.org\/portal\/?page_id=1982"},"modified":"2016-05-26T07:06:17","modified_gmt":"2016-05-26T04:06:17","slug":"momo","status":"publish","type":"page","link":"https:\/\/www.kayiprihtim.org\/portal\/kitaplar\/momo\/","title":{"rendered":"Momo"},"content":{"rendered":"<p><img fetchpriority=\"high\" decoding=\"async\" class=\"alignright\" src=\"https:\/\/www.kayiprihtim.org\/portal\/gorsel\/momo.jpg\" alt=\"\" width=\"200\" height=\"287\">Momo kar\u015f\u0131s\u0131ndakileri, aptal insanlar\u0131n bile akl\u0131na parlak d\u00fc\u015f\u00fcnceler getirtecek \u015fekilde dinlerdi&#8230; Momo&#8217;nun yan\u0131nda oynanan oyunlar ba\u015fka hi\u00e7bir yerde oynanamazd\u0131.<\/p>\n<p>Ya\u015fan\u0131lan g\u00fcn i\u00e7inde \u00e7ok b\u00fcy\u00fck bir s\u0131r vard\u0131r. Bu b\u00fcy\u00fck s\u0131r zamand\u0131r. Onu \u00f6l\u00e7mek i\u00e7in saatler ve takvimler yap\u0131lm\u0131\u015ft\u0131r, ama bunlar hi\u00e7bir \u015fey ifade etmez. Herkes \u00e7ok iyi bilir ki, bazen bir saatlik s\u00fcre insana \u00f6m\u00fcr kadar uzun gelirken, bazen de g\u00f6z a\u00e7\u0131p kapay\u0131ncaya kadar ge\u00e7ip gider. \u00c7\u00fcnk\u00fc zaman, ya\u015fam\u0131n kendisidir. Ve ya\u015fam\u0131n yeri y\u00fcrektir.<\/p>\n<p>Bu ger\u00e7e\u011fi hi\u00e7 kimse duman adamlardan daha iyi bilemezdi. Bir saatlik, bir dakikal\u0131k, hatta bir saniyelik ya\u015fam\u0131n de\u011ferini hi\u00e7 kimse onlar kadar iyi \u00f6l\u00e7emezdi. \u0130nsanlar\u0131n zaman\u0131 \u00fczerine planlar kuruyorlar. \u0130nce hesaplarla haz\u0131rlanm\u0131\u015f planlar.<br \/>\nYapt\u0131klar\u0131ndan kimsenin haberdar olmamas\u0131 onlar i\u00e7in \u00e7ok \u00f6nemliydi. B\u00fcy\u00fck kente yerle\u015fip halk\u0131n aras\u0131na kar\u0131\u015f\u0131rken hi\u00e7 dikkat \u00e7ekmemi\u015flerdi. Hi\u00e7 kimse fark\u0131na bile varmadan ad\u0131m ad\u0131m ilerliyor ve insanlara egemen oluyorlard\u0131.<\/p>\n<p>Zaman\u0131n\u0131z\u0131 \u00e7al\u0131yorlar sevgili dostlar, kendi istekleri u\u011fruna sizi kand\u0131r\u0131yor<br \/>\nve zaman\u0131n\u0131z\u0131 \u00e7al\u0131yorlar&#8230; ama Momo ve \u00e7ocuklar sizi uyar\u0131yor&#8230;<\/p>\n<p>Ey insanl\u0131k, dinle ve anla!&#8230; Onikiye be\u015f kald\u0131&#8230;<\/p>\n<p>A\u00e7 g\u00f6z\u00fcn\u00fc, tetikte ol&#8230; H\u0131rs\u0131z \u00e7ald\u0131 zaman\u0131.<\/p>\n<p>Okuyun ve anlay\u0131n&#8230; zaman\u0131n\u0131z\u0131 \u00e7al\u0131yorlar<\/p>\n<p>Bitmeyecek \u00d6yk\u00fc ile \u00e7ok sevilen Michael Ende&#8217;den efsanele\u015fmi\u015f bir eser daha&#8230;<\/p>\n<p>\u00dcstelik yine hem \u00e7ocuklara, hem de \u00e7ocuk kalmaya u\u011fra\u015fan b\u00fcy\u00fcklere&#8230;<\/p>\n","protected":false},"excerpt":{"rendered":"<p>Momo kar\u015f\u0131s\u0131ndakileri, aptal insanlar\u0131n bile akl\u0131na parlak d\u00fc\u015f\u00fcnceler getirtecek \u015fekilde dinlerdi&#8230; Momo&#8217;nun yan\u0131nda oynanan oyunlar ba\u015fka hi\u00e7bir yerde oynanamazd\u0131. Ya\u015fan\u0131lan g\u00fcn i\u00e7inde \u00e7ok b\u00fcy\u00fck bir s\u0131r vard\u0131r. Bu b\u00fcy\u00fck s\u0131r zamand\u0131r. Onu \u00f6l\u00e7mek i\u00e7in saatler ve takvimler yap\u0131lm\u0131\u015ft\u0131r, ama bunlar hi\u00e7bir \u015fey ifade etmez. Herkes \u00e7ok iyi bilir ki, bazen bir saatlik s\u00fcre insana \u00f6m\u00fcr [&hellip;]<\/p>\n","protected":false},"author":1,"featured_media":0,"parent":57,"menu_order":0,"comment_status":"open","ping_status":"closed","template":"","meta":{"_acf_changed":false,"footnotes":""},"class_list":["post-1982","page","type-page","status-publish"],"acf":[],"_links":{"self":[{"href":"https:\/\/www.kayiprihtim.org\/portal\/wp-json\/wp\/v2\/pages\/1982","targetHints":{"allow":["GET"]}}],"collection":[{"href":"https:\/\/www.kayiprihtim.org\/portal\/wp-json\/wp\/v2\/pages"}],"about":[{"href":"https:\/\/www.kayiprihtim.org\/portal\/wp-json\/wp\/v2\/types\/page"}],"author":[{"embeddable":true,"href":"https:\/\/www.kayiprihtim.org\/portal\/wp-json\/wp\/v2\/users\/1"}],"replies":[{"embeddable":true,"href":"https:\/\/www.kayiprihtim.org\/portal\/wp-json\/wp\/v2\/comments?post=1982"}],"version-history":[{"count":0,"href":"https:\/\/www.kayiprihtim.org\/portal\/wp-json\/wp\/v2\/pages\/1982\/revisions"}],"up":[{"embeddable":true,"href":"https:\/\/www.kayiprihtim.org\/portal\/wp-json\/wp\/v2\/pages\/57"}],"wp:attachment":[{"href":"https:\/\/www.kayiprihtim.org\/portal\/wp-json\/wp\/v2\/media?parent=1982"}],"curies":[{"name":"wp","href":"https:\/\/api.w.org\/{rel}","templated":true}]}}