{"id":1998,"date":"2009-06-22T12:09:00","date_gmt":"2009-06-22T09:09:00","guid":{"rendered":"http:\/\/www.kayiprihtim.org\/portal\/?page_id=1998"},"modified":"2016-05-26T05:47:35","modified_gmt":"2016-05-26T02:47:35","slug":"gunduz-olusu","status":"publish","type":"page","link":"https:\/\/www.kayiprihtim.org\/portal\/kitaplar\/gunduz-olusu\/","title":{"rendered":"G\u00fcneyli Vampirler Serisi"},"content":{"rendered":"<p><strong> Charlaine Harris<\/strong>&#8216;in kaleme ald\u0131\u011f\u0131 vampir serisidir. HBO kanal\u0131 i\u00e7in True Blood ad\u0131nda dizisi de uyarlanm\u0131\u015ft\u0131r.<\/p>\n<h3>Seride Bulunan Kitaplar<\/h3>\n<ol>\n<li>G\u00fcnd\u00fcz \u00d6l\u00fcs\u00fc<\/li>\n<li>\u015eehir \u00d6l\u00fcs\u00fc<\/li>\n<li>Kul\u00fcp \u00d6l\u00fcs\u00fc<\/li>\n<li>Cad\u0131 \u00d6l\u00fcs\u00fc<\/li>\n<li>\u00d6l\u00fcler \u00d6l\u00fcs\u00fc<\/li>\n<li>Y\u0131l\u0131n \u00d6l\u00fcs\u00fc<\/li>\n<li>Hepimizin \u00d6l\u00fcs\u00fc<\/li>\n<li>K\u00f6t\u00fcn\u00fcn \u00d6l\u00fcs\u00fc<\/li>\n<\/ol>\n","protected":false},"excerpt":{"rendered":"<p>Charlaine Harris&#8216;in kaleme ald\u0131\u011f\u0131 vampir serisidir. HBO kanal\u0131 i\u00e7in True Blood ad\u0131nda dizisi de uyarlanm\u0131\u015ft\u0131r. Seride Bulunan Kitaplar G\u00fcnd\u00fcz \u00d6l\u00fcs\u00fc \u015eehir \u00d6l\u00fcs\u00fc Kul\u00fcp \u00d6l\u00fcs\u00fc Cad\u0131 \u00d6l\u00fcs\u00fc \u00d6l\u00fcler \u00d6l\u00fcs\u00fc Y\u0131l\u0131n \u00d6l\u00fcs\u00fc Hepimizin \u00d6l\u00fcs\u00fc K\u00f6t\u00fcn\u00fcn \u00d6l\u00fcs\u00fc<\/p>\n","protected":false},"author":1,"featured_media":0,"parent":57,"menu_order":0,"comment_status":"open","ping_status":"closed","template":"","meta":{"_acf_changed":false,"footnotes":""},"class_list":["post-1998","page","type-page","status-publish"],"acf":[],"_links":{"self":[{"href":"https:\/\/www.kayiprihtim.org\/portal\/wp-json\/wp\/v2\/pages\/1998","targetHints":{"allow":["GET"]}}],"collection":[{"href":"https:\/\/www.kayiprihtim.org\/portal\/wp-json\/wp\/v2\/pages"}],"about":[{"href":"https:\/\/www.kayiprihtim.org\/portal\/wp-json\/wp\/v2\/types\/page"}],"author":[{"embeddable":true,"href":"https:\/\/www.kayiprihtim.org\/portal\/wp-json\/wp\/v2\/users\/1"}],"replies":[{"embeddable":true,"href":"https:\/\/www.kayiprihtim.org\/portal\/wp-json\/wp\/v2\/comments?post=1998"}],"version-history":[{"count":0,"href":"https:\/\/www.kayiprihtim.org\/portal\/wp-json\/wp\/v2\/pages\/1998\/revisions"}],"up":[{"embeddable":true,"href":"https:\/\/www.kayiprihtim.org\/portal\/wp-json\/wp\/v2\/pages\/57"}],"wp:attachment":[{"href":"https:\/\/www.kayiprihtim.org\/portal\/wp-json\/wp\/v2\/media?parent=1998"}],"curies":[{"name":"wp","href":"https:\/\/api.w.org\/{rel}","templated":true}]}}