{"id":2014,"date":"2009-06-23T10:04:36","date_gmt":"2009-06-23T07:04:36","guid":{"rendered":"http:\/\/www.kayiprihtim.org\/portal\/?page_id=2014"},"modified":"2016-05-26T05:48:15","modified_gmt":"2016-05-26T02:48:15","slug":"wardstone-gunlukleri","status":"publish","type":"page","link":"https:\/\/www.kayiprihtim.org\/portal\/kitaplar\/wardstone-gunlukleri\/","title":{"rendered":"Wardstone G\u00fcnl\u00fckleri"},"content":{"rendered":"<p>\u0130ngiliz yazar <b>Joseph Delaney<\/b>\u2019in t\u00fcm d\u00fcnyada hat\u0131r\u0131 say\u0131l\u0131r bir okur kitlesine ula\u015fan, toplamda 13 kitaptan olu\u015fan gen\u00e7lere y\u00f6nelik fantastik korku serisidir.<\/p>\n<h3>Seride Bulunan Kitaplar<\/h3>\n<ol>\n<li>Hayaletin \u00c7\u0131ra\u011f\u0131<\/li>\n<li>Hayaletin Laneti<\/li>\n<li>Hayaletin S\u0131rr\u0131<\/li>\n<li>Hayaletin Sava\u015f\u0131<\/li>\n<li>Hayaletin Hatas\u0131<\/li>\n<li>Hayaletin Kurban\u0131<\/li>\n<li>Hayaletin Kabusu<\/li>\n<li>Hayaletin Kaderi<\/li>\n<li>Hayalet: Benim Ad\u0131m Grimalkin<\/li>\n<li>Hayaletin Kan\u0131<\/li>\n<li>Hayalet: Benim Ad\u0131m Slither<\/li>\n<li>Hayalet: Benim Ad\u0131m Alice<\/li>\n<li>Hayaletin \u0130ntikam\u0131<\/li>\n<li>Hayaletin Cad\u0131lar\u0131<\/li>\n<li>Hayaletin Yarat\u0131klar\u0131<\/li>\n<\/ol>\n","protected":false},"excerpt":{"rendered":"<p>\u0130ngiliz yazar Joseph Delaney\u2019in t\u00fcm d\u00fcnyada hat\u0131r\u0131 say\u0131l\u0131r bir okur kitlesine ula\u015fan, toplamda 13 kitaptan olu\u015fan gen\u00e7lere y\u00f6nelik fantastik korku serisidir. Seride Bulunan Kitaplar Hayaletin \u00c7\u0131ra\u011f\u0131 Hayaletin Laneti Hayaletin S\u0131rr\u0131 Hayaletin Sava\u015f\u0131 Hayaletin Hatas\u0131 Hayaletin Kurban\u0131 Hayaletin Kabusu Hayaletin Kaderi Hayalet: Benim Ad\u0131m Grimalkin Hayaletin Kan\u0131 Hayalet: Benim Ad\u0131m Slither Hayalet: Benim Ad\u0131m Alice Hayaletin [&hellip;]<\/p>\n","protected":false},"author":1,"featured_media":0,"parent":57,"menu_order":0,"comment_status":"open","ping_status":"closed","template":"","meta":{"_acf_changed":false,"footnotes":""},"class_list":["post-2014","page","type-page","status-publish"],"acf":[],"_links":{"self":[{"href":"https:\/\/www.kayiprihtim.org\/portal\/wp-json\/wp\/v2\/pages\/2014","targetHints":{"allow":["GET"]}}],"collection":[{"href":"https:\/\/www.kayiprihtim.org\/portal\/wp-json\/wp\/v2\/pages"}],"about":[{"href":"https:\/\/www.kayiprihtim.org\/portal\/wp-json\/wp\/v2\/types\/page"}],"author":[{"embeddable":true,"href":"https:\/\/www.kayiprihtim.org\/portal\/wp-json\/wp\/v2\/users\/1"}],"replies":[{"embeddable":true,"href":"https:\/\/www.kayiprihtim.org\/portal\/wp-json\/wp\/v2\/comments?post=2014"}],"version-history":[{"count":0,"href":"https:\/\/www.kayiprihtim.org\/portal\/wp-json\/wp\/v2\/pages\/2014\/revisions"}],"up":[{"embeddable":true,"href":"https:\/\/www.kayiprihtim.org\/portal\/wp-json\/wp\/v2\/pages\/57"}],"wp:attachment":[{"href":"https:\/\/www.kayiprihtim.org\/portal\/wp-json\/wp\/v2\/media?parent=2014"}],"curies":[{"name":"wp","href":"https:\/\/api.w.org\/{rel}","templated":true}]}}