{"id":2048,"date":"2009-06-23T18:07:24","date_gmt":"2009-06-23T15:07:24","guid":{"rendered":"http:\/\/www.kayiprihtim.org\/portal\/?page_id=2048"},"modified":"2016-05-26T05:51:41","modified_gmt":"2016-05-26T02:51:41","slug":"hayali-cografya-atlasi","status":"publish","type":"page","link":"https:\/\/www.kayiprihtim.org\/portal\/kitaplar\/hayali-cografya-atlasi\/","title":{"rendered":"Hayali Co\u011frafya Atlas\u0131"},"content":{"rendered":"<p>James A. Owen\u2019\u0131n fantastik edebiyat hakk\u0131nda yapt\u0131\u011f\u0131 kapsaml\u0131 \u00e7al\u0131\u015fman\u0131n \u00fcr\u00fcn\u00fc. \u015eimdilik Tudem Yay\u0131nlar\u0131 taraf\u0131ndan \u00fc\u00e7 kitab\u0131 \u00e7evrildi.<\/p>\n<h3>Seride Bulunan Kitaplar<\/h3>\n<ol>\n<li>K\u0131z\u0131l Ejder\u2019i Ararken<\/li>\n<li>\u00c7ivit Kral<\/li>\n<\/ol>\n","protected":false},"excerpt":{"rendered":"<p>James A. Owen\u2019\u0131n fantastik edebiyat hakk\u0131nda yapt\u0131\u011f\u0131 kapsaml\u0131 \u00e7al\u0131\u015fman\u0131n \u00fcr\u00fcn\u00fc. \u015eimdilik Tudem Yay\u0131nlar\u0131 taraf\u0131ndan \u00fc\u00e7 kitab\u0131 \u00e7evrildi. Seride Bulunan Kitaplar K\u0131z\u0131l Ejder\u2019i Ararken \u00c7ivit Kral<\/p>\n","protected":false},"author":1,"featured_media":0,"parent":57,"menu_order":0,"comment_status":"open","ping_status":"closed","template":"","meta":{"_acf_changed":false,"footnotes":""},"class_list":["post-2048","page","type-page","status-publish"],"acf":[],"_links":{"self":[{"href":"https:\/\/www.kayiprihtim.org\/portal\/wp-json\/wp\/v2\/pages\/2048","targetHints":{"allow":["GET"]}}],"collection":[{"href":"https:\/\/www.kayiprihtim.org\/portal\/wp-json\/wp\/v2\/pages"}],"about":[{"href":"https:\/\/www.kayiprihtim.org\/portal\/wp-json\/wp\/v2\/types\/page"}],"author":[{"embeddable":true,"href":"https:\/\/www.kayiprihtim.org\/portal\/wp-json\/wp\/v2\/users\/1"}],"replies":[{"embeddable":true,"href":"https:\/\/www.kayiprihtim.org\/portal\/wp-json\/wp\/v2\/comments?post=2048"}],"version-history":[{"count":0,"href":"https:\/\/www.kayiprihtim.org\/portal\/wp-json\/wp\/v2\/pages\/2048\/revisions"}],"up":[{"embeddable":true,"href":"https:\/\/www.kayiprihtim.org\/portal\/wp-json\/wp\/v2\/pages\/57"}],"wp:attachment":[{"href":"https:\/\/www.kayiprihtim.org\/portal\/wp-json\/wp\/v2\/media?parent=2048"}],"curies":[{"name":"wp","href":"https:\/\/api.w.org\/{rel}","templated":true}]}}