{"id":2118,"date":"2009-07-02T15:29:18","date_gmt":"2009-07-02T12:29:18","guid":{"rendered":"http:\/\/www.kayiprihtim.org\/portal\/?page_id=2118"},"modified":"2016-05-26T07:03:53","modified_gmt":"2016-05-26T04:03:53","slug":"suru","status":"publish","type":"page","link":"https:\/\/www.kayiprihtim.org\/portal\/kitaplar\/suru\/","title":{"rendered":"S\u00fcr\u00fc"},"content":{"rendered":"<p>Peru sahilinde bir bal\u0131k\u00e7\u0131 kaybolur. Norve\u00e7li petrol arama uzmanlar\u0131 deniz taban\u0131n\u0131n y\u00fczlerce kilometrekarelik alan\u0131n\u0131n garip organizmalar taraf\u0131ndan i\u015fgal edildi\u011fini ke\u015ffeder. Bu s\u0131rada \u0130ngiliz Kolombiyas\u0131 sahili boyunca balinalar korkutucu bir de\u011fi\u015fim ge\u00e7irir. Olaylar\u0131n birbirleriyle hi\u00e7bir ilgisi yok gibi g\u00f6r\u00fcnmektedir. Ama tesad\u00fcflere inanmayan iki bilim adam\u0131, bu durumun kayna\u011f\u0131n\u0131 ara\u015ft\u0131r\u0131rken en korkun\u00e7 k\u00e2buslar\u0131yla y\u00fcz y\u00fcze gelecektir.<br \/>\nBu, heyecan\u0131 bir an olsun azalmayan, beklenmedik geli\u015fmeler ve \u015fa\u015f\u0131rt\u0131c\u0131 olaylarla bezeli s\u00fcr\u00fckleyici romanda, bir grup bilim insan\u0131 insanl\u0131\u011f\u0131 ve t\u00fcm gezegeni tehdit eden ak\u0131l almaz bir gizemle kar\u015f\u0131 kar\u015f\u0131ya kal\u0131r. Tehlikede olan, D\u00fcnya\u2019n\u0131n hassas ekolojisi ve insan \u0131rk\u0131n\u0131n gezegen \u00fczerindeki varl\u0131\u011f\u0131d\u0131r.<\/p>\n<p>\u201cYeri g\u00f6\u011f\u00fc inleten dev b\u00fct\u00e7eli bir film gibi&#8230;\u201d<br \/>\n<strong>The Times<\/strong><\/p>\n<p>\u201cS\u00fcr\u00fc\u2019y\u00fc okurken d\u00fcnya y\u0131k\u0131lsa fark etmeyeceksiniz.\u201d <strong><br \/>\nDie Welt<\/strong><\/p>\n<p>\u201cSat\u0131\u015f rekorlar\u0131 k\u0131ran bir kitap&#8230; Tatil g\u00fcne\u015fi ne kadar s\u0131cak olursa olsun t\u00fcyleriniz \u00fcrperecek&#8230; \u0130yi e\u011flenceler.\u201d<br \/>\n<strong>Evening Standard<\/strong><\/p>\n<p>\u201cBu 800 nefes kesici sayfadan sonra denizlere \u00e7ok farkl\u0131 bir g\u00f6zle bakacaks\u0131n\u0131z.\u201d<br \/>\n<strong>Focus<\/strong><\/p>\n<p>&#8220;Nefes almak i\u00e7in y\u00fczeye \u00e7\u0131kaca\u011f\u0131n\u0131zdan ku\u015fkuluyum. &#8230;Bu nihai yaz okumas\u0131, Crichton ve King&#8217;in en iyi \u00f6zelliklerini birle\u015ftiriyor.&#8221;<br \/>\n<strong>-Contra Costa Times-<\/strong><\/p>\n","protected":false},"excerpt":{"rendered":"<p>Peru sahilinde bir bal\u0131k\u00e7\u0131 kaybolur. Norve\u00e7li petrol arama uzmanlar\u0131 deniz taban\u0131n\u0131n y\u00fczlerce kilometrekarelik alan\u0131n\u0131n garip organizmalar taraf\u0131ndan i\u015fgal edildi\u011fini ke\u015ffeder. Bu s\u0131rada \u0130ngiliz Kolombiyas\u0131 sahili boyunca balinalar korkutucu bir de\u011fi\u015fim ge\u00e7irir. Olaylar\u0131n birbirleriyle hi\u00e7bir ilgisi yok gibi g\u00f6r\u00fcnmektedir. Ama tesad\u00fcflere inanmayan iki bilim adam\u0131, bu durumun kayna\u011f\u0131n\u0131 ara\u015ft\u0131r\u0131rken en korkun\u00e7 k\u00e2buslar\u0131yla y\u00fcz y\u00fcze gelecektir. Bu, [&hellip;]<\/p>\n","protected":false},"author":1,"featured_media":0,"parent":57,"menu_order":0,"comment_status":"open","ping_status":"closed","template":"","meta":{"_acf_changed":false,"footnotes":""},"class_list":["post-2118","page","type-page","status-publish"],"acf":[],"_links":{"self":[{"href":"https:\/\/www.kayiprihtim.org\/portal\/wp-json\/wp\/v2\/pages\/2118","targetHints":{"allow":["GET"]}}],"collection":[{"href":"https:\/\/www.kayiprihtim.org\/portal\/wp-json\/wp\/v2\/pages"}],"about":[{"href":"https:\/\/www.kayiprihtim.org\/portal\/wp-json\/wp\/v2\/types\/page"}],"author":[{"embeddable":true,"href":"https:\/\/www.kayiprihtim.org\/portal\/wp-json\/wp\/v2\/users\/1"}],"replies":[{"embeddable":true,"href":"https:\/\/www.kayiprihtim.org\/portal\/wp-json\/wp\/v2\/comments?post=2118"}],"version-history":[{"count":0,"href":"https:\/\/www.kayiprihtim.org\/portal\/wp-json\/wp\/v2\/pages\/2118\/revisions"}],"up":[{"embeddable":true,"href":"https:\/\/www.kayiprihtim.org\/portal\/wp-json\/wp\/v2\/pages\/57"}],"wp:attachment":[{"href":"https:\/\/www.kayiprihtim.org\/portal\/wp-json\/wp\/v2\/media?parent=2118"}],"curies":[{"name":"wp","href":"https:\/\/api.w.org\/{rel}","templated":true}]}}