{"id":2145,"date":"2009-07-09T15:13:00","date_gmt":"2009-07-09T12:13:00","guid":{"rendered":"http:\/\/www.kayiprihtim.org\/portal\/?page_id=2145"},"modified":"2016-05-26T05:19:55","modified_gmt":"2016-05-26T02:19:55","slug":"gece-evi-serisi","status":"publish","type":"page","link":"https:\/\/www.kayiprihtim.org\/portal\/kitaplar\/gece-evi-serisi\/","title":{"rendered":"Gece Evi Serisi"},"content":{"rendered":"<p><em><strong>Kristin Cast<\/strong><\/em> ve <em><strong>P. C. Cast<\/strong><\/em> taraf\u0131ndan kaleme al\u0131nan ve fantastik ile romantik t\u00fcr\u00fcn kar\u0131\u015f\u0131m\u0131 olarak tan\u0131mlanabilecek gen\u00e7lik serisidir.<\/p>\n","protected":false},"excerpt":{"rendered":"<p>Kristin Cast ve P. C. Cast taraf\u0131ndan kaleme al\u0131nan ve fantastik ile romantik t\u00fcr\u00fcn kar\u0131\u015f\u0131m\u0131 olarak tan\u0131mlanabilecek gen\u00e7lik serisidir.<\/p>\n","protected":false},"author":1,"featured_media":0,"parent":57,"menu_order":0,"comment_status":"open","ping_status":"closed","template":"","meta":{"_acf_changed":false,"footnotes":""},"class_list":["post-2145","page","type-page","status-publish"],"acf":[],"_links":{"self":[{"href":"https:\/\/www.kayiprihtim.org\/portal\/wp-json\/wp\/v2\/pages\/2145","targetHints":{"allow":["GET"]}}],"collection":[{"href":"https:\/\/www.kayiprihtim.org\/portal\/wp-json\/wp\/v2\/pages"}],"about":[{"href":"https:\/\/www.kayiprihtim.org\/portal\/wp-json\/wp\/v2\/types\/page"}],"author":[{"embeddable":true,"href":"https:\/\/www.kayiprihtim.org\/portal\/wp-json\/wp\/v2\/users\/1"}],"replies":[{"embeddable":true,"href":"https:\/\/www.kayiprihtim.org\/portal\/wp-json\/wp\/v2\/comments?post=2145"}],"version-history":[{"count":0,"href":"https:\/\/www.kayiprihtim.org\/portal\/wp-json\/wp\/v2\/pages\/2145\/revisions"}],"up":[{"embeddable":true,"href":"https:\/\/www.kayiprihtim.org\/portal\/wp-json\/wp\/v2\/pages\/57"}],"wp:attachment":[{"href":"https:\/\/www.kayiprihtim.org\/portal\/wp-json\/wp\/v2\/media?parent=2145"}],"curies":[{"name":"wp","href":"https:\/\/api.w.org\/{rel}","templated":true}]}}