{"id":21607,"date":"2012-08-21T22:00:51","date_gmt":"2012-08-21T19:00:51","guid":{"rendered":"http:\/\/www.kayiprihtim.org\/portal\/?page_id=21607"},"modified":"2019-04-04T23:04:55","modified_gmt":"2019-04-04T20:04:55","slug":"uzay-operasi-kainat-boyu-seruven","status":"publish","type":"page","link":"https:\/\/www.kayiprihtim.org\/portal\/projeler\/dosya-sinemada-bilimkurgu-alt-turleri\/uzay-operasi-kainat-boyu-seruven\/","title":{"rendered":"Uzay Operas\u0131: K\u00e2inat Boyu Ser\u00fcven"},"content":{"rendered":"","protected":false},"excerpt":{"rendered":"","protected":false},"author":1,"featured_media":0,"parent":21613,"menu_order":0,"comment_status":"open","ping_status":"closed","template":"fullwidth.php","meta":{"_acf_changed":false,"footnotes":""},"class_list":["post-21607","page","type-page","status-publish"],"acf":[],"_links":{"self":[{"href":"https:\/\/www.kayiprihtim.org\/portal\/wp-json\/wp\/v2\/pages\/21607","targetHints":{"allow":["GET"]}}],"collection":[{"href":"https:\/\/www.kayiprihtim.org\/portal\/wp-json\/wp\/v2\/pages"}],"about":[{"href":"https:\/\/www.kayiprihtim.org\/portal\/wp-json\/wp\/v2\/types\/page"}],"author":[{"embeddable":true,"href":"https:\/\/www.kayiprihtim.org\/portal\/wp-json\/wp\/v2\/users\/1"}],"replies":[{"embeddable":true,"href":"https:\/\/www.kayiprihtim.org\/portal\/wp-json\/wp\/v2\/comments?post=21607"}],"version-history":[{"count":2,"href":"https:\/\/www.kayiprihtim.org\/portal\/wp-json\/wp\/v2\/pages\/21607\/revisions"}],"predecessor-version":[{"id":59030,"href":"https:\/\/www.kayiprihtim.org\/portal\/wp-json\/wp\/v2\/pages\/21607\/revisions\/59030"}],"up":[{"embeddable":true,"href":"https:\/\/www.kayiprihtim.org\/portal\/wp-json\/wp\/v2\/pages\/21613"}],"wp:attachment":[{"href":"https:\/\/www.kayiprihtim.org\/portal\/wp-json\/wp\/v2\/media?parent=21607"}],"curies":[{"name":"wp","href":"https:\/\/api.w.org\/{rel}","templated":true}]}}