{"id":21613,"date":"2012-08-21T22:15:00","date_gmt":"2012-08-21T19:15:00","guid":{"rendered":"http:\/\/www.kayiprihtim.org\/portal\/?page_id=21613"},"modified":"2012-08-22T21:55:49","modified_gmt":"2012-08-22T18:55:49","slug":"dosya-sinemada-bilimkurgu-alt-turleri","status":"publish","type":"page","link":"https:\/\/www.kayiprihtim.org\/portal\/projeler\/dosya-sinemada-bilimkurgu-alt-turleri\/","title":{"rendered":"DOSYA: Sinemada Bilimkurgu Alt T\u00fcrleri"},"content":{"rendered":"<p><img fetchpriority=\"high\" decoding=\"async\" class=\"aligncenter size-full wp-image-21673\" title=\"\" src=\"https:\/\/www.kayiprihtim.org\/portal\/gorsel\/sinemada-bilimkurgu.jpg\" alt=\"\" width=\"500\" height=\"248\" srcset=\"https:\/\/www.kayiprihtim.org\/portal\/gorsel\/sinemada-bilimkurgu.jpg 500w, https:\/\/www.kayiprihtim.org\/portal\/gorsel\/sinemada-bilimkurgu-300x148.jpg 300w\" sizes=\"(max-width: 500px) 100vw, 500px\" \/><\/p>\n<table style=\"width: 500px;\" border=\"0\" align=\"center\">\n<tbody>\n<tr>\n<td style=\"text-align: center;\"><strong><\/strong><strong><span style=\"font-size: large;\">G\u0130R\u0130\u015e<\/span><\/strong><\/p>\n<hr size=\"1\" \/>\n<p><a class=\"tooltip yellow-tooltip\" href=\"https:\/\/www.kayiprihtim.org\/portal\/cevirmen\/kutlukhan-kutlu\/\"><strong>Kutlukhan Kutlu<\/strong><span>Yazar\u0131n \u00f6zge\u00e7mi\u015fi i\u00e7in t\u0131klay\u0131n.<\/span><\/a>, yirmi seneyi a\u015fk\u0131n zamand\u0131r sinema \u00fczerine yaz\u0131p \u00e7izen, deneyimli ve birikimli bir isim. Onu ayn\u0131 zamanda Harry Potter serisi ile Hayali Yerler S\u00f6zl\u00fc\u011f\u00fc<em><\/em>\u2019nde <em>Sevin Okyay<\/em>\u2019la beraber yapt\u0131\u011f\u0131 \u00e7evirilerden (ve elbette \u00e7ok daha fazlas\u0131ndan) tan\u0131yabilirsiniz. Ama e\u011fer sinema \u00fczerine m\u00fcthi\u015f detayl\u0131 analizlerini, haz\u0131rlad\u0131\u011f\u0131 dosyalar\u0131 okumu\u015flu\u011funuz yoksa, \u00e7ok \u015fey ka\u00e7\u0131rd\u0131\u011f\u0131n\u0131z\u0131 rahatl\u0131kla s\u00f6yleyebiliriz.<\/p>\n<p>&#8220;<strong>Sinemada Bilimkurgu Alt T\u00fcrleri<\/strong>&#8221; dosyas\u0131n\u0131 <em>Kay\u0131p R\u0131ht\u0131m<\/em>\u2019da payla\u015fmak da, eski <em>Sinema<\/em> dergilerinde yatan bu leziz i\u00e7eri\u011fin en az\u0131ndan bir k\u0131sm\u0131n\u0131 internetteki sinema ve bilimkurgu merakl\u0131lar\u0131yla payla\u015fma iste\u011fimizden do\u011fdu.<\/p>\n<p>Siberpunk, steampunk, k\u0131yamet filmleri, post-apokaliptik bilimkurgu, uzay operas\u0131 gibi alt t\u00fcrlerin tarihini, edebi olarak ilk do\u011fduklar\u0131 zamandan itibaren detayl\u0131 olarak inceleyen be\u015f yaz\u0131y\u0131, g\u00f6rsellerle beraber size sunuyoruz.<\/p>\n<p>Keyifli okumalar.<br \/>\nOzancan Demir\u0131\u015f\u0131k<\/p>\n<\/td>\n<\/tr>\n<\/tbody>\n<\/table>\n<div class=\"seperator\">#<\/div>\n<p style=\"text-align: center;\"><span style=\"font-size: large; font-family: georgia,palatino;\">\u015eubat 2004<\/span><br \/>\n<span style=\"font-family: georgia,palatino;\"> <a href=\"https:\/\/www.kayiprihtim.org\/portal\/projeler\/dosya-sinemada-bilimkurgu-alt-turleri\/bilimkurgunun-cocukluk-dusleri\/\"><strong><span style=\"font-size: x-large;\">Bilimkurgunun \u00c7ocukluk D\u00fc\u015fleri<\/span><\/strong><\/a><\/span><\/p>\n<p style=\"text-align: center;\"><span style=\"font-size: large; font-family: georgia,palatino;\">May\u0131s 2004<\/span><br \/>\n<span style=\"font-family: georgia,palatino;\"> <a href=\"https:\/\/www.kayiprihtim.org\/portal\/projeler\/dosya-sinemada-bilimkurgu-alt-turleri\/distopya-a-s\/\"><strong><span style=\"font-size: x-large;\">Distopya A.\u015e.<\/span><\/strong><\/a><\/span><\/p>\n<p style=\"text-align: center;\"><span style=\"font-size: large; font-family: georgia,palatino;\">Temmuz 2004<\/span><br \/>\n<span style=\"font-family: georgia,palatino;\"> <strong><a href=\"https:\/\/www.kayiprihtim.org\/portal\/projeler\/dosya-sinemada-bilimkurgu-alt-turleri\/kiyamet-filmleri\/\"><span style=\"font-size: x-large;\">K\u0131yamet Filmleri<\/span><\/a><\/strong><\/span><\/p>\n<p style=\"text-align: center;\"><span style=\"font-size: large; font-family: georgia,palatino;\">Eyl\u00fcl 2004<\/span><br \/>\n<span style=\"font-size: x-large; font-family: georgia,palatino;\"> <a href=\"https:\/\/www.kayiprihtim.org\/portal\/projeler\/dosya-sinemada-bilimkurgu-alt-turleri\/post-apokaliptik-bilimkurgu\/\"><strong>Post Apokaliptik Bilimkurgu<\/strong><\/a><\/span><\/p>\n<p style=\"text-align: center;\"><span style=\"font-size: large; font-family: georgia,palatino;\">May\u0131s 2005<\/span><br \/>\n<span style=\"font-size: x-large; font-family: georgia,palatino;\"> <a href=\"https:\/\/www.kayiprihtim.org\/portal\/projeler\/dosya-sinemada-bilimkurgu-alt-turleri\/uzay-operasi-kainat-boyu-seruven\/\"><strong>Uzay Operas\u0131: K\u00e2inat Boyu Ser\u00fcven<\/strong><\/a><\/span><\/p>\n<div class=\"seperator\">#<\/div>\n<table style=\"width: 400px;\" border=\"0\" align=\"center\">\n<tbody>\n<tr>\n<td style=\"text-align: center;\">[stextbox id=&#8221;alert&#8221; shadow=&#8221;true&#8221;]<\/p>\n<p style=\"text-align: right;\"><span style=\"font-size: large;\"><strong>TE\u015eEKK\u00dcRLER<\/strong><\/span><\/p>\n<hr size=\"1\" \/>\n<p style=\"text-align: left;\"><strong>Bu g\u00fczel projeyi olu\u015fturmam\u0131zda \u00f6ncelikle bize gerekli izni sa\u011flayan yaz\u0131lar\u0131n sahibi <em>Kutlukhan Kutlu<\/em>\u2019ya sonsuz te\u015fekk\u00fcrler. Neticede biz sadece arac\u0131y\u0131z, t\u00fcm projenin olu\u015fumu onun sayesindedir.<\/strong><\/p>\n<p style=\"text-align: left;\"><strong>Bilimkurgunun \u00c7ocukluk D\u00fc\u015fleri ve Post Apokaliptik Bilimkurgu yaz\u0131lar\u0131n\u0131 bilgisayar ortam\u0131na \u00f6nceden ge\u00e7irmi\u015f olup kullanmam\u0131za izin veren <em><a href=\"http:\/\/kisaiyidir.net\/\" target=\"_blank\" rel=\"nofollow noopener\">K\u0131sa \u0130yidir<\/a><\/em>\u2019in sahibi <em>Heval Hazal Kurt<\/em> ile <em><a href=\"http:\/\/www.otekisinema.com\/\" target=\"_blank\" rel=\"nofollow noopener\">\u00d6teki Sinema<\/a><\/em>\u2019n\u0131n sahibi <em>Murat Tolga \u015een<\/em>\u2019e projemize katk\u0131da bulunduklar\u0131 i\u00e7in te\u015fekk\u00fcr ediyoruz.<\/strong><\/p>\n<p style=\"text-align: left;\"><strong>Son olarak projenin olu\u015fmas\u0131na \u00f6n ayak olan ve yay\u0131m s\u00fcrecine kadar hi\u00e7bir konuda deste\u011fini esirgemeyen <em>Ozancan Demir\u0131\u015f\u0131k<\/em>\u2019a da te\u015fekk\u00fcr\u00fc bor\u00e7 biliyoruz.<\/strong><\/p>\n<p style=\"text-align: left;\"><strong>\u0130yi okumalar,<br \/>\nHakan Tun\u00e7<\/strong><\/p>\n<\/td>\n<\/tr>\n<\/tbody>\n<\/table>\n","protected":false},"excerpt":{"rendered":"<p>G\u0130R\u0130\u015e Kutlukhan KutluYazar\u0131n \u00f6zge\u00e7mi\u015fi i\u00e7in t\u0131klay\u0131n., yirmi seneyi a\u015fk\u0131n zamand\u0131r sinema \u00fczerine yaz\u0131p \u00e7izen, deneyimli ve birikimli bir isim. Onu ayn\u0131 zamanda Harry Potter serisi ile Hayali Yerler S\u00f6zl\u00fc\u011f\u00fc\u2019nde Sevin Okyay\u2019la beraber yapt\u0131\u011f\u0131 \u00e7evirilerden (ve elbette \u00e7ok daha fazlas\u0131ndan) tan\u0131yabilirsiniz. Ama e\u011fer sinema \u00fczerine m\u00fcthi\u015f detayl\u0131 analizlerini, haz\u0131rlad\u0131\u011f\u0131 dosyalar\u0131 okumu\u015flu\u011funuz yoksa, \u00e7ok \u015fey ka\u00e7\u0131rd\u0131\u011f\u0131n\u0131z\u0131 rahatl\u0131kla [&hellip;]<\/p>\n","protected":false},"author":1,"featured_media":0,"parent":12165,"menu_order":0,"comment_status":"open","ping_status":"closed","template":"fullwidth.php","meta":{"_acf_changed":false,"footnotes":""},"class_list":["post-21613","page","type-page","status-publish"],"acf":[],"_links":{"self":[{"href":"https:\/\/www.kayiprihtim.org\/portal\/wp-json\/wp\/v2\/pages\/21613","targetHints":{"allow":["GET"]}}],"collection":[{"href":"https:\/\/www.kayiprihtim.org\/portal\/wp-json\/wp\/v2\/pages"}],"about":[{"href":"https:\/\/www.kayiprihtim.org\/portal\/wp-json\/wp\/v2\/types\/page"}],"author":[{"embeddable":true,"href":"https:\/\/www.kayiprihtim.org\/portal\/wp-json\/wp\/v2\/users\/1"}],"replies":[{"embeddable":true,"href":"https:\/\/www.kayiprihtim.org\/portal\/wp-json\/wp\/v2\/comments?post=21613"}],"version-history":[{"count":0,"href":"https:\/\/www.kayiprihtim.org\/portal\/wp-json\/wp\/v2\/pages\/21613\/revisions"}],"up":[{"embeddable":true,"href":"https:\/\/www.kayiprihtim.org\/portal\/wp-json\/wp\/v2\/pages\/12165"}],"wp:attachment":[{"href":"https:\/\/www.kayiprihtim.org\/portal\/wp-json\/wp\/v2\/media?parent=21613"}],"curies":[{"name":"wp","href":"https:\/\/api.w.org\/{rel}","templated":true}]}}