{"id":2212,"date":"2009-07-20T11:58:31","date_gmt":"2009-07-20T08:58:31","guid":{"rendered":"http:\/\/www.kayiprihtim.org\/portal\/?page_id=2212"},"modified":"2012-01-31T10:26:05","modified_gmt":"2012-01-31T08:26:05","slug":"septimus-heap-serisi","status":"publish","type":"page","link":"https:\/\/www.kayiprihtim.org\/portal\/kitaplar\/septimus-heap-serisi\/","title":{"rendered":"Septimus Heap Serisi"},"content":{"rendered":"<table style=\"border: thin outset; border-collapse: collapse; height: 30px; width: 470px;\" border=\"0\" cellpadding=\"2\">\n<tbody>\n<tr>\n<td width=\"30%\" bgcolor=\"#330000\"><span style=\"font-family: Verdana; color: #ffffff;\"><strong>B\u00dcY\u00dc &#8211; SEPT\u0130MUS HEAP 1<\/strong><\/span><span style=\"font-family: Verdana; color: #ffffff;\"><strong> <\/strong><\/span><\/td>\n<\/tr>\n<\/tbody>\n<\/table>\n<table style=\"border-collapse: collapse; width: 462px; height: 250px;\" border=\"0\" cellspacing=\"0\" cellpadding=\"0\" bordercolor=\"#111111\">\n<tbody>\n<tr>\n<td width=\"58%\" align=\"center\" valign=\"top\">\n<table style=\"border-collapse: collapse; width: 315px; height: 248px;\" border=\"0\" cellspacing=\"2\">\n<tbody>\n<tr>\n<td width=\"100%\" align=\"right\">\n<table style=\"width: 310px; height: 88px;\" border=\"0\" cellspacing=\"0\">\n<tbody>\n<tr bgcolor=\"#D1C4A5\">\n<td width=\"39%\"><strong>Yazar<\/strong><\/td>\n<td width=\"3%\">:<\/td>\n<td width=\"51%\">Angie Sage<\/td>\n<\/tr>\n<tr bgcolor=\"#E4DDCB\">\n<td><strong>\u00c7eviren<\/strong><\/td>\n<td width=\"3%\">:<\/td>\n<td width=\"51%\"><span style=\"color: #181512;\">Ferhan Ert\u00fcrk<\/span><\/td>\n<\/tr>\n<tr bgcolor=\"#D1C4A5\">\n<td width=\"39%\"><strong>Orijinal Ad\u0131 <\/strong><\/td>\n<td width=\"3%\">:<\/td>\n<td width=\"51%\">Magyk<\/td>\n<\/tr>\n<tr bgcolor=\"#E4DDCB\">\n<td width=\"39%\"><strong>Seri<\/strong><\/td>\n<td width=\"3%\">:<\/td>\n<td width=\"51%\">Septimus Heap<\/td>\n<\/tr>\n<\/tbody>\n<\/table>\n<\/td>\n<\/tr>\n<tr>\n<td style=\"border-style: solid ridge ridge; border-width: 1px; padding-left: 4px; padding-right: 4px;\" width=\"100%\" bgcolor=\"#C0B18D\"><strong><span style=\"font-size: 9pt; font-family: Tahoma;\">Alt\u0131n Kitaplar<br \/>\n<\/span><\/strong><\/td>\n<\/tr>\n<tr>\n<td width=\"100%\" align=\"right\">\n<table style=\"width: 310px; height: 88px;\" border=\"0\" cellspacing=\"0\">\n<tbody>\n<tr bgcolor=\"#D1C4A5\">\n<td width=\"39%\"><strong>\u00c7\u0131k\u0131\u015f Tarihi<\/strong><\/td>\n<td width=\"3%\">:<\/td>\n<td width=\"51%\">2008<\/td>\n<\/tr>\n<tr bgcolor=\"#E4DDCB\">\n<td><strong>Sayfa Say\u0131s\u0131<\/strong><\/td>\n<td width=\"3%\">:<\/td>\n<td width=\"51%\">432<\/td>\n<\/tr>\n<tr bgcolor=\"#D1C4A5\">\n<td width=\"39%\"><strong>Fiyat\u0131<\/strong><\/td>\n<td width=\"3%\">:<\/td>\n<td width=\"51%\">22,00 TL<\/td>\n<\/tr>\n<tr bgcolor=\"#E4DDCB\">\n<td width=\"39%\"><strong>ISBN No<\/strong><\/td>\n<td width=\"3%\">:<\/td>\n<td width=\"51%\">9789752109711<\/td>\n<\/tr>\n<\/tbody>\n<\/table>\n<\/td>\n<\/tr>\n<\/tbody>\n<\/table>\n<\/td>\n<td width=\"39%\" align=\"left\" valign=\"top\">\n<p style=\"text-align: center;\">\n<p><a href=\"https:\/\/www.kayiprihtim.org\/portal\/gorsel\/buyu-septimus-heap1.jpg\" target=\"_blank\"><img decoding=\"async\" src=\"https:\/\/www.kayiprihtim.org\/portal\/gorsel\/buyu-septimus-heap1.jpg\" border=\"0\" alt=\"\" hspace=\"1\" width=\"140\" height=\"219\" class=\"aligncenter\"><\/a><\/td>\n<\/tr>\n<\/tbody>\n<\/table>\n<table style=\"border-collapse: collapse; width: 47%;\" border=\"0\" cellpadding=\"0\">\n<tbody>\n<tr>\n<td width=\"54%\">\n<table style=\"border-collapse: collapse; height: 147px; width: 470px;\" border=\"0\" cellspacing=\"0\" cellpadding=\"2\">\n<tbody>\n<tr>\n<td style=\"border-style: solid ridge ridge; border-width: 1px; padding-left: 4px; padding-right: 4px;\" width=\"98%\" bgcolor=\"#C0B18D\"><strong><span style=\"font-size: 9pt; font-family: Tahoma;\">Tan\u0131t\u0131m Yaz\u0131s\u0131<br \/>\n<\/span><\/strong><\/td>\n<\/tr>\n<tr>\n<td width=\"99%\" align=\"left\">\n<table style=\"width: 465px;\" border=\"0\">\n<tbody>\n<tr>\n<td style=\"border-style: outset; border-width: 1px;\" width=\"96%\" bgcolor=\"#D1C4A5\">\n<table style=\"border-collapse: collapse; width: 452px; height: 199px;\" border=\"0\" cellspacing=\"0\" cellpadding=\"5\" bgcolor=\"#D1C4A5\" bordercolor=\"#D1C4A5\">\n<tbody>\n<tr>\n<td width=\"96%\" bgcolor=\"#D1C4A5\">Yedinci o\u011flun, yedinci o\u011flu Septimus Heap, do\u011fdu\u011fu gece annesinin koynundan \u00e7al\u0131n\u0131r. Ebesi onun \u00f6ld\u00fc\u011f\u00fcn\u00fc s\u00f6yler. Ayn\u0131 gece bebe\u011fin babas\u0131 Silas Heap karlar\u0131n \u00fcst\u00fcnde kunda\u011fa sar\u0131lm\u0131\u015f menek\u015fe g\u00f6zl\u00fc yeni do\u011fmu\u015f bir k\u0131z bebek bulur. Heapler bu yeni do\u011fmu\u015f zavall\u0131 bebe\u011fe Jenna ad\u0131n\u0131 verir ve onu kendi evlatlar\u0131 gibi b\u00fcy\u00fct\u00fcrler. Ama bu esrarengiz k\u0131z bebek kimdir ve sevgili o\u011fullar\u0131 Septimus\u2019un ba\u015f\u0131na ger\u00e7ekten ne gelmi\u015ftir?<\/p>\n<p>Angie Sage\u2019in b\u00fcy\u00fcleyici yeni serisinin birinci kitab\u0131 olan B\u00fcy\u00fc okuyucular\u0131 garip karakterler, sihirler, iksirler ve t\u0131ls\u0131mlarla bezenmi\u015f fantastik bir yolculu\u011fa \u00e7\u0131kar\u0131yor. Zengin, duygusal ve ironik bir dille kaybolan ve sonra tekrar bulunan kimliklerin \u00f6yk\u00fcs\u00fcn\u00fc anlat\u0131yor.<\/td>\n<\/tr>\n<\/tbody>\n<\/table>\n<\/td>\n<\/tr>\n<\/tbody>\n<\/table>\n<\/td>\n<\/tr>\n<\/tbody>\n<\/table>\n<\/td>\n<\/tr>\n<\/tbody>\n<\/table>\n<p><span style=\"color: #E4DDCB;\">&#8211;<\/span><\/p>\n<table style=\"border: thin outset; border-collapse: collapse; height: 30px; width: 470px;\" border=\"0\" cellpadding=\"2\">\n<tbody>\n<tr>\n<td width=\"30%\" bgcolor=\"#330000\"><span style=\"font-family: Verdana; color: #333333;\"><strong><span style=\"color: #ffffff;\">U\u00c7U\u015e<\/span><\/strong><\/span><span style=\"font-family: Verdana; color: #ffffff;\"><strong> &#8211; <\/strong><\/span><span style=\"font-family: Verdana; color: #ffffff;\"><strong>SEPT\u0130MUS HEAP<\/strong><\/span><span style=\"font-family: Verdana; color: #ffffff;\"><strong> 2<\/strong><\/span><span style=\"font-family: Verdana; color: #333333;\"><strong><br \/>\n<\/strong><\/span><\/td>\n<\/tr>\n<\/tbody>\n<\/table>\n<table style=\"border-collapse: collapse; width: 462px; height: 250px;\" border=\"0\" cellspacing=\"0\" cellpadding=\"0\" bordercolor=\"#111111\">\n<tbody>\n<tr>\n<td width=\"58%\" align=\"center\" valign=\"top\">\n<table style=\"border-collapse: collapse; width: 315px; height: 248px;\" border=\"0\" cellspacing=\"2\">\n<tbody>\n<tr>\n<td width=\"100%\" align=\"right\">\n<table style=\"width: 310px; height: 88px;\" border=\"0\" cellspacing=\"0\">\n<tbody>\n<tr bgcolor=\"#D1C4A5\">\n<td width=\"39%\"><strong>Yazar<\/strong><\/td>\n<td width=\"3%\">:<\/td>\n<td width=\"51%\">Angie Sage<\/td>\n<\/tr>\n<tr bgcolor=\"#E4DDCB\">\n<td><strong>\u00c7eviren<\/strong><\/td>\n<td width=\"3%\">:<\/td>\n<td width=\"51%\"><span style=\"color: #181512;\">Ferhan Ert\u00fcrk<\/span><span style=\"color: #181512;\"> <\/span><\/td>\n<\/tr>\n<tr bgcolor=\"#D1C4A5\">\n<td width=\"39%\"><strong>\u00d6zg\u00fcn Ad\u0131<\/strong><strong> <\/strong><\/td>\n<td width=\"3%\">:<\/td>\n<td width=\"51%\">Flyte<\/td>\n<\/tr>\n<tr bgcolor=\"#E4DDCB\">\n<td width=\"39%\"><strong>Seri<\/strong><\/td>\n<td width=\"3%\">:<\/td>\n<td width=\"51%\">Septimus Heap<\/td>\n<\/tr>\n<\/tbody>\n<\/table>\n<\/td>\n<\/tr>\n<tr>\n<td style=\"border-style: solid ridge ridge; border-width: 1px; padding-left: 4px; padding-right: 4px;\" width=\"100%\" bgcolor=\"#C0B18D\"><strong><span style=\"font-size: 9pt; font-family: Tahoma;\">Alt\u0131n Kitaplar<\/span><\/strong><\/td>\n<\/tr>\n<tr>\n<td width=\"100%\" align=\"right\">\n<table style=\"width: 310px; height: 88px;\" border=\"0\" cellspacing=\"0\">\n<tbody>\n<tr bgcolor=\"#D1C4A5\">\n<td width=\"39%\"><strong>\u00c7\u0131k\u0131\u015f Tarihi<\/strong><\/td>\n<td width=\"3%\">:<\/td>\n<td width=\"51%\">2009<\/td>\n<\/tr>\n<tr bgcolor=\"#E4DDCB\">\n<td><strong>Sayfa Say\u0131s\u0131<\/strong><\/td>\n<td width=\"3%\">:<\/td>\n<td width=\"51%\">384<\/td>\n<\/tr>\n<tr bgcolor=\"#D1C4A5\">\n<td width=\"39%\"><strong>Fiyat\u0131<\/strong><\/td>\n<td width=\"3%\">:<\/td>\n<td width=\"51%\">20,00 TL<\/td>\n<\/tr>\n<tr bgcolor=\"#E4DDCB\">\n<td width=\"39%\"><strong>ISBN No<\/strong><\/td>\n<td width=\"3%\">:<\/td>\n<td width=\"51%\">9789752110410<\/td>\n<\/tr>\n<\/tbody>\n<\/table>\n<\/td>\n<\/tr>\n<\/tbody>\n<\/table>\n<\/td>\n<td width=\"39%\" align=\"left\" valign=\"top\">\n<p style=\"text-align: center;\">\n<p><a href=\"https:\/\/www.kayiprihtim.org\/portal\/gorsel\/ucus-septimus-heap.jpg\" target=\"_blank\"><img decoding=\"async\" src=\"https:\/\/www.kayiprihtim.org\/portal\/gorsel\/ucus-septimus-heap.jpg\" border=\"0\" alt=\"\" hspace=\"1\" width=\"140\" height=\"219\" class=\"aligncenter\"><\/a><\/td>\n<\/tr>\n<\/tbody>\n<\/table>\n<table style=\"border-collapse: collapse; width: 47%;\" border=\"0\" cellpadding=\"0\">\n<tbody>\n<tr>\n<td width=\"54%\">\n<table style=\"border-collapse: collapse; height: 147px; width: 470px;\" border=\"0\" cellspacing=\"0\" cellpadding=\"2\">\n<tbody>\n<tr>\n<td style=\"border-style: solid ridge ridge; border-width: 1px; padding-left: 4px; padding-right: 4px;\" width=\"98%\" bgcolor=\"#C0B18D\"><strong><span style=\"font-size: 9pt; font-family: Tahoma;\">Tan\u0131t\u0131m Yaz\u0131s\u0131<br \/>\n<\/span><\/strong><\/td>\n<\/tr>\n<tr>\n<td width=\"99%\" align=\"left\">\n<table style=\"width: 465px;\" border=\"0\">\n<tbody>\n<tr>\n<td style=\"border-style: outset; border-width: 1px;\" width=\"96%\" bgcolor=\"#D1C4A5\">\n<table style=\"border-collapse: collapse; width: 452px; height: 199px;\" border=\"0\" cellspacing=\"0\" cellpadding=\"5\" bgcolor=\"#D1C4A5\" bordercolor=\"#D1C4A5\">\n<tbody>\n<tr>\n<td width=\"96%\" bgcolor=\"#D1C4A5\">Septimus Heap, bir y\u0131l \u00f6nce ger\u00e7ek ailesinin kimli\u011fini \u00f6\u011frenmi\u015f ve b\u00fcy\u00fcc\u00fc s\u0131fat\u0131n\u0131 kullanmaya hak kazanm\u0131\u015ft\u0131. Ola\u011fan\u00fcst\u00fc B\u00fcy\u00fcc\u00fc Marcia Overstrand\u2019\u0131n yan\u0131nda \u00e7\u0131rak olarak \u00e7al\u0131\u015f\u0131yordu. Muskalar ve b\u00fcy\u00fcc\u00fcl\u00fck sanat\u0131n\u0131n gizemlerini \u00f6\u011freniyordu. Bu arada Jenna da prenses olarak yeni ya\u015fam\u0131na uyum sa\u011fl\u0131yor ve kuledeki \u00f6zg\u00fcrl\u00fc\u011f\u00fcn\u00fcn keyfini \u00e7\u0131kar\u0131yordu. Fakat \u00e7evrede karanl\u0131k bir \u015feyler harekete ge\u00e7mi\u015fti. K\u00f6t\u00fcl\u00fck sa\u00e7an Kara G\u00f6lge, Marcia\u2019n\u0131n pe\u015finden ayr\u0131lm\u0131yordu. Septimus\u2019un a\u011fabeyi Simon ise kimsenin nedenini anlayamad\u0131\u011f\u0131 bir intikam\u0131n pe\u015findeydi. Acaba Kara B\u00fcy\u00fc neden h\u00e2l\u00e2 varl\u0131\u011f\u0131n\u0131 s\u00fcrd\u00fcr\u00fcyordu?<\/p>\n<p>Fanteziyi doruk noktalar\u0131na \u00e7\u0131karan Angie Sage, Septimus Heap\u2019in \u00f6yk\u00fclerine devam ediyor. Yazar\u0131n kulland\u0131\u011f\u0131 mizahi dil ve zekice planlanm\u0131\u015f ince ayr\u0131nt\u0131lar, okuyucular\u0131n \u00e7ok ho\u015funa gidecek.<\/td>\n<\/tr>\n<\/tbody>\n<\/table>\n<\/td>\n<\/tr>\n<\/tbody>\n<\/table>\n<\/td>\n<\/tr>\n<\/tbody>\n<\/table>\n<\/td>\n<\/tr>\n<\/tbody>\n<\/table>\n<p><span style=\"color: #E4DDCB;\">&#8211;<\/span><\/p>\n<table style=\"border: thin outset; border-collapse: collapse; height: 30px; width: 470px;\" border=\"0\" cellpadding=\"2\">\n<tbody>\n<tr>\n<td width=\"30%\" bgcolor=\"#330000\"><span style=\"font-family: Verdana; color: #ffffff;\"><strong><a name=\"3\"><\/a>S\u0130MYACI- SEPT\u0130MUS HEAP 3<\/strong><\/span><strong><\/strong><span style=\"font-family: Verdana; color: #333333;\"><strong><br \/>\n<\/strong><\/span><\/td>\n<\/tr>\n<\/tbody>\n<\/table>\n<table style=\"border-collapse: collapse; width: 462px; height: 250px;\" border=\"0\" cellspacing=\"0\" cellpadding=\"0\" bordercolor=\"#111111\">\n<tbody>\n<tr>\n<td width=\"58%\" align=\"center\" valign=\"top\">\n<table style=\"border-collapse: collapse; width: 315px; height: 248px;\" border=\"0\" cellspacing=\"2\">\n<tbody>\n<tr>\n<td width=\"100%\" align=\"right\">\n<table style=\"width: 310px; height: 88px;\" border=\"0\" cellspacing=\"0\">\n<tbody>\n<tr bgcolor=\"#D1C4A5\">\n<td width=\"39%\"><strong>Yazar<\/strong><\/td>\n<td width=\"3%\">:<\/td>\n<td width=\"51%\">Angie Sage<\/td>\n<\/tr>\n<tr bgcolor=\"#E4DDCB\">\n<td><strong>\u00c7eviren<\/strong><\/td>\n<td width=\"3%\">:<\/td>\n<td width=\"51%\">Zeliha \u0130yido\u011fan Babayi\u011fit<\/td>\n<\/tr>\n<tr bgcolor=\"#D1C4A5\">\n<td width=\"39%\"><strong>\u00d6zg\u00fcn Ad\u0131<\/strong><strong> <\/strong><\/td>\n<td width=\"3%\">:<\/td>\n<td width=\"51%\">Physik<\/td>\n<\/tr>\n<tr bgcolor=\"#E4DDCB\">\n<td width=\"39%\"><strong>Seri<\/strong><\/td>\n<td width=\"3%\">:<\/td>\n<td width=\"51%\">Septimus Heap<\/td>\n<\/tr>\n<\/tbody>\n<\/table>\n<\/td>\n<\/tr>\n<tr>\n<td style=\"border-style: solid ridge ridge; border-width: 1px; padding-left: 4px; padding-right: 4px;\" width=\"100%\" bgcolor=\"#C0B18D\"><strong><span style=\"font-size: 9pt; font-family: Tahoma;\">Alt\u0131n Kitaplar<\/span><\/strong><\/td>\n<\/tr>\n<tr>\n<td width=\"100%\" align=\"right\">\n<table style=\"width: 310px; height: 88px;\" border=\"0\" cellspacing=\"0\">\n<tbody>\n<tr bgcolor=\"#D1C4A5\">\n<td width=\"39%\"><strong>\u00c7\u0131k\u0131\u015f Tarihi<\/strong><\/td>\n<td width=\"3%\">:<\/td>\n<td width=\"51%\">\u015eubat 2010<\/td>\n<\/tr>\n<tr bgcolor=\"#E4DDCB\">\n<td><strong>Sayfa Say\u0131s\u0131<\/strong><\/td>\n<td width=\"3%\">:<\/td>\n<td width=\"51%\">400<\/td>\n<\/tr>\n<tr bgcolor=\"#D1C4A5\">\n<td width=\"39%\"><strong>Fiyat\u0131<\/strong><\/td>\n<td width=\"3%\">:<\/td>\n<td width=\"51%\">22,00 TL<\/td>\n<\/tr>\n<tr bgcolor=\"#E4DDCB\">\n<td width=\"39%\"><strong>ISBN No<\/strong><\/td>\n<td width=\"3%\">:<\/td>\n<td width=\"51%\">9789752111974<\/td>\n<\/tr>\n<\/tbody>\n<\/table>\n<\/td>\n<\/tr>\n<\/tbody>\n<\/table>\n<\/td>\n<td width=\"39%\" align=\"left\" valign=\"top\">\n<p style=\"text-align: center;\">\n<p><a href=\"https:\/\/www.kayiprihtim.org\/portal\/gorsel\/simyaci-septimus-heap.jpg\" target=\"_blank\"><img decoding=\"async\" src=\"https:\/\/www.kayiprihtim.org\/portal\/gorsel\/simyaci-septimus-heap.jpg\" border=\"0\" alt=\"\" hspace=\"1\" width=\"140\" height=\"219\" class=\"aligncenter\"><\/a><\/td>\n<\/tr>\n<\/tbody>\n<\/table>\n<table style=\"border-collapse: collapse; width: 47%;\" border=\"0\" cellpadding=\"0\">\n<tbody>\n<tr>\n<td width=\"54%\">\n<table style=\"border-collapse: collapse; height: 147px; width: 470px;\" border=\"0\" cellspacing=\"0\" cellpadding=\"2\">\n<tbody>\n<tr>\n<td style=\"border-style: solid ridge ridge; border-width: 1px; padding-left: 4px; padding-right: 4px;\" width=\"98%\" bgcolor=\"#C0B18D\"><strong><span style=\"font-size: 9pt; font-family: Tahoma;\">Tan\u0131t\u0131m Yaz\u0131s\u0131<br \/>\n<\/span><\/strong><\/td>\n<\/tr>\n<tr>\n<td width=\"99%\" align=\"left\">\n<table style=\"width: 465px;\" border=\"0\">\n<tbody>\n<tr>\n<td style=\"border-style: outset; border-width: 1px;\" width=\"96%\" bgcolor=\"#D1C4A5\">\n<table style=\"border-collapse: collapse; width: 452px; height: 199px;\" border=\"0\" cellspacing=\"0\" cellpadding=\"5\" bgcolor=\"#D1C4A5\" bordercolor=\"#D1C4A5\">\n<tbody>\n<tr>\n<td width=\"96%\" bgcolor=\"#D1C4A5\">Silas Heap sarayda kullan\u0131lmayan odan\u0131n kap\u0131s\u0131n\u0131 a\u00e7\u0131nca Krali\u00e7e Etheldredda&#8217;n\u0131n hayaleti be\u015f y\u00fcz y\u0131l \u00f6ncesinden \u00e7\u0131k\u0131p gelir. Hayattayken hi\u00e7bir k\u00f6t\u00fcl\u00fckten \u00e7ekinmeyen krali\u00e7e hayalet olduktan sonra da k\u00f6t\u00fcl\u00fck yapmaya devam etmektedir. Kendini \u00f6l\u00fcms\u00fcz k\u0131labilmek i\u00e7in haz\u0131rlad\u0131\u011f\u0131 \u015feytani planda Jenna&#8217;n\u0131n deste\u011fine Septimus&#8217;un ortadan kaybolmas\u0131na ve o\u011flu \u00fcnl\u00fc simyac\u0131 Marcellus Pye&#8217;a ihtiyac\u0131 vard\u0131r. Tabii Krali\u00e7e Etheldredda&#8217;n\u0131n haz\u0131rlad\u0131\u011f\u0131 oyunda Jenna ve Septimus rol al\u0131yorsa hi\u00e7 ku\u015fkusuz B\u00fcy\u00fc ve U\u00e7u\u015f kitaplar\u0131n\u0131 unutulmaz k\u0131lan di\u011fer delidolu harika karakterler de yer al\u0131yor demektir.<\/p>\n<p>Septimus Heap&#8217;in esprilerle renklendirilmi\u015f \u00f6yk\u00fcs\u00fc bu soluk kesici romanda da devam ediyor.<\/td>\n<\/tr>\n<\/tbody>\n<\/table>\n<\/td>\n<\/tr>\n<\/tbody>\n<\/table>\n<\/td>\n<\/tr>\n<\/tbody>\n<\/table>\n<\/td>\n<\/tr>\n<\/tbody>\n<\/table>\n","protected":false},"excerpt":{"rendered":"<p>B\u00dcY\u00dc &#8211; SEPT\u0130MUS HEAP 1 Yazar : Angie Sage \u00c7eviren : Ferhan Ert\u00fcrk Orijinal Ad\u0131 : Magyk Seri : Septimus Heap Alt\u0131n Kitaplar \u00c7\u0131k\u0131\u015f Tarihi : 2008 Sayfa Say\u0131s\u0131 : 432 Fiyat\u0131 : 22,00 TL ISBN No : 9789752109711 Tan\u0131t\u0131m Yaz\u0131s\u0131 Yedinci o\u011flun, yedinci o\u011flu Septimus Heap, do\u011fdu\u011fu gece annesinin koynundan \u00e7al\u0131n\u0131r. Ebesi onun \u00f6ld\u00fc\u011f\u00fcn\u00fc [&hellip;]<\/p>\n","protected":false},"author":10,"featured_media":0,"parent":57,"menu_order":0,"comment_status":"open","ping_status":"closed","template":"","meta":{"_acf_changed":false,"footnotes":""},"class_list":["post-2212","page","type-page","status-publish"],"acf":[],"_links":{"self":[{"href":"https:\/\/www.kayiprihtim.org\/portal\/wp-json\/wp\/v2\/pages\/2212","targetHints":{"allow":["GET"]}}],"collection":[{"href":"https:\/\/www.kayiprihtim.org\/portal\/wp-json\/wp\/v2\/pages"}],"about":[{"href":"https:\/\/www.kayiprihtim.org\/portal\/wp-json\/wp\/v2\/types\/page"}],"author":[{"embeddable":true,"href":"https:\/\/www.kayiprihtim.org\/portal\/wp-json\/wp\/v2\/users\/10"}],"replies":[{"embeddable":true,"href":"https:\/\/www.kayiprihtim.org\/portal\/wp-json\/wp\/v2\/comments?post=2212"}],"version-history":[{"count":0,"href":"https:\/\/www.kayiprihtim.org\/portal\/wp-json\/wp\/v2\/pages\/2212\/revisions"}],"up":[{"embeddable":true,"href":"https:\/\/www.kayiprihtim.org\/portal\/wp-json\/wp\/v2\/pages\/57"}],"wp:attachment":[{"href":"https:\/\/www.kayiprihtim.org\/portal\/wp-json\/wp\/v2\/media?parent=2212"}],"curies":[{"name":"wp","href":"https:\/\/api.w.org\/{rel}","templated":true}]}}