{"id":2277,"date":"2009-08-01T10:48:05","date_gmt":"2009-08-01T07:48:05","guid":{"rendered":"http:\/\/www.kayiprihtim.org\/portal\/?page_id=2277"},"modified":"2021-06-06T01:56:54","modified_gmt":"2021-06-05T22:56:54","slug":"olumcul-oyuncaklar-serisi","status":"publish","type":"page","link":"https:\/\/www.kayiprihtim.org\/portal\/kitaplar\/olumcul-oyuncaklar-serisi\/","title":{"rendered":"\u00d6l\u00fcmc\u00fcl Oyuncaklar Serisi"},"content":{"rendered":"<p><b>Cassandra Clare<\/b>\u2019in kaleme ald\u0131\u011f\u0131, gen\u00e7 yeti\u015fkinlere y\u00f6nelik, \u015fimdiye kadar 5 kitab\u0131 yay\u0131mlanan 6 kitapl\u0131k bilimkurgu ve fantazya serisidir.<\/p>\n<h3>Seride Bulunan Kitaplar<\/h3>\n<ol>\n<li>Kemikler \u015eehri<\/li>\n<li>K\u00fcller \u015eehri<\/li>\n<li>Camlar \u015eehri<\/li>\n<li>D\u00fc\u015fm\u00fc\u015f Melekler \u015eehri<\/li>\n<li>Kay\u0131p Ruhlar \u015eehri<\/li>\n<li>Cennet Ate\u015fi \u015eehri<\/li>\n<\/ol>\n","protected":false},"excerpt":{"rendered":"<p>Cassandra Clare\u2019in kaleme ald\u0131\u011f\u0131, gen\u00e7 yeti\u015fkinlere y\u00f6nelik, \u015fimdiye kadar 5 kitab\u0131 yay\u0131mlanan 6 kitapl\u0131k bilimkurgu ve fantazya serisidir. Seride Bulunan Kitaplar Kemikler \u015eehri K\u00fcller \u015eehri Camlar \u015eehri D\u00fc\u015fm\u00fc\u015f Melekler \u015eehri Kay\u0131p Ruhlar \u015eehri Cennet Ate\u015fi \u015eehri<\/p>\n","protected":false},"author":1,"featured_media":0,"parent":57,"menu_order":0,"comment_status":"open","ping_status":"closed","template":"","meta":{"_acf_changed":false,"footnotes":""},"class_list":["post-2277","page","type-page","status-publish"],"acf":[],"_links":{"self":[{"href":"https:\/\/www.kayiprihtim.org\/portal\/wp-json\/wp\/v2\/pages\/2277","targetHints":{"allow":["GET"]}}],"collection":[{"href":"https:\/\/www.kayiprihtim.org\/portal\/wp-json\/wp\/v2\/pages"}],"about":[{"href":"https:\/\/www.kayiprihtim.org\/portal\/wp-json\/wp\/v2\/types\/page"}],"author":[{"embeddable":true,"href":"https:\/\/www.kayiprihtim.org\/portal\/wp-json\/wp\/v2\/users\/1"}],"replies":[{"embeddable":true,"href":"https:\/\/www.kayiprihtim.org\/portal\/wp-json\/wp\/v2\/comments?post=2277"}],"version-history":[{"count":1,"href":"https:\/\/www.kayiprihtim.org\/portal\/wp-json\/wp\/v2\/pages\/2277\/revisions"}],"predecessor-version":[{"id":59357,"href":"https:\/\/www.kayiprihtim.org\/portal\/wp-json\/wp\/v2\/pages\/2277\/revisions\/59357"}],"up":[{"embeddable":true,"href":"https:\/\/www.kayiprihtim.org\/portal\/wp-json\/wp\/v2\/pages\/57"}],"wp:attachment":[{"href":"https:\/\/www.kayiprihtim.org\/portal\/wp-json\/wp\/v2\/media?parent=2277"}],"curies":[{"name":"wp","href":"https:\/\/api.w.org\/{rel}","templated":true}]}}