{"id":23,"date":"2008-04-01T07:15:07","date_gmt":"2008-04-01T14:15:07","guid":{"rendered":"http:\/\/www.hayalcini.net\/blog\/?page_id=19"},"modified":"2016-05-26T05:23:19","modified_gmt":"2016-05-26T02:23:19","slug":"miras-dongusu","status":"publish","type":"page","link":"https:\/\/www.kayiprihtim.org\/portal\/kitaplar\/miras-dongusu\/","title":{"rendered":"Miras D\u00f6ng\u00fcs\u00fc"},"content":{"rendered":"<p><em><strong>Christopher Paolini<\/strong><\/em>&#8216;nin yazd\u0131\u011f\u0131, okurlar\u0131 taraf\u0131ndan olduk\u00e7a be\u011fenilen toplamda 4 kitaptan olu\u015fan seridir. Normalde \u00fc\u00e7 kitap olarak tasarlanm\u0131\u015f fakat sonradan d\u00f6rt kitaba \u00e7evrilmi\u015ftir. Seri ba\u015fta <strong>Miras \u00dc\u00e7lemesi<\/strong> olarak an\u0131l\u0131yordu, d\u00f6rd\u00fcnc\u00fc kitap kesinle\u015fince ismi <strong>Miras D\u00f6ng\u00fcs\u00fc<\/strong> oldu. T\u00fcm kitaplar dilimize kazand\u0131r\u0131lm\u0131\u015ft\u0131r.<\/p>\n","protected":false},"excerpt":{"rendered":"<p>Christopher Paolini&#8216;nin yazd\u0131\u011f\u0131, okurlar\u0131 taraf\u0131ndan olduk\u00e7a be\u011fenilen toplamda 4 kitaptan olu\u015fan seridir. Normalde \u00fc\u00e7 kitap olarak tasarlanm\u0131\u015f fakat sonradan d\u00f6rt kitaba \u00e7evrilmi\u015ftir. Seri ba\u015fta Miras \u00dc\u00e7lemesi olarak an\u0131l\u0131yordu, d\u00f6rd\u00fcnc\u00fc kitap kesinle\u015fince ismi Miras D\u00f6ng\u00fcs\u00fc oldu. T\u00fcm kitaplar dilimize kazand\u0131r\u0131lm\u0131\u015ft\u0131r.<\/p>\n","protected":false},"author":1,"featured_media":0,"parent":57,"menu_order":0,"comment_status":"open","ping_status":"closed","template":"","meta":{"_acf_changed":false,"footnotes":""},"class_list":["post-23","page","type-page","status-publish"],"acf":[],"_links":{"self":[{"href":"https:\/\/www.kayiprihtim.org\/portal\/wp-json\/wp\/v2\/pages\/23","targetHints":{"allow":["GET"]}}],"collection":[{"href":"https:\/\/www.kayiprihtim.org\/portal\/wp-json\/wp\/v2\/pages"}],"about":[{"href":"https:\/\/www.kayiprihtim.org\/portal\/wp-json\/wp\/v2\/types\/page"}],"author":[{"embeddable":true,"href":"https:\/\/www.kayiprihtim.org\/portal\/wp-json\/wp\/v2\/users\/1"}],"replies":[{"embeddable":true,"href":"https:\/\/www.kayiprihtim.org\/portal\/wp-json\/wp\/v2\/comments?post=23"}],"version-history":[{"count":0,"href":"https:\/\/www.kayiprihtim.org\/portal\/wp-json\/wp\/v2\/pages\/23\/revisions"}],"up":[{"embeddable":true,"href":"https:\/\/www.kayiprihtim.org\/portal\/wp-json\/wp\/v2\/pages\/57"}],"wp:attachment":[{"href":"https:\/\/www.kayiprihtim.org\/portal\/wp-json\/wp\/v2\/media?parent=23"}],"curies":[{"name":"wp","href":"https:\/\/api.w.org\/{rel}","templated":true}]}}