{"id":2303,"date":"2009-08-06T09:26:06","date_gmt":"2009-08-06T06:26:06","guid":{"rendered":"http:\/\/www.kayiprihtim.org\/portal\/?page_id=2303"},"modified":"2012-01-31T10:27:27","modified_gmt":"2012-01-31T08:27:27","slug":"vampirler-cadilar-hayaletler-ve-baska-bilinmeyenler","status":"publish","type":"page","link":"https:\/\/www.kayiprihtim.org\/portal\/kitaplar\/vampirler-cadilar-hayaletler-ve-baska-bilinmeyenler\/","title":{"rendered":"Vampirler, Cad\u0131lar, Hayaletler ve Ba\u015fka Bilinmeyenler"},"content":{"rendered":"<table style=\"border: thin outset; border-collapse: collapse; height: 30px; width: 470px;\" border=\"0\" cellpadding=\"2\">\n<tbody>\n<tr>\n<td width=\"30%\" bgcolor=\"#330000\"><span style=\"font-family: Verdana; color: #ffffff;\"><strong>VAMP\u0130RLER, CADILAR, HAYALETLER VE BA\u015eKA B\u0130L\u0130NMEYENLER<br \/>\n<\/strong><\/span><\/td>\n<\/tr>\n<\/tbody>\n<\/table>\n<table style=\"border-collapse: collapse; width: 462px; height: 250px;\" border=\"0\" cellspacing=\"0\" cellpadding=\"0\" bordercolor=\"#111111\">\n<tbody>\n<tr>\n<td width=\"58%\" align=\"center\" valign=\"top\">\n<table style=\"border-collapse: collapse; width: 315px; height: 248px;\" border=\"0\" cellspacing=\"2\">\n<tbody>\n<tr>\n<td width=\"100%\" align=\"right\">\n<table style=\"width: 310px; height: 88px;\" border=\"0\" cellspacing=\"0\">\n<tbody>\n<tr bgcolor=\"#D1C4A5\">\n<td width=\"39%\"><strong>Yazar<\/strong><\/td>\n<td width=\"3%\">:<\/td>\n<td width=\"51%\"><span style=\"color: #181512;\">Kerem Toprak<\/span><span style=\"color: #181512;\"><br \/>\n<\/span><\/td>\n<\/tr>\n<tr bgcolor=\"#E4DDCB\">\n<td><strong>Kapak Tasar\u0131m\u0131<\/strong><\/td>\n<td width=\"3%\">:<\/td>\n<td width=\"51%\">Ravza K\u0131z\u0131ltu\u011f<\/td>\n<\/tr>\n<tr bgcolor=\"#D1C4A5\">\n<td width=\"39%\"><strong>Edit\u00f6r<\/strong><strong><br \/>\n<\/strong><\/td>\n<td width=\"3%\">:<\/td>\n<td width=\"51%\">Sibel Talay<\/td>\n<\/tr>\n<tr bgcolor=\"#E4DDCB\">\n<td width=\"39%\"><strong>Haz\u0131rlayan<\/strong><\/td>\n<td width=\"3%\">:<\/td>\n<td width=\"51%\"><span style=\"color: #181512;\">Kerem Toprak<\/span><span style=\"color: #181512;\"><br \/>\n<\/span><\/td>\n<\/tr>\n<\/tbody>\n<\/table>\n<\/td>\n<\/tr>\n<tr>\n<td style=\"border-style: solid ridge ridge; border-width: 1px; padding-left: 4px; padding-right: 4px;\" width=\"100%\" bgcolor=\"#C0B18D\"><strong><span style=\"font-size: 9pt; font-family: Tahoma;\">Carpe Diem Kitaplar\u0131<br \/>\n<\/span><\/strong><\/td>\n<\/tr>\n<tr>\n<td width=\"100%\" align=\"right\">\n<table style=\"width: 310px; height: 88px;\" border=\"0\" cellspacing=\"0\">\n<tbody>\n<tr bgcolor=\"#D1C4A5\">\n<td width=\"39%\"><strong>\u00c7\u0131k\u0131\u015f Tarihi<\/strong><strong><br \/>\n<\/strong><\/td>\n<td width=\"3%\">:<\/td>\n<td width=\"51%\"><span style=\"color: #181512;\">A\u011fustos, 2009<\/span><span style=\"color: #181512;\"><br \/>\n<\/span><\/td>\n<\/tr>\n<tr bgcolor=\"#E4DDCB\">\n<td><strong>Sayfa Say\u0131s\u0131<\/strong><\/td>\n<td width=\"3%\">:<\/td>\n<td width=\"51%\">214<\/td>\n<\/tr>\n<tr bgcolor=\"#D1C4A5\">\n<td width=\"39%\"><strong>Fiyat\u0131<\/strong><\/td>\n<td width=\"3%\">:<\/td>\n<td width=\"51%\">7,50 TL<\/td>\n<\/tr>\n<tr bgcolor=\"#E4DDCB\">\n<td width=\"39%\"><strong>ISBN No<\/strong><\/td>\n<td width=\"3%\">:<\/td>\n<td width=\"51%\">9789756107652<\/td>\n<\/tr>\n<\/tbody>\n<\/table>\n<\/td>\n<\/tr>\n<\/tbody>\n<\/table>\n<\/td>\n<td width=\"39%\" align=\"left\" valign=\"top\">\n<p style=\"text-align: center;\">\n<p><a href=\"https:\/\/www.kayiprihtim.org\/portal\/gorsel\/vchvb.jpg\" target=\"_blank\"><img decoding=\"async\" src=\"https:\/\/www.kayiprihtim.org\/portal\/gorsel\/vchvb.jpg\" border=\"0\" alt=\"\" hspace=\"1\" width=\"140\" height=\"219\" class=\"aligncenter\"><\/a><\/td>\n<\/tr>\n<\/tbody>\n<\/table>\n<table style=\"border-collapse: collapse; width: 47%;\" border=\"0\" cellpadding=\"0\">\n<tbody>\n<tr>\n<td width=\"54%\">\n<table style=\"border-collapse: collapse; height: 147px; width: 470px;\" border=\"0\" cellspacing=\"0\" cellpadding=\"2\">\n<tbody>\n<tr>\n<td style=\"border-style: solid ridge ridge; border-width: 1px; padding-left: 4px; padding-right: 4px;\" width=\"98%\" bgcolor=\"#C0B18D\"><strong><span style=\"font-size: 9pt; font-family: Tahoma;\">Tan\u0131t\u0131m Yaz\u0131s\u0131<br \/>\n<\/span><\/strong><\/td>\n<\/tr>\n<tr>\n<td width=\"99%\" align=\"left\">\n<table style=\"width: 465px;\" border=\"0\">\n<tbody>\n<tr>\n<td style=\"border-style: outset; border-width: 1px;\" width=\"96%\" bgcolor=\"#D1C4A5\">\n<table style=\"border-collapse: collapse; width: 452px; height: 199px;\" border=\"0\" cellspacing=\"0\" cellpadding=\"5\" bgcolor=\"#D1C4A5\" bordercolor=\"#D1C4A5\">\n<tbody>\n<tr>\n<td width=\"96%\" bgcolor=\"#D1C4A5\">B\u00f6\u00f6\u00f6\u00f6\u00f6\u00f6!!! N&#8217;oldu? Korkmad\u0131n\u0131z m\u0131?! Korkmazs\u0131n\u0131z tabi. \u00c7\u00fcnk\u00fc elinizde tuttu\u011funuz bu kitab\u0131 hen\u00fcz okumad\u0131n\u0131z.<\/p>\n<p>Bu kitapta kan grubu ay\u0131rt etmeyen vampirlerin, bast\u0131\u011f\u0131 yeri titreten devlerin, ne kadar duda\u011f\u0131 varsa havaya do\u011fru b\u00fczerek &#8220;Aauuuu!&#8221; diye uluyan kurt adamlar\u0131n, kollar\u0131n\u0131 havaya kald\u0131r\u0131p g\u00f6zlerini belirterek y\u00fcr\u00fcyen zombilerin, oraya buraya u\u00e7u\u015fan hayaletlerin, k\u0131sacas\u0131 \u015fu ana kadar &#8220;Tu destur!&#8221; dedi\u011finiz b\u00fct\u00fcn \u00f6c\u00fcl\u00fc b\u00f6c\u00fcl\u00fc mevzular\u0131n ger\u00e7ek \u00f6yk\u00fcs\u00fcn\u00fc okuyacaks\u0131n\u0131z.<\/p>\n<p>Ayr\u0131ca kimlerin kara b\u00fcy\u00fc yapt\u0131\u011f\u0131n\u0131, abrakadabra s\u00f6z\u00fcn\u00fcn ne manaya geldi\u011fini, cad\u0131l\u0131\u011f\u0131n hi\u00e7 de \u00f6yle sadece yellozluk alameti olmad\u0131\u011f\u0131n\u0131 \u00f6\u011freneceksiniz.<\/p>\n<p>B\u0131rak\u0131n, akl\u0131n\u0131z\u0131n kap\u0131lar\u0131 g\u0131c\u0131rdayarak ard\u0131na kadar a\u00e7\u0131ls\u0131n. Sak\u0131n ya\u011flamaya kalkmay\u0131n. \u00c7\u00fcnk\u00fc \u015fu ana kadar merak etti\u011finiz t\u00fcm bu gizemli mevzular\u0131n s\u0131rr\u0131, bu kitab\u0131n i\u00e7indeki g\u0131c\u0131rt\u0131larda sakl\u0131&#8230;<\/p>\n<p>\u015eimdi, emrivaki gibi olmas\u0131n ama kitab\u0131n arkas\u0131n\u0131 okumay\u0131 b\u0131rak\u0131p kapa\u011f\u0131n\u0131 a\u00e7\u0131n ve sarma\u015f\u0131klarla \u00e7evrili eski bir evin mezarl\u0131kl\u0131 bah\u00e7esine ilk ad\u0131m\u0131n\u0131z\u0131 at\u0131n. \u00c7\u00fcnk\u00fc sadece bu kitapta ya\u015fayan bir adam, ba\u015fkas\u0131na sordu\u011funuzda &#8220;Sa\u00e7malama bee!&#8221; dedirtecek t\u00fcm sorular\u0131n\u0131z\u0131n cevaplar\u0131n\u0131 bir bir vermek i\u00e7in, sallanan sandalyesinde oturmu\u015f sizi bekliyor.<\/p>\n<p>Hadi bakal\u0131m, kap\u0131ya usulca yana\u015f\u0131p, tokma\u011f\u0131n\u0131 yank\u0131l\u0131 yank\u0131l\u0131 &#8220;Takk! Takk! Takk!&#8221; diye vurun. G\u00f6r\u00fcnmeyen birinin &#8220;G\u0131c\u0131\u0131\u011f\u011frtt!&#8221; diye a\u00e7t\u0131\u011f\u0131 kap\u0131dan y\u00fcz\u00fcn\u00fcze vuran serin ve k\u00fcf kokulu bir r\u00fczg\u00e2rla beraber i\u00e7eri buyurun. Ho\u015f geldiniiiizz!!! Ha ha ha ha ha haa!!!<\/td>\n<\/tr>\n<\/tbody>\n<\/table>\n<\/td>\n<\/tr>\n<\/tbody>\n<\/table>\n<\/td>\n<\/tr>\n<\/tbody>\n<\/table>\n<\/td>\n<\/tr>\n<\/tbody>\n<\/table>\n","protected":false},"excerpt":{"rendered":"<p>VAMP\u0130RLER, CADILAR, HAYALETLER VE BA\u015eKA B\u0130L\u0130NMEYENLER Yazar : Kerem Toprak Kapak Tasar\u0131m\u0131 : Ravza K\u0131z\u0131ltu\u011f Edit\u00f6r : Sibel Talay Haz\u0131rlayan : Kerem Toprak Carpe Diem Kitaplar\u0131 \u00c7\u0131k\u0131\u015f Tarihi : A\u011fustos, 2009 Sayfa Say\u0131s\u0131 : 214 Fiyat\u0131 : 7,50 TL ISBN No : 9789756107652 Tan\u0131t\u0131m Yaz\u0131s\u0131 B\u00f6\u00f6\u00f6\u00f6\u00f6\u00f6!!! N&#8217;oldu? Korkmad\u0131n\u0131z m\u0131?! Korkmazs\u0131n\u0131z tabi. \u00c7\u00fcnk\u00fc elinizde tuttu\u011funuz bu [&hellip;]<\/p>\n","protected":false},"author":1,"featured_media":0,"parent":57,"menu_order":0,"comment_status":"open","ping_status":"closed","template":"","meta":{"_acf_changed":false,"footnotes":""},"class_list":["post-2303","page","type-page","status-publish"],"acf":[],"_links":{"self":[{"href":"https:\/\/www.kayiprihtim.org\/portal\/wp-json\/wp\/v2\/pages\/2303","targetHints":{"allow":["GET"]}}],"collection":[{"href":"https:\/\/www.kayiprihtim.org\/portal\/wp-json\/wp\/v2\/pages"}],"about":[{"href":"https:\/\/www.kayiprihtim.org\/portal\/wp-json\/wp\/v2\/types\/page"}],"author":[{"embeddable":true,"href":"https:\/\/www.kayiprihtim.org\/portal\/wp-json\/wp\/v2\/users\/1"}],"replies":[{"embeddable":true,"href":"https:\/\/www.kayiprihtim.org\/portal\/wp-json\/wp\/v2\/comments?post=2303"}],"version-history":[{"count":0,"href":"https:\/\/www.kayiprihtim.org\/portal\/wp-json\/wp\/v2\/pages\/2303\/revisions"}],"up":[{"embeddable":true,"href":"https:\/\/www.kayiprihtim.org\/portal\/wp-json\/wp\/v2\/pages\/57"}],"wp:attachment":[{"href":"https:\/\/www.kayiprihtim.org\/portal\/wp-json\/wp\/v2\/media?parent=2303"}],"curies":[{"name":"wp","href":"https:\/\/api.w.org\/{rel}","templated":true}]}}