{"id":23249,"date":"2012-10-08T22:54:18","date_gmt":"2012-10-08T19:54:18","guid":{"rendered":"http:\/\/www.kayiprihtim.org\/portal\/?page_id=23249"},"modified":"2012-10-23T14:37:08","modified_gmt":"2012-10-23T11:37:08","slug":"mumkun-olanin-sinirlari-bolum-5","status":"publish","type":"page","link":"https:\/\/www.kayiprihtim.org\/portal\/projeler\/the-witcher-kaderin-kilici-mumkun-olanin-sinirlari\/mumkun-olanin-sinirlari-bolum-5\/","title":{"rendered":"M\u00fcmk\u00fcn Olan\u0131n S\u0131n\u0131rlar\u0131 \u2013 B\u00f6l\u00fcm 5"},"content":{"rendered":"<p style=\"text-align: center;\"><img fetchpriority=\"high\" decoding=\"async\" class=\"aligncenter size-full wp-image-21861\" style=\"border: 0px none;\" src=\"https:\/\/www.kayiprihtim.org\/portal\/gorsel\/mumkun-olanin-sinirlari-bolum-v.jpg\" alt=\"\" width=\"650\" height=\"100\"><\/p>\n<table style=\"width: 650px;\" border=\"0\" align=\"center\">\n<tbody>\n<tr>\n<td style=\"padding: 5px; width: 550px;\">\n<p style=\"text-indent: 0.4cm; text-align: justify;\"><span style=\"font-family: Segoe UI,helvetica,sans-serif; font-size: medium;\">\u201cYennefer.\u201d<\/span><\/p>\n<p style=\"text-indent: 0.4cm; text-align: justify;\"><span style=\"font-family: Segoe UI,helvetica,sans-serif; font-size: medium;\">Kad\u0131n d\u00f6nd\u00fc\u011f\u00fcnde yalandan \u015fa\u015f\u0131rm\u0131\u015f numaras\u0131 yapt\u0131. Onun ad\u0131mlar\u0131n\u0131 uzaktan duydu\u011funu biliyordu ba\u011f\u0131c\u0131. Tahta bir k\u00e2seyi yere b\u0131rak\u0131p ba\u015f\u0131n\u0131 kald\u0131r\u0131rken aln\u0131na d\u00fc\u015fen bir tutam sa\u00e7\u0131 geriye itti. K\u0131v\u0131rc\u0131k bukleleri \u015fimdi alt\u0131n t\u00fclden kurtuldu\u011fu i\u00e7in omuzlar\u0131na inmi\u015fti.<\/span><\/p>\n<p style=\"text-indent: 0.4cm; text-align: justify;\"><span style=\"font-family: Segoe UI,helvetica,sans-serif; font-size: medium;\">\u201cGeralt.\u201d<\/span><\/p>\n<p style=\"text-indent: 0.4cm; text-align: justify;\"><span style=\"font-family: Segoe UI,helvetica,sans-serif; font-size: medium;\">Genelde oldu\u011fu gibi sadece iki renkli bir \u015fey giymi\u015fti &#8211; beyaz ve siyah. Sa\u00e7\u0131 ve uzun siyah kirpikleri g\u00f6zlerinin rengini saklad\u0131\u011f\u0131ndan tahmine davetiye \u00e7\u0131kar\u0131yordu. Siyah bir elbise, beyaz k\u00fcrkl\u00fc yakas\u0131 olan k\u00fc\u00e7\u00fck siyah bir deri yelek, iyi kuma\u015ftan beyaz bir tunik&#8230; Boynunun etraf\u0131nda, k\u00fc\u00e7\u00fck elmaslarla s\u00fcslenmi\u015f siyah kadifeden kurdelenin ucunda obsidyenden bir y\u0131ld\u0131z vard\u0131.<\/span><\/p>\n<p style=\"text-indent: 0.4cm; text-align: justify;\"><span style=\"font-family: Segoe UI,helvetica,sans-serif; font-size: medium;\">\u201cHi\u00e7 de\u011fi\u015fmemi\u015fsin Yennefer.\u201d<\/span><\/p>\n<p style=\"text-indent: 0.4cm; text-align: justify;\"><span style=\"font-family: Segoe UI,helvetica,sans-serif; font-size: medium;\">\u201cSen de \u00f6yle.\u201d Dudaklar\u0131 bir \u00e7izgi olu\u015fturmu\u015ftu. \u201cHer iki durumda da bundan daha normal bir \u015fey yok. Ya da e\u011fer b\u00f6ylesini tercih edersen daha anormal\u2026 Ama zaman\u0131n g\u00f6r\u00fcn\u00fc\u015f\u00fcm\u00fcze olan etkilerinden bahsetmek, \u00e7ok iyi bir ba\u015flang\u0131\u00e7 konu\u015fmas\u0131 olsa da biraz sa\u00e7ma, sence de \u00f6yle de\u011fil mi?\u201d<\/span><\/p>\n<p style=\"text-indent: 0.4cm; text-align: justify;\"><span style=\"font-family: Segoe UI,helvetica,sans-serif; font-size: medium;\">\u201cBu do\u011fru.\u201d<\/span><\/p>\n<p style=\"text-indent: 0.4cm; text-align: justify;\"><span style=\"font-family: Segoe UI,helvetica,sans-serif; font-size: medium;\">Adam ba\u015f\u0131n\u0131 kald\u0131r\u0131p, vagonlar\u0131n karanl\u0131k g\u00f6lgeleri taraf\u0131ndan gizlenmi\u015f olan kraliyet ok\u00e7ular\u0131n\u0131n yakt\u0131\u011f\u0131 kamp ate\u015finin ayd\u0131nlatt\u0131\u011f\u0131 Niedamir&#8217;in \u00e7ad\u0131r\u0131n\u0131n kenar\u0131na bakt\u0131.<\/span><\/p>\n<p style=\"text-indent: 0.4cm; text-align: justify;\"><span style=\"font-family: Segoe UI,helvetica,sans-serif; font-size: medium;\">Daha ilerdeki bir kamp ate\u015finin yan\u0131nda Jaskier&#8217;in &#8216;Yolun \u00dcst\u00fcndeki Y\u0131ld\u0131zlar&#8217; adl\u0131 en ba\u015far\u0131l\u0131 romantik \u015fark\u0131lar\u0131ndan birini s\u00f6yleyen notal\u0131 sesini duydular.<\/span><\/p>\n<p style=\"text-indent: 0.4cm; text-align: justify;\"><span style=\"font-family: Segoe UI,helvetica,sans-serif; font-size: medium;\">\u201cKesinlikle,\u201d dedi b\u00fcy\u00fcc\u00fc. \u201cA\u00e7\u0131l\u0131\u015f konu\u015fmas\u0131 sona erdi, ne s\u00f6ylemek istiyordun? Dinliyorum.\u201d<\/span><\/p>\n<p style=\"text-indent: 0.4cm; text-align: justify;\"><span style=\"font-family: Segoe UI,helvetica,sans-serif; font-size: medium;\">\u201cG\u00f6r\u00fcyorsun ya Yennefer&#8230;\u201d<\/span><\/p>\n<p style=\"text-indent: 0.4cm; text-align: justify;\"><span style=\"font-family: Segoe UI,helvetica,sans-serif; font-size: medium;\">\u201cG\u00f6r\u00fcyorum,\u201d diye araya girdi kad\u0131n, k\u0131zg\u0131nca. \u201cAma anlam\u0131yorum. Buradaki varl\u0131\u011f\u0131n\u0131n sebebi nedir Geralt? Ejderha olmad\u0131\u011f\u0131 kesin. O bak\u0131\u015f a\u00e7\u0131nda hi\u00e7bir \u015feyin de\u011fi\u015fmedi\u011fini d\u00fc\u015f\u00fcn\u00fcyorum.\u201d<\/span><\/p>\n<p style=\"text-indent: 0.4cm; text-align: justify;\"><span style=\"font-family: Segoe UI,helvetica,sans-serif; font-size: medium;\">\u201cHay\u0131r. Hi\u00e7bir \u015fey de\u011fi\u015fmedi.\u201d<\/span><\/p>\n<p style=\"text-indent: 0.4cm; text-align: justify;\"><span style=\"font-family: Segoe UI,helvetica,sans-serif; font-size: medium;\">\u201cO zaman neden bize kat\u0131l\u0131yorsun?\u201d<\/span><\/p>\n<p style=\"text-indent: 0.4cm; text-align: justify;\"><span style=\"font-family: Segoe UI,helvetica,sans-serif; font-size: medium;\">\u201cSebebinin sen oldu\u011funu s\u00f6ylesem bana inan\u0131r m\u0131s\u0131n?\u201d<\/span><\/p>\n<p style=\"text-indent: 0.4cm; text-align: justify;\"><span style=\"font-family: Segoe UI,helvetica,sans-serif; font-size: medium;\">Adama sessizlik i\u00e7inde bakt\u0131. Parlak g\u00f6zleri ho\u015fnutsuz bir \u015feyler ifade ediyordu.<\/span><\/p>\n<p style=\"text-indent: 0.4cm; text-align: justify;\"><span style=\"font-family: Segoe UI,helvetica,sans-serif; font-size: medium;\">\u201cSana inan\u0131yorum,\u201d dedi en sonunda. \u201cNeden olmas\u0131n? Erkekler eski sevgililerini yeniden g\u00f6rmeyi, eski g\u00fcnlerden bahsetmeyi severler. Ge\u00e7mi\u015f a\u015fk ili\u015fkilerinin, eski sevgililerinin \u00fczerinde s\u00fcrekli bir h\u00e2kimiyeti temin etti\u011fini hayal etmekten zevk al\u0131rlar. Kendinize g\u00fcveniniz i\u00e7in iyi gelir. G\u00f6r\u00fcn\u00fc\u015fe g\u00f6re sen de istisna de\u011filsin.\u201d<\/span><\/p>\n<p style=\"text-indent: 0.4cm; text-align: justify;\"><span style=\"font-family: Segoe UI,helvetica,sans-serif; font-size: medium;\">\u201cG\u00f6r\u00fcn\u00fc\u015fe bak\u0131l\u0131rsa \u00f6yle,\u201d dedi adam, g\u00fclerek. \u201cHakl\u0131s\u0131n Yennefer. Seni g\u00f6rmek kendime g\u00fcvenimi artt\u0131rd\u0131. Ba\u015fka bir deyi\u015fle seni g\u00f6rd\u00fc\u011f\u00fcme sevindim.\u201d<\/span><\/p>\n<p style=\"text-indent: 0.4cm; text-align: justify;\"><span style=\"font-family: Segoe UI,helvetica,sans-serif; font-size: medium;\">\u201cHepsi bu kadar m\u0131? Pek\u00e2l\u00e2, diyelim ki ben de seni g\u00f6rd\u00fc\u011f\u00fcme sevindim. \u015eimdi ikimiz de ho\u015fnut oldu\u011fumuza g\u00f6re sana iyi geceler dilerim. Ben yatmaya gidiyorum. Ondan \u00f6nce bir banyo yapmak istiyorum yani soyunmam gerekecek. Senden kibarca buradan gitmeni ve bana birazc\u0131k mahremiyet sa\u011flaman\u0131 rica ediyorum. \u201c<\/span><\/p>\n<p style=\"text-indent: 0.4cm; text-align: justify;\"><span style=\"font-family: Segoe UI,helvetica,sans-serif; font-size: medium;\">\u201cYen.\u201d<\/span><\/p>\n<p style=\"text-indent: 0.4cm; text-align: justify;\"><span style=\"font-family: Segoe UI,helvetica,sans-serif; font-size: medium;\">Eli kad\u0131na uzand\u0131.<\/span><\/p>\n<p style=\"text-indent: 0.4cm; text-align: justify;\"><span style=\"font-family: Segoe UI,helvetica,sans-serif; font-size: medium;\">\u201cBana \u00f6yle deme!\u201d diye t\u0131slad\u0131 kad\u0131n \u00f6fkeyle geri \u00e7ekilerek. Adama ni\u015fanlad\u0131\u011f\u0131 parmaklar\u0131ndan mavi ve k\u0131rm\u0131z\u0131 k\u0131v\u0131lc\u0131mlar u\u00e7u\u015fuyordu. \u201cE\u011fer bana dokunursan g\u00f6zlerini yakar\u0131m pi\u00e7 herif.\u201d<\/span><\/p>\n<p style=\"text-indent: 0.4cm; text-align: justify;\"><span style=\"font-family: Segoe UI,helvetica,sans-serif; font-size: medium;\">Ba\u011f\u0131c\u0131 geri ad\u0131m att\u0131. B\u00fcy\u00fcc\u00fc biraz sakinle\u015fip aln\u0131na d\u00fc\u015fen sa\u00e7lar\u0131n\u0131 geri itti. Elleri kal\u00e7alar\u0131nda oldu\u011fu halde adam\u0131n \u00f6n\u00fcnde duruyordu.<\/span><\/p>\n<p style=\"text-indent: 0.4cm; text-align: justify;\"><span style=\"font-family: Segoe UI,helvetica,sans-serif; font-size: medium;\">\u201cNe san\u0131yordun Geralt? \u00d6yle ne\u015feli ve s\u0131radan \u015fekilde konu\u015facak m\u0131yd\u0131k? Eski zamanlar\u0131 m\u0131 hat\u0131rlayacakt\u0131k? Bu konu\u015fmadan sonra bir vagonda uzan\u0131p s\u0131rf haf\u0131zam\u0131z\u0131 tazelemek ad\u0131na k\u00fcrklerin \u00fczerinde sevi\u015fecek miydik? Bu mu yani?\u201d<\/span><\/p>\n<p style=\"text-indent: 0.4cm; text-align: justify;\"><span style=\"font-family: Segoe UI,helvetica,sans-serif; font-size: medium;\">B\u00fcy\u00fcc\u00fcn\u00fcn d\u00fc\u015f\u00fcnce okumay\u0131 m\u0131 bildi\u011finden yoksa sadece ba\u015far\u0131l\u0131 bir tahminde mi bulundu\u011fundan emin olamayan Geralt sessiz kald\u0131 ve \u00e7arp\u0131k bir bi\u00e7imde g\u00fcl\u00fcmsedi.<\/span><\/p>\n<p style=\"text-indent: 0.4cm; text-align: justify;\"><span style=\"font-family: Segoe UI,helvetica,sans-serif; font-size: medium;\">\u201cBu ge\u00e7en d\u00f6rt sene i\u015f g\u00f6rd\u00fc Geralt. Sonunda ac\u0131y\u0131 atlatmay\u0131 ba\u015fard\u0131m. Seni g\u00f6rd\u00fc\u011f\u00fcmde do\u011frudan surat\u0131na t\u00fck\u00fcrmememin tek nedeni budur. Nezaketimin seni aldatmas\u0131na izin verme.\u201d<\/span><\/p>\n<p style=\"text-indent: 0.4cm; text-align: justify;\"><span style=\"font-family: Segoe UI,helvetica,sans-serif; font-size: medium;\">\u201cYennefer&#8230;\u201d<\/span><\/p>\n<p style=\"text-indent: 0.4cm; text-align: justify;\"><span style=\"font-family: Segoe UI,helvetica,sans-serif; font-size: medium;\">\u201cKes sesini! Sana, ba\u015fka bir erke\u011fe verdi\u011fimden \u00e7ok daha fazlas\u0131n\u0131 verdim seni pislik. Seni neden se\u00e7ti\u011fimi kendim de bilmiyorum. Ve sen&#8230; Ah, hay\u0131r can\u0131m. Ertesi sabah masaya bir demet menek\u015fe koyup uyand\u0131rmadan b\u0131rak\u0131p gidebilece\u011fin, orman yolunda tesad\u00fcfen rast geldi\u011fin bir fahi\u015fe veya elf de\u011filim ben. Alay konusuna \u00e7evirebilece\u011fin bir k\u0131z de\u011filim. Dikkatli ol! Bir kelime bile daha edersen buna pi\u015fman olabilirsin.\u201d<\/span><\/p>\n<p style=\"text-indent: 0.4cm; text-align: justify;\"><span style=\"font-family: Segoe UI,helvetica,sans-serif; font-size: medium;\">Yennefer&#8217;in k\u00f6p\u00fcren \u00f6fkesini hisseden Geralt hi\u00e7bir \u015fey s\u00f6ylemedi. B\u00fcy\u00fcc\u00fc bir kere daha isyank\u00e2r buklelerini aln\u0131ndan \u00e7ekti. Onun g\u00f6zlerine odaklanm\u0131\u015ft\u0131.<\/span><\/p>\n<p style=\"text-indent: 0.4cm; text-align: justify;\"><span style=\"font-family: Segoe UI,helvetica,sans-serif; font-size: medium;\">\u201cKar\u015f\u0131la\u015ft\u0131k. \u00c7ok k\u00f6t\u00fc,\u201d diye devam etti k\u0131s\u0131k bir tonla. \u201cDi\u011ferleri i\u00e7in bir g\u00f6steri yapmayaca\u011f\u0131z. Sayg\u0131nl\u0131\u011f\u0131m\u0131z\u0131 koruyal\u0131m. \u0130yi dostmu\u015fuz gibi davranal\u0131m. Ama sak\u0131n hata edeyim deme Geralt, ikimizin aras\u0131nda bundan daha fazlas\u0131 olamaz. Asla olamaz, anlad\u0131n m\u0131? Buna sevinmelisin \u00e7\u00fcnk\u00fc bu senin i\u00e7in haz\u0131rlad\u0131\u011f\u0131m baz\u0131 planlardan vazge\u00e7ti\u011fim anlam\u0131na geliyor. Fakat seni affetti\u011fim anlam\u0131na gelmiyor. Seni asla affetmeyece\u011fim ba\u011f\u0131c\u0131. Asla.\u201d<\/span><\/p>\n<p style=\"text-indent: 0.4cm; text-align: justify;\"><span style=\"font-family: Segoe UI,helvetica,sans-serif; font-size: medium;\">Vah\u015fi bir bi\u00e7imde d\u00f6nd\u00fc. K\u00e2sesini yerden \u00f6yle \u015fiddetli bir \u015fekilde kald\u0131rm\u0131\u015ft\u0131 ki \u00fczerine s\u0131\u00e7rayan suyla \u0131sland\u0131 ve vagonun arkas\u0131nda kayboldu.<\/span><\/p>\n<p style=\"text-indent: 0.4cm; text-align: justify;\"><span style=\"font-family: Segoe UI,helvetica,sans-serif; font-size: medium;\">Geralt kula\u011f\u0131n\u0131n yan\u0131nda sinir bozucu bir ses \u00e7\u0131karan sivrisine\u011fi eliyle kovalad\u0131. Jaskier&#8217;\u0131n \u015fark\u0131s\u0131n\u0131n seyrek\u00e7e alk\u0131\u015fland\u0131\u011f\u0131 ate\u015fe do\u011fru yava\u015f\u00e7a y\u00fcr\u00fcd\u00fc.<\/span><\/p>\n<p style=\"text-indent: 0.4cm; text-align: justify;\"><span style=\"font-family: Segoe UI,helvetica,sans-serif; font-size: medium;\">Siyah, sivri tepeli da\u011flar\u0131n \u00fczerindeki a\u00e7\u0131k, koyu mavi semaya bakt\u0131.<\/span><\/p>\n<p style=\"text-indent: 0.4cm; text-align: justify;\"><span style=\"font-family: Segoe UI,helvetica,sans-serif; font-size: medium;\">G\u00fclmek istedi. Sebebini bilmiyordu.<\/span><\/p>\n<p style=\"text-align: center;\"><span style=\"font-size: small; font-family: times new roman,times;\">\u00ab <a title=\"M\u00fcmk\u00fcn Olan\u0131n S\u0131n\u0131rlar\u0131 \u2013 B\u00f6l\u00fcm 4\" href=\"https:\/\/www.kayiprihtim.org\/portal\/projeler\/the-witcher-kaderin-kilici-mumkun-olanin-sinirlari\/mumkun-olanin-sinirlari-bolum-4\/\"><strong>B\u00f6l\u00fcm 4<\/strong><\/a> &#8211; <a href=\"https:\/\/www.kayiprihtim.org\/portal\/projeler\/the-witcher-kaderin-kilici-mumkun-olanin-sinirlari\/mumkun-olanin-sinirlari-bolum-6\/\"><strong>B\u00f6l\u00fcm 6<\/strong><\/a> \u00bb<\/span><\/p>\n<\/td>\n<td class=\"alignright\" style=\"border: 2px solid #a99567; padding: 5px;\" align=\"right\" valign=\"top\">\n<p style=\"text-indent: 0.4cm; text-align: right;\"><span style=\"font-family: Segoe UI,helvetica,sans-serif; font-size: medium;\"><strong>B\u00f6l\u00fcmler<\/strong><\/span><\/p>\n<p style=\"text-indent: 0.4cm; text-align: right;\"><a href=\"https:\/\/www.kayiprihtim.org\/portal\/projeler\/the-witcher-kaderin-kilici-mumkun-olanin-sinirlari\/\"><strong>Giri\u015f<\/strong><\/a><\/p>\n<p style=\"text-indent: 0.4cm; text-align: right;\"><a href=\"https:\/\/www.kayiprihtim.org\/portal\/projeler\/the-witcher-kaderin-kilici-mumkun-olanin-sinirlari\/mumkun-olanin-sinirlari-bolum-1\/\"><strong>B\u00f6l\u00fcm I<\/strong><\/a><\/p>\n<p style=\"text-indent: 0.4cm; text-align: right;\"><a href=\"https:\/\/www.kayiprihtim.org\/portal\/projeler\/the-witcher-kaderin-kilici-mumkun-olanin-sinirlari\/mumkun-olanin-sinirlari-bolum-2\/\"><strong>B\u00f6l\u00fcm II<\/strong><\/a><\/p>\n<p style=\"text-indent: 0.4cm; text-align: right;\"><a href=\"https:\/\/www.kayiprihtim.org\/portal\/projeler\/the-witcher-kaderin-kilici-mumkun-olanin-sinirlari\/mumkun-olanin-sinirlari-bolum-3\/\"><strong>B\u00f6l\u00fcm III<\/strong><\/a><\/p>\n<p style=\"text-indent: 0.4cm; text-align: right;\"><a title=\"M\u00fcmk\u00fcn Olan\u0131n S\u0131n\u0131rlar\u0131 \u2013 B\u00f6l\u00fcm 4\" href=\"https:\/\/www.kayiprihtim.org\/portal\/projeler\/the-witcher-kaderin-kilici-mumkun-olanin-sinirlari\/mumkun-olanin-sinirlari-bolum-4\/\"><strong>B\u00f6l\u00fcm IV<\/strong><\/a><\/p>\n<p style=\"text-indent: 0.4cm; text-align: right;\"><span style=\"color: #993300;\"><strong>B\u00f6l\u00fcm V<\/strong><\/span><\/p>\n<p style=\"text-indent: 0.4cm; text-align: right;\"><a href=\"https:\/\/www.kayiprihtim.org\/portal\/projeler\/the-witcher-kaderin-kilici-mumkun-olanin-sinirlari\/mumkun-olanin-sinirlari-bolum-6\/\"><strong>B\u00f6l\u00fcm VI<\/strong><\/a><\/p>\n<p style=\"text-indent: 0.4cm; text-align: right;\"><a title=\"M\u00fcmk\u00fcn Olan\u0131n S\u0131n\u0131rlar\u0131 \u2013 B\u00f6l\u00fcm 7\" href=\"https:\/\/www.kayiprihtim.org\/portal\/projeler\/the-witcher-kaderin-kilici-mumkun-olanin-sinirlari\/mumkun-olanin-sinirlari-bolum-7\/\"><strong>B\u00f6l\u00fcm VII<\/strong><\/a><\/p>\n<p style=\"text-indent: 0.4cm; text-align: right;\"><a title=\"M\u00fcmk\u00fcn Olan\u0131n S\u0131n\u0131rlar\u0131 \u2013 B\u00f6l\u00fcm 8\" href=\"https:\/\/www.kayiprihtim.org\/portal\/projeler\/the-witcher-kaderin-kilici-mumkun-olanin-sinirlari\/mumkun-olanin-sinirlari-bolum-8\/\"><strong>B\u00f6l\u00fcm VIII<\/strong><\/a><\/p>\n<p style=\"text-indent: 0.4cm; text-align: justify;\">\n<\/td>\n<\/tr>\n<\/tbody>\n<\/table>\n","protected":false},"excerpt":{"rendered":"<p>\u201cYennefer.\u201d Kad\u0131n d\u00f6nd\u00fc\u011f\u00fcnde yalandan \u015fa\u015f\u0131rm\u0131\u015f numaras\u0131 yapt\u0131. Onun ad\u0131mlar\u0131n\u0131 uzaktan duydu\u011funu biliyordu ba\u011f\u0131c\u0131. Tahta bir k\u00e2seyi yere b\u0131rak\u0131p ba\u015f\u0131n\u0131 kald\u0131r\u0131rken aln\u0131na d\u00fc\u015fen bir tutam sa\u00e7\u0131 geriye itti. K\u0131v\u0131rc\u0131k bukleleri \u015fimdi alt\u0131n t\u00fclden kurtuldu\u011fu i\u00e7in omuzlar\u0131na inmi\u015fti. \u201cGeralt.\u201d Genelde oldu\u011fu gibi sadece iki renkli bir \u015fey giymi\u015fti &#8211; beyaz ve siyah. Sa\u00e7\u0131 ve uzun siyah kirpikleri [&hellip;]<\/p>\n","protected":false},"author":1,"featured_media":0,"parent":21840,"menu_order":0,"comment_status":"open","ping_status":"closed","template":"fullwidth.php","meta":{"_acf_changed":false,"footnotes":""},"class_list":["post-23249","page","type-page","status-publish"],"acf":[],"_links":{"self":[{"href":"https:\/\/www.kayiprihtim.org\/portal\/wp-json\/wp\/v2\/pages\/23249","targetHints":{"allow":["GET"]}}],"collection":[{"href":"https:\/\/www.kayiprihtim.org\/portal\/wp-json\/wp\/v2\/pages"}],"about":[{"href":"https:\/\/www.kayiprihtim.org\/portal\/wp-json\/wp\/v2\/types\/page"}],"author":[{"embeddable":true,"href":"https:\/\/www.kayiprihtim.org\/portal\/wp-json\/wp\/v2\/users\/1"}],"replies":[{"embeddable":true,"href":"https:\/\/www.kayiprihtim.org\/portal\/wp-json\/wp\/v2\/comments?post=23249"}],"version-history":[{"count":0,"href":"https:\/\/www.kayiprihtim.org\/portal\/wp-json\/wp\/v2\/pages\/23249\/revisions"}],"up":[{"embeddable":true,"href":"https:\/\/www.kayiprihtim.org\/portal\/wp-json\/wp\/v2\/pages\/21840"}],"wp:attachment":[{"href":"https:\/\/www.kayiprihtim.org\/portal\/wp-json\/wp\/v2\/media?parent=23249"}],"curies":[{"name":"wp","href":"https:\/\/api.w.org\/{rel}","templated":true}]}}