{"id":2384,"date":"2009-08-19T16:18:08","date_gmt":"2009-08-19T13:18:08","guid":{"rendered":"http:\/\/www.kayiprihtim.org\/portal\/?page_id=2384"},"modified":"2012-01-31T10:26:45","modified_gmt":"2012-01-31T08:26:45","slug":"gemma-doyle-uclemesi","status":"publish","type":"page","link":"https:\/\/www.kayiprihtim.org\/portal\/kitaplar\/gemma-doyle-uclemesi\/","title":{"rendered":"Gemma Doyle \u00dc\u00e7lemesi"},"content":{"rendered":"<table style=\"border: thin outset; border-collapse: collapse; height: 30px; width: 470px;\" border=\"0\" cellpadding=\"2\">\n<tbody>\n<tr>\n<td width=\"30%\" bgcolor=\"#330000\"><span style=\"font-family: Verdana; color: #ffffff;\"><strong>M\u00dcTH\u0130\u015e ve KORKUN\u00c7 G\u00dcZEL<br \/>\n<\/strong><\/span><\/td>\n<\/tr>\n<\/tbody>\n<\/table>\n<table style=\"border-collapse: collapse; width: 462px; height: 250px;\" border=\"0\" cellspacing=\"0\" cellpadding=\"0\" bordercolor=\"#111111\">\n<tbody>\n<tr>\n<td width=\"58%\" align=\"center\" valign=\"top\">\n<table style=\"border-collapse: collapse; width: 315px; height: 248px;\" border=\"0\" cellspacing=\"2\">\n<tbody>\n<tr>\n<td width=\"100%\" align=\"right\">\n<table style=\"width: 310px; height: 88px;\" border=\"0\" cellspacing=\"0\">\n<tbody>\n<tr bgcolor=\"#D1C4A5\">\n<td width=\"39%\"><strong>Yazar<\/strong><\/td>\n<td width=\"3%\">:<\/td>\n<td width=\"51%\">Libba Bray<\/td>\n<\/tr>\n<tr bgcolor=\"#E4DDCB\">\n<td><strong>\u00c7eviren<\/strong><\/td>\n<td width=\"3%\">:<\/td>\n<td width=\"51%\"><span style=\"color: #181512;\">Zeynep Heyzen Ate\u015f<\/span><span style=\"color: #181512;\"><br \/>\n<\/span><\/td>\n<\/tr>\n<tr bgcolor=\"#D1C4A5\">\n<td width=\"39%\"><strong>Orijinal Ad\u0131<br \/>\n<\/strong><\/td>\n<td width=\"3%\">:<\/td>\n<td width=\"51%\">A. Great and Terrible Beauty<\/td>\n<\/tr>\n<tr bgcolor=\"#E4DDCB\">\n<td width=\"39%\"><strong>Yay\u0131n Y\u00f6netmeni<\/strong><\/td>\n<td width=\"3%\">:<\/td>\n<td width=\"51%\">Ilg\u0131n S\u00f6nmez Toydemir<\/td>\n<\/tr>\n<\/tbody>\n<\/table>\n<\/td>\n<\/tr>\n<tr>\n<td style=\"border-style: solid ridge ridge; border-width: 1px; padding-left: 4px; padding-right: 4px;\" width=\"100%\" bgcolor=\"#C0B18D\"><strong><span style=\"font-size: 9pt; font-family: Tahoma;\">Artemis Yay\u0131nlar\u0131<br \/>\n<\/span><\/strong><\/td>\n<\/tr>\n<tr>\n<td width=\"100%\" align=\"right\">\n<table style=\"width: 310px; height: 88px;\" border=\"0\" cellspacing=\"0\">\n<tbody>\n<tr bgcolor=\"#D1C4A5\">\n<td width=\"39%\"><strong>\u00c7\u0131k\u0131\u015f Tarihi<\/strong><\/td>\n<td width=\"3%\">:<\/td>\n<td width=\"51%\">A\u011fustos 2008<\/td>\n<\/tr>\n<tr bgcolor=\"#E4DDCB\">\n<td><strong>Sayfa Say\u0131s\u0131<\/strong><\/td>\n<td width=\"3%\">:<\/td>\n<td width=\"51%\">504<\/td>\n<\/tr>\n<tr bgcolor=\"#D1C4A5\">\n<td width=\"39%\"><strong>Fiyat\u0131<\/strong><\/td>\n<td width=\"3%\">:<\/td>\n<td width=\"51%\">18,00 TL<\/td>\n<\/tr>\n<tr bgcolor=\"#E4DDCB\">\n<td width=\"39%\"><strong>ISBN No<\/strong><\/td>\n<td width=\"3%\">:<\/td>\n<td width=\"51%\">9786050058482<\/td>\n<\/tr>\n<\/tbody>\n<\/table>\n<\/td>\n<\/tr>\n<\/tbody>\n<\/table>\n<\/td>\n<td width=\"39%\" align=\"left\" valign=\"top\">\n<p style=\"text-align: center;\">\n<p><a href=\"https:\/\/www.kayiprihtim.org\/portal\/gorsel\/muthisvekorkuncguzel.jpg\" target=\"_blank\"><img decoding=\"async\" src=\"https:\/\/www.kayiprihtim.org\/portal\/gorsel\/muthisvekorkuncguzel.jpg\" border=\"0\" alt=\"\" hspace=\"1\" width=\"140\" height=\"219\" class=\"aligncenter\"><\/a><\/td>\n<\/tr>\n<\/tbody>\n<\/table>\n<table style=\"border-collapse: collapse; width: 47%;\" border=\"0\" cellpadding=\"0\">\n<tbody>\n<tr>\n<td width=\"54%\">\n<table style=\"border-collapse: collapse; height: 147px; width: 470px;\" border=\"0\" cellspacing=\"0\" cellpadding=\"2\">\n<tbody>\n<tr>\n<td style=\"border-style: solid ridge ridge; border-width: 1px; padding-left: 4px; padding-right: 4px;\" width=\"98%\" bgcolor=\"#C0B18D\"><strong><span style=\"font-size: 9pt; font-family: Tahoma;\">Tan\u0131t\u0131m Yaz\u0131s\u0131<br \/>\n<\/span><\/strong><\/td>\n<\/tr>\n<tr>\n<td width=\"99%\" align=\"left\">\n<table style=\"width: 465px;\" border=\"0\">\n<tbody>\n<tr>\n<td style=\"border-style: outset; border-width: 1px;\" width=\"96%\" bgcolor=\"#D1C4A5\">\n<table style=\"border-collapse: collapse; width: 452px; height: 199px;\" border=\"0\" cellspacing=\"0\" cellpadding=\"5\" bgcolor=\"#D1C4A5\" bordercolor=\"#D1C4A5\">\n<tbody>\n<tr>\n<td width=\"96%\" bgcolor=\"#D1C4A5\">Sene 1895; 16 ya\u015f\u0131ndaki Gemma Doyle annesinin \u00f6l\u00fcm\u00fcn\u00fcn ard\u0131ndan Hindistan&#8217;daki hayat\u0131n\u0131 b\u0131rak\u0131p gemiyle \u0130ngiltere&#8217;deki yat\u0131l\u0131 okul Spence&#8217;e ta\u015f\u0131n\u0131yor. Yeni okulunda beklemedi\u011fi so\u011fuk bir ortamla kar\u015f\u0131la\u015fan, yapayaln\u0131z ve ac\u0131lar i\u00e7indeki Gemma, gelece\u011fi g\u00f6ren bir k\u0131z ve gizemli, gen\u00e7 bir Hintli taraf\u0131ndan takip ediliyor. Pe\u015findeki delikanl\u0131, Gemma&#8217;y\u0131, g\u00f6rd\u00fc\u011f\u00fc imgelere zihnini kapatmas\u0131 konusunda uyar\u0131yor.<\/p>\n<p>Spence&#8217;in en g\u00fc\u00e7l\u00fc k\u0131zlar\u0131yla yak\u0131nla\u015ft\u0131k\u00e7a do\u011fa\u00fcst\u00fc olaylar\u0131 \u00e7ekme g\u00fcc\u00fcn\u00fcn fark\u0131na giderek daha \u00e7ok varan Gemma, annesinin de ge\u00e7mi\u015fte karanl\u0131k ve ebedi bir grupla ili\u015fki i\u00e7inde oldu\u011funu ke\u015ffediyor. Kaderi onu bekliyor&#8230;<\/p>\n<p>Ancak Gemma bu kadere inanmakta g\u00fc\u00e7l\u00fck \u00e7ekiyor.<\/p>\n<p>&#8220;\u0130lkgen\u00e7lik y\u0131llar\u0131 gibi modern kavramlara da de\u011finen, gotik bir roman; tutku ve deh\u015fetle sars\u0131yor.&#8221;<br \/>\n<strong>~Kirkus<\/strong><\/p>\n<p>&#8220;G\u00fcn\u00fcm\u00fcz gen\u00e7lerinin mutlaka ke\u015ffetmesi gereken, heyecan dolu ve d\u00fc\u015f\u00fcnmeye iten bir roman.&#8221;<br \/>\n<strong>~Voya<\/strong><\/p>\n<p>Arkada\u015flar hepinize \u015fiddetle \u00f6nerdi\u011fim, geceleri uykumu ka\u00e7\u0131r\u0131p meraktan \u00e7atlat\u0131p bana ge\u00e7 de olsa cevaplar\u0131 vermi\u015f olan, akl\u0131n\u0131z\u0131 me\u015fgul edecek ve \u00fc\u00e7lemenin di\u011fer iki kitab\u0131n\u0131n da \u00e7\u0131kmas\u0131 i\u00e7in deste\u011finize, ilginize ihtiyac\u0131 olan bir kitap! \u015eiddetle \u00f6neriyorum! Verecek oldu\u011funuz paraya, g\u00f6zlerinizi yorman\u0131za de\u011fecek, emin olun!<br \/>\n<strong>~cactus<\/strong><\/td>\n<\/tr>\n<\/tbody>\n<\/table>\n<\/td>\n<\/tr>\n<\/tbody>\n<\/table>\n<\/td>\n<\/tr>\n<\/tbody>\n<\/table>\n<\/td>\n<\/tr>\n<\/tbody>\n<\/table>\n<p><span style=\"color: #E4DDCB;\">&#8211;<\/span><\/p>\n<table style=\"border: thin outset; border-collapse: collapse; height: 30px; width: 470px;\" border=\"0\" cellpadding=\"2\">\n<tbody>\n<tr>\n<td width=\"30%\" bgcolor=\"#330000\"><span style=\"font-family: Verdana; color: #ffffff;\"><strong><a name=\"2\"><\/a>AS\u0130 MELEKLER<\/strong><\/span><span style=\"font-family: Verdana; color: #333333;\"><strong> <\/strong><\/span><\/td>\n<\/tr>\n<\/tbody>\n<\/table>\n<table style=\"border-collapse: collapse; width: 462px; height: 250px;\" border=\"0\" cellspacing=\"0\" cellpadding=\"0\" bordercolor=\"#111111\">\n<tbody>\n<tr>\n<td width=\"58%\" align=\"center\" valign=\"top\">\n<table style=\"border-collapse: collapse; width: 315px; height: 248px;\" border=\"0\" cellspacing=\"2\">\n<tbody>\n<tr>\n<td width=\"100%\" align=\"right\">\n<table style=\"width: 310px; height: 88px;\" border=\"0\" cellspacing=\"0\">\n<tbody>\n<tr bgcolor=\"#D1C4A5\">\n<td width=\"39%\"><strong>Yazar<\/strong><\/td>\n<td width=\"3%\">:<\/td>\n<td width=\"51%\">Libba Bray<\/td>\n<\/tr>\n<tr bgcolor=\"#E4DDCB\">\n<td><strong>\u00c7eviren<\/strong><\/td>\n<td width=\"3%\">:<\/td>\n<td width=\"51%\"><span style=\"color: #181512;\">Zeynep Heyzen Ate\u015f<\/span><span style=\"color: #181512;\"><br \/>\n<\/span><\/td>\n<\/tr>\n<tr bgcolor=\"#D1C4A5\">\n<td width=\"39%\"><strong>\u00d6zg\u00fcn Ad\u0131<\/strong><strong> <\/strong><\/td>\n<td width=\"3%\">:<\/td>\n<td width=\"51%\">Rebel Angels<\/td>\n<\/tr>\n<tr bgcolor=\"#E4DDCB\">\n<td width=\"39%\"><strong>Yay\u0131n Y\u00f6netmeni<\/strong><\/td>\n<td width=\"3%\">:<\/td>\n<td width=\"51%\">Ilg\u0131n S\u00f6nmez Toydemir<\/td>\n<\/tr>\n<\/tbody>\n<\/table>\n<\/td>\n<\/tr>\n<tr>\n<td style=\"border-style: solid ridge ridge; border-width: 1px; padding-left: 4px; padding-right: 4px;\" width=\"100%\" bgcolor=\"#C0B18D\"><strong><span style=\"font-size: 9pt; font-family: Tahoma;\">Artemis <\/span><\/strong><strong><span style=\"font-size: 9pt; font-family: Tahoma;\">Yay\u0131nlar\u0131<\/span><\/strong><\/td>\n<\/tr>\n<tr>\n<td width=\"100%\" align=\"right\">\n<table style=\"width: 310px; height: 88px;\" border=\"0\" cellspacing=\"0\">\n<tbody>\n<tr bgcolor=\"#D1C4A5\">\n<td width=\"39%\"><strong>\u00c7\u0131k\u0131\u015f Tarihi<\/strong><\/td>\n<td width=\"3%\">:<\/td>\n<td width=\"51%\">A\u011fustos 2009<\/td>\n<\/tr>\n<tr bgcolor=\"#E4DDCB\">\n<td><strong>Sayfa Say\u0131s\u0131<\/strong><\/td>\n<td width=\"3%\">:<\/td>\n<td width=\"51%\">642<\/td>\n<\/tr>\n<tr bgcolor=\"#D1C4A5\">\n<td width=\"39%\"><strong>Fiyat\u0131<\/strong><\/td>\n<td width=\"3%\">:<\/td>\n<td width=\"51%\">20,00 TL<\/td>\n<\/tr>\n<tr bgcolor=\"#E4DDCB\">\n<td width=\"39%\"><strong>ISBN No<\/strong><\/td>\n<td width=\"3%\">:<\/td>\n<td width=\"51%\">978-605-4228-19-5<\/td>\n<\/tr>\n<\/tbody>\n<\/table>\n<\/td>\n<\/tr>\n<\/tbody>\n<\/table>\n<\/td>\n<td width=\"39%\" align=\"left\" valign=\"top\">\n<p style=\"text-align: center;\">\n<p><a href=\"https:\/\/www.kayiprihtim.org\/portal\/gorsel\/asi-melekler290x446.jpg\" target=\"_blank\"><img decoding=\"async\" src=\"https:\/\/www.kayiprihtim.org\/portal\/gorsel\/asi-melekler290x446.jpg\" border=\"0\" alt=\"\" hspace=\"1\" width=\"140\" height=\"219\" class=\"aligncenter\"><\/a><\/td>\n<\/tr>\n<\/tbody>\n<\/table>\n<table style=\"border-collapse: collapse; width: 47%;\" border=\"0\" cellpadding=\"0\">\n<tbody>\n<tr>\n<td width=\"54%\">\n<table style=\"border-collapse: collapse; height: 147px; width: 470px;\" border=\"0\" cellspacing=\"0\" cellpadding=\"2\">\n<tbody>\n<tr>\n<td style=\"border-style: solid ridge ridge; border-width: 1px; padding-left: 4px; padding-right: 4px;\" width=\"98%\" bgcolor=\"#C0B18D\"><strong><span style=\"font-size: 9pt; font-family: Tahoma;\">Tan\u0131t\u0131m Yaz\u0131s\u0131<br \/>\n<\/span><\/strong><\/td>\n<\/tr>\n<tr>\n<td width=\"99%\" align=\"left\">\n<table style=\"width: 465px;\" border=\"0\">\n<tbody>\n<tr>\n<td style=\"border-style: outset; border-width: 1px;\" width=\"96%\" bgcolor=\"#D1C4A5\">\n<table style=\"border-collapse: collapse; width: 452px; height: 199px;\" border=\"0\" cellspacing=\"0\" cellpadding=\"5\" bgcolor=\"#D1C4A5\" bordercolor=\"#D1C4A5\">\n<tbody>\n<tr>\n<td width=\"96%\" bgcolor=\"#D1C4A5\">Y\u0131l\u0131n sonu. Ve Gemma bu g\u00fcnleri Londra&#8217;da doyas\u0131ya ya\u015famak i\u00e7in sab\u0131rs\u0131zlan\u0131yor. Balolar, \u015fatafatl\u0131 tuvaletler ve yak\u0131\u015f\u0131kl\u0131 Simon Middleton&#8217;la yapaca\u011f\u0131 danslar!<\/p>\n<p>\u0130\u015fin en iyi taraf\u0131 da \u015fu ki, bir s\u00fcreli\u011fine bile olsa Spence Akademisi&#8217;nden uzakla\u015fabilecek.<br \/>\nYaln\u0131z, b\u00fcy\u00fcl\u00fc d\u00fcnyan\u0131n cazibesi kuvvetli ve sihir her yerde serbest\u00e7e dola\u015f\u0131yor. Bu arada Gemma imgeler g\u00f6rmeye de h\u0131zla devam ediyor.<br \/>\nKorku ve tehditle kar\u015f\u0131 kar\u015f\u0131ya kalan, beyaz elbiseler i\u00e7inde \u00fc\u00e7 k\u0131z&#8230;<br \/>\nBelli ki i\u015fler imgeler d\u00fcnyas\u0131nda da yolunda de\u011fil.<br \/>\nAhlaki de\u011ferlerin kat\u0131n\u0131n \u00f6tesine ge\u00e7ti\u011fi ve duygular\u0131n g\u00fc\u00e7 bela bast\u0131r\u0131ld\u0131\u011f\u0131 g\u00fcnlerde, g\u00f6lge ve \u0131\u015f\u0131\u011f\u0131n \u015fehrinde, Viktorya d\u00f6nemi Londra&#8217;s\u0131n\u0131n arka plan\u0131 s\u00fcsledi\u011fi bu ba\u015ftan \u00e7\u0131kart\u0131c\u0131 gotik seriye ba\u011flanacaks\u0131n\u0131z.<\/p>\n<p>Kusursuz g\u00fczelli\u011fin yaratt\u0131\u011f\u0131 g\u00f6lgenin ard\u0131nda sakl\u0131 asi bir melekle tan\u0131\u015facaks\u0131n\u0131z!<\/p>\n<p>&#8220;\u0130lkgen\u00e7lik y\u0131llar\u0131 gibi modern kavramlara da de\u011finen, gotik bir roman; tutku ve deh\u015fetle sars\u0131yor.&#8221;<br \/>\n<strong>-Kirkus-<\/strong><\/p>\n<p>&#8220;S\u00fcr\u00fckleyici ve gerilimli. Renkli&#8230; B\u00fcy\u00fcleyici!&#8221;<br \/>\n<strong>-Publishers Weekly-<\/strong><\/p>\n<p>&#8220;Heyecan yarat\u0131yor ve insan\u0131 d\u00fc\u015f\u00fcnmeye itiyor.&#8221;<br \/>\n<strong>-Voya&#8211;<\/strong><\/td>\n<\/tr>\n<\/tbody>\n<\/table>\n<\/td>\n<\/tr>\n<\/tbody>\n<\/table>\n<\/td>\n<\/tr>\n<\/tbody>\n<\/table>\n<\/td>\n<\/tr>\n<\/tbody>\n<\/table>\n","protected":false},"excerpt":{"rendered":"<p>M\u00dcTH\u0130\u015e ve KORKUN\u00c7 G\u00dcZEL Yazar : Libba Bray \u00c7eviren : Zeynep Heyzen Ate\u015f Orijinal Ad\u0131 : A. Great and Terrible Beauty Yay\u0131n Y\u00f6netmeni : Ilg\u0131n S\u00f6nmez Toydemir Artemis Yay\u0131nlar\u0131 \u00c7\u0131k\u0131\u015f Tarihi : A\u011fustos 2008 Sayfa Say\u0131s\u0131 : 504 Fiyat\u0131 : 18,00 TL ISBN No : 9786050058482 Tan\u0131t\u0131m Yaz\u0131s\u0131 Sene 1895; 16 ya\u015f\u0131ndaki Gemma Doyle annesinin [&hellip;]<\/p>\n","protected":false},"author":1,"featured_media":0,"parent":57,"menu_order":0,"comment_status":"open","ping_status":"closed","template":"","meta":{"_acf_changed":false,"footnotes":""},"class_list":["post-2384","page","type-page","status-publish"],"acf":[],"_links":{"self":[{"href":"https:\/\/www.kayiprihtim.org\/portal\/wp-json\/wp\/v2\/pages\/2384","targetHints":{"allow":["GET"]}}],"collection":[{"href":"https:\/\/www.kayiprihtim.org\/portal\/wp-json\/wp\/v2\/pages"}],"about":[{"href":"https:\/\/www.kayiprihtim.org\/portal\/wp-json\/wp\/v2\/types\/page"}],"author":[{"embeddable":true,"href":"https:\/\/www.kayiprihtim.org\/portal\/wp-json\/wp\/v2\/users\/1"}],"replies":[{"embeddable":true,"href":"https:\/\/www.kayiprihtim.org\/portal\/wp-json\/wp\/v2\/comments?post=2384"}],"version-history":[{"count":0,"href":"https:\/\/www.kayiprihtim.org\/portal\/wp-json\/wp\/v2\/pages\/2384\/revisions"}],"up":[{"embeddable":true,"href":"https:\/\/www.kayiprihtim.org\/portal\/wp-json\/wp\/v2\/pages\/57"}],"wp:attachment":[{"href":"https:\/\/www.kayiprihtim.org\/portal\/wp-json\/wp\/v2\/media?parent=2384"}],"curies":[{"name":"wp","href":"https:\/\/api.w.org\/{rel}","templated":true}]}}