{"id":2519,"date":"2009-09-08T12:16:53","date_gmt":"2009-09-08T09:16:53","guid":{"rendered":"http:\/\/www.kayiprihtim.org\/portal\/?page_id=2519"},"modified":"2011-08-22T23:49:32","modified_gmt":"2011-08-22T20:49:32","slug":"kan-kirmizisi-ayin-altinda","status":"publish","type":"page","link":"https:\/\/www.kayiprihtim.org\/portal\/kitaplar\/kan-kirmizisi-ayin-altinda\/","title":{"rendered":"Kan K\u0131rm\u0131z\u0131s\u0131 Ay\u0131n Alt\u0131nda"},"content":{"rendered":"<table style=\"border: thin outset; border-collapse: collapse; height: 30px; width: 470px;\" border=\"0\" cellpadding=\"2\">\n<tbody>\n<tr>\n<td width=\"30%\" bgcolor=\"#330000\"><span style=\"font-family: Verdana; color: #ffffff;\"><strong>KAN KIRMIZISI AYIN ALTINDA<br \/>\n<\/strong><\/span><\/td>\n<\/tr>\n<\/tbody>\n<\/table>\n<table style=\"border-collapse: collapse; width: 462px; height: 250px;\" border=\"0\" cellspacing=\"0\" cellpadding=\"0\" bordercolor=\"#111111\">\n<tbody>\n<tr>\n<td width=\"58%\" align=\"center\" valign=\"top\">\n<table style=\"border-collapse: collapse; width: 315px; height: 248px;\" border=\"0\" cellspacing=\"2\">\n<tbody>\n<tr>\n<td width=\"100%\" align=\"right\">\n<table style=\"width: 310px; height: 88px;\" border=\"0\" cellspacing=\"0\">\n<tbody>\n<tr bgcolor=\"#D1C4A5\">\n<td width=\"39%\"><strong>Yazar<\/strong><\/td>\n<td width=\"3%\">:<\/td>\n<td width=\"51%\"><span style=\"color: #993300;\"><strong>Mina Hepsen <\/strong><\/span><\/td>\n<\/tr>\n<tr bgcolor=\"#E4DDCB\">\n<td>Boyut<\/td>\n<td width=\"3%\">:<\/td>\n<td width=\"51%\">14 x 20 cm<\/td>\n<\/tr>\n<tr bgcolor=\"#D1C4A5\">\n<td width=\"39%\"><strong>Hamur T\u00fcr\u00fc<\/strong><strong><br \/>\n<\/strong><\/td>\n<td width=\"3%\">:<\/td>\n<td width=\"51%\">2. Hamur<\/td>\n<\/tr>\n<tr bgcolor=\"#E4DDCB\">\n<td width=\"39%\"><strong>Kapak T\u00fcr\u00fc<br \/>\n<\/strong><\/td>\n<td width=\"3%\">:<\/td>\n<td width=\"51%\">Ciltsiz<\/td>\n<\/tr>\n<\/tbody>\n<\/table>\n<\/td>\n<\/tr>\n<tr>\n<td style=\"border-style: solid ridge ridge; border-width: 1px; padding-left: 4px; padding-right: 4px;\" width=\"100%\" bgcolor=\"#C0B18D\"><strong><span style=\"font-size: 9pt; font-family: Tahoma;\">Do\u011fan Kitap\u00e7\u0131l\u0131k<br \/>\n<\/span><\/strong><\/td>\n<\/tr>\n<tr>\n<td width=\"100%\" align=\"right\">\n<table style=\"width: 310px; height: 88px;\" border=\"0\" cellspacing=\"0\">\n<tbody>\n<tr bgcolor=\"#E4DDCB\">\n<td width=\"39%\"><strong>\u00c7\u0131k\u0131\u015f Tarihi<\/strong><strong><br \/>\n<\/strong><\/td>\n<td width=\"3%\">:<\/td>\n<td width=\"51%\"><span style=\"color: #181512;\">Eyl\u00fcl, 2009<\/span><span style=\"color: #181512;\"><br \/>\n<\/span><\/td>\n<\/tr>\n<tr bgcolor=\"#D1C4A5\">\n<td><strong>Sayfa Say\u0131s\u0131<\/strong><\/td>\n<td width=\"3%\">:<\/td>\n<td width=\"51%\">231<\/td>\n<\/tr>\n<tr bgcolor=\"#E4DDCB\">\n<td width=\"39%\"><strong>Fiyat\u0131<\/strong><\/td>\n<td width=\"3%\">:<\/td>\n<td width=\"51%\">13,00 TL<\/td>\n<\/tr>\n<tr bgcolor=\"#D1C4A5\">\n<td width=\"39%\"><strong>ISBN No<\/strong><\/td>\n<td width=\"3%\">:<\/td>\n<td width=\"51%\">9786051113319<\/td>\n<\/tr>\n<\/tbody>\n<\/table>\n<\/td>\n<\/tr>\n<\/tbody>\n<\/table>\n<\/td>\n<td width=\"39%\" align=\"left\" valign=\"top\">\n<p style=\"text-align: center;\">\n<p><a href=\"https:\/\/www.kayiprihtim.org\/portal\/gorsel\/kan-kirmizisi-ayin-altinda.jpg\" target=\"_blank\"><img decoding=\"async\" class=\"aligncenter\" src=\"https:\/\/www.kayiprihtim.org\/portal\/gorsel\/kan-kirmizisi-ayin-altinda.jpg\" border=\"0\" alt=\"\" hspace=\"1\" width=\"140\" height=\"219\"><\/a><\/td>\n<\/tr>\n<\/tbody>\n<\/table>\n<table style=\"border-collapse: collapse; width: 47%;\" border=\"0\" cellpadding=\"0\">\n<tbody>\n<tr>\n<td width=\"54%\">\n<table style=\"border-collapse: collapse; height: 147px; width: 470px;\" border=\"0\" cellspacing=\"0\" cellpadding=\"2\">\n<tbody>\n<tr>\n<td style=\"border-style: solid ridge ridge; border-width: 1px; padding-left: 4px; padding-right: 4px;\" width=\"98%\" bgcolor=\"#C0B18D\"><strong><span style=\"font-size: 9pt; font-family: Tahoma;\">Tan\u0131t\u0131m Yaz\u0131s\u0131<br \/>\n<\/span><\/strong><\/td>\n<\/tr>\n<tr>\n<td width=\"99%\" align=\"left\">\n<table style=\"width: 465px;\" border=\"0\">\n<tbody>\n<tr>\n<td style=\"border-style: outset; border-width: 1px;\" width=\"96%\" bgcolor=\"#D1C4A5\">\n<table style=\"border-collapse: collapse; width: 452px; height: 199px;\" border=\"0\" cellspacing=\"0\" cellpadding=\"5\" bgcolor=\"#D1C4A5\" bordercolor=\"#D1C4A5\">\n<tbody>\n<tr>\n<td width=\"96%\" bgcolor=\"#D1C4A5\">S\u0131n\u0131rs\u0131z tutkular hayat\u0131n\u0131z\u0131 tehlikeye atabilir&#8230; Ruhunuzu da!<\/p>\n<p>Ba\u015fkalar\u0131n\u0131n d\u00fc\u015f\u00fcncelerini okuma yetene\u011fine sahip olan Angelica Shelton Belanov, bir g\u00fcn Londra&#8217;da sosyetenin kaymak tabakas\u0131n\u0131n d\u00fczenledi\u011fi bir davete kat\u0131l\u0131r.<\/p>\n<p>Ancak bu tats\u0131z ve sahte kalabal\u0131\u011f\u0131n ortas\u0131nda g\u00fcr\u00fclt\u00fcl\u00fc d\u00fc\u015f\u00fcncelerin \u00e2deta sald\u0131r\u0131s\u0131na u\u011frayan Angelica, teselliyi esrarengiz g\u00f6r\u00fcn\u00fcml\u00fc, olduk\u00e7a yak\u0131\u015f\u0131kl\u0131 bir yabanc\u0131n\u0131n arkada\u015fl\u0131\u011f\u0131nda bulur: Prens Alexander Kourakin.<\/p>\n<p>Di\u011fer erkeklere pek benzemeyen Prens Alexander&#8217;\u0131n Londra&#8217;da bulunma nedeni ise davet de\u011fil, vampirlere ait Do\u011fu Klan\u0131&#8217;n\u0131n lideri olarak, g\u00fcc\u00fcn\u00fc yitirmekte olan t\u00fcr\u00fcn\u00fcn gelece\u011fini tehdit edenleri ortadan kald\u0131rmakt\u0131r.<\/td>\n<\/tr>\n<\/tbody>\n<\/table>\n<\/td>\n<\/tr>\n<\/tbody>\n<\/table>\n<\/td>\n<\/tr>\n<\/tbody>\n<\/table>\n<\/td>\n<\/tr>\n<\/tbody>\n<\/table>\n","protected":false},"excerpt":{"rendered":"<p>KAN KIRMIZISI AYIN ALTINDA Yazar : Mina Hepsen Boyut : 14 x 20 cm Hamur T\u00fcr\u00fc : 2. Hamur Kapak T\u00fcr\u00fc : Ciltsiz Do\u011fan Kitap\u00e7\u0131l\u0131k \u00c7\u0131k\u0131\u015f Tarihi : Eyl\u00fcl, 2009 Sayfa Say\u0131s\u0131 : 231 Fiyat\u0131 : 13,00 TL ISBN No : 9786051113319 Tan\u0131t\u0131m Yaz\u0131s\u0131 S\u0131n\u0131rs\u0131z tutkular hayat\u0131n\u0131z\u0131 tehlikeye atabilir&#8230; Ruhunuzu da! Ba\u015fkalar\u0131n\u0131n d\u00fc\u015f\u00fcncelerini okuma yetene\u011fine [&hellip;]<\/p>\n","protected":false},"author":1,"featured_media":0,"parent":57,"menu_order":0,"comment_status":"open","ping_status":"closed","template":"","meta":{"_acf_changed":false,"footnotes":""},"class_list":["post-2519","page","type-page","status-publish"],"acf":[],"_links":{"self":[{"href":"https:\/\/www.kayiprihtim.org\/portal\/wp-json\/wp\/v2\/pages\/2519","targetHints":{"allow":["GET"]}}],"collection":[{"href":"https:\/\/www.kayiprihtim.org\/portal\/wp-json\/wp\/v2\/pages"}],"about":[{"href":"https:\/\/www.kayiprihtim.org\/portal\/wp-json\/wp\/v2\/types\/page"}],"author":[{"embeddable":true,"href":"https:\/\/www.kayiprihtim.org\/portal\/wp-json\/wp\/v2\/users\/1"}],"replies":[{"embeddable":true,"href":"https:\/\/www.kayiprihtim.org\/portal\/wp-json\/wp\/v2\/comments?post=2519"}],"version-history":[{"count":0,"href":"https:\/\/www.kayiprihtim.org\/portal\/wp-json\/wp\/v2\/pages\/2519\/revisions"}],"up":[{"embeddable":true,"href":"https:\/\/www.kayiprihtim.org\/portal\/wp-json\/wp\/v2\/pages\/57"}],"wp:attachment":[{"href":"https:\/\/www.kayiprihtim.org\/portal\/wp-json\/wp\/v2\/media?parent=2519"}],"curies":[{"name":"wp","href":"https:\/\/api.w.org\/{rel}","templated":true}]}}